{"id":9377,"date":"2021-12-01T15:57:25","date_gmt":"2021-12-01T18:57:25","guid":{"rendered":"https:\/\/edicoes.portaldoenvelhecimento.com.br\/novo\/?post_type=product&#038;p=9377"},"modified":"2025-09-30T10:41:20","modified_gmt":"2025-09-30T13:41:20","slug":"caderno-virtual-parte-ii-7-atividades-para-curtir-os-momentos-em-casa-muita-arte","status":"publish","type":"product","link":"https:\/\/edicoes.portaldoenvelhecimento.com.br\/novo\/produto\/caderno-virtual-parte-ii-7-atividades-para-curtir-os-momentos-em-casa-muita-arte\/","title":{"rendered":"Caderno virtual parte II: +7 Atividades para Curtir os Momentos em Casa (muita arte!)"},"content":{"rendered":"<div class=\"simple-item-view-other\">\n<div class=\"column\">\n<p><strong>Sobre a autora:<\/strong><\/p>\n<p>Tania Cristina Freire<\/p>\n<\/div>\n<div class=\"page\" title=\"Page 33\">\n<div class=\"section\">\n<div class=\"layoutArea\">\n<div class=\"column\">\n<p>Graduada em Artes Pl\u00e1sticas (FAAP), P\u00f3s graduada em Arteterapia\u00a0(FPA) e Neuropsicopedagogia (CENSUPEG), Especialista em Neuropsicologia \u00a0(CDN-Unifesp). Mestre em Dist\u00farbios do Desenvolvimento (MACKENZIE) e graduada em Psicologia (Unipaulistana).<\/p>\n<\/div>\n<\/div>\n<\/div>\n<\/div>\n<div class=\"column\">\n<p>Iniciou no caminho das Artes pelo teatro para depois encontrar-se no Mundo onde a Arte e a Sa\u00fade caminhavam de m\u00e3os dadas, na Arteterapia e mais especificamente na Arte-Reabilita\u00e7\u00e3o.<br \/>\nAtua em Centro Dia e em Centro de Conviv\u00eancia com envelhecimento ativo e idosos com dem\u00eancias.<\/p>\n<p>Atuou por 14 anos na Associa\u00e7\u00e3o de Assist\u00eancia a Crian\u00e7a Deficiente (AACD) no setor de Arte-Reabilita\u00e7\u00e3o, atuando com pacientes (crian\u00e7as, adolescentes, adultos e idosos) com defici\u00eancias f\u00edsicas e cognitivas.<\/p>\n<p>Propriet\u00e1ria do Espa\u00e7o Criativo Quintal de Brincadeira, ateli\u00ea terap\u00eautico que realiza atendimentos para crian\u00e7as, adolescentes e adultos de Arteterapia, Arte-Reabilita\u00e7\u00e3o e Dificuldades de Aprendizagem.<\/p>\n<\/div>\n<\/div>\n<p>&nbsp;<\/p>\n<p>E-book &#8220;Caderno virtual parte II: +7 Atividades para Curtir os Momentos em Casa (muita arte!)&#8221;<\/p>\n<p>Autora: Tania Cristina Freire<\/p>\n<p>Edi\u00e7\u00e3o: 2020<\/p>\n","protected":false},"excerpt":{"rendered":"<div class=\"layoutArea\">\n<div class=\"column\">\n<p><strong>Atividades<\/strong><\/p>\n<p>Atividade 1 \u2013 A Floresta de Rousseau<\/p>\n<p>Atividade 2 \u2013 A Beleza de Renoir<\/p>\n<p>Atividade 3 \u2013 A Natureza Morta de C\u00e9zanne<\/p>\n<p>Atividade 4 \u2013 A Magia de Boticelli<\/p>\n<p>Atividade 5 \u2013 As Bailarinas de Degas<\/p>\n<p>Atividade 6 \u2013 Os P\u00e1ssaros de Audubon<\/p>\n<p>Atividade 7 \u2013 As Formas de Kandisky<\/p>\n<p>D\u00ea uma olhada no Caderno virtual parte I: <a href=\"https:\/\/edicoes.portaldoenvelhecimento.com.br\/novo\/index.php\/produto\/caderno-virtual-\u2026ra-vovos-e-vovos\/\">Caderno virtual: 7 Atividades para Curtir os Momentos em Casa (para vov\u00f3s e vov\u00f4s)<\/a><\/p>\n<\/div>\n<\/div>\n<p>&nbsp;<\/p>\n<div class=\"layoutArea\">\n<div class=\"column\">\n<p><strong>Para baixar o arquivo, clique em \u00ab adicionar ao carrinho \u00bb, mas na\u0303o se preocupe, o site na\u0303o pedir\u00e1 nenhuma informac\u0327a\u0303o de pagamento!<\/strong><\/p>\n<\/div>\n<\/div>\n","protected":false},"featured_media":9378,"comment_status":"open","ping_status":"closed","template":"","meta":{"_bbp_topic_count":0,"_bbp_reply_count":0,"_bbp_total_topic_count":0,"_bbp_total_reply_count":0,"_bbp_voice_count":0,"_bbp_anonymous_reply_count":0,"_bbp_topic_count_hidden":0,"_bbp_reply_count_hidden":0,"_bbp_forum_subforum_count":0,"pmpro_default_level":""},"product_brand":[],"product_cat":[88],"product_tag":[70,87],"class_list":{"0":"post-9377","1":"product","2":"type-product","3":"status-publish","4":"has-post-thumbnail","6":"product_cat-e-books-gratis-2","7":"product_tag-ebook","8":"product_tag-e-books-gratis","9":"pmpro-has-access","11":"first","12":"instock","13":"downloadable","14":"virtual","15":"purchasable","16":"product-type-simple"},"_links":{"self":[{"href":"https:\/\/edicoes.portaldoenvelhecimento.com.br\/novo\/wp-json\/wp\/v2\/product\/9377","targetHints":{"allow":["GET"]}}],"collection":[{"href":"https:\/\/edicoes.portaldoenvelhecimento.com.br\/novo\/wp-json\/wp\/v2\/product"}],"about":[{"href":"https:\/\/edicoes.portaldoenvelhecimento.com.br\/novo\/wp-json\/wp\/v2\/types\/product"}],"replies":[{"embeddable":true,"href":"https:\/\/edicoes.portaldoenvelhecimento.com.br\/novo\/wp-json\/wp\/v2\/comments?post=9377"}],"version-history":[{"count":3,"href":"https:\/\/edicoes.portaldoenvelhecimento.com.br\/novo\/wp-json\/wp\/v2\/product\/9377\/revisions"}],"predecessor-version":[{"id":33914,"href":"https:\/\/edicoes.portaldoenvelhecimento.com.br\/novo\/wp-json\/wp\/v2\/product\/9377\/revisions\/33914"}],"wp:featuredmedia":[{"embeddable":true,"href":"https:\/\/edicoes.portaldoenvelhecimento.com.br\/novo\/wp-json\/wp\/v2\/media\/9378"}],"wp:attachment":[{"href":"https:\/\/edicoes.portaldoenvelhecimento.com.br\/novo\/wp-json\/wp\/v2\/media?parent=9377"}],"wp:term":[{"taxonomy":"product_brand","embeddable":true,"href":"https:\/\/edicoes.portaldoenvelhecimento.com.br\/novo\/wp-json\/wp\/v2\/product_brand?post=9377"},{"taxonomy":"product_cat","embeddable":true,"href":"https:\/\/edicoes.portaldoenvelhecimento.com.br\/novo\/wp-json\/wp\/v2\/product_cat?post=9377"},{"taxonomy":"product_tag","embeddable":true,"href":"https:\/\/edicoes.portaldoenvelhecimento.com.br\/novo\/wp-json\/wp\/v2\/product_tag?post=9377"}],"curies":[{"name":"wp","href":"https:\/\/api.w.org\/{rel}","templated":true}]}}