{"id":9370,"date":"2021-12-01T15:47:11","date_gmt":"2021-12-01T18:47:11","guid":{"rendered":"https:\/\/edicoes.portaldoenvelhecimento.com.br\/novo\/?post_type=product&#038;p=9370"},"modified":"2025-05-23T12:12:41","modified_gmt":"2025-05-23T15:12:41","slug":"estatuto-do-idoso-4a-edicao-02-2020","status":"publish","type":"product","link":"https:\/\/edicoes.portaldoenvelhecimento.com.br\/novo\/produto\/estatuto-do-idoso-4a-edicao-02-2020\/","title":{"rendered":"Estatuto do Idoso \u2013 4\u00aa Edi\u00e7\u00e3o (02\/2020)"},"content":{"rendered":"<div class=\"simple-item-view-other\"><span class=\"texto4\">Edi\u00e7\u00e3o :\u00a0<\/span>4. ed.<\/div>\n<div class=\"simple-item-view-other\"><span class=\"texto4\">Publicador :\u00a0<\/span>Bras\u00edlia : Senado Federal, Coordena\u00e7\u00e3o de Edi\u00e7\u00f5es T\u00e9cnicas<\/div>\n<div class=\"simple-item-view-other\"><span class=\"texto4\">Data de publica\u00e7\u00e3o :\u00a0<\/span>02\/2020<\/div>\n<div class=\"simple-item-view-other\"><span class=\"texto4\">Descri\u00e7\u00e3o f\u00edsica :\u00a0<\/span>38 p.<\/div>\n<div class=\"simple-item-view-other\"><span class=\"texto4\">ISBN :\u00a0<\/span>9786556760018 (PDF)<\/div>\n","protected":false},"excerpt":{"rendered":"<p><strong>Para baixar o arquivo, clique em \u00ab adicionar ao carrinho \u00bb, mas na\u0303o se preocupe, o site na\u0303o pedir\u00e1 nenhuma informac\u0327a\u0303o de pagamento!<\/strong><\/p>\n","protected":false},"featured_media":9372,"comment_status":"open","ping_status":"closed","template":"","meta":{"_bbp_topic_count":0,"_bbp_reply_count":0,"_bbp_total_topic_count":0,"_bbp_total_reply_count":0,"_bbp_voice_count":0,"_bbp_anonymous_reply_count":0,"_bbp_topic_count_hidden":0,"_bbp_reply_count_hidden":0,"_bbp_forum_subforum_count":0,"pmpro_default_level":""},"product_brand":[],"product_cat":[88],"product_tag":[70,87],"class_list":{"0":"post-9370","1":"product","2":"type-product","3":"status-publish","4":"has-post-thumbnail","6":"product_cat-e-books-gratis-2","7":"product_tag-ebook","8":"product_tag-e-books-gratis","9":"pmpro-has-access","11":"first","12":"instock","13":"downloadable","14":"virtual","15":"purchasable","16":"product-type-simple"},"_links":{"self":[{"href":"https:\/\/edicoes.portaldoenvelhecimento.com.br\/novo\/wp-json\/wp\/v2\/product\/9370","targetHints":{"allow":["GET"]}}],"collection":[{"href":"https:\/\/edicoes.portaldoenvelhecimento.com.br\/novo\/wp-json\/wp\/v2\/product"}],"about":[{"href":"https:\/\/edicoes.portaldoenvelhecimento.com.br\/novo\/wp-json\/wp\/v2\/types\/product"}],"replies":[{"embeddable":true,"href":"https:\/\/edicoes.portaldoenvelhecimento.com.br\/novo\/wp-json\/wp\/v2\/comments?post=9370"}],"version-history":[{"count":4,"href":"https:\/\/edicoes.portaldoenvelhecimento.com.br\/novo\/wp-json\/wp\/v2\/product\/9370\/revisions"}],"predecessor-version":[{"id":33916,"href":"https:\/\/edicoes.portaldoenvelhecimento.com.br\/novo\/wp-json\/wp\/v2\/product\/9370\/revisions\/33916"}],"wp:featuredmedia":[{"embeddable":true,"href":"https:\/\/edicoes.portaldoenvelhecimento.com.br\/novo\/wp-json\/wp\/v2\/media\/9372"}],"wp:attachment":[{"href":"https:\/\/edicoes.portaldoenvelhecimento.com.br\/novo\/wp-json\/wp\/v2\/media?parent=9370"}],"wp:term":[{"taxonomy":"product_brand","embeddable":true,"href":"https:\/\/edicoes.portaldoenvelhecimento.com.br\/novo\/wp-json\/wp\/v2\/product_brand?post=9370"},{"taxonomy":"product_cat","embeddable":true,"href":"https:\/\/edicoes.portaldoenvelhecimento.com.br\/novo\/wp-json\/wp\/v2\/product_cat?post=9370"},{"taxonomy":"product_tag","embeddable":true,"href":"https:\/\/edicoes.portaldoenvelhecimento.com.br\/novo\/wp-json\/wp\/v2\/product_tag?post=9370"}],"curies":[{"name":"wp","href":"https:\/\/api.w.org\/{rel}","templated":true}]}}