{"id":9365,"date":"2021-12-01T15:00:58","date_gmt":"2021-12-01T18:00:58","guid":{"rendered":"https:\/\/edicoes.portaldoenvelhecimento.com.br\/novo\/?post_type=product&#038;p=9365"},"modified":"2025-09-30T10:41:13","modified_gmt":"2025-09-30T13:41:13","slug":"alzheimer-o-cotidiano-da-doenca","status":"publish","type":"product","link":"https:\/\/edicoes.portaldoenvelhecimento.com.br\/novo\/produto\/alzheimer-o-cotidiano-da-doenca\/","title":{"rendered":"Alzheimer: O Cotidiano da Doen\u00e7a"},"content":{"rendered":"<p>E-book &#8220;Alzheimer &#8211; o cotidiano da doen\u00e7a&#8221;<br \/>\nAutoras:\u00a0Ana\u00a0Heloisa Arnaut, Simone de C\u00e1ssia Freitas Manzaro e colaboradores<br \/>\nEdi\u00e7\u00e3o: 2021<\/p>\n","protected":false},"excerpt":{"rendered":"<div class=\"layoutArea\">\n<div class=\"column\">\n<p>Em meados de 2014, uma filha, ent\u00e3o cuidadora de sua m\u00e3e diagnosticada com Alzheimer, posta na internet um v\u00eddeo em um momento de cuidados com ela. Esse v\u00eddeo viraliza, e de repente, muitas pessoas come\u00e7am a procur\u00e1-la solicitando ajuda com seus entes queridos. Surge ent\u00e3o o projeto Alzheimer \u2013 Minha M\u00e3e Tem ANA\u00b4s. ANA\u00b4S, em homenagem \u00e0 Dona Anna Izabel Arnaut, in memorian, e sua filha Ana Heloisa Arnaut, idealizadora do projeto. Este e-book, gratuito e online, \u00e9 fruto do trabalho volunt\u00e1rio de muitos colaboradores desse projeto que h\u00e1 7 anos vem contribuindo com fam\u00edlias, cuidadores e profissionais na psicoeduca\u00e7\u00e3o e orienta\u00e7\u00e3o sobre como promover os melhores cuidados em cada momento da doen\u00e7a.<\/p>\n<p>Escrito por v\u00e1rias m\u00e3os, carregadas de conhecimento e paix\u00e3o pelo que fazem, o e-book aborda quest\u00f5es importantes da jornada da doen\u00e7a de Alzheimer, do envelhecimento considerado normal, passando pelo envelhecimento patol\u00f3gico, o diagn\u00f3stico da doen\u00e7a e as reflex\u00f5es que surgem no processo de cuidar, at\u00e9 a terminalidade de vida. Al\u00e9m disso, relata um pouco das hist\u00f3rias de cuidado de alguns dos colaboradores, que tamb\u00e9m s\u00e3o ou foram cuidadores de seus entes queridos.<\/p>\n<p>Em uma linguagem simples e did\u00e1tica o e-book visa orientar e direcionar as a\u00e7\u00f5es de cuidado presentes no contexto da\u00a0<a href=\"https:\/\/www.portaldoenvelhecimento.com.br\/category\/recorda-me\/\">doen\u00e7a de Alzheimer<\/a>, mostrando que existem possibilidades de acolhimento, tratamento, cuidado, garantindo o respeito e a dignidade da pessoa a ser cuidada.<\/p>\n<p><strong>O e-book foi idealizado com a finalidade de informar, orientar e direcionar as a\u00e7\u00f5es de cuidado presentes no contexto da doen\u00e7a de Alzheimer<\/strong>, utilizando uma linguagem simples e objetiva. O e-book n\u00e3o pretende esgotar o assunto, mas, despertar o interesse dos leitores para as v\u00e1rias faces da doen\u00e7a, mostrando que existem possibilidades de acolhimento, tratamento, cuidado, garantindo o respeito e a dignidade da pessoa a ser cuidada.<\/p>\n<p>&nbsp;<\/p>\n<\/div>\n<\/div>\n<div class=\"page\" title=\"Page 3\">\n<div class=\"layoutArea\">\n<div class=\"column\">\n<p><strong>Para baixar o arquivo, clique em \u00ab adicionar ao carrinho \u00bb, mas na\u0303o se preocupe, o site na\u0303o pedir\u00e1 nenhuma informac\u0327a\u0303o de pagamento!<\/strong><\/p>\n<\/div>\n<\/div>\n<\/div>\n","protected":false},"featured_media":9367,"comment_status":"open","ping_status":"closed","template":"","meta":{"_bbp_topic_count":0,"_bbp_reply_count":0,"_bbp_total_topic_count":0,"_bbp_total_reply_count":0,"_bbp_voice_count":0,"_bbp_anonymous_reply_count":0,"_bbp_topic_count_hidden":0,"_bbp_reply_count_hidden":0,"_bbp_forum_subforum_count":0,"pmpro_default_level":""},"product_brand":[],"product_cat":[88],"product_tag":[70,87],"class_list":{"0":"post-9365","1":"product","2":"type-product","3":"status-publish","4":"has-post-thumbnail","6":"product_cat-e-books-gratis-2","7":"product_tag-ebook","8":"product_tag-e-books-gratis","9":"pmpro-has-access","11":"first","12":"instock","13":"downloadable","14":"virtual","15":"purchasable","16":"product-type-simple"},"_links":{"self":[{"href":"https:\/\/edicoes.portaldoenvelhecimento.com.br\/novo\/wp-json\/wp\/v2\/product\/9365","targetHints":{"allow":["GET"]}}],"collection":[{"href":"https:\/\/edicoes.portaldoenvelhecimento.com.br\/novo\/wp-json\/wp\/v2\/product"}],"about":[{"href":"https:\/\/edicoes.portaldoenvelhecimento.com.br\/novo\/wp-json\/wp\/v2\/types\/product"}],"replies":[{"embeddable":true,"href":"https:\/\/edicoes.portaldoenvelhecimento.com.br\/novo\/wp-json\/wp\/v2\/comments?post=9365"}],"version-history":[{"count":3,"href":"https:\/\/edicoes.portaldoenvelhecimento.com.br\/novo\/wp-json\/wp\/v2\/product\/9365\/revisions"}],"predecessor-version":[{"id":33917,"href":"https:\/\/edicoes.portaldoenvelhecimento.com.br\/novo\/wp-json\/wp\/v2\/product\/9365\/revisions\/33917"}],"wp:featuredmedia":[{"embeddable":true,"href":"https:\/\/edicoes.portaldoenvelhecimento.com.br\/novo\/wp-json\/wp\/v2\/media\/9367"}],"wp:attachment":[{"href":"https:\/\/edicoes.portaldoenvelhecimento.com.br\/novo\/wp-json\/wp\/v2\/media?parent=9365"}],"wp:term":[{"taxonomy":"product_brand","embeddable":true,"href":"https:\/\/edicoes.portaldoenvelhecimento.com.br\/novo\/wp-json\/wp\/v2\/product_brand?post=9365"},{"taxonomy":"product_cat","embeddable":true,"href":"https:\/\/edicoes.portaldoenvelhecimento.com.br\/novo\/wp-json\/wp\/v2\/product_cat?post=9365"},{"taxonomy":"product_tag","embeddable":true,"href":"https:\/\/edicoes.portaldoenvelhecimento.com.br\/novo\/wp-json\/wp\/v2\/product_tag?post=9365"}],"curies":[{"name":"wp","href":"https:\/\/api.w.org\/{rel}","templated":true}]}}