{"id":9357,"date":"2021-12-01T14:52:57","date_gmt":"2021-12-01T17:52:57","guid":{"rendered":"https:\/\/edicoes.portaldoenvelhecimento.com.br\/novo\/?post_type=product&#038;p=9357"},"modified":"2025-05-23T12:20:49","modified_gmt":"2025-05-23T15:20:49","slug":"ansiedade-e-depressao-em-idosos-durante-a-pandemia","status":"publish","type":"product","link":"https:\/\/edicoes.portaldoenvelhecimento.com.br\/novo\/produto\/ansiedade-e-depressao-em-idosos-durante-a-pandemia\/","title":{"rendered":"Ansiedade e depress\u00e3o em idosos durante a pandemia &#8211; Sugest\u00f5es de Interven\u00e7\u00f5es"},"content":{"rendered":"<p><strong>Sobre os autores:<\/strong><\/p>\n<p>Simone de C\u00e1ssia Freitas Manzaro<\/p>\n<p>\u00c9 psic\u00f3loga; p\u00f3s-graduada em Gerontologia; aperfei\u00e7oamento em Aten\u00e7\u00e3o Domiciliar; capacita\u00e7\u00e3o em Sa\u00fade da Pessoa Idosa; capacita\u00e7\u00e3o em Doen\u00e7a de Alzheimer e Condi\u00e7\u00f5es Similares. \u00c9 autora do livro Alzheimer: Identificar \u2013 Cuidar \u2013 Estimular lan\u00e7ado pelo Portal do Envelhecimento (https:\/\/edicoes.portaldoenvelhecimento.com.br\/produto\/alzheimer-identificar-cuidar-estimular\/) e \u00e9 nossa colaboradora.<\/p>\n<p>Jorge de Oliveira Vieira<\/p>\n<p>\u00c9 psic\u00f3logo; mestre em Educa\u00e7\u00e3o pela PUC-SP; professor nos cursos de gradua\u00e7\u00e3o da UniPaulistana e coordenador do curso de Pedagogia e do programa de p\u00f3s-gradua\u00e7\u00e3o; \u00e9 colaborador do Portal do Envelhecimento e oferece cursos por meio do Espa\u00e7o Longeviver.<\/p>\n<p>&nbsp;<\/p>\n<p>E-book &#8220;Ansiedade e depress\u00e3o em idosos durante a pandemia &#8211; Sugest\u00f5es de Interven\u00e7\u00f5es&#8221;<\/p>\n<p>Autores: Simone de C\u00e1ssia Freitas Manzaro e Jorge de Oliveira Vieira<\/p>\n<p>Edi\u00e7\u00e3o: 2021<\/p>\n<p>&nbsp;<\/p>\n","protected":false},"excerpt":{"rendered":"<div class=\"layoutArea\">\n<div class=\"column\">\n<div class=\"page\" title=\"Page 2\">\n<div class=\"section\">\n<div class=\"layoutArea\">\n<div class=\"column\">\n<p>Esse e-book e\u0301 fruto do artigo &#8216;Sau\u0301de Mental de idosos em Distanciamento Social Devido a\u0300 Pandemia: Ansiedade e Depressa\u0303o&#8217;, sendo divulgado gratuitamente com a finalidade de ampliar a visa\u0303o sobre o acompanhamento de idosos durante a pandemia, oferecendo estrate\u0301gias que amenizem os efeitos do distanciamento social.<\/p>\n<p>&nbsp;<\/p>\n<\/div>\n<\/div>\n<\/div>\n<\/div>\n<\/div>\n<\/div>\n<div class=\"page\" title=\"Page 3\">\n<div class=\"layoutArea\">\n<div class=\"column\">\n<p><strong>Para baixar o arquivo, clique em \u00ab adicionar ao carrinho \u00bb, mas na\u0303o se preocupe, o site na\u0303o pedir\u00e1 nenhuma informac\u0327a\u0303o de pagamento!<\/strong><\/p>\n<\/div>\n<\/div>\n<\/div>\n","protected":false},"featured_media":9358,"comment_status":"open","ping_status":"closed","template":"","meta":{"_bbp_topic_count":0,"_bbp_reply_count":0,"_bbp_total_topic_count":0,"_bbp_total_reply_count":0,"_bbp_voice_count":0,"_bbp_anonymous_reply_count":0,"_bbp_topic_count_hidden":0,"_bbp_reply_count_hidden":0,"_bbp_forum_subforum_count":0,"pmpro_default_level":""},"product_brand":[],"product_cat":[88],"product_tag":[70,87],"class_list":{"0":"post-9357","1":"product","2":"type-product","3":"status-publish","4":"has-post-thumbnail","6":"product_cat-e-books-gratis-2","7":"product_tag-ebook","8":"product_tag-e-books-gratis","9":"pmpro-has-access","11":"first","12":"instock","13":"downloadable","14":"virtual","15":"purchasable","16":"product-type-simple"},"_links":{"self":[{"href":"https:\/\/edicoes.portaldoenvelhecimento.com.br\/novo\/wp-json\/wp\/v2\/product\/9357","targetHints":{"allow":["GET"]}}],"collection":[{"href":"https:\/\/edicoes.portaldoenvelhecimento.com.br\/novo\/wp-json\/wp\/v2\/product"}],"about":[{"href":"https:\/\/edicoes.portaldoenvelhecimento.com.br\/novo\/wp-json\/wp\/v2\/types\/product"}],"replies":[{"embeddable":true,"href":"https:\/\/edicoes.portaldoenvelhecimento.com.br\/novo\/wp-json\/wp\/v2\/comments?post=9357"}],"version-history":[{"count":3,"href":"https:\/\/edicoes.portaldoenvelhecimento.com.br\/novo\/wp-json\/wp\/v2\/product\/9357\/revisions"}],"predecessor-version":[{"id":33919,"href":"https:\/\/edicoes.portaldoenvelhecimento.com.br\/novo\/wp-json\/wp\/v2\/product\/9357\/revisions\/33919"}],"wp:featuredmedia":[{"embeddable":true,"href":"https:\/\/edicoes.portaldoenvelhecimento.com.br\/novo\/wp-json\/wp\/v2\/media\/9358"}],"wp:attachment":[{"href":"https:\/\/edicoes.portaldoenvelhecimento.com.br\/novo\/wp-json\/wp\/v2\/media?parent=9357"}],"wp:term":[{"taxonomy":"product_brand","embeddable":true,"href":"https:\/\/edicoes.portaldoenvelhecimento.com.br\/novo\/wp-json\/wp\/v2\/product_brand?post=9357"},{"taxonomy":"product_cat","embeddable":true,"href":"https:\/\/edicoes.portaldoenvelhecimento.com.br\/novo\/wp-json\/wp\/v2\/product_cat?post=9357"},{"taxonomy":"product_tag","embeddable":true,"href":"https:\/\/edicoes.portaldoenvelhecimento.com.br\/novo\/wp-json\/wp\/v2\/product_tag?post=9357"}],"curies":[{"name":"wp","href":"https:\/\/api.w.org\/{rel}","templated":true}]}}