{"id":9352,"date":"2021-12-01T14:44:17","date_gmt":"2021-12-01T17:44:17","guid":{"rendered":"https:\/\/edicoes.portaldoenvelhecimento.com.br\/novo\/?post_type=product&#038;p=9352"},"modified":"2025-09-30T10:41:11","modified_gmt":"2025-09-30T13:41:11","slug":"caderno-virtual-cancoes-para-colorir-e-cantar-dorival-caymmi-e-adoniran-barbosa","status":"publish","type":"product","link":"https:\/\/edicoes.portaldoenvelhecimento.com.br\/novo\/produto\/caderno-virtual-cancoes-para-colorir-e-cantar-dorival-caymmi-e-adoniran-barbosa\/","title":{"rendered":"Caderno virtual: can\u00e7\u00f5es para colorir e cantar &#8211; Dorival Caymmi e Adoniran Barbosa"},"content":{"rendered":"<div class=\"layoutArea\">\n<div class=\"column\">\n<p><strong>Sobre a autora:<\/strong><\/p>\n<div class=\"column\">\n<p>Cristiane Tenani Pomeranz<\/p>\n<p>Possui gradua\u00e7\u00e3o em Comunica\u00e7\u00e3o Visual pela Universidade Presbiteriana Mackenzie (1987). \u00c9 Arteterapeuta e idealizadora dos ateliers de Arte&amp;Inclus\u00e3o e do Projeto Fa\u00e7a Mem\u00f3rias para idosos com diagn\u00f3stico de perda de mem\u00f3ria, que acontece no Museu Brasileiro da Escultura, MuBE, onde atua como arteterapeuta. Tem experi\u00eancia na \u00e1rea das Artes Pl\u00e1sticas com \u00eanfase no est\u00edmulo de cogni\u00e7\u00e3o atrav\u00e9s do ver e do fazer art\u00edstico. Trabalha pela inclus\u00e3o social atrav\u00e9s da arte e da reabilita\u00e7\u00e3o. Atua em Centro dia com oficinas de arteterapia e de Hist\u00f3ria da Arte onde a Gerontologia aplicada \u00e0 Arteterapia, diferencia a conduta profissional e favorece o resultado positivo no trabalho com os idosos.<\/p>\n<p>&nbsp;<\/p>\n<\/div>\n<\/div>\n<p>E-book &#8220;Caderno virtual: can\u00e7\u00f5es para colorir e cantar: Dorival Caymmi e Adoniran Barbosa&#8221;<\/p>\n<p>Autora: Cristiane\u00a0Tenani Pomeranz<\/p>\n<p>Edi\u00e7\u00e3o: 2020<\/p>\n<\/div>\n","protected":false},"excerpt":{"rendered":"<div class=\"layoutArea\">\n<div class=\"column\">\n<p>Como dizem por a\u00ed, o mar n\u00e3o est\u00e1 para peixe, afinal, vivemos em um tempo de absoluta incerteza e muita ang\u00fastia.<\/p>\n<p>Para os velhos, o isolamento social continua sendo a melhor op\u00e7\u00e3o para resguardar a vida, mas velhices s\u00e3o velhices e na sua diversidade percebemos em muitos a depress\u00e3o de m\u00e3os dadas com o isolamento, enquanto outros tantos insistem em mostrar a velhice como um instante surpreendente capaz de revelar velhos dispostos a fazer parte deste mar turbulento.<\/p>\n<p>Dorival Caymmi (1914 \u2013 2008), compositor baiano, fez do mar o principal tema de suas can\u00e7\u00f5es, e nos versos da famosa Su\u00edte do Pescador cantarolamos a jangada que se lan\u00e7a nos prov\u00e1veis perigos que precisam ser desbravados.<\/p>\n<p>Pois bem, o mar n\u00e3o est\u00e1 para peixe, mas se faz urgente nos vestirmos de coragem para explorar as tantas incertezas do futuro.<\/p>\n<p>Navegamos nas d\u00favidas permitindo que a f\u00e9 possa nos guiar.<\/p>\n<p>Seguimos em frente nas descobertas que fazemos ao perceber que estamos perto mesmo que distantes. Aprendemos a selecionar apenas o essencial e a nos favorecer com aquilo que realmente fa\u00e7a sentido.<\/p>\n<p><strong>Atividades que relaxam s\u00e3o bem vindas assim como as m\u00fasicas que ouvimos e que fazem bailar a alma.<\/strong><\/p>\n<p>A mar\u00e9 est\u00e1 revolta, enquanto a calmaria n\u00e3o chega, deixamos Caymmi e Adoniram Barbosa despertar a alegria de cantar e colorir<\/p>\n<p>\u201cSe Deus quiser quando eu voltar do mar<br \/>\nUm peixe bom eu vou trazer<\/p>\n<p>Meus companheiros tamb\u00e9m v\u00e3o voltar<br \/>\nE a Deus do c\u00e9u vamos agradecer\u201d<\/p>\n<p>&nbsp;<\/p>\n<\/div>\n<\/div>\n<div class=\"page\" title=\"Page 3\">\n<div class=\"layoutArea\">\n<div class=\"column\">\n<p><strong>Para baixar o arquivo, clique em \u00ab adicionar ao carrinho \u00bb, mas na\u0303o se preocupe, o site na\u0303o pedir\u00e1 nenhuma informac\u0327a\u0303o de pagamento!<\/strong><\/p>\n<\/div>\n<\/div>\n<\/div>\n","protected":false},"featured_media":9355,"comment_status":"open","ping_status":"closed","template":"","meta":{"_bbp_topic_count":0,"_bbp_reply_count":0,"_bbp_total_topic_count":0,"_bbp_total_reply_count":0,"_bbp_voice_count":0,"_bbp_anonymous_reply_count":0,"_bbp_topic_count_hidden":0,"_bbp_reply_count_hidden":0,"_bbp_forum_subforum_count":0,"pmpro_default_level":""},"product_brand":[],"product_cat":[88],"product_tag":[70,87],"class_list":{"0":"post-9352","1":"product","2":"type-product","3":"status-publish","4":"has-post-thumbnail","6":"product_cat-e-books-gratis-2","7":"product_tag-ebook","8":"product_tag-e-books-gratis","9":"pmpro-has-access","11":"first","12":"instock","13":"downloadable","14":"virtual","15":"purchasable","16":"product-type-simple"},"_links":{"self":[{"href":"https:\/\/edicoes.portaldoenvelhecimento.com.br\/novo\/wp-json\/wp\/v2\/product\/9352","targetHints":{"allow":["GET"]}}],"collection":[{"href":"https:\/\/edicoes.portaldoenvelhecimento.com.br\/novo\/wp-json\/wp\/v2\/product"}],"about":[{"href":"https:\/\/edicoes.portaldoenvelhecimento.com.br\/novo\/wp-json\/wp\/v2\/types\/product"}],"replies":[{"embeddable":true,"href":"https:\/\/edicoes.portaldoenvelhecimento.com.br\/novo\/wp-json\/wp\/v2\/comments?post=9352"}],"version-history":[{"count":3,"href":"https:\/\/edicoes.portaldoenvelhecimento.com.br\/novo\/wp-json\/wp\/v2\/product\/9352\/revisions"}],"predecessor-version":[{"id":33920,"href":"https:\/\/edicoes.portaldoenvelhecimento.com.br\/novo\/wp-json\/wp\/v2\/product\/9352\/revisions\/33920"}],"wp:featuredmedia":[{"embeddable":true,"href":"https:\/\/edicoes.portaldoenvelhecimento.com.br\/novo\/wp-json\/wp\/v2\/media\/9355"}],"wp:attachment":[{"href":"https:\/\/edicoes.portaldoenvelhecimento.com.br\/novo\/wp-json\/wp\/v2\/media?parent=9352"}],"wp:term":[{"taxonomy":"product_brand","embeddable":true,"href":"https:\/\/edicoes.portaldoenvelhecimento.com.br\/novo\/wp-json\/wp\/v2\/product_brand?post=9352"},{"taxonomy":"product_cat","embeddable":true,"href":"https:\/\/edicoes.portaldoenvelhecimento.com.br\/novo\/wp-json\/wp\/v2\/product_cat?post=9352"},{"taxonomy":"product_tag","embeddable":true,"href":"https:\/\/edicoes.portaldoenvelhecimento.com.br\/novo\/wp-json\/wp\/v2\/product_tag?post=9352"}],"curies":[{"name":"wp","href":"https:\/\/api.w.org\/{rel}","templated":true}]}}