{"id":9313,"date":"2021-11-30T15:52:55","date_gmt":"2021-11-30T18:52:55","guid":{"rendered":"https:\/\/edicoes.portaldoenvelhecimento.com.br\/novo\/?post_type=product&#038;p=9313"},"modified":"2025-12-02T02:17:08","modified_gmt":"2025-12-02T05:17:08","slug":"60-direitos-desafios-e-perspectivas","status":"publish","type":"product","link":"https:\/\/edicoes.portaldoenvelhecimento.com.br\/novo\/produto\/60-direitos-desafios-e-perspectivas\/","title":{"rendered":"60+ Direitos, Desafios e Perspectivas"},"content":{"rendered":"<div class=\"page\" title=\"Page 1\">\n<div class=\"layoutArea\">\n<div class=\"column\">\n<div class=\"page\" title=\"Page 1\">\n<div class=\"layoutArea\">\n<div class=\"column\">\n<p><strong>SUM\u00c1RIO<\/strong><\/p>\n<p>PREF\u00c1CIO \u2026\u2026\u2026\u2026\u2026\u2026\u2026\u2026\u2026\u2026\u2026\u2026\u2026\u2026\u2026\u2026\u2026\u2026\u2026\u2026\u2026\u2026\u2026\u2026\u2026\u2026\u2026\u2026\u2026\u2026\u2026\u2026\u2026\u2026\u2026\u2026\u2026\u2026\u2026\u2026\u2026\u2026\u20265<\/p>\n<ul>\n<li style=\"list-style-type: none;\">\n<ul>\n<li>Newton Luiz Terra<\/li>\n<\/ul>\n<\/li>\n<\/ul>\n<p>APRESENTA\u00c7\u00c3O \u2026\u2026\u2026\u2026\u2026\u2026\u2026\u2026\u2026\u2026\u2026\u2026\u2026\u2026\u2026\u2026\u2026\u2026\u2026\u2026\u2026\u2026\u2026\u2026\u2026\u2026\u2026\u2026\u2026\u2026\u2026\u2026\u2026\u2026\u2026\u2026\u2026\u20269<\/p>\n<ul>\n<li style=\"list-style-type: none;\">\n<ul>\n<li>Os organizadores<\/li>\n<\/ul>\n<\/li>\n<\/ul>\n<p>DOS DIREITOS DO P\u00daBLICO 60+ \u2026\u2026\u2026\u2026\u2026\u2026\u2026\u2026\u2026\u2026\u2026\u2026\u2026\u2026\u2026\u2026\u2026\u2026\u2026\u2026\u2026\u2026\u2026\u2026\u2026.13<\/p>\n<ul>\n<li style=\"list-style-type: none;\">\n<ul>\n<li>Andr\u00e9a Andr\u00e9<\/li>\n<\/ul>\n<\/li>\n<\/ul>\n<p>Quest\u00e3o social, envelhecimento e cidadania \u2026\u2026\u2026\u2026\u2026\u2026\u2026\u2026\u2026\u2026\u2026\u2026\u2026\u2026\u2026\u2026\u2026\u2026\u2026..19<\/p>\n<ul>\n<li style=\"list-style-type: none;\">\n<ul>\n<li>Raquel da Silva Pavin<\/li>\n<\/ul>\n<\/li>\n<\/ul>\n<p>Duplo desafio m\u00e9dico\/jur\u00eddico: considera\u00e7\u00f5es sobre diretivas<br \/>\nantecipadas de vontade e finitude humana \u2026\u2026\u2026\u2026\u2026\u2026\u2026\u2026\u2026\u2026\u2026\u2026\u2026\u2026\u2026\u2026\u2026\u2026\u2026\u2026..39<\/p>\n<ul>\n<li style=\"list-style-type: none;\">\n<ul>\n<li>Andr\u00e9a Fontoura Andr\u00e9 e Michelle Bert\u00f3glio Clos<\/li>\n<\/ul>\n<\/li>\n<\/ul>\n<p>Vulnerabilidade social da pessoa idosa<br \/>\ne prote\u00e7\u00e3o da previd\u00eancia social \u2026\u2026\u2026\u2026\u2026\u2026\u2026\u2026\u2026\u2026\u2026\u2026\u2026\u2026\u2026\u2026\u2026\u2026\u2026\u2026\u2026\u2026\u2026\u2026\u2026\u2026\u2026\u202659<\/p>\n<ul>\n<li style=\"list-style-type: none;\">\n<ul>\n<li>Lu\u00eds Paulo Petersen Andreazza<\/li>\n<\/ul>\n<\/li>\n<\/ul>\n<p>Viol\u00eancia institucional contra as pessoas idosas \u2026\u2026\u2026\u2026\u2026\u2026\u2026\u2026\u2026\u2026\u2026\u2026\u2026\u2026\u2026\u2026\u202685<\/p>\n<ul>\n<li style=\"list-style-type: none;\">\n<ul>\n<li>Michelle Clos e Samantha Sittart<\/li>\n<\/ul>\n<\/li>\n<\/ul>\n<p>PERSPECTIVAS \u2026\u2026\u2026\u2026\u2026\u2026\u2026\u2026\u2026\u2026\u2026\u2026\u2026\u2026\u2026\u2026\u2026\u2026\u2026\u2026\u2026\u2026\u2026\u2026\u2026\u2026\u2026\u2026\u2026\u2026\u2026\u2026\u2026\u2026\u2026\u2026\u2026\u2026..97<\/p>\n<ul>\n<li style=\"list-style-type: none;\">\n<ul>\n<li>Michelle Bert\u00f3glio Clos<\/li>\n<\/ul>\n<\/li>\n<\/ul>\n<p>Cuidador de pessoas idosas no Brasil:<br \/>\nda ocupa\u00e7\u00e3o rumo \u00e0 regulamenta\u00e7\u00e3o da profiss\u00e3o \u2026\u2026\u2026\u2026\u2026\u2026\u2026\u2026\u2026\u2026\u2026\u2026\u2026\u2026\u2026\u2026\u2026\u2026..101<\/p>\n<ul>\n<li style=\"list-style-type: none;\">\n<ul>\n<li>Iride Cristofoli Caberlon, Fernanda Regina Rodrigues e Gisele Varani<\/li>\n<\/ul>\n<\/li>\n<\/ul>\n<p>Protocolo de aten\u00e7\u00e3o ao familiar cuidador de idosos<br \/>\nna estrat\u00e9gia de sa\u00fade da fam\u00edlia \u2026\u2026\u2026\u2026\u2026\u2026\u2026\u2026\u2026\u2026\u2026\u2026\u2026\u2026\u2026\u2026\u2026\u2026\u2026\u2026\u2026\u2026\u2026\u2026\u2026\u2026..127<\/p>\n<ul>\n<li style=\"list-style-type: none;\">\n<ul>\n<li>Caroline Tha\u00eds Both, Marin\u00eas Tambara Leite, Margrid Beuter e Caren da Silva Jacobi<\/li>\n<\/ul>\n<\/li>\n<\/ul>\n<p>Sa\u00fade p\u00fablica nas institui\u00e7\u00f5es de longa perman\u00eancia para idosos \u2026\u2026\u2026\u2026\u2026\u2026\u2026151<\/p>\n<ul>\n<li style=\"list-style-type: none;\">\n<ul>\n<li>Ver\u00f4nica Filter de Andrade<\/li>\n<\/ul>\n<\/li>\n<\/ul>\n<p>DESAFIOS \u2026\u2026\u2026\u2026\u2026\u2026\u2026\u2026\u2026\u2026\u2026\u2026\u2026\u2026\u2026\u2026\u2026\u2026\u2026\u2026\u2026\u2026\u2026\u2026\u2026\u2026\u2026\u2026\u2026\u2026\u2026\u2026\u2026\u2026\u2026\u2026\u2026\u2026\u2026\u2026\u2026.173<\/p>\n<ul>\n<li style=\"list-style-type: none;\">\n<ul>\n<li>Luis Paulo P. Andreazza<\/li>\n<\/ul>\n<\/li>\n<\/ul>\n<\/div>\n<\/div>\n<\/div>\n<div class=\"page\" title=\"Page 2\">\n<div class=\"layoutArea\">\n<div class=\"column\">\n<p>Percep\u00e7\u00e3o do idoso sobre seu envelhecimento no n\u00facleo familiar \u2026\u2026\u2026\u2026..177<\/p>\n<ul>\n<li style=\"list-style-type: none;\">\n<ul>\n<li>Jayslaine Oliveira de Almeida e Marcela Mary Jos\u00e9 da Silva<\/li>\n<\/ul>\n<\/li>\n<\/ul>\n<p>Impacto da incontin\u00eancia urin\u00e1ria e rela\u00e7\u00e3o<br \/>\ncom o aparecimento de sintomas depressivos \u2026\u2026\u2026\u2026\u2026\u2026\u2026\u2026\u2026\u2026\u2026\u2026\u2026\u2026\u2026\u2026\u2026\u2026195<\/p>\n<ul>\n<li style=\"list-style-type: none;\">\n<ul>\n<li>Luisa Braga Jorge, Bruna Borba Neves e Gabriela Guimar\u00e3es Oliveira<\/li>\n<\/ul>\n<\/li>\n<\/ul>\n<p>Sa\u00fade mental do idoso no \u00e2mbito da sa\u00fade p\u00fablica \u2026\u2026\u2026\u2026\u2026\u2026\u2026\u2026\u2026\u2026\u2026\u2026\u2026\u2026219<\/p>\n<ul>\n<li style=\"list-style-type: none;\">\n<ul>\n<li>Claudia Adriana Facco Lufiego<\/li>\n<\/ul>\n<\/li>\n<\/ul>\n<p>Sexualidade na velhice: percep\u00e7\u00e3o de pessoas idosas<br \/>\nresidentes em institui\u00e7\u00e3o de longa perman\u00eancia \u2026\u2026\u2026\u2026\u2026\u2026\u2026\u2026\u2026\u2026\u2026\u2026\u2026\u2026\u2026\u2026.247<\/p>\n<ul>\n<li style=\"list-style-type: none;\">\n<ul>\n<li>Miria Elisabete Bairros de Camargo, Maria Cristina Sant\u2019Anna da Silva, Rosecler Silva da Rosa e Letice Dalla Lana<\/li>\n<\/ul>\n<\/li>\n<\/ul>\n<p>Avalia\u00e7\u00e3o cognitiva de uma popula\u00e7\u00e3o de idosos internados<br \/>\npor fratura proximal do f\u00eamur decorrente de queda \u2026\u2026\u2026\u2026\u2026\u2026\u2026\u2026\u2026\u2026\u2026\u2026\u2026..273<\/p>\n<ul>\n<li style=\"list-style-type: none;\">\n<ul>\n<li>Karine Noronha de \u00c1vila<\/li>\n<\/ul>\n<\/li>\n<\/ul>\n<p>Equil\u00edbrio postural e risco de queda em idosos institucionalizados.<br \/>\na realidade virtual \u2026\u2026\u2026\u2026\u2026\u2026\u2026\u2026\u2026\u2026\u2026\u2026\u2026\u2026\u2026\u2026\u2026\u2026\u2026\u2026\u2026\u2026\u2026\u2026\u2026\u2026\u2026\u2026\u2026\u2026\u2026\u2026\u2026\u2026\u2026\u2026..299<\/p>\n<ul>\n<li style=\"list-style-type: none;\">\n<ul>\n<li>Anderson Cardoso e Karla Poersch<\/li>\n<\/ul>\n<\/li>\n<\/ul>\n<p>Papel da microbiota intestinal na Doen\u00e7a de Alzheimer: h\u00e1 rela\u00e7\u00e3o? \u2026\u2026\u2026\u2026..329<\/p>\n<ul>\n<li style=\"list-style-type: none;\">\n<ul>\n<li>Inajara Duarte Soares<\/li>\n<\/ul>\n<\/li>\n<\/ul>\n<p>Conhecimento dos agentes comunit\u00e1rios de<br \/>\nsa\u00fade sobre cuidados paliativos na aten\u00e7\u00e3o b\u00e1sica \u2026\u2026\u2026\u2026\u2026\u2026\u2026\u2026\u2026\u2026\u2026\u2026\u2026\u2026..359<\/p>\n<ul>\n<li style=\"list-style-type: none;\">\n<ul>\n<li>Janina Neves Cardozo, Miria Elisabete Bairros de Camargo, Estela Schiavini Wazenkeski e Lucas Meirelles Machado<\/li>\n<\/ul>\n<\/li>\n<\/ul>\n<p>RELATOS DE EXPERI\u00caNCIAS \u2026\u2026\u2026\u2026\u2026\u2026\u2026\u2026\u2026\u2026\u2026\u2026\u2026\u2026\u2026\u2026\u2026\u2026\u2026\u2026\u2026\u2026\u2026\u2026\u2026\u2026\u2026.383<\/p>\n<p>Qualidade de vida na Doen\u00e7a de Alzheimer: os benef\u00edcios da pr\u00e1tica<\/p>\n<p>da atividade f\u00edsica integrada e do exerc\u00edcio f\u00edsico no dia a dia \u2026\u2026\u2026\u2026\u2026\u2026\u2026..385<\/p>\n<ul>\n<li style=\"list-style-type: none;\">\n<ul>\n<li>Daniela Stein<\/li>\n<\/ul>\n<\/li>\n<\/ul>\n<p>T\u00fanel do abra\u00e7o: uma experi\u00eancia em tempo de pandemia \u2026\u2026\u2026\u2026\u2026\u2026\u2026\u2026\u2026.399<\/p>\n<ul>\n<li style=\"list-style-type: none;\">\n<ul>\n<li>Katia Orlene Boaro Paim, J\u00falia Cristina Bertoglio Bloise e Rejane Mota Souza<\/li>\n<\/ul>\n<\/li>\n<\/ul>\n<p>AUTORAS E AUTORES \u2026\u2026\u2026\u2026\u2026\u2026\u2026\u2026\u2026\u2026\u2026\u2026\u2026\u2026\u2026\u2026\u2026\u2026\u2026\u2026\u2026\u2026\u2026\u2026\u2026\u2026\u2026\u2026\u2026\u2026\u2026\u2026..419<\/p>\n<\/div>\n<\/div>\n<\/div>\n<p>&nbsp;<\/p>\n<p><strong>Caracter\u00edsticas do Produto:<\/strong><br \/>\nPESO: 0,632 Kg<br \/>\nI.S.B.N.: 978-65-990188-9-3<br \/>\nALTURA: 23,00 cm<br \/>\nLARGURA: 16,00 cm<br \/>\nPROFUNDIDADE: 2,0 cm<br \/>\nN\u00daMERO DE P\u00c1GINAS: 430<br \/>\nIDIOMA: Portugu\u00eas<br \/>\nACABAMENTO: Brochura<br \/>\nC\u00d3D. BARRAS:\u00a09786599018893<br \/>\nANO DA EDI\u00c7\u00c3O: 2021<br \/>\nOrganizadores: Michelle Bert\u00f3glio Clos, Andr\u00e9a Fontoura e Lu\u00eds Paulo P. Andreazza<\/p>\n<\/div>\n<\/div>\n<\/div>\n","protected":false},"excerpt":{"rendered":"<p>Esta colet\u00e2nea traz a quest\u00e3o social do envelhecimento, diretivas antecipadas de vontade, vulnerabilidade social, viol\u00eancia institucional, cuidados, sa\u00fade p\u00fablica em institui\u00e7\u00f5es de longa perman\u00eancia, percep\u00e7\u00e3o do idoso sobre o envelhecimento, incontin\u00eancia urin\u00e1ria e sintomas depressivos, sa\u00fade mental, sexualidade, cogni\u00e7\u00e3o, quedas, nutri\u00e7\u00e3o, Doen\u00e7a de Alzheimer, cuidados paliativos, atividade f\u00edsica, repercuss\u00f5es do distanciamento social em tempo de pandemia, entre outros.<\/p>\n<p>H\u00e1 enorme desafio da gerontologia moderna em propiciar as melhores condi\u00e7\u00f5es a esse contingente humano, que hoje tem vida mais longa, para n\u00e3o ser apenas extensa, mas desfrutada e intensa. O livro \u00e9 lan\u00e7ado no momento certo. Hoje a sociedade enfrenta v\u00e1rios desafios para se ajustar diante da imensid\u00e3o de pessoas que envelhecem. Segmento novo ao qual se exige proporcionar sa\u00fade, educa\u00e7\u00e3o, trabalho, seguran\u00e7a, participa\u00e7\u00e3o, autonomia, independ\u00eancia, cultura, lazer, cidadania, liberdade, dignidade, respeito e conviv\u00eancia familiar e comunit\u00e1ria.<\/p>\n<p>Devem ser oferecidos recursos indispens\u00e1veis para facilitar-lhes a vida e, assim, participar e desfrutar da sociedade em que vivem. Os artigos escritos por diversos autores, com profundo conhecimento sobre temas relacionados ao envelhecimento humano, destinam-se a todos os profissionais que lidam com idosos e \u00e0 comunidade em geral. Congratulo-me com os organizadores.\u00a0<strong>Tenho a mais absoluta certeza que ser\u00e1 extremamente \u00fatil para todos os que se preocupam com o inexor\u00e1vel processo de envelhecimento e que desejam que ele seja bem-sucedido.<\/strong><\/p>\n<p>&#8211; <em>Newton Luiz Terra<\/em> &#8211; M\u00e9dico Geriatra<\/p>\n","protected":false},"featured_media":9317,"comment_status":"open","ping_status":"closed","template":"","meta":{"_bbp_topic_count":0,"_bbp_reply_count":0,"_bbp_total_topic_count":0,"_bbp_total_reply_count":0,"_bbp_voice_count":0,"_bbp_anonymous_reply_count":0,"_bbp_topic_count_hidden":0,"_bbp_reply_count_hidden":0,"_bbp_forum_subforum_count":0,"pmpro_default_level":""},"product_brand":[],"product_cat":[67,66,69],"product_tag":[70,68],"class_list":{"0":"post-9313","1":"product","2":"type-product","3":"status-publish","4":"has-post-thumbnail","6":"product_cat-ebooks","7":"product_cat-livros","8":"product_cat-todos-livros","9":"product_tag-ebook","10":"product_tag-livros","11":"pmpro-has-access","13":"first","14":"instock","15":"shipping-taxable","16":"purchasable","17":"product-type-variable"},"_links":{"self":[{"href":"https:\/\/edicoes.portaldoenvelhecimento.com.br\/novo\/wp-json\/wp\/v2\/product\/9313","targetHints":{"allow":["GET"]}}],"collection":[{"href":"https:\/\/edicoes.portaldoenvelhecimento.com.br\/novo\/wp-json\/wp\/v2\/product"}],"about":[{"href":"https:\/\/edicoes.portaldoenvelhecimento.com.br\/novo\/wp-json\/wp\/v2\/types\/product"}],"replies":[{"embeddable":true,"href":"https:\/\/edicoes.portaldoenvelhecimento.com.br\/novo\/wp-json\/wp\/v2\/comments?post=9313"}],"version-history":[{"count":2,"href":"https:\/\/edicoes.portaldoenvelhecimento.com.br\/novo\/wp-json\/wp\/v2\/product\/9313\/revisions"}],"predecessor-version":[{"id":11117,"href":"https:\/\/edicoes.portaldoenvelhecimento.com.br\/novo\/wp-json\/wp\/v2\/product\/9313\/revisions\/11117"}],"wp:featuredmedia":[{"embeddable":true,"href":"https:\/\/edicoes.portaldoenvelhecimento.com.br\/novo\/wp-json\/wp\/v2\/media\/9317"}],"wp:attachment":[{"href":"https:\/\/edicoes.portaldoenvelhecimento.com.br\/novo\/wp-json\/wp\/v2\/media?parent=9313"}],"wp:term":[{"taxonomy":"product_brand","embeddable":true,"href":"https:\/\/edicoes.portaldoenvelhecimento.com.br\/novo\/wp-json\/wp\/v2\/product_brand?post=9313"},{"taxonomy":"product_cat","embeddable":true,"href":"https:\/\/edicoes.portaldoenvelhecimento.com.br\/novo\/wp-json\/wp\/v2\/product_cat?post=9313"},{"taxonomy":"product_tag","embeddable":true,"href":"https:\/\/edicoes.portaldoenvelhecimento.com.br\/novo\/wp-json\/wp\/v2\/product_tag?post=9313"}],"curies":[{"name":"wp","href":"https:\/\/api.w.org\/{rel}","templated":true}]}}