{"id":9278,"date":"2024-08-03T21:21:03","date_gmt":"2024-08-04T00:21:03","guid":{"rendered":"https:\/\/edicoes.portaldoenvelhecimento.com.br\/novo\/?post_type=product&#038;p=9278"},"modified":"2026-05-12T22:25:30","modified_gmt":"2026-05-13T01:25:30","slug":"poetica-da-velhice-32-propostas-de-atividades","status":"publish","type":"product","link":"https:\/\/edicoes.portaldoenvelhecimento.com.br\/novo\/produto\/poetica-da-velhice-32-propostas-de-atividades\/","title":{"rendered":"Po\u00e9tica da Velhice \u2013 32 propostas de atividades"},"content":{"rendered":"<p><strong>SUM\u00c1RIO<\/strong><\/p>\n<div class=\"page\" title=\"Page 1\">\n<p>Apresenta\u00e7\u00e3o\u2026\u2026\u2026\u2026\u2026\u2026\u2026\u2026\u2026\u2026\u2026\u2026\u2026\u2026\u2026\u2026\u2026\u2026\u2026\u2026\u2026\u2026\u2026\u2026\u202607<\/p>\n<p>La Vispa Tereza\u2026\u2026\u2026\u2026\u2026\u2026\u2026\u2026\u2026\u2026\u2026\u2026\u2026\u2026\u2026\u2026\u2026\u2026\u2026\u2026\u2026\u2026\u2026..09<\/p>\n<p>Pr\u00f3logo: Amanh\u00e3 serei velha\u2026\u2026\u2026\u2026\u2026\u2026\u2026\u2026\u2026\u2026\u2026\u2026\u2026\u2026\u2026\u2026\u202613<\/p>\n<p>I VELHICE E ARTE\u2026\u2026\u2026\u2026\u2026\u2026\u2026\u2026\u2026\u2026\u2026\u2026\u2026\u2026\u2026\u2026\u2026\u2026\u2026\u2026\u2026..19<\/p>\n<ul>\n<li style=\"list-style-type: none;\">\n<ul>\n<li>A velhice e a arte bizantina\u2026\u2026\u2026\u2026\u2026\u2026\u2026\u2026\u2026\u2026\u2026\u2026\u2026\u2026\u2026\u2026\u2026\u202621<\/li>\n<li>Salve Esperan\u00e7a\u2026\u2026\u2026\u2026\u2026\u2026\u2026\u2026\u2026\u2026\u2026\u2026\u2026\u2026\u2026\u2026\u2026\u2026\u2026\u2026\u2026\u2026\u2026..27<\/li>\n<li>Asas e o cuidar\u2026\u2026\u2026\u2026\u2026\u2026\u2026\u2026\u2026\u2026\u2026\u2026\u2026\u2026\u2026\u2026\u2026\u2026\u2026\u2026\u2026\u2026\u2026\u2026.33<\/li>\n<li>Nossa Senhora Aparecida, rogai por n\u00f3s, velhos do Brasil\u2026.39<\/li>\n<li>Arte Degenerada e Velhice Moderna\u2026\u2026\u2026\u2026\u2026\u2026\u2026\u2026\u2026\u2026\u2026\u2026\u202647<\/li>\n<li>Devolvam meu estr\u00f3geno!\u2026\u2026\u2026\u2026\u2026\u2026\u2026\u2026\u2026\u2026\u2026\u2026\u2026\u2026\u2026\u2026\u2026\u2026.53<\/li>\n<li>Eu quero moooooorrer!\u2026\u2026\u2026\u2026\u2026\u2026\u2026\u2026\u2026\u2026\u2026\u2026\u2026\u2026\u2026\u2026\u2026\u2026\u2026..59<\/li>\n<li>O perfume de Dona Helena\u2026\u2026\u2026\u2026\u2026\u2026\u2026\u2026\u2026\u2026\u2026\u2026\u2026\u2026\u2026\u2026\u2026..67<\/li>\n<\/ul>\n<\/li>\n<\/ul>\n<p>II \u2013 VELHICE, TEMPO E ESPA\u00c7O\u2026\u2026\u2026\u2026\u2026\u2026\u2026\u2026\u2026\u2026\u2026\u2026\u2026..73<\/p>\n<ul>\n<li style=\"list-style-type: none;\">\n<ul>\n<li>Amor para flutuar\u2026\u2026\u2026\u2026\u2026\u2026\u2026\u2026\u2026\u2026\u2026\u2026\u2026\u2026\u2026\u2026\u2026\u2026\u2026\u2026\u2026\u2026..75<\/li>\n<li>Presen\u00e7as, afetos, sorrisos e\u2026 toalhas\u2026\u2026\u2026\u2026\u2026\u2026\u2026\u2026\u2026\u2026\u2026\u202681<\/li>\n<li>Dia das m\u00e3es em Woodstock\u2026\u2026\u2026\u2026\u2026\u2026\u2026\u2026\u2026\u2026\u2026\u2026\u2026\u2026\u2026\u2026..87<\/li>\n<li>Imediatamente velha\u2026\u2026\u2026\u2026\u2026\u2026\u2026\u2026\u2026\u2026\u2026\u2026\u2026\u2026\u2026\u2026\u2026\u2026\u2026\u2026..95<\/li>\n<li>Meus sonhos em um bal\u00e3o\u2026\u2026\u2026\u2026\u2026\u2026\u2026\u2026\u2026\u2026\u2026\u2026\u2026\u2026\u2026\u2026\u2026.101<\/li>\n<li>O amor e os pares de meias\u2026\u2026\u2026\u2026\u2026\u2026\u2026\u2026\u2026\u2026\u2026\u2026\u2026\u2026\u2026\u2026\u2026109<\/li>\n<li>Velho roup\u00e3o cor-de-rosa\u2026\u2026\u2026\u2026\u2026\u2026\u2026\u2026\u2026\u2026\u2026\u2026\u2026\u2026\u2026\u2026\u2026\u2026115<\/li>\n<li>Pois \u00e9, m\u00e3e\u2026\u2026\u2026\u2026\u2026\u2026\u2026\u2026\u2026\u2026\u2026\u2026\u2026\u2026\u2026\u2026\u2026\u2026\u2026\u2026\u2026\u2026\u2026\u2026\u2026\u2026121<\/li>\n<li>Que o amor possa ser velho\u2026\u2026\u2026\u2026\u2026\u2026\u2026\u2026\u2026\u2026\u2026\u2026\u2026\u2026\u2026\u2026\u2026.125<\/li>\n<li>A valsa do bolo de mel\u2026\u2026\u2026\u2026\u2026\u2026\u2026\u2026\u2026\u2026\u2026\u2026\u2026\u2026\u2026\u2026\u2026\u2026\u2026\u2026131<\/li>\n<li>O tric\u00f4 de Guiomar\u2026\u2026\u2026\u2026\u2026\u2026\u2026\u2026\u2026\u2026\u2026\u2026\u2026\u2026\u2026\u2026\u2026\u2026\u2026\u2026\u2026..139<\/li>\n<\/ul>\n<\/li>\n<\/ul>\n<p>III \u2013 VELHICE E INTERGERACIONALIDADE\u2026\u2026\u2026\u2026\u2026\u2026.145<\/p>\n<ul>\n<li style=\"list-style-type: none;\">\n<ul>\n<li>A velhice chegou\u2026\u2026\u2026\u2026\u2026\u2026\u2026\u2026\u2026\u2026\u2026\u2026\u2026\u2026\u2026\u2026\u2026\u2026\u2026\u2026\u2026\u2026\u2026147<\/li>\n<li>O cora\u00e7\u00e3o e as estrelas\u2026\u2026\u2026\u2026\u2026\u2026\u2026\u2026\u2026\u2026\u2026\u2026\u2026\u2026\u2026\u2026\u2026\u2026\u2026\u2026153<\/li>\n<li>A vida segue\u2026\u2026\u2026\u2026\u2026\u2026\u2026\u2026\u2026\u2026\u2026\u2026\u2026\u2026\u2026\u2026\u2026\u2026\u2026\u2026\u2026\u2026\u2026\u2026\u2026..159<\/li>\n<li>Ainda viva?\u2026\u2026\u2026\u2026\u2026\u2026\u2026\u2026\u2026\u2026\u2026\u2026\u2026\u2026\u2026\u2026\u2026\u2026\u2026\u2026\u2026\u2026\u2026\u2026\u2026\u2026.173<\/li>\n<li>Av\u00f3s e netos\u2026\u2026\u2026\u2026\u2026\u2026\u2026\u2026\u2026\u2026\u2026\u2026\u2026\u2026\u2026\u2026\u2026\u2026\u2026\u2026\u2026\u2026\u2026\u2026\u2026..181<\/li>\n<li>Bandeiras ao vento\u2026\u2026\u2026\u2026\u2026\u2026\u2026\u2026\u2026\u2026\u2026\u2026\u2026\u2026\u2026\u2026\u2026\u2026\u2026\u2026\u2026\u2026.187<\/li>\n<\/ul>\n<\/li>\n<\/ul>\n<p>IV \u2013 VELHICE E FINITUDE\u2026\u2026\u2026\u2026\u2026\u2026\u2026\u2026\u2026\u2026\u2026\u2026\u2026\u2026\u2026\u2026\u2026193<\/p>\n<ul>\n<li style=\"list-style-type: none;\">\n<ul>\n<li>Velhas amizades n\u00e3o morrem\u2026\u2026\u2026\u2026\u2026\u2026\u2026\u2026\u2026\u2026\u2026\u2026\u2026\u2026\u2026\u2026..195<\/li>\n<li>Cheiros, sabores da inf\u00e2ncia e o menino de Alepo\u2026\u2026\u2026\u2026\u2026\u2026203<\/li>\n<li>Di\u00e1logo canino\u2026\u2026\u2026\u2026\u2026\u2026\u2026\u2026\u2026\u2026\u2026\u2026\u2026\u2026\u2026\u2026\u2026\u2026\u2026\u2026\u2026\u2026\u2026\u2026..211<\/li>\n<li>Foi Golpe!\u2026\u2026\u2026\u2026\u2026\u2026\u2026\u2026\u2026\u2026\u2026\u2026\u2026\u2026\u2026\u2026\u2026\u2026\u2026\u2026\u2026\u2026\u2026\u2026\u2026\u2026\u2026.217<\/li>\n<li>Morte, Desequil\u00edbrio e as Ma\u00e7\u00e3s de C\u00e8zanne\u2026\u2026\u2026\u2026\u2026\u2026\u2026\u2026\u2026223<\/li>\n<li>O amor e o p\u00e9 de jasmim\u2026\u2026\u2026\u2026\u2026\u2026\u2026\u2026\u2026\u2026\u2026\u2026\u2026\u2026\u2026\u2026\u2026\u2026\u2026..229<\/li>\n<li>Nas asas da borboleta (anota\u00e7\u00f5es p\u00f3s-leitura)\u2026\u2026\u2026\u2026\u2026\u2026\u2026\u2026.235<\/li>\n<\/ul>\n<\/li>\n<\/ul>\n<\/div>\n<p>&nbsp;<\/p>\n<p><strong>Caracter\u00edsticas do Produto:<\/strong><br \/>\nPESO: 0,460 Kg<br \/>\nI.S.B.N.: 978-65-990188-1-7<br \/>\nALTURA: 23,00 cm<br \/>\nLARGURA: 23,00 cm<br \/>\nPROFUNDIDADE: 2,00 cm<br \/>\nN\u00daMERO DE P\u00c1GINAS: 250<br \/>\nIDIOMA: Portugu\u00eas<br \/>\nACABAMENTO: Brochura<br \/>\nC\u00d3D. BARRAS: 9786599018817<br \/>\nANO DA EDI\u00c7\u00c3O: 2020<br \/>\nAUTORAS: Cristiane T. Pomeranz<\/p>\n","protected":false},"excerpt":{"rendered":"<p><strong>Leituras, atividades e di\u00e1logos sobre o viver e o envelhecer.<\/strong><\/p>\n<p>Cristiane T. Pomeranz, arteterapeuta com mestrado em gerontologia, apresenta um livro delicioso, uma obra de arte em forma de cr\u00f4nicas do cotidiano a partir do seu viver e da intera\u00e7\u00e3o com idosos, muitos deles com Alzheimer, com os quais compartilha bons momentos em museus e ILPIs com seu magn\u00edfico Projeto Fa\u00e7a Mem\u00f3ria. O livro est\u00e1 dividido em quatro eixos: Velhice e Arte; Velhice, Tempo e Espa\u00e7o; Velhice e Intergeracionalidade e Velhice e Finitude.<\/p>\n<p>Neste livro, Cristiane prop\u00f5e 32 atividades para trabalharmos com idosos, simples e eficazes, que permitem altos voos aos participantes. Ela o escreveu como um presente para\u00a0<span lang=\"PT-BR\">sua m\u00e3e, em homenagem aos seus 80 anos, mas podemos consider\u00e1-lo um presente para todos n\u00f3s, especialmente para quem trabalha com idosos ou tem parentes com alguma dificuldade cognitiva.<\/span><\/p>\n<p><strong>Cada cr\u00f4nica, al\u00e9m de propor uma atividade pr\u00e1tica, tem uma ilustra\u00e7\u00e3o na forma de desenho que pode ser pintada.<\/strong><\/p>\n<p><span lang=\"PT-BR\">Cremilda Medina, no posf\u00e1cio, observa que\u00a0<\/span><span lang=\"PT-BR\">Cristiane, profissionalmente, mergulha at\u00e9 mesmo na crueldade da dem\u00eancia para criar pontes de comunica\u00e7\u00e3o por meio da arte. A prop\u00f3sito, diz com transpar\u00eancia dilacerada: \u201cHoje n\u00e3o s\u00f3 tolero como transformo o olhar para o sofrimento causado por esse tipo de aus\u00eancia. A morte \u00e9 natural; a dem\u00eancia, cruel\u201d.<\/span><\/p>\n<p>Continua: \u201c<span lang=\"PT-BR\">Este livro nos traz o testemunho consciente, amadurecido no conv\u00edvio, de que \u00e9 poss\u00edvel se transpor para outras paisagens humanas, esculpir os pr\u00f3prios sonhos no sonhar coletivo. O projeto se realiza na experi\u00eancia dos sentidos e nada mais fecundo do que se valer das artes pl\u00e1sticas, da m\u00fasica, da literatura, da fotografia e de todas as express\u00f5es art\u00edsticas para soltar as asas libert\u00e1rias do voo. Assim, na sintonia profunda com idosos de horizonte aparentemente contido, Cristiane distribui gestos abertos da arte, gestos de bravura irreverente, de est\u00e9tica n\u00e3o comportada, aquela que, ao contr\u00e1rio do que julgam os de sensibilidade atrofiada, n\u00e3o distorce a realidade, mas navega no del\u00edrio metaf\u00f3rico.\u201d<\/span><\/p>\n","protected":false},"featured_media":9281,"comment_status":"open","ping_status":"closed","template":"","meta":{"_bbp_topic_count":0,"_bbp_reply_count":0,"_bbp_total_topic_count":0,"_bbp_total_reply_count":0,"_bbp_voice_count":0,"_bbp_anonymous_reply_count":0,"_bbp_topic_count_hidden":0,"_bbp_reply_count_hidden":0,"_bbp_forum_subforum_count":0,"pmpro_default_level":""},"product_brand":[],"product_cat":[67,66,91,90,69],"product_tag":[70,68],"class_list":{"0":"post-9278","1":"product","2":"type-product","3":"status-publish","4":"has-post-thumbnail","6":"product_cat-ebooks","7":"product_cat-livros","8":"product_cat-livros-com-propostas-de-atividades","9":"product_cat-livros-sobre-alzheimer","10":"product_cat-todos-livros","11":"product_tag-ebook","12":"product_tag-livros","13":"pmpro-has-access","15":"first","16":"instock","17":"shipping-taxable","18":"purchasable","19":"product-type-variable"},"_links":{"self":[{"href":"https:\/\/edicoes.portaldoenvelhecimento.com.br\/novo\/wp-json\/wp\/v2\/product\/9278","targetHints":{"allow":["GET"]}}],"collection":[{"href":"https:\/\/edicoes.portaldoenvelhecimento.com.br\/novo\/wp-json\/wp\/v2\/product"}],"about":[{"href":"https:\/\/edicoes.portaldoenvelhecimento.com.br\/novo\/wp-json\/wp\/v2\/types\/product"}],"replies":[{"embeddable":true,"href":"https:\/\/edicoes.portaldoenvelhecimento.com.br\/novo\/wp-json\/wp\/v2\/comments?post=9278"}],"version-history":[{"count":3,"href":"https:\/\/edicoes.portaldoenvelhecimento.com.br\/novo\/wp-json\/wp\/v2\/product\/9278\/revisions"}],"predecessor-version":[{"id":29726,"href":"https:\/\/edicoes.portaldoenvelhecimento.com.br\/novo\/wp-json\/wp\/v2\/product\/9278\/revisions\/29726"}],"wp:featuredmedia":[{"embeddable":true,"href":"https:\/\/edicoes.portaldoenvelhecimento.com.br\/novo\/wp-json\/wp\/v2\/media\/9281"}],"wp:attachment":[{"href":"https:\/\/edicoes.portaldoenvelhecimento.com.br\/novo\/wp-json\/wp\/v2\/media?parent=9278"}],"wp:term":[{"taxonomy":"product_brand","embeddable":true,"href":"https:\/\/edicoes.portaldoenvelhecimento.com.br\/novo\/wp-json\/wp\/v2\/product_brand?post=9278"},{"taxonomy":"product_cat","embeddable":true,"href":"https:\/\/edicoes.portaldoenvelhecimento.com.br\/novo\/wp-json\/wp\/v2\/product_cat?post=9278"},{"taxonomy":"product_tag","embeddable":true,"href":"https:\/\/edicoes.portaldoenvelhecimento.com.br\/novo\/wp-json\/wp\/v2\/product_tag?post=9278"}],"curies":[{"name":"wp","href":"https:\/\/api.w.org\/{rel}","templated":true}]}}