{"id":9238,"date":"2024-06-28T19:37:51","date_gmt":"2024-06-28T22:37:51","guid":{"rendered":"https:\/\/edicoes.portaldoenvelhecimento.com.br\/novo\/?post_type=product&#038;p=9238"},"modified":"2025-12-02T02:17:09","modified_gmt":"2025-12-02T05:17:09","slug":"o-cuidador-do-idoso-em-ilpi","status":"publish","type":"product","link":"https:\/\/edicoes.portaldoenvelhecimento.com.br\/novo\/produto\/o-cuidador-do-idoso-em-ilpi\/","title":{"rendered":"O Cuidador do Idoso em ILPI"},"content":{"rendered":"<div class=\"page\" title=\"Page 1\">\n<div class=\"layoutArea\">\n<div class=\"column\">\n<div class=\"layoutArea\">\n<div class=\"column\">\n<div class=\"page\" title=\"Page 1\">\n<div class=\"layoutArea\">\n<div class=\"column\">\n<div class=\"page\" title=\"Page 1\">\n<div class=\"layoutArea\">\n<div class=\"column\">\n<div class=\"page\" title=\"Page 1\">\n<div class=\"layoutArea\">\n<div class=\"column\">\n<div class=\"page\" title=\"Page 1\">\n<div class=\"layoutArea\">\n<div class=\"column\">\n<div class=\"page\" title=\"Page 1\">\n<div class=\"layoutArea\">\n<div class=\"column\">\n<div class=\"layoutArea\">\n<div class=\"column\">\n<p><strong>SUM\u00c1RIO<\/strong><\/p>\n<p>INTRODU\u00c7\u00c3O<\/p>\n<p>1 \u2013 CONTEXTUALIZA\u00c7\u00c3O TE\u00d3RICA<\/p>\n<ul>\n<li style=\"list-style-type: none;\">\n<ul>\n<li>1.1 \u2013 As transforma\u00e7\u00f5es no perfil dos idosos no Brasil, em especial daqueles que apresentam fragilidade e longevidade<\/li>\n<li>1.2 \u2013 Envelhecimento e Fragilidade<\/li>\n<li>1.3 \u2013 Moradia e envelhecimento<\/li>\n<li>1.4 \u2013 ILPI como a op\u00e7\u00e3o de moradia<\/li>\n<li>1.5 \u2013 Institucionaliza\u00e7\u00e3o na velhice e o preconceito com esta modalidade de atendimento a idosos<\/li>\n<li>1.6 \u2013 Incapacidade funcional dos idosos e a dificuldade para o cuidado<\/li>\n<li>1.7 \u2013 Necessidade de m\u00e3o de obra especializada para o cuidado de longa dura\u00e7\u00e3o<\/li>\n<li>1.8 \u2013 O cuidado: uma rela\u00e7\u00e3o humana<\/li>\n<\/ul>\n<\/li>\n<\/ul>\n<p>2 \u2013 ASPECTOS METODOL\u00d3GICOS<\/p>\n<ul>\n<li style=\"list-style-type: none;\">\n<ul>\n<li>2.1 \u2013 Teoria<\/li>\n<li>2.2 \u2013 Procedimentos metodol\u00f3gicos da pesquisa<\/li>\n<li>2.3 \u2013 An\u00e1lise do conte\u00fado<\/li>\n<\/ul>\n<\/li>\n<\/ul>\n<p>3 \u2013 ESPA\u00c7OS E SUJEITOS DE PESQUISA<\/p>\n<ul>\n<li style=\"list-style-type: none;\">\n<ul>\n<li>3.1 \u2013 Espa\u00e7os de pesquisa<\/li>\n<li>3.1.1 \u2013 Lar Santana Butant\u00e3 e Lar Santana Pinheiros<\/li>\n<li>3.1.2 \u2013 Residencial Israelita Albert Einstein<\/li>\n<li>3.2 \u2013 Os sujeitos da pesquisa<\/li>\n<\/ul>\n<\/li>\n<\/ul>\n<p>4 \u2013 AN\u00c1LISE E INTERPRETA\u00c7\u00d5ES DAS NARRATIVAS<\/p>\n<ul>\n<li style=\"list-style-type: none;\">\n<ul>\n<li>4.1 \u2013 Eventos significativos relacionados \u00e0 velhice<\/li>\n<li>4.2 \u2013 O significado de ser um cuidador de idosos<\/li>\n<li>4.3 \u2013 A velhice aos olhos das cuidadoras da institui\u00e7\u00e3o<\/li>\n<li>4.4 \u2013 As velhices que afetam<\/li>\n<li>4.5 \u2013 O impacto de cuidar de idosos dependentes e fr\u00e1geis<\/li>\n<li>4.6 \u2013 Dificuldades no ato de cuidar da fragilidade do \u201coutro\u201d<\/li>\n<li>4.7 \u2013 A fam\u00edlia, a institui\u00e7\u00e3o e o cuidado<\/li>\n<li>4.8 \u2013 A produ\u00e7\u00e3o de subjetividade que resulta do ato de cuidar de idosos fr\u00e1geis<\/li>\n<li>4.9 \u2013 Que amor \u00e9 esse?<\/li>\n<li>4.10 \u2013 Como ser\u00e1 o meu cuidador?<\/li>\n<\/ul>\n<\/li>\n<\/ul>\n<p><strong>CONCLUS\u00c3O<\/strong><\/p>\n<p>CONSIDERA\u00c7\u00d5ES FINAIS<\/p>\n<p>REFER\u00caNCIAS<\/p>\n<p>AP\u00caNDICE\u00a0A \u2013 REVIS\u00c3O\u00a0BIBLIOGR\u00c1FICA<\/p>\n<p>AP\u00caNDICE\u00a0B \u2013 TERMO DE CONSENTIMENTO LIVRE E ESCLARECEDOR<\/p>\n<p>AP\u00caNDICE\u00a0C \u2013 PERFIL DESCRITIVO<\/p>\n<p>AP\u00caNDICE\u00a0D \u2013 ROTEIRO DA ENTREVISTA PARA OS CUIDADORES DE IDOSOS NA ILPI<\/p>\n<p>&nbsp;<\/p>\n<p><strong>Caracter\u00edsticas do Produto:<\/strong><br \/>\nPESO: 0,360 Kg<br \/>\nI.S.B.N.: 978-85-69350-22-4<br \/>\nALTURA: 23,00 cm<br \/>\nLARGURA: 16,00 cm<br \/>\nPROFUNDIDADE: 1,50 cm<br \/>\nN\u00daMERO DE P\u00c1GINAS: 306<br \/>\nIDIOMA: Portugu\u00eas<br \/>\nACABAMENTO: Brochura<br \/>\nC\u00d3D. BARRAS:\u00a09788569350224<br \/>\nANO DA EDI\u00c7\u00c3O: 2019<br \/>\nAUTORA: Margherita Cassia Mizan<\/p>\n<\/div>\n<\/div>\n<\/div>\n<\/div>\n<\/div>\n<\/div>\n<\/div>\n<\/div>\n<\/div>\n<\/div>\n<\/div>\n<\/div>\n<\/div>\n<\/div>\n<\/div>\n<\/div>\n<\/div>\n<\/div>\n<\/div>\n<\/div>\n<\/div>\n<\/div>\n","protected":false},"excerpt":{"rendered":"<p>Esta obra constitui o resultado de uma inquieta\u00e7\u00e3o constru\u00edda ao longo de anos de viv\u00eancia junto a idosos institucionalizados, resultando em transforma\u00e7\u00f5es significativas na vida da autora. Margherita de Cassia Mizan trabalhou 14 anos em uma ILPI (Institui\u00e7\u00e3o de Longa Perman\u00eancia para Idosos) e segue, como aut\u00f4noma, atendendo este p\u00fablico fragilizado, totalizando mais de 20 anos de intera\u00e7\u00e3o com idosos e cuidadores. O\u00a0livro \u00e9 baseado na sua disserta\u00e7\u00e3o de mestrado, defendida na PUCSP, e na sua experi\u00eancia pr\u00e1tica e te\u00f3rica como psic\u00f3loga e professora convidada das especializa\u00e7\u00f5es em Gerontologia e Cuidados Paliativos do Hospital Israelita Albert Einstein.<\/p>\n<p>O aumento da popula\u00e7\u00e3o idosa trouxe consigo a longevidade e, por conseguinte, necessidades espec\u00edficas e essenciais para que esta popula\u00e7\u00e3o tenha uma sobreviv\u00eancia digna. Ficar mais velho, longevo, para alguns indiv\u00edduos pode significar a impossibilidade de autogest\u00e3o, gerando uma depend\u00eancia frente a terceiros. \u00c9 poss\u00edvel perceber diferentes velhices que se apresentam, sendo aquela com depend\u00eancia o ponto central desta obra. As formas de exist\u00eancia com depend\u00eancia necessitam de dispositivos de apoio que garantam uma exist\u00eancia satisfat\u00f3ria at\u00e9 o perecimento; o cuidador de idosos pode ser considerado um desses dispositivos, assim como as Institui\u00e7\u00f5es de Longa Perman\u00eancia para Idosos \u2013 ILPIs.<\/p>\n<p>Este trabalho elegeu como cen\u00e1rio a ILPI e, como um de seus atores, o cuidador de idoso. Busca-se, ent\u00e3o,\u00a0<strong>explorar a rela\u00e7\u00e3o que se estabelece entre o idoso e seu cuidador, os aspectos subjetivos desta rela\u00e7\u00e3o, haja vista ser precisamente este profissional que garante, atrav\u00e9s dos cuidados b\u00e1sicos, a manuten\u00e7\u00e3o de uma vida digna e com qualidade para os idosos que residem em uma ILPI, produzindo uma delicada e essencial rela\u00e7\u00e3o de cuidado.<\/strong><\/p>\n","protected":false},"featured_media":9241,"comment_status":"open","ping_status":"closed","template":"","meta":{"_bbp_topic_count":0,"_bbp_reply_count":0,"_bbp_total_topic_count":0,"_bbp_total_reply_count":0,"_bbp_voice_count":0,"_bbp_anonymous_reply_count":0,"_bbp_topic_count_hidden":0,"_bbp_reply_count_hidden":0,"_bbp_forum_subforum_count":0,"pmpro_default_level":""},"product_brand":[],"product_cat":[67,66,69],"product_tag":[70,68],"class_list":{"0":"post-9238","1":"product","2":"type-product","3":"status-publish","4":"has-post-thumbnail","6":"product_cat-ebooks","7":"product_cat-livros","8":"product_cat-todos-livros","9":"product_tag-ebook","10":"product_tag-livros","11":"pmpro-has-access","13":"first","14":"instock","15":"shipping-taxable","16":"purchasable","17":"product-type-variable"},"_links":{"self":[{"href":"https:\/\/edicoes.portaldoenvelhecimento.com.br\/novo\/wp-json\/wp\/v2\/product\/9238","targetHints":{"allow":["GET"]}}],"collection":[{"href":"https:\/\/edicoes.portaldoenvelhecimento.com.br\/novo\/wp-json\/wp\/v2\/product"}],"about":[{"href":"https:\/\/edicoes.portaldoenvelhecimento.com.br\/novo\/wp-json\/wp\/v2\/types\/product"}],"replies":[{"embeddable":true,"href":"https:\/\/edicoes.portaldoenvelhecimento.com.br\/novo\/wp-json\/wp\/v2\/comments?post=9238"}],"version-history":[{"count":4,"href":"https:\/\/edicoes.portaldoenvelhecimento.com.br\/novo\/wp-json\/wp\/v2\/product\/9238\/revisions"}],"predecessor-version":[{"id":29744,"href":"https:\/\/edicoes.portaldoenvelhecimento.com.br\/novo\/wp-json\/wp\/v2\/product\/9238\/revisions\/29744"}],"wp:featuredmedia":[{"embeddable":true,"href":"https:\/\/edicoes.portaldoenvelhecimento.com.br\/novo\/wp-json\/wp\/v2\/media\/9241"}],"wp:attachment":[{"href":"https:\/\/edicoes.portaldoenvelhecimento.com.br\/novo\/wp-json\/wp\/v2\/media?parent=9238"}],"wp:term":[{"taxonomy":"product_brand","embeddable":true,"href":"https:\/\/edicoes.portaldoenvelhecimento.com.br\/novo\/wp-json\/wp\/v2\/product_brand?post=9238"},{"taxonomy":"product_cat","embeddable":true,"href":"https:\/\/edicoes.portaldoenvelhecimento.com.br\/novo\/wp-json\/wp\/v2\/product_cat?post=9238"},{"taxonomy":"product_tag","embeddable":true,"href":"https:\/\/edicoes.portaldoenvelhecimento.com.br\/novo\/wp-json\/wp\/v2\/product_tag?post=9238"}],"curies":[{"name":"wp","href":"https:\/\/api.w.org\/{rel}","templated":true}]}}