{"id":9203,"date":"2024-07-24T21:34:03","date_gmt":"2024-07-25T00:34:03","guid":{"rendered":"https:\/\/edicoes.portaldoenvelhecimento.com.br\/novo\/?post_type=product&#038;p=9203"},"modified":"2025-12-02T02:17:09","modified_gmt":"2025-12-02T05:17:09","slug":"alzheimer-identificar-cuidar-estimular-246p","status":"publish","type":"product","link":"https:\/\/edicoes.portaldoenvelhecimento.com.br\/novo\/produto\/alzheimer-identificar-cuidar-estimular-246p\/","title":{"rendered":"Alzheimer: identificar, cuidar, estimular"},"content":{"rendered":"<div class=\"page\" title=\"Page 1\">\n<div class=\"layoutArea\">\n<div class=\"column\">\n<div class=\"layoutArea\">\n<div class=\"column\">\n<div class=\"page\" title=\"Page 1\">\n<div class=\"layoutArea\">\n<div class=\"column\">\n<div class=\"page\" title=\"Page 1\">\n<div class=\"layoutArea\">\n<div class=\"column\">\n<div class=\"page\" title=\"Page 1\">\n<div class=\"layoutArea\">\n<div class=\"column\">\n<div class=\"page\" title=\"Page 1\">\n<div class=\"layoutArea\">\n<div class=\"column\">\n<p><strong>SUM\u00c1RIO<\/strong><\/p>\n<p>INTRODU\u00c7\u00c3O<\/p>\n<ol>\n<li>O PROCESSO DE ENVELHECIMENTO\n<ol>\n<li>Envelhecimento: idoso, velhice ou terceira idade?<\/li>\n<li>Envelhecimento e o sujeito<\/li>\n<li>Envelhecimento e o decl\u00ednio cognitivo<\/li>\n<li>Envelhecimento ativo e bem sucedido<\/li>\n<li>Infantiliza\u00e7\u00e3o da pessoa idosa<\/li>\n<\/ol>\n<\/li>\n<li>O ENVELHECER FRENTE \u00c0 PATOLOGIA\n<ol>\n<li>Dem\u00eancia<\/li>\n<li>Dem\u00eancias: com quem fica a obriga\u00e7\u00e3o de cuidar?<\/li>\n<li>As principais d\u00favidas sobre as dem\u00eancias<\/li>\n<li>Parkinson: al\u00e9m do tremor, o temor<\/li>\n<\/ol>\n<\/li>\n<li>DOEN\u00c7A DE ALZHEIMER\n<ol>\n<li>Doen\u00e7a de Alzheimer e qualidade de vida: uma realidade poss\u00edvel<\/li>\n<li>A dignidade da pessoa com Doen\u00e7a de Alzheimer<\/li>\n<li>Contar ou n\u00e3o ao paciente que ele tem Alzheimer<\/li>\n<li>Alzheimer: ao tocar o outro, me toquei<\/li>\n<\/ol>\n<\/li>\n<li>MEM\u00d3RIA E DOEN\u00c7A DE ALZHEIMER\n<ol>\n<li>Como ser\u00e1 quando eu for esquecido?<\/li>\n<li>Esquecimentos e Alzheimer: quando \u00e9 hora de procurar um m\u00e9dico<\/li>\n<li>Com quem deixarei minhas mem\u00f3rias?<\/li>\n<\/ol>\n<\/li>\n<li>ESTIMULA\u00c7\u00c3O COGNITIVA\n<ol>\n<li>MEEM \u2013 Mini exame do Estado Mental \u2013 como teste de rastreio<\/li>\n<\/ol>\n<\/li>\n<li>ATIVIDADES PR\u00c1TICAS E SOCIAIS NA ROTINA DA PESSOA COM DOEN\u00c7A DE ALZHEIMER E SIMILARES\n<ol>\n<li>\u00c1lbum de mem\u00f3ria biogr\u00e1fica<\/li>\n<li>Calend\u00e1rio<\/li>\n<li>Agenda de recado, bloco de anota\u00e7\u00f5es ou di\u00e1rio<\/li>\n<li>Reconhecimento de parentes, amigos ou pessoas famosas<\/li>\n<li>Reconhecimento de sons<\/li>\n<li>Conv\u00edvio familiar e social<\/li>\n<li>Datas comemorativas<\/li>\n<li>Estruturar o ambiente<\/li>\n<li>Jardinagem<\/li>\n<li>Culin\u00e1ria<\/li>\n<li>M\u00fasica e dan\u00e7a<\/li>\n<li>Leitura<\/li>\n<li>Televis\u00e3o<\/li>\n<li>Organiza\u00e7\u00e3o da rotina di\u00e1ria<\/li>\n<li>Ba\u00fa da mem\u00f3ria familiar<\/li>\n<li>Livro sensorial<\/li>\n<li>Pr\u00e1tica religiosa<\/li>\n<li>Jogos e atividades did\u00e1ticas<\/li>\n<li>Os cinco sentidos<\/li>\n<li>Arte<\/li>\n<li>Trabalhos manuais<\/li>\n<li>Atividades para pessoas com defici\u00eancia visual, auditiva, coordena\u00e7\u00e3o motora e de linguagem<\/li>\n<li>Atividades para pessoas analfabetas<\/li>\n<li>Atividades para pessoas com defici\u00eancia intelectual<\/li>\n<li>Atividades para imigrantes<\/li>\n<li>Atividades para estimular rotina de vida di\u00e1ria<\/li>\n<li>Computador, celular e tablet<\/li>\n<li>Outras atividades<\/li>\n<\/ol>\n<\/li>\n<li>ATUA\u00c7\u00c3O DO PSIC\u00d3LOGO NA CL\u00cdNICA DO ENVELHECIMENTO\n<ol>\n<li>O \u201cpresentear\u201d na pr\u00e1tica cl\u00ednica com idosos<\/li>\n<li>Caixa l\u00fadica para idosos como interven\u00e7\u00e3o psicol\u00f3gica<\/li>\n<li>A psicologia na Doen\u00e7a de Alzheimer: como intervir?<\/li>\n<li>Terapia da boneca<\/li>\n<li>Animais dom\u00e9sticos como auxiliar na terapia<\/li>\n<li>Estrat\u00e9gias para lidar com transtornos comportamentais<\/li>\n<li>Possibilidades da Psicologia no cuidado paliativo<\/li>\n<\/ol>\n<\/li>\n<li>A RELEV\u00c2NCIA DA ESPIRITUALIDADE NO CUIDADO<\/li>\n<li>CUIDADOR \u2013 CUIDA DA DOR\n<ol>\n<li>Empatia: um adjetivo que n\u00e3o consta no curr\u00edculo do cuidador<\/li>\n<\/ol>\n<\/li>\n<li>ASSIST\u00caNCIA \u2013 MEDICA\u00c7\u00c3O GRATUITA \u2013 GRUPOS DE APOIO<\/li>\n<\/ol>\n<p>CONSIDERA\u00c7\u00d5ES FINAIS<\/p>\n<p>NOTAS<\/p>\n<p>REFER\u00caNCIAS BIBLIOGR\u00c1FICAS<\/p>\n<p>SUGEST\u00d5ES PARA ATIVIDADES DE ESTIMULA\u00c7\u00c3O COGNITIVA<\/p>\n<p>&nbsp;<\/p>\n<p>Caracter\u00edsticas do Produto:<br \/>\nPESO: 0,360 Kg<br \/>\nI.S.B.N.: 978-85-69350-10-1<br \/>\nALTURA: 21,00 cm<br \/>\nLARGURA: 14,00 cm<br \/>\nPROFUNDIDADE: 1,00 cm<br \/>\nN\u00daMERO DE P\u00c1GINAS: 262<br \/>\nIDIOMA: Portugu\u00eas<br \/>\nACABAMENTO: Brochura<br \/>\nC\u00d3D. BARRAS: 9788569350101<br \/>\nANO DA EDI\u00c7\u00c3O: 2017<br \/>\nAUTORA: SIMONE DE C\u00c1SSIA FREITAS MANZARO<\/p>\n<\/div>\n<\/div>\n<\/div>\n<\/div>\n<\/div>\n<\/div>\n<\/div>\n<\/div>\n<\/div>\n<\/div>\n<\/div>\n<\/div>\n<\/div>\n<\/div>\n<\/div>\n<\/div>\n<\/div>\n","protected":false},"excerpt":{"rendered":"<p>Em uma linguagem clara e acess\u00edvel, a autora sugere cuidados psicol\u00f3gicos, cognitivos e emocionais voltados para idosos de uma maneira geral e, especificamente, para familiares e cuidadores que lidam com pessoas que desenvolveram a Doen\u00e7a de Alzheimer.<\/p>\n<p>Este livro \u00e9 uma ferramenta valiosa para cuidadores e familiares, estudantes e profissionais que atuam no contexto do envelhecimento, e indispens\u00e1vel a todos que desejam conhecer a fundo a Doen\u00e7a de Alzheimer e dem\u00eancias similares.\u00a0<strong>Dividido em duas partes, a primeira mais te\u00f3rica sobre a doen\u00e7a e outras dem\u00eancias e a segunda com atividades pr\u00e1ticas na rotina da pessoa com Doen\u00e7a de Alzheimer e similares.<\/strong><\/p>\n<p>O processo de envelhecimento \u00e9 universal e irrevers\u00edvel, pode ocorrer de forma saud\u00e1vel ou patol\u00f3gica, dependendo, em grande parte, dos h\u00e1bitos adotados por cada sujeito ao longo da vida.<\/p>\n<p>Diante de uma popula\u00e7\u00e3o que envelhece rapidamente e de uma estimativa de vida que aumenta d\u00e9cada ap\u00f3s d\u00e9cada, cresce tamb\u00e9m o n\u00famero de patologias relacionadas \u00e0 velhice em que as altera\u00e7\u00f5es das fun\u00e7\u00f5es do corpo e do processo cognitivo, presentes em doen\u00e7as neurodegenerativas e progressivas como a Doen\u00e7a de Alzheimer, trazem uma demanda espec\u00edfica de aten\u00e7\u00e3o \u00e0 sa\u00fade.<\/p>\n<p>A autora revela que a dor, qualquer dor, quando n\u00e3o controlada, torna-se cr\u00f4nica e assume a forma de um ente que invade, toma conta do corpo e da alma de forma lenta e insidiosa, transformando o dia a dia de quem a carrega no desafio de S\u00edsifo, aquele que leva sua dor pra cima e pra baixo sem esperan\u00e7a de cura.<\/p>\n","protected":false},"featured_media":9206,"comment_status":"open","ping_status":"closed","template":"","meta":{"_bbp_topic_count":0,"_bbp_reply_count":0,"_bbp_total_topic_count":0,"_bbp_total_reply_count":0,"_bbp_voice_count":0,"_bbp_anonymous_reply_count":0,"_bbp_topic_count_hidden":0,"_bbp_reply_count_hidden":0,"_bbp_forum_subforum_count":0,"pmpro_default_level":""},"product_brand":[],"product_cat":[67,66,90,69],"product_tag":[70,68],"class_list":{"0":"post-9203","1":"product","2":"type-product","3":"status-publish","4":"has-post-thumbnail","6":"product_cat-ebooks","7":"product_cat-livros","8":"product_cat-livros-sobre-alzheimer","9":"product_cat-todos-livros","10":"product_tag-ebook","11":"product_tag-livros","12":"pmpro-has-access","14":"first","15":"instock","16":"shipping-taxable","17":"purchasable","18":"product-type-variable"},"_links":{"self":[{"href":"https:\/\/edicoes.portaldoenvelhecimento.com.br\/novo\/wp-json\/wp\/v2\/product\/9203","targetHints":{"allow":["GET"]}}],"collection":[{"href":"https:\/\/edicoes.portaldoenvelhecimento.com.br\/novo\/wp-json\/wp\/v2\/product"}],"about":[{"href":"https:\/\/edicoes.portaldoenvelhecimento.com.br\/novo\/wp-json\/wp\/v2\/types\/product"}],"replies":[{"embeddable":true,"href":"https:\/\/edicoes.portaldoenvelhecimento.com.br\/novo\/wp-json\/wp\/v2\/comments?post=9203"}],"version-history":[{"count":2,"href":"https:\/\/edicoes.portaldoenvelhecimento.com.br\/novo\/wp-json\/wp\/v2\/product\/9203\/revisions"}],"predecessor-version":[{"id":9209,"href":"https:\/\/edicoes.portaldoenvelhecimento.com.br\/novo\/wp-json\/wp\/v2\/product\/9203\/revisions\/9209"}],"wp:featuredmedia":[{"embeddable":true,"href":"https:\/\/edicoes.portaldoenvelhecimento.com.br\/novo\/wp-json\/wp\/v2\/media\/9206"}],"wp:attachment":[{"href":"https:\/\/edicoes.portaldoenvelhecimento.com.br\/novo\/wp-json\/wp\/v2\/media?parent=9203"}],"wp:term":[{"taxonomy":"product_brand","embeddable":true,"href":"https:\/\/edicoes.portaldoenvelhecimento.com.br\/novo\/wp-json\/wp\/v2\/product_brand?post=9203"},{"taxonomy":"product_cat","embeddable":true,"href":"https:\/\/edicoes.portaldoenvelhecimento.com.br\/novo\/wp-json\/wp\/v2\/product_cat?post=9203"},{"taxonomy":"product_tag","embeddable":true,"href":"https:\/\/edicoes.portaldoenvelhecimento.com.br\/novo\/wp-json\/wp\/v2\/product_tag?post=9203"}],"curies":[{"name":"wp","href":"https:\/\/api.w.org\/{rel}","templated":true}]}}