{"id":9138,"date":"2018-11-23T18:55:03","date_gmt":"2018-11-23T20:55:03","guid":{"rendered":"https:\/\/edicoes.portaldoenvelhecimento.com.br\/novo\/?post_type=product&#038;p=9138"},"modified":"2025-12-02T02:17:08","modified_gmt":"2025-12-02T05:17:08","slug":"labirintos-da-memoria-quem-sou","status":"publish","type":"product","link":"https:\/\/edicoes.portaldoenvelhecimento.com.br\/novo\/produto\/labirintos-da-memoria-quem-sou\/","title":{"rendered":"Labirintos da Mem\u00f3ria: quem sou?"},"content":{"rendered":"<div class=\"page\" title=\"Page 1\">\n<div class=\"layoutArea\">\n<div class=\"column\">\n<p><strong>SUM\u00c1RIO<\/strong><\/p>\n<p>Introdu\u00e7\u00e3o\u2026\u2026\u2026\u2026\u2026\u2026\u2026\u2026\u2026\u2026\u2026\u2026\u2026\u2026\u2026\u2026\u2026\u2026\u2026\u2026\u2026\u2026\u2026\u2026\u202613<\/p>\n<\/div>\n<\/div>\n<p>Mem\u00f3ria (s) \u2013 um tema em discuss\u00e3o\u2026\u2026\u2026\u2026\u2026\u2026\u202629<\/p>\n<div class=\"layoutArea\">\n<div class=\"column\">\n<p>Mem\u00f3rias e Identidades\u2026\u2026\u2026\u2026\u2026\u2026\u2026\u2026\u2026\u2026\u2026\u2026\u202647<\/p>\n<p>Mem\u00f3rias \u2013 linguagem, realidade e fic\u00e7\u00e3o\u2026\u2026\u2026\u2026\u2026.65<\/p>\n<p>Os Trabalhos da Mem\u00f3ria.<\/p>\n<p>Relatos Autobiogr\u00e1ficos\u2026\u2026\u2026\u2026\u2026\u2026\u2026\u2026\u2026\u2026\u2026\u2026\u2026.87<\/p>\n<p>Mem\u00f3ria e Escrita Autobiogr\u00e1fica,<\/p>\n<p>Projetos de Vida e Forma\u00e7\u00e3o\u2026\u2026\u2026\u2026\u2026\u2026\u2026\u2026\u2026\u2026\u2026109<\/p>\n<\/div>\n<\/div>\n<p>Considera\u00e7\u00f5es Finais<\/p>\n<p>Mem\u00f3rias e Escritas Autobiogr\u00e1ficas\u00a0um percurso de reconhecimento\u2026\u2026\u2026\u2026\u2026\u2026\u2026133<\/p>\n<div class=\"layoutArea\">\n<div class=\"column\"><\/div>\n<\/div>\n<\/div>\n<p>Caracter\u00edsticas do Produto:<br \/>\nPESO: 0,360 Kg<br \/>\nI.S.B.N.: 978-85-69350-05-7<br \/>\nALTURA: 21,00 cm<br \/>\nLARGURA: 14,00 cm<br \/>\nPROFUNDIDADE: 1,00 cm<br \/>\nN\u00daMERO DE P\u00c1GINAS: 152<br \/>\nIDIOMA: Portugu\u00eas<br \/>\nACABAMENTO: Brochura<br \/>\nC\u00d3D. BARRAS: 9788569350057<br \/>\nTERCEIRA EDI\u00c7\u00c3O: 2018<br \/>\nAUTORA: Vera Maria Antonieta Tordino Brand\u00e3o<\/p>\n","protected":false},"excerpt":{"rendered":"<p>A origem da palavra Mem\u00f3ria remete \u00e0 mitologia greco-romana e \u00e0 deusa Mnem\u00f3sine, personifica\u00e7\u00e3o da mem\u00f3ria ou lembran\u00e7a, filha do C\u00e9u e da Terra, irm\u00e3 de Cronos \u2013 o deus que preside o tempo \u2013 e m\u00e3e das Musas que com ela regem as artes e todas as formas de express\u00e3o, especialmente a poesia.<\/p>\n<p>Vemos, nessa perspectiva, uma articula\u00e7\u00e3o importante que permeia e amplia o tema, entre mem\u00f3ria, tempo e narrativa, como arte de express\u00e3o. Assim, verificamos que desde os tempos mitol\u00f3gicos, passando por fil\u00f3sofos como Plat\u00e3o, Arist\u00f3teles, Santo Agostinho entre \u00a0outros. At\u00e9 hoje o tema Mem\u00f3ria, e os termos que dele se desdobram, tem sido objeto de reflex\u00e3o tamb\u00e9m da filosofia, das religi\u00f5es e da lingu\u00edstica, como arte narrativa. Se pensarmos no amplo tema \u2013 Tempo \u2013, intrinsecamente ligado \u00e0 Mem\u00f3ria, podemos tamb\u00e9m incluir a f\u00edsica, a hist\u00f3ria, a antropologia, entre outras ci\u00eancias.<\/p>\n<p>Se a mitologia explica de forma po\u00e9tica a origem e o significado da mem\u00f3ria, se ao longo do tempo a filosofia e outras ci\u00eancias indagam sobre sua condi\u00e7\u00e3o e sentido para o Homem, podemos verificar que abordar o tema requer uma ampla abertura do pensamento em uma perspectiva interdisciplinar. \u00c9 o que este livro faz.<\/p>\n","protected":false},"featured_media":9148,"comment_status":"open","ping_status":"closed","template":"","meta":{"_bbp_topic_count":0,"_bbp_reply_count":0,"_bbp_total_topic_count":0,"_bbp_total_reply_count":0,"_bbp_voice_count":0,"_bbp_anonymous_reply_count":0,"_bbp_topic_count_hidden":0,"_bbp_reply_count_hidden":0,"_bbp_forum_subforum_count":0,"pmpro_default_level":""},"product_brand":[],"product_cat":[67,66,69],"product_tag":[70,68],"class_list":{"0":"post-9138","1":"product","2":"type-product","3":"status-publish","4":"has-post-thumbnail","6":"product_cat-ebooks","7":"product_cat-livros","8":"product_cat-todos-livros","9":"product_tag-ebook","10":"product_tag-livros","11":"pmpro-has-access","13":"first","14":"instock","15":"shipping-taxable","16":"purchasable","17":"product-type-variable"},"_links":{"self":[{"href":"https:\/\/edicoes.portaldoenvelhecimento.com.br\/novo\/wp-json\/wp\/v2\/product\/9138","targetHints":{"allow":["GET"]}}],"collection":[{"href":"https:\/\/edicoes.portaldoenvelhecimento.com.br\/novo\/wp-json\/wp\/v2\/product"}],"about":[{"href":"https:\/\/edicoes.portaldoenvelhecimento.com.br\/novo\/wp-json\/wp\/v2\/types\/product"}],"replies":[{"embeddable":true,"href":"https:\/\/edicoes.portaldoenvelhecimento.com.br\/novo\/wp-json\/wp\/v2\/comments?post=9138"}],"version-history":[{"count":1,"href":"https:\/\/edicoes.portaldoenvelhecimento.com.br\/novo\/wp-json\/wp\/v2\/product\/9138\/revisions"}],"predecessor-version":[{"id":10659,"href":"https:\/\/edicoes.portaldoenvelhecimento.com.br\/novo\/wp-json\/wp\/v2\/product\/9138\/revisions\/10659"}],"wp:featuredmedia":[{"embeddable":true,"href":"https:\/\/edicoes.portaldoenvelhecimento.com.br\/novo\/wp-json\/wp\/v2\/media\/9148"}],"wp:attachment":[{"href":"https:\/\/edicoes.portaldoenvelhecimento.com.br\/novo\/wp-json\/wp\/v2\/media?parent=9138"}],"wp:term":[{"taxonomy":"product_brand","embeddable":true,"href":"https:\/\/edicoes.portaldoenvelhecimento.com.br\/novo\/wp-json\/wp\/v2\/product_brand?post=9138"},{"taxonomy":"product_cat","embeddable":true,"href":"https:\/\/edicoes.portaldoenvelhecimento.com.br\/novo\/wp-json\/wp\/v2\/product_cat?post=9138"},{"taxonomy":"product_tag","embeddable":true,"href":"https:\/\/edicoes.portaldoenvelhecimento.com.br\/novo\/wp-json\/wp\/v2\/product_tag?post=9138"}],"curies":[{"name":"wp","href":"https:\/\/api.w.org\/{rel}","templated":true}]}}