{"id":40871,"date":"2026-02-25T21:45:18","date_gmt":"2026-02-26T00:45:18","guid":{"rendered":"https:\/\/edicoes.portaldoenvelhecimento.com.br\/novo\/?post_type=product&#038;p=40871"},"modified":"2026-02-25T21:54:59","modified_gmt":"2026-02-26T00:54:59","slug":"a-pessoa-idosa-na-cidade-de-sao-paulo-2","status":"publish","type":"product","link":"https:\/\/edicoes.portaldoenvelhecimento.com.br\/novo\/produto\/a-pessoa-idosa-na-cidade-de-sao-paulo-2\/","title":{"rendered":"A Pessoa Idosa na Cidade de S\u00e3o Paulo"},"content":{"rendered":"<div class=\"page\" title=\"Page 1\">\n<div class=\"page\" title=\"Page 1\"><\/div>\n<\/div>\n<div class=\"page\" title=\"Page 3\">\n<div class=\"layoutArea\">\n<div class=\"column\">\n<div class=\"page\" title=\"Page 1\">\n<div class=\"page\" title=\"Page 1\">\n<div class=\"page\" title=\"Page 2\">\n<div class=\"layoutArea\">\n<div class=\"column\">\n<div class=\"page\" title=\"Page 1\">\n<div class=\"layoutArea\">\n<div class=\"page\" title=\"Page 1\">\n<div class=\"layoutArea\">\n<div class=\"column\">\n<div class=\"page\" title=\"Page 1\">\n<div class=\"section\">\n<div class=\"section\">\n<div class=\"layoutArea\">\n<div class=\"column\">\n<div class=\"section\">\n<div class=\"layoutArea\">\n<div class=\"column\">\n<p><strong>SUM\u00c1RIO<\/strong><\/p>\n<p><strong>\u00a0<\/strong><\/p>\n<p><strong>\u00a0<\/strong><\/p>\n<table width=\"652\">\n<tbody>\n<tr>\n<td width=\"595\"><strong>APRESENTA\u00c7\u00c3O<\/strong><\/p>\n<p>Ruth Gelehter da Costa Lopes e Beltrina C\u00f4rte<\/td>\n<td width=\"57\">11<\/td>\n<\/tr>\n<tr>\n<td width=\"595\"><strong>PREF\u00c1CIO\u00a0<\/strong><\/p>\n<p>Tomas Freund<\/td>\n<td width=\"57\">23<\/td>\n<\/tr>\n<tr>\n<td width=\"595\">&nbsp;<\/p>\n<p>PARTE I &#8211; A PESSOA IDOSA NA CIDADE DE S\u00c3O PAULO<\/p>\n<p><strong><u>\u00a0<\/u><\/strong><\/td>\n<td width=\"57\">31<\/td>\n<\/tr>\n<tr>\n<td width=\"595\"><strong>1. Velhice: perspectiva cr\u00edtica <\/strong><\/p>\n<p><em>Suzana Carielo da Fonseca<\/em><\/p>\n<p><em>\u00a0<\/em><\/td>\n<td width=\"57\">33<\/td>\n<\/tr>\n<tr>\n<td width=\"595\"><strong>2. A<\/strong><strong> desigualdade socioterritorial da popula\u00e7\u00e3o idosa na cidade de S\u00e3o Paulo<\/strong><\/p>\n<p><em>M\u00f4nica de Carvalho<\/em><\/p>\n<p><em>Mariana Jansen Ferreira<\/em><\/p>\n<p><em>Gustavo Coelho de Souza\u00a0 <\/em><\/p>\n<p><em>Verg\u00edlio Alfredo dos Santos<\/em><\/p>\n<p><em>Maria Cl\u00e1udia Paiva<\/em><\/p>\n<p><em>Andr\u00e9 Queiroz<\/em><\/p>\n<p><em>\u00a0<\/em><\/td>\n<td width=\"57\">59<\/td>\n<\/tr>\n<tr>\n<td width=\"595\"><strong>3. A renda pr\u00f3pria ap\u00f3s os 60 anos da idade: a aposentadoria e a perman\u00eancia no mercado de trabalho para o idoso<\/strong><\/p>\n<p><em>Mariana Jansen Ferreira<\/em><\/p>\n<p><em>M\u00f4nica de Carvalho<\/em><\/p>\n<p><em>Gustavo Coelho de Souza\u00a0 <\/em><\/p>\n<p><em>Verg\u00edlio Alfredo dos Santos<\/em><\/p>\n<p><em>Maria Cl\u00e1udia Paiva<\/em><\/p>\n<p><em>Andr\u00e9 Queiroz<\/em><\/p>\n<p><strong>\u00a0<\/strong><\/td>\n<td width=\"57\">99<\/td>\n<\/tr>\n<tr>\n<td width=\"595\"><strong>4. Imigra\u00e7\u00e3o e velhice em S\u00e3o Paulo: revis\u00e3o bibliogr\u00e1fica e documental<\/strong><\/p>\n<p><em>Maria Cl\u00e1udia S. de Paiva<\/em><\/p>\n<p><em>Dhara C\u00f4rte de Lucena<\/em><\/p>\n<p><em>Patricia Sousa Bezerra<\/em><\/p>\n<p><strong>\u00a0<\/strong><\/td>\n<td width=\"57\">135<\/td>\n<\/tr>\n<tr>\n<td width=\"595\"><strong>5. \u00d3bitos evit\u00e1veis entre idosos na cidade de S\u00e3o Paulo em 2020<\/strong><\/p>\n<p><em>Renato Souza Cintra <\/em><\/p>\n<p><em>Flavio Morgado <\/em><\/p>\n<p><strong>\u00a0<\/strong><\/td>\n<td width=\"57\">181<\/td>\n<\/tr>\n<tr>\n<td width=\"595\">&nbsp;<\/p>\n<p>PARTE II \u2013 DESIGUALDADES E BARREIRAS DE ACESSO<\/p>\n<p><strong>\u00a0<\/strong><\/td>\n<td width=\"57\">205<\/td>\n<\/tr>\n<tr>\n<td width=\"595\"><strong>6. <\/strong><strong>Jornada do usu\u00e1rio: barreiras de acesso aos servi\u00e7os p\u00fablicos <\/strong><\/p>\n<p><em>Beltrina C\u00f4rte<\/em><\/p>\n<p><em>Fl\u00e1vio Morgado<\/em><\/p>\n<p><em>Suzana Carielo da Fonseca<\/em><\/p>\n<p><em>Verg\u00edlio dos Santos<\/em><\/p>\n<p><em>Andr\u00e9 Queiroz<\/em><\/p>\n<p><em>Ana Gabriela Sturzenegger Michelin<\/em><\/p>\n<p><strong>\u00a0<\/strong><\/td>\n<td width=\"57\">207<\/td>\n<\/tr>\n<tr>\n<td width=\"595\"><strong>7. S\u00e3o Paulo: Agendas p\u00fablicas regionais sobre o envelhecimento <\/strong><\/p>\n<p><em>Adriana Carajoinas Pinto<\/em><\/p>\n<p><em>Alexander Augusto Rodrigues<\/em><\/p>\n<p><em>Andr\u00e9 Queiroz<\/em><\/p>\n<p><em>Beatriz Souza Bittar<\/em><\/p>\n<p><em>Vania Nery<\/em><\/p>\n<p><em>Verg\u00edlio Alfredo dos Santos<\/em><\/p>\n<p><strong>\u00a0<\/strong><\/td>\n<td width=\"57\">265<\/td>\n<\/tr>\n<tr>\n<td width=\"595\"><strong>8. Barreiras de acesso \u00e0s tecnologias e impactos dos recursos digitais nas intera\u00e7\u00f5es sociais do idoso<\/strong><\/p>\n<p><em>Alex Ferreira<\/em><\/p>\n<p><em>Cinthya Veronica Gurmandi<\/em><\/p>\n<p><em>Roberto Sanches Padula<\/em><\/p>\n<p><em>Val\u00e9ria Kabzas Cecchini<\/em><\/p>\n<p><strong>\u00a0<\/strong><\/td>\n<td width=\"57\">327<\/td>\n<\/tr>\n<tr>\n<td width=\"595\">&nbsp;<\/p>\n<p>PARTE III \u2013 O CONTROLE SOCIAL E A FORMA\u00c7\u00c3O PARA A PROTE\u00c7\u00c3O E DEFESA DE DIREITOS DA PESSOA IDOSA<\/p>\n<p><strong>\u00a0<\/strong><\/td>\n<td width=\"57\">367<\/td>\n<\/tr>\n<tr>\n<td width=\"595\"><strong>9. Conselhos de Idosos: garantia de direitos para uma velhice digna<\/strong><\/p>\n<p><em>Marisa Accioly Rodrigues da Costa Domingues<\/em><\/p>\n<p><em>Germanne Patricia Nogueira Bezerra Rodrigues Matos<\/em><\/p>\n<p><strong>\u00a0<\/strong><\/td>\n<td width=\"57\">369<\/td>\n<\/tr>\n<tr>\n<td width=\"595\"><strong>10<\/strong><em>. <\/em><strong>A import\u00e2ncia do conv\u00edvio na supera\u00e7\u00e3o das vulnerabilidades relacionais<\/strong><\/p>\n<p><em>Mariangela Sant\u2019Anna da Silva<\/em><\/p>\n<p><em>Rita de C\u00e1ssia Monteiro de Lima Siqueira <\/em><\/p>\n<p><em>Ruth Gelehrter da Costa Lopes<\/em><\/p>\n<p><em>\u00a0<\/em><\/td>\n<td width=\"57\">403<\/td>\n<\/tr>\n<tr>\n<td width=\"595\"><strong>11. Educa\u00e7\u00e3o Continuada para\/no exerc\u00edcio da cidadania<\/strong><\/p>\n<p><em>Beltrina C\u00f4rte<\/em><\/p>\n<p><em>Marcia Almeida Batista<\/em><\/p>\n<p><em>Ruth Gelehrter da Costa Lopes<\/em><\/p>\n<p><em>Vera Brand\u00e3o<\/em><\/p>\n<p><strong>\u00a0<\/strong><\/td>\n<td width=\"57\">435<\/td>\n<\/tr>\n<tr>\n<td width=\"595\"><strong>12. A palavra que educa, desloca sentidos, possibilita pensar e agir&#8230;<\/strong><\/p>\n<p><em>Flam\u00ednia Manzano Moreira Lodovici<\/em><\/p>\n<p><strong>\u00a0<\/strong><\/td>\n<td width=\"57\">487<\/td>\n<\/tr>\n<\/tbody>\n<\/table>\n<p><strong>\u00a0<\/strong><\/p>\n<p><strong>\u00a0<\/strong><strong>Caracter\u00edsticas do Produto:<\/strong><br \/>\nPESO: 0,900 Kg<br \/>\nI.S.B.N.: 978-85-69350-34-7<br \/>\nALTURA: 23,00 cm<br \/>\nLARGURA: 16,00 cm<br \/>\nPROFUNDIDADE: 3 cm<br \/>\nN\u00daMERO DE P\u00c1GINAS: 568<br \/>\nIDIOMA: Portugu\u00eas<br \/>\nACABAMENTO: Brochura<br \/>\nC\u00d3D. BARRAS:\u00a09788569350347<br \/>\nANO DA EDI\u00c7\u00c3O: 2022<br \/>\nOrganizadora: Ruth \u00c7. C. Lopes e Beltrina C\u00f4rte<\/p>\n<\/div>\n<\/div>\n<\/div>\n<\/div>\n<\/div>\n<\/div>\n<\/div>\n<\/div>\n<\/div>\n<\/div>\n<\/div>\n<\/div>\n<\/div>\n<\/div>\n<\/div>\n<\/div>\n<\/div>\n<\/div>\n<\/div>\n<\/div>\n<\/div>\n","protected":false},"excerpt":{"rendered":"<p>Esta obra, intitulada <strong>A pessoa idosa na cidade de S\u00e3o Paulo: subs\u00eddios para a defesa de direitos e controle social,<\/strong>desnuda os territ\u00f3rios do envelhecimento na cidade de S\u00e3o Paulo por diversas lentes, e d\u00e1 continuidade \u00e0 reflex\u00e3o tratada na colet\u00e2nea <a href=\"https:\/\/edicoes.portaldoenvelhecimento.com.br\/produto\/longeviver-politicas-e-mercado\/\">\u201cLongeviver, Pol\u00edticas e Mercado: Subs\u00eddios para profissionais, educadores e pesquisadores\u201d<\/a>. Insiste, assim, no compromisso da PUC-SP de desvendar a sociedade que envelhece no Brasil, <strong>visando tamb\u00e9m auxiliar conselheiros, organiza\u00e7\u00f5es de representa\u00e7\u00e3o e defesa dos direitos da pessoa idosa,<\/strong> al\u00e9m de profissionais, pesquisadores, docentes, discentes e educadores, de diferentes setores e \u00e1reas<strong>, a conhecerem a realidade da pessoa idosa na cidade de S\u00e3o Paulo.<\/strong><\/p>\n<p>Contexto em que uma s\u00e9rie de quest\u00f5es sociais, econ\u00f4micas, culturais e pol\u00edticas ainda n\u00e3o foi equacionada, constatando-se a <strong>crescente necessidade de pesquisa, divulga\u00e7\u00e3o, discuss\u00e3o e forma\u00e7\u00e3o<\/strong> que, por meio das diferentes linguagens e m\u00eddias, tornem acess\u00edvel o conhecimento para o fortalecimento da fun\u00e7\u00e3o do controle social. Afinal, a participa\u00e7\u00e3o das pessoas idosas exige o seu fortalecimento na garantia de uma velhice digna.<\/p>\n","protected":false},"featured_media":40872,"comment_status":"open","ping_status":"closed","template":"","meta":{"_bbp_topic_count":0,"_bbp_reply_count":0,"_bbp_total_topic_count":0,"_bbp_total_reply_count":0,"_bbp_voice_count":0,"_bbp_anonymous_reply_count":0,"_bbp_topic_count_hidden":0,"_bbp_reply_count_hidden":0,"_bbp_forum_subforum_count":0,"pmpro_default_level":""},"product_brand":[],"product_cat":[88],"product_tag":[70,87],"class_list":{"0":"post-40871","1":"product","2":"type-product","3":"status-publish","4":"has-post-thumbnail","6":"product_cat-e-books-gratis-2","7":"product_tag-ebook","8":"product_tag-e-books-gratis","9":"pmpro-has-access","11":"first","12":"instock","13":"downloadable","14":"virtual","15":"purchasable","16":"product-type-simple"},"_links":{"self":[{"href":"https:\/\/edicoes.portaldoenvelhecimento.com.br\/novo\/wp-json\/wp\/v2\/product\/40871","targetHints":{"allow":["GET"]}}],"collection":[{"href":"https:\/\/edicoes.portaldoenvelhecimento.com.br\/novo\/wp-json\/wp\/v2\/product"}],"about":[{"href":"https:\/\/edicoes.portaldoenvelhecimento.com.br\/novo\/wp-json\/wp\/v2\/types\/product"}],"replies":[{"embeddable":true,"href":"https:\/\/edicoes.portaldoenvelhecimento.com.br\/novo\/wp-json\/wp\/v2\/comments?post=40871"}],"version-history":[{"count":1,"href":"https:\/\/edicoes.portaldoenvelhecimento.com.br\/novo\/wp-json\/wp\/v2\/product\/40871\/revisions"}],"predecessor-version":[{"id":40874,"href":"https:\/\/edicoes.portaldoenvelhecimento.com.br\/novo\/wp-json\/wp\/v2\/product\/40871\/revisions\/40874"}],"wp:featuredmedia":[{"embeddable":true,"href":"https:\/\/edicoes.portaldoenvelhecimento.com.br\/novo\/wp-json\/wp\/v2\/media\/40872"}],"wp:attachment":[{"href":"https:\/\/edicoes.portaldoenvelhecimento.com.br\/novo\/wp-json\/wp\/v2\/media?parent=40871"}],"wp:term":[{"taxonomy":"product_brand","embeddable":true,"href":"https:\/\/edicoes.portaldoenvelhecimento.com.br\/novo\/wp-json\/wp\/v2\/product_brand?post=40871"},{"taxonomy":"product_cat","embeddable":true,"href":"https:\/\/edicoes.portaldoenvelhecimento.com.br\/novo\/wp-json\/wp\/v2\/product_cat?post=40871"},{"taxonomy":"product_tag","embeddable":true,"href":"https:\/\/edicoes.portaldoenvelhecimento.com.br\/novo\/wp-json\/wp\/v2\/product_tag?post=40871"}],"curies":[{"name":"wp","href":"https:\/\/api.w.org\/{rel}","templated":true}]}}