{"id":38861,"date":"2025-11-18T19:32:16","date_gmt":"2025-11-18T22:32:16","guid":{"rendered":"https:\/\/edicoes.portaldoenvelhecimento.com.br\/novo\/?post_type=product&#038;p=38861"},"modified":"2025-11-18T19:44:49","modified_gmt":"2025-11-18T22:44:49","slug":"aguas-de-maio-a-tensao-entre-o-cuidado-e-a-desprotecao-da-populacao-60","status":"publish","type":"product","link":"https:\/\/edicoes.portaldoenvelhecimento.com.br\/novo\/produto\/aguas-de-maio-a-tensao-entre-o-cuidado-e-a-desprotecao-da-populacao-60\/","title":{"rendered":"\u00c1guas de Maio &#8211; A Tens\u00e3o Entre o Cuidado e a Desprote\u00e7\u00e3o da Popula\u00e7\u00e3o 60+"},"content":{"rendered":"<div class=\"page\" title=\"Page 1\">\n<div class=\"page\" title=\"Page 1\"><\/div>\n<\/div>\n<div class=\"page\" title=\"Page 3\">\n<div class=\"layoutArea\">\n<div class=\"column\">\n<div class=\"page\" title=\"Page 1\">\n<div class=\"page\" title=\"Page 1\"><strong>SUM\u00c1RIO<\/strong><\/div>\n<div title=\"Page 1\"><\/div>\n<div class=\"page\" title=\"Page 1\">\n<div class=\"page\" title=\"Page 1\">\n<div class=\"layoutArea\">\n<div class=\"column\">\n<p>AGRADECIMENTOS &#8230;&#8230;&#8230;&#8230;&#8230;&#8230;&#8230;&#8230;&#8230;&#8230;&#8230;&#8230;&#8230;&#8230;&#8230;&#8230;&#8230;&#8230;&#8230;&#8230;&#8230;&#8230;&#8230;&#8230;&#8230;&#8230;&#8230;&#8230;&#8230;.. 5<\/p>\n<p>PREFA\u0301CIO &#8230;&#8230;&#8230;&#8230;&#8230;&#8230;&#8230;&#8230;&#8230;&#8230;&#8230;&#8230;&#8230;&#8230;&#8230;&#8230;&#8230;&#8230;&#8230;&#8230;&#8230;&#8230;&#8230;&#8230;&#8230;&#8230;&#8230;&#8230;&#8230;&#8230;&#8230;&#8230;&#8230;&#8230;&#8230; 7<\/p>\n<p>APRESENTAC\u0327A\u0303O &#8230;&#8230;&#8230;&#8230;&#8230;&#8230;&#8230;&#8230;&#8230;&#8230;&#8230;&#8230;&#8230;&#8230;&#8230;&#8230;&#8230;&#8230;&#8230;&#8230;&#8230;&#8230;&#8230;&#8230;&#8230;&#8230;&#8230;&#8230;&#8230;&#8230;&#8230; 9<\/p>\n<p>O COMEC\u0327O por Cristiane Moro &#8230;&#8230;&#8230;&#8230;&#8230;&#8230;&#8230;&#8230;&#8230;&#8230;&#8230;&#8230;&#8230;&#8230;&#8230;&#8230;&#8230;&#8230;&#8230;&#8230;&#8230;&#8230;&#8230; 11<\/p>\n<p><strong>PARTE I \u2013 A TENSA\u0303O DAS A\u0301GUAS &#8230;&#8230;&#8230;&#8230;&#8230;&#8230;&#8230;&#8230;&#8230;&#8230;&#8230;&#8230;&#8230;&#8230;&#8230;&#8230;&#8230;&#8230;&#8230;&#8230;&#8230;.12<\/strong><\/p>\n<p>Gesta\u0303o de riscos de desastres em eventos meteorolo\u0301gicos e o trabalho humanita\u0301rio: impactos e aprendizados &#8230;&#8230;&#8230;&#8230;&#8230;&#8230;&#8230;&#8230;&#8230;&#8230;&#8230;&#8230;&#8230;&#8230;&#8230;&#8230;&#8230;&#8230;&#8230;&#8230;. 13<\/p>\n<p>Ismael Pereira | Michelle Berto\u0301glio Clos<\/p>\n<p><strong>PARTE II \u2013 CONSTRUINDO CONHECIMENTOS A PARTIR DE PRA\u0301TICAS DE CUIDADO &#8230;&#8230;&#8230;&#8230;&#8230;&#8230;&#8230;&#8230;&#8230;&#8230;&#8230;&#8230;&#8230;&#8230;&#8230;&#8230;&#8230;&#8230;&#8230;&#8230;&#8230;&#8230;&#8230;&#8230;&#8230;&#8230;&#8230;&#8230;&#8230;&#8230;&#8230;&#8230;&#8230;&#8230;&#8230;&#8230;&#8230;&#8230;&#8230;&#8230;&#8230;&#8230;&#8230;.. 26<\/strong><\/p>\n<p>Superendividamento da pessoa idosa: desafios e vulnerabilidades agravados pelas enchentes &#8230;&#8230;&#8230;&#8230;&#8230;&#8230;&#8230;&#8230;&#8230;&#8230;&#8230;&#8230;&#8230;&#8230;&#8230;&#8230;&#8230;&#8230;&#8230;&#8230;&#8230;&#8230;&#8230;&#8230;&#8230;&#8230;&#8230;&#8230;&#8230;&#8230;&#8230;&#8230; 27<\/p>\n<p>Melissa Trombini Pedroso | Katieli Neuenschwander | Jeferson Rodrigo Schefer<\/p>\n<p>Estado nutricional, perfil sociodemogra\u0301fico e de sau\u0301de de pessoas idosas acolhidas no abrigo emergencial apo\u0301s as enchentes no Rio Grande do Sul: um estudo transversal &#8230;&#8230;&#8230;&#8230;&#8230;&#8230;&#8230; 44<\/p>\n<p>Melissa Co\u0302rtes da Rosa | Vera Elizabeth Closs | Carolina Bo\u0308ettge Rosa | Maria Luiza Freitas Annes | Alexandre Ouriques Edinger<\/p>\n<p>A arteterapia enquanto dispositivo terape\u0302utico no abrigo emergencial 60+&#8230;&#8230; 60<\/p>\n<p>Paulo Bianchini<\/p>\n<p>O advocacy para sucesso da missa\u0303o do Abrigo&#8230;&#8230;&#8230;&#8230;&#8230;&#8230;&#8230;&#8230;&#8230;&#8230;&#8230;&#8230;&#8230;&#8230;&#8230;&#8230; 77<\/p>\n<p>Karen Garcia de Farias<\/p>\n<\/div>\n<\/div>\n<\/div>\n<div class=\"page\" title=\"Page 2\">\n<div class=\"layoutArea\">\n<div class=\"column\">\n<p>Humanizac\u0327a\u0303o do Cuidado em contexto de desastres: a perspectiva da enfermagem no trabalho realizado pelo Abrigo emergencial 60+ &#8230;&#8230;&#8230;&#8230;&#8230;&#8230;.. 98<\/p>\n<p>Tiago de Aguiar Goulart | Ana Paula Vaz Fernandes Rodrigues | Michelle Berto\u0301glio Clos<\/p>\n<p>Atenc\u0327a\u0303o a\u0300 Pessoa Idosa em Situac\u0327o\u0303es de Desastre e o trabalho do Servic\u0327o Social na garantia de direitos &#8230;&#8230;&#8230;&#8230;&#8230;&#8230;&#8230;&#8230;&#8230;&#8230;&#8230;&#8230;&#8230;&#8230;&#8230;&#8230;&#8230;&#8230;&#8230;&#8230;&#8230;&#8230;&#8230;&#8230; 106<\/p>\n<p>Michelle Bertoglio Clos | Daiane Roza | Kelly Soldera Pedro | Ca\u0301ssia Cristina Javarini<\/p>\n<p><strong>PARTE III \u2013 MEMO\u0301RIAS E RELATOS: MARCAS QUE FICAM &#8230;&#8230;&#8230;&#8230;&#8230;. 122<\/strong><\/p>\n<p>Abrigo Emergencial 60+: eternidade de 3 meses &#8230;&#8230;&#8230;&#8230;&#8230;&#8230;&#8230;&#8230;&#8230;&#8230;&#8230;&#8230;&#8230;.. 123<\/p>\n<p>Karen Garcia de Farias<\/p>\n<p>Corac\u0327o\u0303es abertos prontos para acolher &#8230;&#8230;&#8230;&#8230;&#8230;&#8230;&#8230;&#8230;&#8230;&#8230;&#8230;&#8230;&#8230;&#8230;&#8230;&#8230;&#8230;&#8230;. 130<\/p>\n<p>Silvana Poltronieri Lamers<\/p>\n<p>Sonhos que se foram nas a\u0301guas das enchentes &#8230;&#8230;&#8230;&#8230;&#8230;&#8230;&#8230;&#8230;&#8230;&#8230;&#8230;&#8230;&#8230;.. 134<\/p>\n<p>Marcelo Lima da Silva<\/p>\n<p>A Marca d\u2019A\u0301gua &#8230;&#8230;&#8230;&#8230;&#8230;&#8230;&#8230;&#8230;&#8230;&#8230;&#8230;&#8230;&#8230;&#8230;&#8230;&#8230;&#8230;&#8230;&#8230;&#8230;&#8230;&#8230;&#8230;&#8230;&#8230;&#8230;&#8230;&#8230;&#8230;&#8230;. 138<\/p>\n<p>Luana Consoli | Thais Kethlen<\/p>\n<p>AUTORES E AUTORAS &#8230;&#8230;&#8230;&#8230;&#8230;&#8230;&#8230;&#8230;&#8230;&#8230;&#8230;&#8230;&#8230;&#8230;&#8230;&#8230;&#8230;&#8230;&#8230;&#8230;&#8230;&#8230;&#8230;&#8230;&#8230;. 145<\/p>\n<\/div>\n<\/div>\n<\/div>\n<\/div>\n<\/div>\n<\/div>\n<\/div>\n<\/div>\n","protected":false},"excerpt":{"rendered":"<p style=\"font-weight: 400;\"><strong>\u00c1guas de maio: tens\u00e3o entre cuidado e desprote\u00e7\u00e3o da popula\u00e7\u00e3o 60+<\/strong><\/p>\n<p style=\"font-weight: 400;\">\n<p style=\"font-weight: 400;\">O livro <em>\u00c1guas de maio: tens\u00e3o entre cuidado e desprote\u00e7\u00e3o da popula\u00e7\u00e3o <\/em><em>60+<\/em> nasceu a partir de um momento de grande crise enfrentado pela popula\u00e7\u00e3o idosa do Estado do Rio Grande do Sul, durante os eventos clim\u00e1ticos devastadores de maio de 2024.<\/p>\n<p style=\"font-weight: 400;\">O per\u00edodo, marcado por chuvas intensas e inunda\u00e7\u00f5es que afetaram milh\u00f5es de vidas, trouxe \u00e0 tona uma realidade de vulnerabilidade ainda maior para as pessoas idosas, cujos cuidados e necessidades espec\u00edficas muitas vezes ficam \u00e0 margem das respostas emergenciais.<\/p>\n<p style=\"font-weight: 400;\">Com o objetivo de fomentar a produ\u00e7\u00e3o cient\u00edfica, registrar mem\u00f3rias e proporcionar um espa\u00e7o de debate sobre o cuidado e a prote\u00e7\u00e3o dessa popula\u00e7\u00e3o, a obra se divide em tr\u00eas partes.<\/p>\n<p style=\"font-weight: 400;\">A primeira aborda a tens\u00e3o das \u00e1guas, na contextualiza\u00e7\u00e3o e conceitua\u00e7\u00e3o de desastres e gest\u00e3o de riscos.<\/p>\n<p style=\"font-weight: 400;\">A segunda apresenta a produ\u00e7\u00e3o de conhecimento acad\u00eamico a partir de viv\u00eancias na linha de frente no cuidado \u00e0 popula\u00e7\u00e3o 60+ em cen\u00e1rio de crise extrema. Portanto, re\u00fane artigos de profissionais e estudantes que se dedicaram a analisar e refletir sobre o impacto das enchentes na vida das pessoas envelhecidas afetadas.<\/p>\n<p style=\"font-weight: 400;\">E a terceira relata mem\u00f3rias, um conjunto de cr\u00f4nicas escritas a partir das hist\u00f3rias dos abrigados e experi\u00eancias de pessoas frente \u00e0 desprote\u00e7\u00e3o social.<\/p>\n<p style=\"font-weight: 400;\">A obra quer dar visibilidade aos desafios enfrentados pelo p\u00fablico 60+, vulnerabilizado social e fisicamente durante eventos clim\u00e1ticos extremos, como a dificuldade de mobilidade, falta de recursos adequados de assist\u00eancia e car\u00eancia de pol\u00edticas p\u00fablicas centradas no atendimento de emerg\u00eancia.<\/p>\n<p style=\"font-weight: 400;\">Os textos discutem a tens\u00e3o entre o cuidado efetivo e a desprote\u00e7\u00e3o, ressaltando avan\u00e7os quanto \u00e0s lacunas nos processos de resposta e aten\u00e7\u00e3o voltada \u00e0s pessoas idosas em sua diversidade.<\/p>\n<p style=\"font-weight: 400;\">Os autores, a partir de perspectivas acad\u00eamicas e profissionais, prop\u00f5em novas abordagens para garantir melhor prepara\u00e7\u00e3o para futuros desastres e resposta mais eficaz que priorize a dignidade e o bem-estar dos 60+.<\/p>\n<p style=\"font-weight: 400;\"><em>\u00c1guas de Maio<\/em> \u00e9 contribui\u00e7\u00e3o para o campo do estudo gerontol\u00f3gico e pol\u00edticas p\u00fablicas voltadas ao envelhecimento, promovendo reflex\u00e3o cr\u00edtica sobre a urg\u00eancia de integrar o cuidado com a popula\u00e7\u00e3o 60+ em planos de gest\u00e3o de desastres e desenvolvimento de estrat\u00e9gias de prote\u00e7\u00e3o social.<\/p>\n<p style=\"font-weight: 400;\">Esperamos que se amplie o debate sobre a import\u00e2ncia de um envelhecimento seguro e saud\u00e1vel, mesmo diante dos desafios impostos por situa\u00e7\u00f5es de risco.<\/p>\n<p style=\"font-weight: 400;\">Michelle Bert\u00f3glio Clos e Karen Garcia de Farias, organizadoras da obra.<\/p>\n","protected":false},"featured_media":38862,"comment_status":"open","ping_status":"closed","template":"","meta":{"_bbp_topic_count":0,"_bbp_reply_count":0,"_bbp_total_topic_count":0,"_bbp_total_reply_count":0,"_bbp_voice_count":0,"_bbp_anonymous_reply_count":0,"_bbp_topic_count_hidden":0,"_bbp_reply_count_hidden":0,"_bbp_forum_subforum_count":0,"pmpro_default_level":""},"product_brand":[],"product_cat":[88],"product_tag":[70,87],"class_list":{"0":"post-38861","1":"product","2":"type-product","3":"status-publish","4":"has-post-thumbnail","6":"product_cat-e-books-gratis-2","7":"product_tag-ebook","8":"product_tag-e-books-gratis","9":"pmpro-has-access","11":"first","12":"instock","13":"downloadable","14":"virtual","15":"purchasable","16":"product-type-simple"},"_links":{"self":[{"href":"https:\/\/edicoes.portaldoenvelhecimento.com.br\/novo\/wp-json\/wp\/v2\/product\/38861","targetHints":{"allow":["GET"]}}],"collection":[{"href":"https:\/\/edicoes.portaldoenvelhecimento.com.br\/novo\/wp-json\/wp\/v2\/product"}],"about":[{"href":"https:\/\/edicoes.portaldoenvelhecimento.com.br\/novo\/wp-json\/wp\/v2\/types\/product"}],"replies":[{"embeddable":true,"href":"https:\/\/edicoes.portaldoenvelhecimento.com.br\/novo\/wp-json\/wp\/v2\/comments?post=38861"}],"version-history":[{"count":1,"href":"https:\/\/edicoes.portaldoenvelhecimento.com.br\/novo\/wp-json\/wp\/v2\/product\/38861\/revisions"}],"predecessor-version":[{"id":38864,"href":"https:\/\/edicoes.portaldoenvelhecimento.com.br\/novo\/wp-json\/wp\/v2\/product\/38861\/revisions\/38864"}],"wp:featuredmedia":[{"embeddable":true,"href":"https:\/\/edicoes.portaldoenvelhecimento.com.br\/novo\/wp-json\/wp\/v2\/media\/38862"}],"wp:attachment":[{"href":"https:\/\/edicoes.portaldoenvelhecimento.com.br\/novo\/wp-json\/wp\/v2\/media?parent=38861"}],"wp:term":[{"taxonomy":"product_brand","embeddable":true,"href":"https:\/\/edicoes.portaldoenvelhecimento.com.br\/novo\/wp-json\/wp\/v2\/product_brand?post=38861"},{"taxonomy":"product_cat","embeddable":true,"href":"https:\/\/edicoes.portaldoenvelhecimento.com.br\/novo\/wp-json\/wp\/v2\/product_cat?post=38861"},{"taxonomy":"product_tag","embeddable":true,"href":"https:\/\/edicoes.portaldoenvelhecimento.com.br\/novo\/wp-json\/wp\/v2\/product_tag?post=38861"}],"curies":[{"name":"wp","href":"https:\/\/api.w.org\/{rel}","templated":true}]}}