{"id":38102,"date":"2025-10-23T21:42:05","date_gmt":"2025-10-24T00:42:05","guid":{"rendered":"https:\/\/edicoes.portaldoenvelhecimento.com.br\/novo\/?post_type=product&#038;p=38102"},"modified":"2025-10-26T20:42:52","modified_gmt":"2025-10-26T23:42:52","slug":"envelhecer-com-futuro-iii","status":"publish","type":"product","link":"https:\/\/edicoes.portaldoenvelhecimento.com.br\/novo\/produto\/envelhecer-com-futuro-iii\/","title":{"rendered":"Envelhecer com Futuro III"},"content":{"rendered":"<div class=\"page\" title=\"Page 1\">\n<div class=\"page\" title=\"Page 1\"><\/div>\n<\/div>\n<div class=\"page\" title=\"Page 3\">\n<div class=\"layoutArea\">\n<div class=\"column\">\n<div class=\"page\" title=\"Page 1\">\n<div class=\"page\" title=\"Page 1\"><strong>SUM\u00c1RIO<\/strong><\/div>\n<div title=\"Page 1\"><\/div>\n<div class=\"page\" title=\"Page 1\">PREF\u00c1CIO &#8230;&#8230;&#8230;&#8230;&#8230;&#8230;&#8230;&#8230;&#8230;&#8230;&#8230;&#8230;&#8230;&#8230;&#8230;&#8230;&#8230;&#8230;&#8230;&#8230;&#8230;&#8230;&#8230;&#8230;&#8230;&#8230;&#8230;&#8230;&#8230;. 9<br \/>\nGustavo Sugahara<\/div>\n<div title=\"Page 1\"><\/div>\n<div class=\"page\" title=\"Page 1\">APRESENTA\u00c7\u00c3O &#8230;&#8230;&#8230;&#8230;&#8230;&#8230;&#8230;&#8230;&#8230;&#8230;&#8230;&#8230;&#8230;&#8230;&#8230;&#8230;&#8230;&#8230;&#8230;&#8230;&#8230;&#8230;&#8230;&#8230;&#8230; 15<br \/>\nAnna Fontes e Beltrina C\u00f4rte<\/div>\n<div title=\"Page 1\"><\/div>\n<div class=\"page\" title=\"Page 1\">PARTE 1<\/div>\n<div title=\"Page 1\"><\/div>\n<div class=\"page\" title=\"Page 1\">ENVELHECIMENTO E DIVERSIDADE &#8230;&#8230;&#8230;&#8230;&#8230;&#8230;&#8230;&#8230;&#8230;&#8230;&#8230;&#8230;&#8230; 31<\/div>\n<div title=\"Page 1\"><\/div>\n<div class=\"page\" title=\"Page 1\">1. Onde a cidade encontra o tempo: situa\u00e7\u00e3o de rua e processos de envelhecimento em Aracaju&#8230; 33<br \/>\nMatheus de Oliveira Barros<br \/>\nCamilla Martins Albuquerque<br \/>\nLudimila de Oliveira Barros<\/div>\n<div title=\"Page 1\"><\/div>\n<div class=\"page\" title=\"Page 1\">2. Lazer e envelhecimento: desejos e barreiras entre a popula\u00e7\u00e3o idosa da Ilha de Cotijuba&#8230;.. 105<br \/>\nMatheus Yuri de Oliveira Rosa<br \/>\nFlavio Henrique Souza Lobato<br \/>\nAna Paula Melo de Morais<br \/>\nJuliana de Azevedo Hamoy<br \/>\nMirleide Chaar Bahia<\/div>\n<div title=\"Page 1\"><\/div>\n<div class=\"page\" title=\"Page 1\">3. Sa\u00fade do idoso Xikrin: reflex\u00f5es sobre os caminhos do cuidado &#8230;&#8230; 143<br \/>\nTatiane Bahia do Vale Silva<br \/>\nMurilo Lima Gon\u00e7alves<br \/>\nGabriel Vin\u00edcius Reis de Queiroz<br \/>\nEveraldo Pinheiro da Mota J\u00fanior<br \/>\nNatalia Karina Nascimento da Silva<\/div>\n<div title=\"Page 1\"><\/div>\n<div class=\"page\" title=\"Page 1\">4. Velhices plurais: Quem s\u00e3o as pessoas idosas na regi\u00e3o metropolitana do<br \/>\nEstado do Rio de Janeiro? &#8230;&#8230;&#8230;&#8230;&#8230;&#8230;&#8230;&#8230;&#8230;&#8230;&#8230;&#8230;&#8230;&#8230;&#8230;&#8230;&#8230;&#8230;&#8230;&#8230;&#8230;&#8230;&#8230;&#8230;&#8230;&#8230;&#8230;&#8230; 177<br \/>\nCarlos Eduardo da Silva Santos<br \/>\n5. Envelhecimento transg\u00eanero e o (cis)tema previdenci\u00e1rio: um estudo<br \/>\ncomparado entre Brasil e Uruguai &#8230;&#8230;&#8230;&#8230;&#8230;&#8230;&#8230;&#8230;&#8230;&#8230;&#8230;&#8230;&#8230;&#8230;&#8230;&#8230;&#8230;&#8230;&#8230;&#8230; 215<br \/>\nJaqueline Galdino da Silva<\/div>\n<div title=\"Page 1\"><\/div>\n<div class=\"page\" title=\"Page 1\">PARTE 2<\/div>\n<div title=\"Page 1\"><\/div>\n<div class=\"page\" title=\"Page 1\">EDUCA\u00c7\u00c3O E SA\u00daDE FINANCEIRA &#8230;&#8230;&#8230;&#8230;&#8230;&#8230;&#8230;&#8230;&#8230;&#8230;&#8230;&#8230;&#8230;. 273<\/div>\n<div title=\"Page 1\"><\/div>\n<div class=\"page\" title=\"Page 1\">6. Bem-estar Financeiro, prepara\u00e7\u00e3o para a aposentadoria e endivida-<br \/>\nmento dos idososs &#8230;&#8230;&#8230;&#8230;&#8230;&#8230;&#8230;&#8230;&#8230;&#8230;&#8230;&#8230;&#8230;&#8230;&#8230;&#8230;&#8230;&#8230;&#8230;&#8230;&#8230;&#8230;&#8230;&#8230;&#8230;&#8230;&#8230;&#8230;&#8230;. 275<br \/>\nKelmara Mendes Vieira<br \/>\nTaiane Keila Matheis<br \/>\nBreno Augusto Diniz Pereira<br \/>\nLeander Luiz Klein<\/div>\n<div title=\"Page 1\"><\/div>\n<div class=\"page\" title=\"Page 1\">7. Desinforma\u00e7\u00e3o e a sa\u00fade financeira e geral da pessoa idosa &#8230;&#8230;.. 307<br \/>\nFl\u00e1vio Morgado<\/div>\n<div title=\"Page 1\"><\/div>\n<div class=\"page\" title=\"Page 1\">PARTE 3<\/div>\n<div title=\"Page 1\"><\/div>\n<div class=\"page\" title=\"Page 1\">FEMINIZA\u00c7\u00c3O DA VELHICE &#8230;&#8230;&#8230;&#8230;&#8230;&#8230;&#8230;&#8230;&#8230;&#8230;&#8230;&#8230;&#8230;&#8230;&#8230;&#8230;&#8230;.. 337<\/div>\n<div title=\"Page 1\"><\/div>\n<div class=\"page\" title=\"Page 1\">8. Desafios enfrentados por mulheres pretas, idosas e nordestinas no<br \/>\nmercado de trabalho &#8230;&#8230;&#8230;&#8230;&#8230;&#8230;&#8230;&#8230;&#8230;&#8230;&#8230;&#8230;&#8230;&#8230;&#8230;&#8230;&#8230;&#8230;&#8230;&#8230;&#8230;&#8230;&#8230;&#8230;&#8230;&#8230;&#8230;&#8230;. 339<br \/>\nLarissa Oliveira Nascimento<br \/>\nLetticia de Ara\u00fajo Moura<br \/>\nMirna Albuquerque Frota<br \/>\nMaraysa Costa Vieira Cardoso<br \/>\nThiago Medeiros da Costa Daniele<\/div>\n<div title=\"Page 1\"><\/div>\n<div class=\"page\" title=\"Page 1\">9. Correla\u00e7\u00e3o entre a representatividade feminina 60+ e a qualidade de<br \/>\nvida de idosas de baixa renda no Brejo Paraibano &#8230;&#8230;&#8230;&#8230;&#8230;&#8230;&#8230;&#8230;&#8230;&#8230;&#8230; 369<br \/>\nMaria Creuza Borges de Ara\u00fajo<br \/>\nKeren Karolyne N\u00f3brega Silva<\/div>\n<div title=\"Page 1\"><\/div>\n<div class=\"page\" title=\"Page 1\">PARTE 4<\/div>\n<div title=\"Page 1\"><\/div>\n<div class=\"page\" title=\"Page 1\">MEIO AMBIENTE &#8230;&#8230;&#8230;&#8230;&#8230;&#8230;&#8230;&#8230;&#8230;&#8230;&#8230;&#8230;&#8230;&#8230;&#8230;&#8230;&#8230;&#8230;&#8230;&#8230;&#8230;&#8230;&#8230;&#8230; 409<\/div>\n<div title=\"Page 1\"><\/div>\n<div class=\"page\" title=\"Page 1\">10. As trag\u00e9dias clim\u00e1ticas do Rio Grande do Sul e seus impactos na popula\u00e7\u00e3o idosa&#8230;&#8230;&#8230;&#8230; 411<br \/>\nAnna Fonseca<\/div>\n<\/div>\n<\/div>\n<\/div>\n<\/div>\n","protected":false},"excerpt":{"rendered":"<div class=\"woocommerce-product-details__short-description\">\n<p style=\"font-weight: 400;\"><strong>Envelhecer com Futuro \u2013 Volume III<\/strong><\/p>\n<p style=\"font-weight: 400;\"><strong>\u00a0<\/strong><\/p>\n<p style=\"font-weight: 400;\">A colet\u00e2nea Envelhecer com Futuro (volume 3) apresenta 10 resultados de pesquisas in\u00e9ditas desenvolvidas durante 2025, selecionadas via o Edital Acad\u00eamico de Pesquisa Envelhecer com Futuro, que \u00e9 promovido pelo Ita\u00fa Viver Mais em parceria com o Portal do Envelhecimento e Longeviver desde 2021.<\/p>\n<p style=\"font-weight: 400;\">A colet\u00e2nea, disponibilizada gratuitamente, proporciona os resultados das\u00a0 pesquisas selecionadas na terceira edi\u00e7\u00e3o. A obra \u00e9 composta de 10 cap\u00edtulos, a saber:<\/p>\n<p style=\"font-weight: 400;\">Em Aracaju, Sergipe, a pesquisa <strong>Onde a cidade encontra o tempo: situa\u00e7\u00e3o de rua e processos de envelhecimento <\/strong>lan\u00e7a luz sobre a dura realidade de pessoas idosas que vivem nas ruas.<\/p>\n<p style=\"font-weight: 400;\">Na Ilha de Cotijuba, em Bel\u00e9m do Par\u00e1, a pesquisa <strong>Lazer e envelhecimento: desejos e barreiras<\/strong> investigou os obst\u00e1culos que impedem idosos de desfrutar de desejadas atividades de lazer.<\/p>\n<p style=\"font-weight: 400;\">O cap\u00edtulo <strong>Sa\u00fade do idoso Xikrin: reflex\u00f5es sobre os caminhos do cuidado<\/strong> apresenta os resultados do estudo &#8216;Velhice ind\u00edgena: Primeiro Inqu\u00e9rito de Sa\u00fade da pessoa idosa do Povo Xikrin do Catet\u00e9, Parauapebas, Par\u00e1&#8217;.<\/p>\n<p style=\"font-weight: 400;\">O pr\u00f3ximo cap\u00edtulo apresenta os resultados da pesquisa <strong>Velhices Plurais: Quem s\u00e3o as pessoas idosas na regi\u00e3o metropolitana do Estado do Rio de Janeiro?<\/strong> explorando o impacto das desigualdades estruturais no envelhecimento da popula\u00e7\u00e3o.<\/p>\n<p style=\"font-weight: 400;\">O cap\u00edtulo <strong>Envelhecimento transg\u00eanero e o (cis)tema previdenci\u00e1rio: um estudo comparado entre Brasil e Uruguai<\/strong> analisa, especificamente, o envelhecimento de pessoas transexuais e travestis (identificadas pela letra T na sigla LGBTQIAPN+).<\/p>\n<p style=\"font-weight: 400;\">O foco principal do cap\u00edtulo <strong>Bem-estar Financeiro, prepara\u00e7\u00e3o para a aposentadoria e endividamento dos idosos<\/strong> recai sobre o impacto do endividamento e da prepara\u00e7\u00e3o financeira para a aposentadoria na popula\u00e7\u00e3o idosa, em um contexto de envelhecimento populacional acelerado.<\/p>\n<p style=\"font-weight: 400;\">J\u00e1 o cap\u00edtulo <strong>Desinforma\u00e7\u00e3o e a sa\u00fade financeira e geral da pessoa idosa<\/strong> aborda a crescente vulnerabilidade das pessoas idosas a golpes financeiros e desinforma\u00e7\u00e3o na era digital, propondo a\u00e7\u00f5es preventivas.<\/p>\n<p style=\"font-weight: 400;\">O cap\u00edtulo <strong>Desafios enfrentados por mulheres pretas, idosas e nordestinas no mercado de trabalho<\/strong>promove uma an\u00e1lise cr\u00edtica da tripla discrimina\u00e7\u00e3o que essas mulheres enfrentam: g\u00eanero, ra\u00e7a e idade, agravada pela marginaliza\u00e7\u00e3o hist\u00f3rica do Nordeste.<\/p>\n<p style=\"font-weight: 400;\"><strong>Correla\u00e7\u00e3o entre a representatividade feminina 60+ e a qualidade de vida de idosas de baixa renda no Brejo Paraibano<\/strong> trata de resultados de pesquisa que investiga se a representatividade de mulheres idosas influencia sua qualidade de vida.<\/p>\n<p style=\"font-weight: 400;\">O cap\u00edtulo <strong>As trag\u00e9dias clim\u00e1ticas do Rio Grande do Sul e seus impactos na popula\u00e7\u00e3o idosa<\/strong> analisa as devastadoras consequ\u00eancias dos eventos clim\u00e1ticos extremos que assolaram o estado entre setembro de 2023 e maio de 2024.<\/p>\n<p style=\"font-weight: 400;\">Boa leitura!<\/p>\n<p>&nbsp;<\/p>\n<p><strong>Para baixar o arquivo, clique em \u00ab adicionar ao carrinho \u00bb, mas na\u0303o se preocupe, o site na\u0303o pedir\u00e1 nenhuma informac\u0327a\u0303o de pagamento!<\/strong><\/p>\n<\/div>\n","protected":false},"featured_media":38103,"comment_status":"open","ping_status":"closed","template":"","meta":{"_bbp_topic_count":0,"_bbp_reply_count":0,"_bbp_total_topic_count":0,"_bbp_total_reply_count":0,"_bbp_voice_count":0,"_bbp_anonymous_reply_count":0,"_bbp_topic_count_hidden":0,"_bbp_reply_count_hidden":0,"_bbp_forum_subforum_count":0,"pmpro_default_level":""},"product_brand":[],"product_cat":[88],"product_tag":[70,87],"class_list":{"0":"post-38102","1":"product","2":"type-product","3":"status-publish","4":"has-post-thumbnail","6":"product_cat-e-books-gratis-2","7":"product_tag-ebook","8":"product_tag-e-books-gratis","9":"pmpro-has-access","11":"first","12":"instock","13":"downloadable","14":"virtual","15":"purchasable","16":"product-type-simple"},"_links":{"self":[{"href":"https:\/\/edicoes.portaldoenvelhecimento.com.br\/novo\/wp-json\/wp\/v2\/product\/38102","targetHints":{"allow":["GET"]}}],"collection":[{"href":"https:\/\/edicoes.portaldoenvelhecimento.com.br\/novo\/wp-json\/wp\/v2\/product"}],"about":[{"href":"https:\/\/edicoes.portaldoenvelhecimento.com.br\/novo\/wp-json\/wp\/v2\/types\/product"}],"replies":[{"embeddable":true,"href":"https:\/\/edicoes.portaldoenvelhecimento.com.br\/novo\/wp-json\/wp\/v2\/comments?post=38102"}],"version-history":[{"count":5,"href":"https:\/\/edicoes.portaldoenvelhecimento.com.br\/novo\/wp-json\/wp\/v2\/product\/38102\/revisions"}],"predecessor-version":[{"id":38146,"href":"https:\/\/edicoes.portaldoenvelhecimento.com.br\/novo\/wp-json\/wp\/v2\/product\/38102\/revisions\/38146"}],"wp:featuredmedia":[{"embeddable":true,"href":"https:\/\/edicoes.portaldoenvelhecimento.com.br\/novo\/wp-json\/wp\/v2\/media\/38103"}],"wp:attachment":[{"href":"https:\/\/edicoes.portaldoenvelhecimento.com.br\/novo\/wp-json\/wp\/v2\/media?parent=38102"}],"wp:term":[{"taxonomy":"product_brand","embeddable":true,"href":"https:\/\/edicoes.portaldoenvelhecimento.com.br\/novo\/wp-json\/wp\/v2\/product_brand?post=38102"},{"taxonomy":"product_cat","embeddable":true,"href":"https:\/\/edicoes.portaldoenvelhecimento.com.br\/novo\/wp-json\/wp\/v2\/product_cat?post=38102"},{"taxonomy":"product_tag","embeddable":true,"href":"https:\/\/edicoes.portaldoenvelhecimento.com.br\/novo\/wp-json\/wp\/v2\/product_tag?post=38102"}],"curies":[{"name":"wp","href":"https:\/\/api.w.org\/{rel}","templated":true}]}}