{"id":37790,"date":"2025-10-20T22:26:21","date_gmt":"2025-10-21T01:26:21","guid":{"rendered":"https:\/\/edicoes.portaldoenvelhecimento.com.br\/novo\/?post_type=product&#038;p=37790"},"modified":"2025-10-20T22:38:31","modified_gmt":"2025-10-21T01:38:31","slug":"guia-de-orientacion-para-la-entrada-en-la-afu-gn-red-global-de-universidades-amigables-con-las-personas-mayores-espanhol","status":"publish","type":"product","link":"https:\/\/edicoes.portaldoenvelhecimento.com.br\/novo\/produto\/guia-de-orientacion-para-la-entrada-en-la-afu-gn-red-global-de-universidades-amigables-con-las-personas-mayores-espanhol\/","title":{"rendered":"Gu\u00eda de Orientaci\u00f3n Para la Entrada en la AFU GN &#8211; Red Global de Universidades Amigables con las Personas Mayores (Espanhol)"},"content":{"rendered":"<div class=\"page\" title=\"Page 1\">\n<div class=\"page\" title=\"Page 1\">\n<div class=\"layoutArea\">\n<div class=\"column\">\n<div class=\"page\" title=\"Page 1\">\n<div class=\"section\">\n<div class=\"layoutArea\">\n<div class=\"column\">\n<p><strong>Ficha Te\u0301cnica<\/strong><\/p>\n<p>Esta gui\u0301a de orientacio\u0301n fue producida por Lucas Vieira de Oliveira, como parte de los requi- sitos para la obtencio\u0301n del ti\u0301tulo de Maestri\u0301a en Administracio\u0301n Pu\u0301blica, en el marco de la Maestri\u0301a Profesional en Administracio\u0301n Pu\u0301blica en Red (PROFIAP), de la Universidad Federal de Vic\u0327osa. El trabajo fue orientado por la profesora Simone Martins y coorientado por las pro- fesoras Andre\u0301ia Queiroz Ribeiro y Cristina Caetano de Aguiar. Para su elaboracio\u0301n, conto\u0301 con el apoyo de la Dra. Mariana Reis Santimaria, li\u0301der regional de la Red Global de Universidades Amigables con las Personas Mayores (AFU GN) en Ame\u0301rica del Sur, asi\u0301 como con la colabo- racio\u0301n de especialistas del Grupo UNIDES (Universidades en la De\u0301cada del Envejecimiento Saludable), del Portal del Envejecimiento y Longeviver, de la RIES-LAC (Red Latinoamericana de Envejecimiento Saludable), de la OPAS\/OMS \u2013 Brasil y del comite\u0301 ejecutivo de la AFU GN.<\/p>\n<p><strong>Contentistas y Coordinadores<\/strong><\/p>\n<p>Lucas Vieira de Oliveira &#8211; Red Profiap, Universidad Federal de Vic\u0327osa (UFV) Simone Martins &#8211; Red Profiap, Universidad Federal de Vic\u0327osa (UFV) Andre\u0301ia Queiroz Ribeiro &#8211; Universidad Federal de Vic\u0327osa (UFV)<br \/>\nCristina Caetano de Aguiar &#8211; Universidad Federal de Vic\u0327osa (UFV)<\/p>\n<p>Mariana Reis Santimaria &#8211; Pontificia Universidad Cato\u0301lica de Campinas PUC-Campinas<\/p>\n<p><strong>Traduccio\u0301n al espan\u0303ol<\/strong><\/p>\n<p>Alejandro Perez-Duarte Fernandez \u2013 ITESO, Universidad Jesuita de Guadalajara \u2013 Me\u0301xico Julialba Castellanos Ruiz &#8211; Universidad Auto\u0301noma de Manizales (UAM) \u2013 Colombia<\/p>\n<p><strong>Revisio\u0301n te\u0301cnica<\/strong><\/p>\n<p>Cristina Caetano de Aguiar \u2013 Universidade Federal de Vic\u0327osa (UFV)<\/p>\n<p>Rodrigo Marques da Costa \u2013 Red de Apoyo a la Persona Mayor del Estado de Minas Gerais (RapiMG)<\/p>\n<p>Renato Grego\u0301rio de Jesu\u0301s \u2013 Consejo Estatal de la Persona Mayor (CEI\/MG)<\/p>\n<p><strong>Colaboracio\u0301n te\u0301cnica especializada<\/strong><\/p>\n<p>Alejandro Perez-Duarte Fernandez \u2013 ITESO, Universidad Jesuita de Guadalajara \u2013 Me\u0301xico<\/p>\n<p>Beltrina Co\u0302rte \u2013 Nu\u0301cleo de Estudos e Pesquisa do Envelhecimento da Pontifi\u0301cia Universidade Cato\u0301lica de Sa\u0303o Paulo (NEPE\/PUC-SP) y CEO del Portal del Envejecimiento y Longeviver.<\/p>\n<p>Doris Hincapie\u0301 Rami\u0301rez \u2013 Universidad Cato\u0301lica de Manizales (UCM) \u2013 Colombia<\/p>\n<p>Ivan Palomo \u2013 Universidad de Talca (UTALCA) \u2013 Chile y Red Interuniversitaria de Envejecimiento Saludable de Latinoame\u0301rica y el Caribe (RIES-LAC)<\/p>\n<p>Julialba Castellanos Ruiz &#8211; Universidad Auto\u0301noma de Manizales (UAM) \u2013 Colombia<\/p>\n<p>Maria Cristina Hoffmann &#8211; Organizacio\u0301n Panamericana de la Salud &#8211; Organizacio\u0301n Mundial de la Salud (OPAS\/OMS) \u2013 Brasil<\/p>\n<\/div>\n<\/div>\n<\/div>\n<\/div>\n<\/div>\n<\/div>\n<\/div>\n<\/div>\n","protected":false},"excerpt":{"rendered":"<div class=\"woocommerce-product-details__short-description\">\n<p style=\"font-weight: 400;\"><strong>Gu\u00eda de Orientaci\u00f3n para la Adhesi\u00f3n de Universidades a la Red Global de Universidades Amigas de las Personas Mayores<\/strong><\/p>\n<p style=\"font-weight: 400;\">La Gu\u00eda de Orientaci\u00f3n para la Adhesi\u00f3n de Universidades a la Red Global de Universidades Amigas de las Personas Mayores (Age-Friendly University Global Network \u2013 AFU GN) representa un hito en la promoci\u00f3n de la longevidad y la inclusi\u00f3n en las instituciones de ense\u00f1anza superior de Am\u00e9rica del Sur.<\/p>\n<p style=\"font-weight: 400;\">La Gu\u00eda fue elaborada para sensibilizar a las universidades sudamericanas sobre el tema del envejecimiento poblacional y orientarlas en el proceso de ingreso a la red global. El material presenta la historia y los principios de la Age-Friendly University, creada en 2012 por la Dublin City University (Irlanda) y actualmente liderada por la Arizona State University (EE. UU.). La iniciativa re\u00fane a 136 universidades de 14 pa\u00edses y cinco continentes comprometidas con la valoraci\u00f3n de las personas mayores en la ense\u00f1anza, la investigaci\u00f3n y la extensi\u00f3n.<\/p>\n<p style=\"font-weight: 400;\">La Gu\u00eda se organiza en cuatro bloques principales:<\/p>\n<ol style=\"font-weight: 400;\">\n<li>Fundamentos de la AFU GN \u2013 contextualizaci\u00f3n de la red y sus objetivos;<\/li>\n<li>Diez principios rectores \u2013 referencia para la planificaci\u00f3n institucional;<\/li>\n<li>Ocho pasos para la adhesi\u00f3n \u2013 hoja de ruta pr\u00e1ctica para universidades interesadas;<\/li>\n<li>Beneficios y orientaciones complementarias \u2013 ventajas y oportunidades de la integraci\u00f3n a la red.<\/li>\n<\/ol>\n<p style=\"font-weight: 400;\">La gu\u00eda tambi\u00e9n ofrece modelos e instrumentos pr\u00e1cticos para apoyar la creaci\u00f3n de comit\u00e9s gestores interdisciplinarios, la realizaci\u00f3n de diagn\u00f3sticos institucionales y la elaboraci\u00f3n de planes de acci\u00f3n alineados con los principios de la AFU GN \u2014 todos ellos pasos esenciales para la adhesi\u00f3n formal a la red.<\/p>\n<p style=\"font-weight: 400;\">El material fue desarrollado en el \u00e1mbito del M\u00e1ster Profesional en Administraci\u00f3n P\u00fablica (PROFIAP\/UFV) como producto t\u00e9cnico-tecnol\u00f3gico de la disertaci\u00f3n de Lucas Vieira de Oliveira, bajo la orientaci\u00f3n de la profesora Simone Martins y la coorientaci\u00f3n de las profesoras Andr\u00e9ia Queiroz Ribeiro y Cristina Caetano de Aguiar, siendo estos coautores, junto con Mariana Reis Santimaria, de la PUC Campinas.<\/p>\n<p style=\"font-weight: 400;\">La producci\u00f3n de la gu\u00eda cont\u00f3 con la revisi\u00f3n y colaboraci\u00f3n t\u00e9cnica de especialistas de universidades de Am\u00e9rica Latina y Europa, incluyendo representantes de la OPS\/OMS, de la Red Latinoamericana de Envejecimiento Saludable (RIES-LAC), de la Universidad de Girona (Espa\u00f1a) y del Portal do Envelhecimento e Longeviver.<\/p>\n<table style=\"font-weight: 400;\">\n<tbody>\n<tr>\n<td width=\"566\"><strong>Servicio<br \/>\n<\/strong>La gu\u00eda est\u00e1 disponible gratuitamente en el Portal do Envelhecimento e Longeviver y en el sitio web del Instituto de Pol\u00edticas P\u00fablicas e Desenvolvimento Sustent\u00e1vel (IPPDS\/UFV). Su amplia divulgaci\u00f3n busca estimular a las universidades brasile\u00f1as y latinoamericanas a unirse a la red global, contribuyendo a una sociedad m\u00e1s justa, inclusiva y amigable con todas las edades.<br \/>\nAcceda a la Gu\u00eda completa: www.ippds.ufv.br <a href=\"https:\/\/www.ippds.ufv.br\/\"><br \/>\n<\/a>Sepa m\u00e1s sobre la AFU GN: <u>www.agefriendlyuniversity.org<\/u><\/td>\n<\/tr>\n<\/tbody>\n<\/table>\n<p><strong>Para baixar o arquivo, clique em \u00ab adicionar ao carrinho \u00bb, mas na\u0303o se preocupe, o site na\u0303o pedir\u00e1 nenhuma informac\u0327a\u0303o de pagamento!<\/strong><\/p>\n<\/div>\n","protected":false},"featured_media":37791,"comment_status":"open","ping_status":"closed","template":"","meta":{"_bbp_topic_count":0,"_bbp_reply_count":0,"_bbp_total_topic_count":0,"_bbp_total_reply_count":0,"_bbp_voice_count":0,"_bbp_anonymous_reply_count":0,"_bbp_topic_count_hidden":0,"_bbp_reply_count_hidden":0,"_bbp_forum_subforum_count":0,"pmpro_default_level":""},"product_brand":[],"product_cat":[88],"product_tag":[70,87],"class_list":{"0":"post-37790","1":"product","2":"type-product","3":"status-publish","4":"has-post-thumbnail","6":"product_cat-e-books-gratis-2","7":"product_tag-ebook","8":"product_tag-e-books-gratis","9":"pmpro-has-access","11":"first","12":"instock","13":"downloadable","14":"virtual","15":"purchasable","16":"product-type-simple"},"_links":{"self":[{"href":"https:\/\/edicoes.portaldoenvelhecimento.com.br\/novo\/wp-json\/wp\/v2\/product\/37790","targetHints":{"allow":["GET"]}}],"collection":[{"href":"https:\/\/edicoes.portaldoenvelhecimento.com.br\/novo\/wp-json\/wp\/v2\/product"}],"about":[{"href":"https:\/\/edicoes.portaldoenvelhecimento.com.br\/novo\/wp-json\/wp\/v2\/types\/product"}],"replies":[{"embeddable":true,"href":"https:\/\/edicoes.portaldoenvelhecimento.com.br\/novo\/wp-json\/wp\/v2\/comments?post=37790"}],"version-history":[{"count":1,"href":"https:\/\/edicoes.portaldoenvelhecimento.com.br\/novo\/wp-json\/wp\/v2\/product\/37790\/revisions"}],"predecessor-version":[{"id":37793,"href":"https:\/\/edicoes.portaldoenvelhecimento.com.br\/novo\/wp-json\/wp\/v2\/product\/37790\/revisions\/37793"}],"wp:featuredmedia":[{"embeddable":true,"href":"https:\/\/edicoes.portaldoenvelhecimento.com.br\/novo\/wp-json\/wp\/v2\/media\/37791"}],"wp:attachment":[{"href":"https:\/\/edicoes.portaldoenvelhecimento.com.br\/novo\/wp-json\/wp\/v2\/media?parent=37790"}],"wp:term":[{"taxonomy":"product_brand","embeddable":true,"href":"https:\/\/edicoes.portaldoenvelhecimento.com.br\/novo\/wp-json\/wp\/v2\/product_brand?post=37790"},{"taxonomy":"product_cat","embeddable":true,"href":"https:\/\/edicoes.portaldoenvelhecimento.com.br\/novo\/wp-json\/wp\/v2\/product_cat?post=37790"},{"taxonomy":"product_tag","embeddable":true,"href":"https:\/\/edicoes.portaldoenvelhecimento.com.br\/novo\/wp-json\/wp\/v2\/product_tag?post=37790"}],"curies":[{"name":"wp","href":"https:\/\/api.w.org\/{rel}","templated":true}]}}