{"id":37785,"date":"2025-10-20T22:05:20","date_gmt":"2025-10-21T01:05:20","guid":{"rendered":"https:\/\/edicoes.portaldoenvelhecimento.com.br\/novo\/?post_type=product&#038;p=37785"},"modified":"2025-10-20T22:39:57","modified_gmt":"2025-10-21T01:39:57","slug":"guia-de-orientacao-para-ingresso-na-afu-gn-rede-global-de-universidades-amigas-da-pessoa-idosa","status":"publish","type":"product","link":"https:\/\/edicoes.portaldoenvelhecimento.com.br\/novo\/produto\/guia-de-orientacao-para-ingresso-na-afu-gn-rede-global-de-universidades-amigas-da-pessoa-idosa\/","title":{"rendered":"Guia de Orienta\u00e7\u00e3o Para Ingresso na AFU GN &#8211; Rede Global de Universidades Amigas da Pessoa Idosa (Portugu\u00eas)"},"content":{"rendered":"<div class=\"page\" title=\"Page 1\">\n<div class=\"page\" title=\"Page 1\">\n<div class=\"layoutArea\">\n<div class=\"column\">\n<p><strong>Ficha Te\u0301cnica<\/strong><\/p>\n<p>Este guia de orientac\u0327a\u0303o foi produzido por Lucas Vieira de Oliveira, como parte dos requisitos para a obtenc\u0327a\u0303o do ti\u0301tulo de Mestre em Administrac\u0327a\u0303o Pu\u0301blica, no a\u0302mbito do Mestrado Profissional em Administrac\u0327a\u0303o Pu\u0301blica em Rede (PROFIAP), da Universidade Federal de Vic\u0327osa. O trabalho foi orientado pela professora Simone Martins e coorientado pelas pro- fessoras Andre\u0301ia Queiroz Ribeiro e Cristina Caetano de Aguiar. Para sua elaborac\u0327a\u0303o, contou com o apoio da Dra. Mariana Reis Santimaria, li\u0301der regional da Age-Friendly University Global Network (AFU GN) na Ame\u0301rica do Sul, bem como com a colaborac\u0327a\u0303o de especialistas do Grupo UNIDES (Universidades na De\u0301cada do Envelhecimento Sauda\u0301vel), do Portal do Envelhecimento e Longeviver, da RIES-LAC (Red Latinoamericana de Envejecimiento Saludable), da OPAS\/OMS \u2013 Brasil e do comite\u0302 executivo da AFU GN.<\/p>\n<p><strong>Conteudistas e Coordenadores<\/strong><\/p>\n<p>Lucas Vieira de Oliveira \u2013 Rede Profiap, Universidade Federal de Vic\u0327osa (UFV); Simone Martins \u2013 Rede Profiap, Universidade Federal de Vic\u0327osa (UFV); Andre\u0301ia Queiroz Ribeiro \u2013 Universidade Federal de Vic\u0327osa (UFV); Cristina Caetano de Aguiar \u2013 Universidade Federal de Vic\u0327osa (UFV); Mariana Reis Santimaria \u2013 Pontifi\u0301cia Universidade Cato\u0301lica de Campinas PUC &#8211; Campinas<\/p>\n<p><strong>Revisa\u0303o te\u0301cnica<\/strong><\/p>\n<p>Cristina Caetano de Aguiar \u2013 Universidade Federal de Vic\u0327osa (UFV)<br \/>\nRodrigo Marques da Costa \u2013 Rede de Apoio a\u0300 Pessoa Idosa do Estado de Minas Gerais (RapiMG)<br \/>\nRenato Grego\u0301rio de Jesus \u2013 Conselho Estadual da Pessoa Idosa (CEI\/MG)<\/p>\n<p><strong>Colaborac\u0327a\u0303o te\u0301cnica especializada<\/strong><\/p>\n<p>Alejandro Perez-Duarte Fernandez Alejandro &#8211; ITESO Universidad Jesuita de Guadalajara \u2013 Me\u0301xico; Beltrina Co\u0302rte \u2013 Nu\u0301cleo de Estudos e Pesquisa do Envelhecimento da Pontifi\u0301cia Universidade Cato\u0301lica de Sa\u0303o Paulo (NEPE\/PUC-SP) e CEO do Portal do Envelhecimento e Longeviver.<br \/>\nDoris Hincapie\u0301 Rami\u0301rez \u2013 Universidad Catolica de Manizales (UCM) \u2013 Colo\u0302mbia<br \/>\nIvan Palomo \u2013 Universidad de Tauca (UTalca) \u2013 Chile e Red Interuniversitaria de Envejecimiento Saludable de Latinoame\u0301rica y el Caribe (RIES-LAC); Julialba Castellanos Ruiz &#8211; Universidad Auto\u0300noma de Manizales (UAM) &#8211; Colo\u0302mbia Maria Cristina Hoffmann -\u2013 Organizac\u0327a\u0303o Pan-Americana de Sau\u0301de &#8211; Organizac\u0327a\u0303o Mundial de Sau\u0301de (OPAS\/OMS) &#8211; Brasil; Maria de Lourdes Bernartt \u2013 Universidade Tecnolo\u0301gica Federal do Parana\u0301 (UTFPA); Maria Elisa Gonzalez Manso \u2013 Centro Universita\u0301rio Sa\u0303o Camilo (CSUC-SP); Maria Fernanda Baeta Neves Alonso da Costa- Universidade Federal de Sa\u0303o Paulo (UNIFESP) &#8211; Brasil; Mariela Bianco \u2013 Universidad ISALUD &#8211; Argentina; Pamela Francisca Jorquera Alvarez Pa\u0302mela &#8211; Flacso \/ Universidad de Chile (UCH) &#8211; Chile Pilar Monreal Boschi &#8211; Universidad de Girona (UdG) &#8211; Espanha; Rafael Andres Pizarro Mena \u2013 Universidad San Sebastia\u0301n (USS) Red Interuniversitaria de Envejecimiento Saludable de Latinoame\u0301rica y el Caribe &#8211; RIES-LAC<br \/>\nSilvia Elena Gasco\u0301n \u2013 Universidad ISALUD \u2013 Argentina; Silvia Maria Magalha\u0303es Costa \u2013 Grupo de Pesquisa em Espac\u0327os Deliberativos e Governanc\u0327a Pu\u0301blica (Gegop\/UFV\/CNPq) \u2013 Brasil<\/p>\n<\/div>\n<\/div>\n<\/div>\n<div class=\"layoutArea\">\n<div class=\"column\">\n<p>&nbsp;<\/p>\n<\/div>\n<\/div>\n<\/div>\n<div class=\"page\" title=\"Page 3\">\n<div class=\"layoutArea\">\n<div class=\"column\">\n<p>&nbsp;<\/p>\n<\/div>\n<\/div>\n<\/div>\n","protected":false},"excerpt":{"rendered":"<div class=\"woocommerce-product-details__short-description\">\n<p style=\"font-weight: 400;\"><strong>Guia de Orienta\u00e7\u00e3o para Ades\u00e3o das Universidades \u00e0 Rede Global de Universidades Amigas da Pessoa Idosa<\/strong><\/p>\n<p style=\"font-weight: 400;\"><strong>\u00a0<\/strong><\/p>\n<p style=\"font-weight: 400;\">O <em>Guia de Orienta\u00e7\u00e3o para Ades\u00e3o das Universidades \u00e0 Rede Global de Universidades Amigas da Pessoa Idosa<\/em> (Age-Friendly University Global Network \u2013 AFU GN) representa um marco na promo\u00e7\u00e3o da longevidade e da inclus\u00e3o nas institui\u00e7\u00f5es de ensino superior da Am\u00e9rica do Sul.<\/p>\n<p style=\"font-weight: 400;\"><strong>\u00a0<\/strong><\/p>\n<p style=\"font-weight: 400;\">O Guia foi elaborado para sensibilizar universidades sul-americanas sobre o tema do envelhecimento populacional e orient\u00e1-las quanto ao processo de ingresso na rede global. O material apresenta a hist\u00f3ria e os princ\u00edpios da Age-Friendly University, criada em 2012 pela Dublin City University (Irlanda) e atualmente liderada pela Arizona State University (EUA). A iniciativa re\u00fane 136 universidades de 14 pa\u00edses e cinco continentes comprometidas com a valoriza\u00e7\u00e3o das pessoas idosas no ensino, na pesquisa e na extens\u00e3o.<\/p>\n<p style=\"font-weight: 400;\">O Guia organiza-se em quatro blocos principais:<\/p>\n<p style=\"font-weight: 400;\">1) Fundamentos da AFU GN \u2013 contextualiza\u00e7\u00e3o da rede e seus objetivos;<\/p>\n<p style=\"font-weight: 400;\">2) Dez princ\u00edpios norteadores \u2013 refer\u00eancia para o planejamento institucional;<\/p>\n<p style=\"font-weight: 400;\">3) Oito passos para ades\u00e3o \u2013 roteiro pr\u00e1tico para universidades interessadas;<\/p>\n<p style=\"font-weight: 400;\">4) Benef\u00edcios e orienta\u00e7\u00f5es complementares \u2013 vantagens e oportunidades da integra\u00e7\u00e3o \u00e0 rede.<\/p>\n<p style=\"font-weight: 400;\">O guia ainda oferece modelos e instrumentos pr\u00e1ticos para apoiar a cria\u00e7\u00e3o de comit\u00eas gestores interdisciplinares, a realiza\u00e7\u00e3o de diagn\u00f3sticos institucionais e a elabora\u00e7\u00e3o de planos de a\u00e7\u00e3o alinhados aos princ\u00edpios da AFU GN \u2014 todos passos essenciais para a ades\u00e3o formal \u00e0 rede.<\/p>\n<p style=\"font-weight: 400;\">O material foi desenvolvido no \u00e2mbito do Mestrado Profissional em Administra\u00e7\u00e3o P\u00fablica (PROFIAP\/UFV) como produto t\u00e9cnico-tecnol\u00f3gico da disserta\u00e7\u00e3o de Lucas Vieira de Oliveira, sob orienta\u00e7\u00e3o da professora Simone Martins e coorienta\u00e7\u00e3o das professoras Andr\u00e9ia Queiroz Ribeiro e Cristina Caetano de Aguiar, sendo estes co-autores, juntamente com Mariana Reis Santimaria, da PUC Campinas.<\/p>\n<p style=\"font-weight: 400;\">A produ\u00e7\u00e3o do guia contou com revis\u00e3o e colabora\u00e7\u00e3o t\u00e9cnica de especialistas de universidades da Am\u00e9rica Latina e Europa, incluindo representantes da OPAS\/OMS, da Red Latinoamericana de Envejecimiento Saludable (RIES-LAC), da Universidad de Girona (Espanha) e do Portal do Envelhecimento e Longeviver.<\/p>\n<table style=\"font-weight: 400;\">\n<tbody>\n<tr>\n<td width=\"566\"><strong>Servi\u00e7o<\/strong><\/p>\n<p>O guia est\u00e1 dispon\u00edvel gratuitamente no Portal do Envelhecimento e Longeviver e no site do Instituto de Pol\u00edticas P\u00fablicas e Desenvolvimento Sustent\u00e1vel (IPPDS\/UFV). Sua ampla divulga\u00e7\u00e3o busca estimular universidades brasileiras e latino-americanas a se unirem \u00e0 rede global, contribuindo para uma sociedade mais justa, inclusiva e amiga de todas as idades.<\/p>\n<p>Acesse o Guia completo: <a href=\"https:\/\/www.ippds.ufv.br\/\">www.ippds.ufv.br<\/a><\/p>\n<p>Saiba mais sobre a AFU GN: <a href=\"https:\/\/www.agefriendlyuniversity.org\/\">www.agefriendlyuniversity.org<\/a><\/td>\n<\/tr>\n<\/tbody>\n<\/table>\n<p><strong>Para baixar o arquivo, clique em \u00ab adicionar ao carrinho \u00bb, mas na\u0303o se preocupe, o site na\u0303o pedir\u00e1 nenhuma informac\u0327a\u0303o de pagamento!<\/strong><\/p>\n<\/div>\n","protected":false},"featured_media":37786,"comment_status":"open","ping_status":"closed","template":"","meta":{"_bbp_topic_count":0,"_bbp_reply_count":0,"_bbp_total_topic_count":0,"_bbp_total_reply_count":0,"_bbp_voice_count":0,"_bbp_anonymous_reply_count":0,"_bbp_topic_count_hidden":0,"_bbp_reply_count_hidden":0,"_bbp_forum_subforum_count":0,"pmpro_default_level":""},"product_brand":[],"product_cat":[88],"product_tag":[70,87],"class_list":{"0":"post-37785","1":"product","2":"type-product","3":"status-publish","4":"has-post-thumbnail","6":"product_cat-e-books-gratis-2","7":"product_tag-ebook","8":"product_tag-e-books-gratis","9":"pmpro-has-access","11":"first","12":"instock","13":"downloadable","14":"virtual","15":"purchasable","16":"product-type-simple"},"_links":{"self":[{"href":"https:\/\/edicoes.portaldoenvelhecimento.com.br\/novo\/wp-json\/wp\/v2\/product\/37785","targetHints":{"allow":["GET"]}}],"collection":[{"href":"https:\/\/edicoes.portaldoenvelhecimento.com.br\/novo\/wp-json\/wp\/v2\/product"}],"about":[{"href":"https:\/\/edicoes.portaldoenvelhecimento.com.br\/novo\/wp-json\/wp\/v2\/types\/product"}],"replies":[{"embeddable":true,"href":"https:\/\/edicoes.portaldoenvelhecimento.com.br\/novo\/wp-json\/wp\/v2\/comments?post=37785"}],"version-history":[{"count":3,"href":"https:\/\/edicoes.portaldoenvelhecimento.com.br\/novo\/wp-json\/wp\/v2\/product\/37785\/revisions"}],"predecessor-version":[{"id":37794,"href":"https:\/\/edicoes.portaldoenvelhecimento.com.br\/novo\/wp-json\/wp\/v2\/product\/37785\/revisions\/37794"}],"wp:featuredmedia":[{"embeddable":true,"href":"https:\/\/edicoes.portaldoenvelhecimento.com.br\/novo\/wp-json\/wp\/v2\/media\/37786"}],"wp:attachment":[{"href":"https:\/\/edicoes.portaldoenvelhecimento.com.br\/novo\/wp-json\/wp\/v2\/media?parent=37785"}],"wp:term":[{"taxonomy":"product_brand","embeddable":true,"href":"https:\/\/edicoes.portaldoenvelhecimento.com.br\/novo\/wp-json\/wp\/v2\/product_brand?post=37785"},{"taxonomy":"product_cat","embeddable":true,"href":"https:\/\/edicoes.portaldoenvelhecimento.com.br\/novo\/wp-json\/wp\/v2\/product_cat?post=37785"},{"taxonomy":"product_tag","embeddable":true,"href":"https:\/\/edicoes.portaldoenvelhecimento.com.br\/novo\/wp-json\/wp\/v2\/product_tag?post=37785"}],"curies":[{"name":"wp","href":"https:\/\/api.w.org\/{rel}","templated":true}]}}