{"id":31148,"date":"2025-11-07T20:46:19","date_gmt":"2025-11-07T23:46:19","guid":{"rendered":"https:\/\/edicoes.portaldoenvelhecimento.com.br\/novo\/?post_type=product&#038;p=31148"},"modified":"2025-12-15T17:12:36","modified_gmt":"2025-12-15T20:12:36","slug":"combo-de-e-books-memoria-e-cognicao","status":"publish","type":"product","link":"https:\/\/edicoes.portaldoenvelhecimento.com.br\/novo\/produto\/combo-de-e-books-memoria-e-cognicao\/","title":{"rendered":"COMBO DE E-BOOKS: Mem\u00f3ria e Cogni\u00e7\u00e3o"},"content":{"rendered":"<p>Neste pacote voc\u00ea tem como carro chefe os livros:<\/p>\n<ol>\n<li>Labirintos da Mem\u00f3ria: Quem sou?<\/li>\n<li>Sacudindo a Mem\u00f3ria: Tempos de Tessituras Intergeracionais<\/li>\n<\/ol>\n<p>Voc\u00ea ter\u00e1 acesso aos livros resultantes das Oficinas de Mem\u00f3rias L\u00fadicas comandadas pela professora Cremilda Medina, da USP. As Oficinas s\u00e3o oferecidas duas vezes ao ano, primeiro e segundo semestre, e as mem\u00f3rias que afloram delas automaticamente s\u00e3o transformadas em livros, conhe\u00e7a os t\u00edtulos e se prepare para ter suas mem\u00f3rias registradas nos pr\u00f3ximos. Use como exemplo para suas pr\u00f3prias oficinas com idosos e desenvolva narrativas como as dos participantes das oficinas com temas como Viagem, Ruas etc:<\/p>\n<ol>\n<li style=\"font-weight: 400;\">Narrar \u00e9 LongeViver, 2020<\/li>\n<li style=\"font-weight: 400;\">Mem\u00f3rias L\u00fadicas, ABCed\u00e1rio de Autores e suas Hist\u00f3rias. 2022<\/li>\n<li style=\"font-weight: 400;\">2020, O Ano em que o Mundo se Afetou (narrativas apesar de). 2022<\/li>\n<li>Mem\u00f3rias L\u00fadicas em Tempo de Pandemia<\/li>\n<li style=\"font-weight: 400;\">Escrita L\u00fadica: do Imagin\u00e1rio Persistente. 2023<\/li>\n<li style=\"font-weight: 400;\">Biografar Hist\u00f3rias de Vida (in)Comum. 2023<\/li>\n<li style=\"font-weight: 400;\">Escrita autoral, Ruas de Nossa Vida. 2023<\/li>\n<li style=\"font-weight: 400;\">Sagas da Viagem. 2023<\/li>\n<li style=\"font-weight: 400;\">Criatividade nos Cotidianos Escolares. 2024<\/li>\n<li style=\"font-weight: 400;\">E-book Reproposta: para todas as idades<\/li>\n<\/ol>\n<p>Para completar o pacote, dois Cadernos de exerc\u00edcios para estimular a mente e um caderno pedag\u00f3gico:<\/p>\n<ol>\n<li>Caderno Virtual \u2013 Exerc\u00edcios para Estimular a Mente (Vol. 1)<\/li>\n<li>Caderno: Estimula\u00e7\u00e3o Cognitiva \u2013 Caderno de Exerc\u00edcios<\/li>\n<li>Caderno pedag\u00f3gico: Hist\u00f3rias e Mem\u00f3rias<\/li>\n<\/ol>\n<p>&nbsp;<\/p>\n<p>Boa leitura!<\/p>\n","protected":false},"excerpt":{"rendered":"<p>O livro <strong>&#8220;Labirintos da Mem\u00f3ria&#8221;<\/strong> faz uma articula\u00e7\u00e3o importante entre mem\u00f3ria, tempo e narrativa como arte de express\u00e3o. Assim, verificamos que desde os tempos mitol\u00f3gicos, passando por fil\u00f3sofos como Plat\u00e3o, Arist\u00f3teles, Santo Agostinho entre \u00a0outros, at\u00e9 hoje o tema Mem\u00f3ria, e os termos que dele se desdobram, tem sido objeto de reflex\u00e3o tamb\u00e9m da filosofia, das religi\u00f5es e da lingu\u00edstica, como arte narrativa. Se pensarmos no amplo tema \u2013 Tempo \u2013, intrinsecamente ligado \u00e0 Mem\u00f3ria, podemos tamb\u00e9m incluir a f\u00edsica, a hist\u00f3ria, a antropologia, entre outras ci\u00eancias.<\/p>\n<p><strong>&#8220;Sacudindo a Mem\u00f3ria&#8221;<\/strong> tem como objetivo compreender em que medida as experi\u00eancias narrativas da mem\u00f3ria autobiogr\u00e1fica da pessoa idosa funcionam como dispositivos relacionais entre gera\u00e7\u00f5es e seu potencial de ressignifica\u00e7\u00e3o, de transmiss\u00e3o, modifica\u00e7\u00e3o e de constru\u00e7\u00e3o de rela\u00e7\u00f5es entre jovens e idosos, diminuindo os poss\u00edveis preconceitos et\u00e1rios de ambas as partes, criando um lugar confi\u00e1vel e comunicativo, que favorece o conv\u00edvio intergeracional, e constituindo um importante canal de transmiss\u00e3o da \u201cexperi\u00eancia cultural\u201d dos idosos.<\/p>\n<p>Os livros de &#8220;<strong>Mem\u00f3rias L\u00fadicas&#8221;<\/strong>, resultantes das <strong>Oficinas de Narrativas da Contemporaneidade<\/strong>, revelam um saboroso caminho pelo qual voc\u00ea pode transitar por conta pr\u00f3pria, reunido suas mem\u00f3rias de acordo com os temas propostos, fazendo um exerc\u00edcio mental saud\u00e1vel que ir\u00e1 preservar sua mente e valorizar sua velhice.<\/p>\n<p>Al\u00e9m disso, a <strong>Estimula\u00e7\u00e3o Cognitiva<\/strong> \u00e9 o foco dos cadernos que acompanham o pacote.<\/p>\n<p>Boa leitura<\/p>\n<p>P\/S: O melhor exerc\u00edcio para a mem\u00f3ria \u00e9 a leitura, mas n\u00e3o a leitura de not\u00edcias que estressam, mas leituras leves, romances, que permitam sonhar, formar imagens, criar, estimular os sentidos. Por\u00e9m, n\u00e3o existe exerc\u00edcio mais completo para a mem\u00f3ria do que a escrita. Portanto, veja os exemplos apontados nos livros de Mem\u00f3rias L\u00fadicas e brinque de escrever seguido os exemplos. Ruas de Nossa Vida, pense nas ruas com as quais teve contatos afetivos e descreva os momentos marcantes que viveu quando a frequentava; Sagas da Viagem, pense em qual foi mais marcante do ponto de vista l\u00fadico&#8230; E assim por diante. Pode usar os exerc\u00edcios pessoalmente ou aplicar para ser desenvolvido por um grupo. No final, nada impede que esse conte\u00fado seja reunido em um livro como temos feito no Portal do Envelhecimento.<\/p>\n<p>&nbsp;<\/p>\n","protected":false},"featured_media":32101,"comment_status":"open","ping_status":"closed","template":"","meta":{"_bbp_topic_count":0,"_bbp_reply_count":0,"_bbp_total_topic_count":0,"_bbp_total_reply_count":0,"_bbp_voice_count":0,"_bbp_anonymous_reply_count":0,"_bbp_topic_count_hidden":0,"_bbp_reply_count_hidden":0,"_bbp_forum_subforum_count":0,"pmpro_default_level":""},"product_brand":[],"product_cat":[67,90,71,69],"product_tag":[68],"class_list":{"0":"post-31148","1":"product","2":"type-product","3":"status-publish","4":"has-post-thumbnail","6":"product_cat-ebooks","7":"product_cat-livros-sobre-alzheimer","8":"product_cat-promocoes","9":"product_cat-todos-livros","10":"product_tag-livros","11":"pmpro-has-access","13":"first","14":"instock","15":"sale","16":"downloadable","17":"virtual","18":"purchasable","19":"product-type-simple"},"_links":{"self":[{"href":"https:\/\/edicoes.portaldoenvelhecimento.com.br\/novo\/wp-json\/wp\/v2\/product\/31148","targetHints":{"allow":["GET"]}}],"collection":[{"href":"https:\/\/edicoes.portaldoenvelhecimento.com.br\/novo\/wp-json\/wp\/v2\/product"}],"about":[{"href":"https:\/\/edicoes.portaldoenvelhecimento.com.br\/novo\/wp-json\/wp\/v2\/types\/product"}],"replies":[{"embeddable":true,"href":"https:\/\/edicoes.portaldoenvelhecimento.com.br\/novo\/wp-json\/wp\/v2\/comments?post=31148"}],"version-history":[{"count":14,"href":"https:\/\/edicoes.portaldoenvelhecimento.com.br\/novo\/wp-json\/wp\/v2\/product\/31148\/revisions"}],"predecessor-version":[{"id":39292,"href":"https:\/\/edicoes.portaldoenvelhecimento.com.br\/novo\/wp-json\/wp\/v2\/product\/31148\/revisions\/39292"}],"wp:featuredmedia":[{"embeddable":true,"href":"https:\/\/edicoes.portaldoenvelhecimento.com.br\/novo\/wp-json\/wp\/v2\/media\/32101"}],"wp:attachment":[{"href":"https:\/\/edicoes.portaldoenvelhecimento.com.br\/novo\/wp-json\/wp\/v2\/media?parent=31148"}],"wp:term":[{"taxonomy":"product_brand","embeddable":true,"href":"https:\/\/edicoes.portaldoenvelhecimento.com.br\/novo\/wp-json\/wp\/v2\/product_brand?post=31148"},{"taxonomy":"product_cat","embeddable":true,"href":"https:\/\/edicoes.portaldoenvelhecimento.com.br\/novo\/wp-json\/wp\/v2\/product_cat?post=31148"},{"taxonomy":"product_tag","embeddable":true,"href":"https:\/\/edicoes.portaldoenvelhecimento.com.br\/novo\/wp-json\/wp\/v2\/product_tag?post=31148"}],"curies":[{"name":"wp","href":"https:\/\/api.w.org\/{rel}","templated":true}]}}