{"id":30725,"date":"2025-01-30T18:46:31","date_gmt":"2025-01-30T21:46:31","guid":{"rendered":"https:\/\/edicoes.portaldoenvelhecimento.com.br\/novo\/?post_type=product&#038;p=30725"},"modified":"2025-05-23T11:04:42","modified_gmt":"2025-05-23T14:04:42","slug":"preparacao-financeira-para-a-aposentadoria","status":"publish","type":"product","link":"https:\/\/edicoes.portaldoenvelhecimento.com.br\/novo\/produto\/preparacao-financeira-para-a-aposentadoria\/","title":{"rendered":"Prepara\u00e7\u00e3o Financeira Para a Aposentadoria"},"content":{"rendered":"","protected":false},"excerpt":{"rendered":"<p><b>Cartilha <\/b><b><i>\u201cPrepara\u00e7\u00e3o financeira para a aposentadoria\u201d<\/i><\/b><b>\u00a0<\/b><\/p>\n<p>&nbsp;<\/p>\n<p><span style=\"font-weight: 400;\">A cartilha \u201c<\/span><i><span style=\"font-weight: 400;\">Prepara\u00e7\u00e3o financeira para a aposentadoria\u201d <\/span><\/i><span style=\"font-weight: 400;\">apresenta informa\u00e7\u00f5es e instruc\u0327o\u0303es relevantes para todos os cidad\u00e3os interessados no tema. Trata-se de um guia financeiro essencial. O texto parte de uma se\u0301rie de conceitos e evide\u0302ncias iniciais para, em seguida, apresentar alguns passos importantes para uma adequada preparac\u0327a\u0303o financeira para a aposentadoria.<\/span><\/p>\n<p><span style=\"font-weight: 400;\">A publica\u00e7\u00e3o foi organizada pelos professores da Universidade Federal de Santa Maria, especificamente do Programa de P\u00f3s-Gradua\u00e7\u00e3o em Gest\u00e3o de Organiza\u00e7\u00f5es P\u00fablicas: Kelmara Mendes Vieira, Breno Augusto Diniz Pereira, Leander Luiz Klein, Natali Morgana Cassola e Taiane Keila Matheis. A cartilha contou com o apoio do Ita\u00fa Viver Mais e do Portal do Envelhecimento.<\/span><\/p>\n<p><span style=\"font-weight: 400;\">A aposentadoria \u00e9 uma e\u0301poca de rupturas e mudanc\u0327as, em que se rompe uma rotina de trabalho, muitas vezes prazerosa, mas ao mesmo tempo estressante e cansativa; deixa-se de conviver diariamente com colegas de trabalho e a rotina de hora\u0301rios muda. E, enta\u0303o, surge o ta\u0303o sonhado tempo livre. Ao se aposentar, o amplo domi\u0301nio do tempo, permite uma maior liberdade de escolha e o reestabelecimento do pro\u0301prio ritmo.<\/span><\/p>\n<p><span style=\"font-weight: 400;\">Para ajudar as pessoas interessadas no processo de preparac\u0327a\u0303o financeira para a aposentadoria, a Cartilha sugere um conjunto de 9 etapas. S\u00e3o elas:<\/span><\/p>\n<p><span style=\"font-weight: 400;\">1 &#8211; Descubra quando podera\u0301 se aposentar;<\/span><\/p>\n<p><span style=\"font-weight: 400;\">2 &#8211; Converse e decida sobre a preparac\u0327a\u0303o financeira para a aposentadoria;<\/span><\/p>\n<p><span style=\"font-weight: 400;\">3 &#8211; Estime o quanto recebera\u0301 na aposentadoria;<\/span><\/p>\n<p><span style=\"font-weight: 400;\">4 &#8211; Fac\u0327a um levantamento dos gastos na aposentadoria;<\/span><\/p>\n<p><span style=\"font-weight: 400;\">5 &#8211; Descubra o quanto de dinheiro faltara\u0301 na sua aposentadoria;<\/span><\/p>\n<p><span style=\"font-weight: 400;\">6 &#8211; Planeje como podera\u0301 ajustar os gastos atuais;<\/span><\/p>\n<p><span style=\"font-weight: 400;\">7 &#8211; Descubra quanto precisa poupar para a aposentadoria;<\/span><\/p>\n<p><span style=\"font-weight: 400;\">8 &#8211; Escolha seus investimentos;<\/span><\/p>\n<p><span style=\"font-weight: 400;\">9 &#8211; Controle seus investimentos.<\/span><\/p>\n<p><span style=\"font-weight: 400;\">Quanto antes se comec\u0327ar a poupar para a aposentadoria, mais tempo se tera\u0301 para acumular os recursos necessa\u0301rios. E, com mais tempo para acumular, menor ser\u00e1 o esforc\u0327o mensal. Assim, o quanto antes comec\u0327ar, menos complicado sera\u0301.<\/span><\/p>\n<p>&nbsp;<\/p>\n<hr \/>\n<div class=\"woocommerce-product-details__short-description\">\n<p><strong>Para baixar o arquivo, clique em \u00ab adicionar ao carrinho \u00bb, mas na\u0303o se preocupe, o site na\u0303o pedir\u00e1 nenhuma informac\u0327a\u0303o de pagamento!<\/strong><\/p>\n<\/div>\n","protected":false},"featured_media":30733,"comment_status":"open","ping_status":"closed","template":"","meta":{"_bbp_topic_count":0,"_bbp_reply_count":0,"_bbp_total_topic_count":0,"_bbp_total_reply_count":0,"_bbp_voice_count":0,"_bbp_anonymous_reply_count":0,"_bbp_topic_count_hidden":0,"_bbp_reply_count_hidden":0,"_bbp_forum_subforum_count":0,"pmpro_default_level":""},"product_brand":[],"product_cat":[88],"product_tag":[70,87],"class_list":{"0":"post-30725","1":"product","2":"type-product","3":"status-publish","4":"has-post-thumbnail","6":"product_cat-e-books-gratis-2","7":"product_tag-ebook","8":"product_tag-e-books-gratis","9":"pmpro-has-access","11":"first","12":"instock","13":"downloadable","14":"virtual","15":"purchasable","16":"product-type-simple"},"_links":{"self":[{"href":"https:\/\/edicoes.portaldoenvelhecimento.com.br\/novo\/wp-json\/wp\/v2\/product\/30725","targetHints":{"allow":["GET"]}}],"collection":[{"href":"https:\/\/edicoes.portaldoenvelhecimento.com.br\/novo\/wp-json\/wp\/v2\/product"}],"about":[{"href":"https:\/\/edicoes.portaldoenvelhecimento.com.br\/novo\/wp-json\/wp\/v2\/types\/product"}],"replies":[{"embeddable":true,"href":"https:\/\/edicoes.portaldoenvelhecimento.com.br\/novo\/wp-json\/wp\/v2\/comments?post=30725"}],"version-history":[{"count":4,"href":"https:\/\/edicoes.portaldoenvelhecimento.com.br\/novo\/wp-json\/wp\/v2\/product\/30725\/revisions"}],"predecessor-version":[{"id":33873,"href":"https:\/\/edicoes.portaldoenvelhecimento.com.br\/novo\/wp-json\/wp\/v2\/product\/30725\/revisions\/33873"}],"wp:featuredmedia":[{"embeddable":true,"href":"https:\/\/edicoes.portaldoenvelhecimento.com.br\/novo\/wp-json\/wp\/v2\/media\/30733"}],"wp:attachment":[{"href":"https:\/\/edicoes.portaldoenvelhecimento.com.br\/novo\/wp-json\/wp\/v2\/media?parent=30725"}],"wp:term":[{"taxonomy":"product_brand","embeddable":true,"href":"https:\/\/edicoes.portaldoenvelhecimento.com.br\/novo\/wp-json\/wp\/v2\/product_brand?post=30725"},{"taxonomy":"product_cat","embeddable":true,"href":"https:\/\/edicoes.portaldoenvelhecimento.com.br\/novo\/wp-json\/wp\/v2\/product_cat?post=30725"},{"taxonomy":"product_tag","embeddable":true,"href":"https:\/\/edicoes.portaldoenvelhecimento.com.br\/novo\/wp-json\/wp\/v2\/product_tag?post=30725"}],"curies":[{"name":"wp","href":"https:\/\/api.w.org\/{rel}","templated":true}]}}