{"id":28096,"date":"2024-10-04T19:16:27","date_gmt":"2024-10-04T22:16:27","guid":{"rendered":"https:\/\/edicoes.portaldoenvelhecimento.com.br\/novo\/?post_type=product&#038;p=28096"},"modified":"2025-05-23T11:17:40","modified_gmt":"2025-05-23T14:17:40","slug":"narrar-el-envejecimiento-desde-la-identidad-2","status":"publish","type":"product","link":"https:\/\/edicoes.portaldoenvelhecimento.com.br\/novo\/produto\/narrar-el-envejecimiento-desde-la-identidad-2\/","title":{"rendered":"Narrar el Envejecimiento Desde la Identidad"},"content":{"rendered":"<div class=\"column\">\n<div class=\"page\" title=\"Page 1\">\n<div class=\"layoutArea\">\n<div class=\"column\">\n<p><strong>SUMA\u0301RIO<\/strong><\/p>\n<\/div>\n<\/div>\n<\/div>\n<div class=\"page\" title=\"Page 4\">\n<div class=\"layoutArea\">\n<div class=\"column\">\n<div class=\"page\" title=\"Page 2\">\n<div class=\"layoutArea\">\n<div class=\"column\">\n<div class=\"page\" title=\"Page 1\">\n<div class=\"layoutArea\">\n<div class=\"column\">\n<p>Prefacio &#8230;&#8230;&#8230;&#8230;&#8230;&#8230;&#8230;&#8230;&#8230;&#8230;&#8230;&#8230;&#8230;&#8230;&#8230;&#8230;&#8230;&#8230;&#8230;&#8230;&#8230;&#8230;&#8230;&#8230;&#8230;&#8230;&#8230;&#8230;&#8230;&#8230;&#8230;&#8230;&#8230;&#8230;. 7<\/p>\n<p>Introduccio\u0301n &#8230;&#8230;&#8230;&#8230;&#8230;&#8230;&#8230;&#8230;&#8230;&#8230;&#8230;&#8230;&#8230;&#8230;&#8230;&#8230;&#8230;&#8230;&#8230;&#8230;&#8230;&#8230;&#8230;&#8230;&#8230;&#8230;&#8230;&#8230;&#8230;&#8230;&#8230;.. 9<\/p>\n<p>Capi\u0301tulo I<\/p>\n<p>La identidad social en el envejecimiento y la vejez &#8230;&#8230;&#8230;&#8230;&#8230;&#8230;&#8230;&#8230;&#8230;&#8230; 15<\/p>\n<p>Capi\u0301tulo II<\/p>\n<p>La identidad psicolo\u0301gica en el envejecimiento&#8230;&#8230;&#8230;&#8230;&#8230;&#8230;&#8230;&#8230;&#8230;&#8230;&#8230;&#8230;&#8230;&#8230;51<\/p>\n<p>Capi\u0301tulo III<\/p>\n<p>Teori\u0301as y perspectivas sobre la identidad en la vejez&#8230;&#8230;&#8230;&#8230;&#8230;&#8230;&#8230;&#8230;.69<\/p>\n<p>Capi\u0301tulo IV<\/p>\n<p>El envejecimiento segu\u0301n la identidad narrativa&#8230;&#8230;&#8230;&#8230;&#8230;&#8230;&#8230;&#8230;&#8230;&#8230;&#8230;&#8230;.103<\/p>\n<p>Capi\u0301tulo V<\/p>\n<p>Perspectivas psicoanali\u0301ticas sobre la vejez&#8230;&#8230;&#8230;&#8230;&#8230;&#8230;&#8230;&#8230;&#8230;&#8230;&#8230;&#8230;&#8230;&#8230;&#8230;.147<\/p>\n<p>Capi\u0301tulo VI<\/p>\n<p>Configuraciones vinculares en las personas mayores&#8230;&#8230;&#8230;&#8230;&#8230;&#8230;&#8230;&#8230;163<\/p>\n<p>Capi\u0301tulo VII<\/p>\n<p>Dolor psi\u0301quico en el envejecimiento&#8230;&#8230;&#8230;&#8230;&#8230;&#8230;&#8230;&#8230;&#8230;&#8230;&#8230;&#8230;&#8230;&#8230;&#8230;&#8230;&#8230;&#8230;&#8230;&#8230;.199<\/p>\n<p>Bibliografi\u0301a&#8230;&#8230;&#8230;&#8230;&#8230;&#8230;&#8230;&#8230;&#8230;&#8230;&#8230;&#8230;&#8230;&#8230;&#8230;&#8230;&#8230;&#8230;&#8230;&#8230;&#8230;&#8230;&#8230;&#8230;&#8230;&#8230;&#8230;&#8230;&#8230;&#8230;&#8230;&#8230;&#8230;&#8230;&#8230;&#8230;&#8230;&#8230;265<\/p>\n<\/div>\n<\/div>\n<\/div>\n<\/div>\n<\/div>\n<\/div>\n<p><strong>Caracter\u00edsticas do Produto:<\/strong><\/p>\n<\/div>\n<\/div>\n<\/div>\n<\/div>\n<p>PESO: 440Kg<br \/>\nI.S.B.N.: 978-85-69350-69-9<br \/>\nALTURA: 23,00 cm<br \/>\nLARGURA: 16,00 cm<br \/>\nPROFUNDIDADE: 2,0 cm<br \/>\nN\u00daMERO DE P\u00c1GINAS: 290<br \/>\nIDIOMA: Espanhol<br \/>\nACABAMENTO: Brochura<br \/>\nC\u00d3D. BARRAS: 9788569350699<br \/>\nANO DA EDI\u00c7\u00c3O: 2024<br \/>\nAUTORA: Ricardo Iacub<\/p>\n","protected":false},"excerpt":{"rendered":"<p>\u00bfC\u00f3mo se construye la noci\u00f3n de vejez, y en buena medida, el colectivo \u201cviejos\u201d o \u201cpersonas mayores\u201d; de qu\u00e9 modo dichas concepciones modelan las identidades; y cu\u00e1les son las implicancias \u00e9ticas de esas miradas? La concepci\u00f3n de vejez y el tipo de identidad que se conforme, tanto en el sujeto como en aquellos que investigan y trabajan sobre esta tem\u00e1tica, se tomar\u00e1n medidas, se propondr\u00e1n acciones y asumir\u00e1n l\u00edmites o posibilidades frente al proceso de envejecimiento.<\/p>\n<p>Los significados del envejecimiento y la vejez no son cuestiones menores a la hora de tratar su psicolog\u00eda. Cada uno de los modos de narrarlos supone concepciones diversas y contradictorias, din\u00e1micas en el tiempo y con sentidos variables (positivos o negativos). M\u00e1s a\u00fan, son espacios en construcci\u00f3n.<\/p>\n<p>Por esa raz\u00f3n, la multiplicidad de factores que inciden en dichas construcciones requiere abordajes que tengan en cuenta la complejidad implicada en su conceptualizaci\u00f3n. Es precisamente ah\u00ed donde el concepto identidad surge como eje articulador e integrador de la psicolog\u00eda del envejecimiento y la vejez.<\/p>\n<p>Este libro se sit\u00faa entre diversas l\u00edneas te\u00f3ricas de la gerontolog\u00eda y de la psicolog\u00eda, y plantea un enfoque alternativo basado en fuentes variadas, donde se piensa al sujeto desde el marco de su identidad. Esto implica describir el modo en que se narra la experiencia del envejecimiento y la vejez.<\/p>\n<p>&nbsp;<\/p>\n<h3><strong>Adquira o e-book gratuitamente clicando neste link:<\/strong><\/h3>\n<p><strong><a href=\"https:\/\/drive.google.com\/file\/d\/1H9-mUw2SamDBkRfnb5CxLlxeWxJY2nAP\/view?usp=sharing\">https:\/\/drive.google.com\/file\/d\/1H9-mUw2SamDBkRfnb5CxLlxeWxJY2nAP\/view?usp=sharing<\/a><\/strong><\/p>\n<p>&nbsp;<\/p>\n<p>Ou clicando em &#8220;adicionar ao carrinho&#8221; logo abaixo (como \u00e9 um produto gratuito o site n\u00e3o pedir\u00e1 informa\u00e7\u00f5es de pagamento).<\/p>\n","protected":false},"featured_media":27628,"comment_status":"open","ping_status":"closed","template":"","meta":{"_bbp_topic_count":0,"_bbp_reply_count":0,"_bbp_total_topic_count":0,"_bbp_total_reply_count":0,"_bbp_voice_count":0,"_bbp_anonymous_reply_count":0,"_bbp_topic_count_hidden":0,"_bbp_reply_count_hidden":0,"_bbp_forum_subforum_count":0,"pmpro_default_level":""},"product_brand":[],"product_cat":[88],"product_tag":[70,87],"class_list":{"0":"post-28096","1":"product","2":"type-product","3":"status-publish","4":"has-post-thumbnail","6":"product_cat-e-books-gratis-2","7":"product_tag-ebook","8":"product_tag-e-books-gratis","9":"pmpro-has-access","11":"first","12":"instock","13":"downloadable","14":"virtual","15":"purchasable","16":"product-type-simple"},"_links":{"self":[{"href":"https:\/\/edicoes.portaldoenvelhecimento.com.br\/novo\/wp-json\/wp\/v2\/product\/28096","targetHints":{"allow":["GET"]}}],"collection":[{"href":"https:\/\/edicoes.portaldoenvelhecimento.com.br\/novo\/wp-json\/wp\/v2\/product"}],"about":[{"href":"https:\/\/edicoes.portaldoenvelhecimento.com.br\/novo\/wp-json\/wp\/v2\/types\/product"}],"replies":[{"embeddable":true,"href":"https:\/\/edicoes.portaldoenvelhecimento.com.br\/novo\/wp-json\/wp\/v2\/comments?post=28096"}],"version-history":[{"count":16,"href":"https:\/\/edicoes.portaldoenvelhecimento.com.br\/novo\/wp-json\/wp\/v2\/product\/28096\/revisions"}],"predecessor-version":[{"id":33877,"href":"https:\/\/edicoes.portaldoenvelhecimento.com.br\/novo\/wp-json\/wp\/v2\/product\/28096\/revisions\/33877"}],"wp:featuredmedia":[{"embeddable":true,"href":"https:\/\/edicoes.portaldoenvelhecimento.com.br\/novo\/wp-json\/wp\/v2\/media\/27628"}],"wp:attachment":[{"href":"https:\/\/edicoes.portaldoenvelhecimento.com.br\/novo\/wp-json\/wp\/v2\/media?parent=28096"}],"wp:term":[{"taxonomy":"product_brand","embeddable":true,"href":"https:\/\/edicoes.portaldoenvelhecimento.com.br\/novo\/wp-json\/wp\/v2\/product_brand?post=28096"},{"taxonomy":"product_cat","embeddable":true,"href":"https:\/\/edicoes.portaldoenvelhecimento.com.br\/novo\/wp-json\/wp\/v2\/product_cat?post=28096"},{"taxonomy":"product_tag","embeddable":true,"href":"https:\/\/edicoes.portaldoenvelhecimento.com.br\/novo\/wp-json\/wp\/v2\/product_tag?post=28096"}],"curies":[{"name":"wp","href":"https:\/\/api.w.org\/{rel}","templated":true}]}}