{"id":27734,"date":"2024-06-27T18:17:17","date_gmt":"2024-06-27T21:17:17","guid":{"rendered":"https:\/\/edicoes.portaldoenvelhecimento.com.br\/novo\/?post_type=product&#038;p=27734"},"modified":"2025-12-02T02:17:07","modified_gmt":"2025-12-02T05:17:07","slug":"criatividade-nos-cotidianos-escolares","status":"publish","type":"product","link":"https:\/\/edicoes.portaldoenvelhecimento.com.br\/novo\/produto\/criatividade-nos-cotidianos-escolares\/","title":{"rendered":"Criatividade nos Cotidianos Escolares"},"content":{"rendered":"<div class=\"page\" title=\"Page 1\">\n<div class=\"layoutArea\">\n<div class=\"column\">\n<div class=\"layoutArea\">\n<div class=\"column\">\n<div class=\"page\" title=\"Page 1\">\n<div class=\"layoutArea\">\n<div class=\"column\">\n<div class=\"page\" title=\"Page 1\">\n<div class=\"layoutArea\">\n<div class=\"column\">\n<div class=\"page\" title=\"Page 1\">\n<div class=\"layoutArea\">\n<div class=\"column\">\n<div class=\"page\" title=\"Page 1\">\n<div class=\"layoutArea\">\n<div class=\"column\">\n<div class=\"page\" title=\"Page 1\">\n<div class=\"layoutArea\">\n<div class=\"column\">\n<div class=\"layoutArea\">\n<div class=\"column\">\n<div class=\"column\">\n<div class=\"page\" title=\"Page 1\">\n<div class=\"layoutArea\">\n<div class=\"column\">\n<p><strong>SUMA\u0301RIO<\/strong><\/p>\n<\/div>\n<\/div>\n<\/div>\n<div class=\"page\" title=\"Page 4\">\n<div class=\"layoutArea\">\n<div class=\"column\">\n<div class=\"page\" title=\"Page 1\">\n<div class=\"layoutArea\">\n<div class=\"column\">\n<p><strong>PRIMEIRA PARTE<\/strong><\/p>\n<\/div>\n<\/div>\n<div class=\"layoutArea\">\n<div class=\"column\"><\/div>\n<\/div>\n<div class=\"layoutArea\">\n<div class=\"column\">\n<p><strong>1. Infa\u0302ncias na\u0303o disciplinadas<\/strong><\/p>\n<p>De inconsiste\u0302ncias e contradic\u0327o\u0303es &#8230;&#8230;&#8230;&#8230;&#8230;&#8230;&#8230;&#8230;&#8230;&#8230;&#8230;&#8230;&#8230;&#8230;&#8230;&#8230;&#8230; 19<\/p>\n<p>Ana Carneiro<\/p>\n<p>La\u0301 na Vila Monumento &#8230;&#8230;&#8230;&#8230;&#8230;&#8230;&#8230;&#8230;&#8230;&#8230;&#8230;&#8230;&#8230;&#8230;&#8230;&#8230;&#8230;&#8230;&#8230;&#8230;&#8230;&#8230;&#8230;.. 27<\/p>\n<p>Ana Elisa<\/p>\n<p>Portas que se abrem &#8230;&#8230;&#8230;&#8230;&#8230;&#8230;&#8230;&#8230;&#8230;&#8230;&#8230;&#8230;&#8230;&#8230;&#8230;&#8230;&#8230;&#8230;&#8230;&#8230;&#8230;&#8230;&#8230;&#8230;&#8230;.. 31<\/p>\n<p>Cida Moser<\/p>\n<p>Desalgemando lembranc\u0327as &#8230;&#8230;&#8230;&#8230;&#8230;&#8230;&#8230;&#8230;&#8230;&#8230;&#8230;&#8230;&#8230;&#8230;&#8230;&#8230;&#8230;&#8230;&#8230;&#8230;&#8230;. 35<\/p>\n<p>Eliane Jose\u0301<\/p>\n<p>Mirabolando: Anjos e Capetas &#8230;&#8230;&#8230;&#8230;&#8230;&#8230;&#8230;&#8230;&#8230;&#8230;&#8230;&#8230;&#8230;&#8230;&#8230;&#8230;&#8230;&#8230;&#8230; 39<\/p>\n<p>Francine Forte<\/p>\n<p>Nas dobras do barquinho (de papel) &#8230;&#8230;&#8230;&#8230;&#8230;&#8230;&#8230;&#8230;&#8230;&#8230;&#8230;&#8230;&#8230;&#8230;&#8230;. 51<\/p>\n<p>Genace\u0301ia Alberton<\/p>\n<p>Cho-co-la-te. Na\u0303o esta\u0303o vendo? &#8230;&#8230;&#8230;&#8230;&#8230;&#8230;&#8230;&#8230;&#8230;&#8230;&#8230;&#8230;&#8230;&#8230;&#8230;&#8230;&#8230;&#8230;.. 53<\/p>\n<p>Graciane Clemente<\/p>\n<p>Lac\u0327os etc., todo o dia &#8230;&#8230;&#8230;&#8230;&#8230;&#8230;&#8230;&#8230;&#8230;&#8230;&#8230;&#8230;&#8230;&#8230;&#8230;&#8230;&#8230;&#8230;&#8230;&#8230;&#8230;&#8230;&#8230;&#8230;&#8230; 59<\/p>\n<p>Maria da Grac\u0327a<\/p>\n<p>Dois atos no enredo da primeira idade &#8230;&#8230;&#8230;&#8230;&#8230;&#8230;&#8230;&#8230;&#8230;&#8230;&#8230;&#8230;&#8230;.. 63<\/p>\n<p>Maria Dusolina<\/p>\n<p>Entre o rio e o mar &#8230;&#8230;&#8230;&#8230;&#8230;&#8230;&#8230;&#8230;&#8230;&#8230;&#8230;&#8230;&#8230;&#8230;&#8230;&#8230;&#8230;&#8230;&#8230;&#8230;&#8230;&#8230;&#8230;&#8230;&#8230;&#8230;. 67<\/p>\n<p>Maria Ine\u0302s<\/p>\n<\/div>\n<\/div>\n<div class=\"layoutArea\">\n<div class=\"column\"><\/div>\n<\/div>\n<\/div>\n<div class=\"page\" title=\"Page 2\">\n<div class=\"layoutArea\">\n<div class=\"column\">\n<p>Pacto de sile\u0302ncio &#8230;&#8230;&#8230;&#8230;&#8230;&#8230;&#8230;&#8230;&#8230;&#8230;&#8230;&#8230;&#8230;&#8230;&#8230;&#8230;&#8230;&#8230;&#8230;&#8230;&#8230;&#8230;&#8230;&#8230;&#8230;&#8230;&#8230;&#8230; 71<\/p>\n<p>Ma\u0301rio Lucena<\/p>\n<p>Iniciac\u0327a\u0303o a\u0300 vida escolar &#8230;&#8230;&#8230;&#8230;&#8230;&#8230;&#8230;&#8230;&#8230;&#8230;&#8230;&#8230;&#8230;&#8230;&#8230;&#8230;&#8230;&#8230;&#8230;&#8230;&#8230;&#8230;&#8230;.. 73<\/p>\n<p>Neyza Furgler<\/p>\n<p>A pe\u0301 para o externato &#8230;&#8230;&#8230;&#8230;&#8230;&#8230;&#8230;&#8230;&#8230;&#8230;&#8230;&#8230;&#8230;&#8230;&#8230;&#8230;&#8230;&#8230;&#8230;&#8230;&#8230;&#8230;&#8230;&#8230;&#8230; 77<\/p>\n<p>Rita Amaral<\/p>\n<p>Poli\u0301tica. Desde o ini\u0301cio &#8230;&#8230;&#8230;&#8230;&#8230;&#8230;&#8230;&#8230;&#8230;&#8230;&#8230;&#8230;&#8230;&#8230;&#8230;&#8230;&#8230;&#8230;&#8230;&#8230;&#8230;&#8230;&#8230;.. 79<\/p>\n<p>Si\u0301lvia Aquino<\/p>\n<p>Sentidos a\u0300 tona &#8230;&#8230;&#8230;&#8230;&#8230;&#8230;&#8230;&#8230;&#8230;&#8230;&#8230;&#8230;&#8230;&#8230;&#8230;&#8230;&#8230;&#8230;&#8230;&#8230;&#8230;&#8230;&#8230;&#8230;&#8230;&#8230;&#8230;&#8230;.. 83<\/p>\n<p>So\u0302nia Fuentes<\/p>\n<p>Passos suaves para o infinito &#8230;&#8230;&#8230;&#8230;&#8230;&#8230;&#8230;&#8230;&#8230;&#8230;&#8230;&#8230;&#8230;&#8230;&#8230;&#8230;&#8230;&#8230;&#8230;. 107<\/p>\n<p>Suely Tonarque<\/p>\n<p>&nbsp;<\/p>\n<p><strong>2. Rebeldias da adolesce\u0302ncia<\/strong><\/p>\n<p>Pula, Ana. Pula. Pula. Pula &#8230;&#8230;&#8230;&#8230;&#8230;&#8230;&#8230;&#8230;&#8230;&#8230;&#8230;&#8230;&#8230;&#8230;&#8230;&#8230;&#8230;&#8230;&#8230;&#8230;.. 113<\/p>\n<p>Ana Carneiro<\/p>\n<p>No palco das incertezas &#8230;&#8230;&#8230;&#8230;&#8230;&#8230;&#8230;&#8230;&#8230;&#8230;&#8230;&#8230;&#8230;&#8230;&#8230;&#8230;&#8230;&#8230;&#8230;&#8230;&#8230;&#8230;.. 117<\/p>\n<p>Ana Elisa<\/p>\n<p>Dona Kombi e normalistas na estrada &#8230;&#8230;&#8230;&#8230;&#8230;&#8230;&#8230;&#8230;&#8230;&#8230;&#8230;&#8230;&#8230;. 121<\/p>\n<p>Cida Moser<\/p>\n<p>Momentos e personagens inesqueci\u0301veis &#8230;&#8230;&#8230;&#8230;&#8230;&#8230;&#8230;&#8230;&#8230;&#8230;&#8230;&#8230;. 127<\/p>\n<p>Eliane Jose\u0301<\/p>\n<p>Metamorfose ambulante &#8230;&#8230;&#8230;&#8230;&#8230;&#8230;&#8230;&#8230;&#8230;&#8230;&#8230;&#8230;&#8230;&#8230;&#8230;&#8230;&#8230;&#8230;&#8230;&#8230;&#8230;.. 133<\/p>\n<p>Francine Forte<\/p>\n<p>As muitas vidas do adorno utilita\u0301rio &#8230;&#8230;&#8230;&#8230;&#8230;&#8230;&#8230;&#8230;&#8230;&#8230;&#8230;&#8230;&#8230;&#8230;. 141<\/p>\n<p>Genace\u0301ia Albrton<\/p>\n<\/div>\n<\/div>\n<div class=\"layoutArea\">\n<div class=\"column\"><\/div>\n<\/div>\n<\/div>\n<div class=\"page\" title=\"Page 3\">\n<div class=\"layoutArea\">\n<div class=\"column\">\n<p>Good afternoon, salve a aula divertida &#8230;&#8230;&#8230;&#8230;&#8230;&#8230;&#8230;&#8230;&#8230;&#8230;&#8230;&#8230;&#8230; 143<\/p>\n<p>Graciane Clemente<\/p>\n<p>Meninas, Bilhetinho e Mestres &#8230;&#8230;&#8230;&#8230;&#8230;&#8230;&#8230;&#8230;&#8230;&#8230;&#8230;&#8230;&#8230;&#8230;&#8230;&#8230;&#8230;&#8230; 145<\/p>\n<p>Maria da Grac\u0327a<\/p>\n<p>O mundo radiofo\u0302nico e das anotac\u0327o\u0303es &#8230;&#8230;&#8230;&#8230;&#8230;&#8230;&#8230;&#8230;&#8230;&#8230;&#8230;&#8230;&#8230; 151<\/p>\n<p>Maria Dusolina<\/p>\n<p>Uma aventura no zoolo\u0301gico &#8230;&#8230;&#8230;&#8230;&#8230;&#8230;&#8230;&#8230;&#8230;&#8230;&#8230;&#8230;&#8230;&#8230;&#8230;&#8230;&#8230;&#8230;&#8230;&#8230; 157<\/p>\n<p>Maria Ine\u0302s<\/p>\n<p>Navalha na carne &#8230;&#8230;&#8230;&#8230;&#8230;&#8230;&#8230;&#8230;&#8230;&#8230;&#8230;&#8230;&#8230;&#8230;&#8230;&#8230;&#8230;&#8230;&#8230;&#8230;&#8230;&#8230;&#8230;&#8230;&#8230;&#8230;.. 161<\/p>\n<p>Ma\u0301rio Lucena<\/p>\n<p>Andaimes da etapa intermedia\u0301ria &#8230;&#8230;&#8230;&#8230;&#8230;&#8230;&#8230;&#8230;&#8230;&#8230;&#8230;&#8230;&#8230;&#8230;&#8230;&#8230;. 165<\/p>\n<p>Neyza Furgler<\/p>\n<p>Da Aclimac\u0327a\u0303o a\u0300 Consolac\u0327a\u0303o &#8230;&#8230;&#8230;&#8230;&#8230;&#8230;&#8230;&#8230;&#8230;&#8230;&#8230;&#8230;&#8230;&#8230;&#8230;&#8230;&#8230;&#8230;&#8230;.. 175<\/p>\n<p>Rita Amaral<\/p>\n<p>Lic\u0327o\u0303es de inconformidade &#8230;&#8230;&#8230;&#8230;&#8230;&#8230;&#8230;&#8230;&#8230;&#8230;&#8230;&#8230;&#8230;&#8230;&#8230;&#8230;&#8230;&#8230;&#8230;&#8230;&#8230; 181<\/p>\n<p>Si\u0301lvia Aquino<\/p>\n<p>Ra\u0301-ta\u0301-ta\u0301-ta\u0301, nas batidas da caixa &#8230;&#8230;&#8230;&#8230;&#8230;&#8230;&#8230;&#8230;&#8230;&#8230;&#8230;&#8230;&#8230;&#8230;&#8230;&#8230;&#8230;. 185<\/p>\n<p>Suely Tonarque<\/p>\n<p>&nbsp;<\/p>\n<p><strong>3. Maturidades imprevisi\u0301veis<\/strong><\/p>\n<p>O louco do taro\u0302 me diz &#8230;&#8230;&#8230;&#8230;&#8230;&#8230;&#8230;&#8230;&#8230;&#8230;&#8230;&#8230;&#8230;&#8230;&#8230;&#8230;&#8230;&#8230;&#8230;&#8230;&#8230;&#8230;.. 189<\/p>\n<p>Ana Carneiro<\/p>\n<p>Em direc\u0327a\u0303o ao presente &#8230;&#8230;&#8230;&#8230;&#8230;&#8230;&#8230;&#8230;&#8230;&#8230;&#8230;&#8230;&#8230;&#8230;&#8230;&#8230;&#8230;&#8230;&#8230;&#8230;&#8230;&#8230;.. 195<\/p>\n<p>Ana Elisa<\/p>\n<p>Formada. E agora? &#8230;&#8230;&#8230;&#8230;&#8230;&#8230;&#8230;&#8230;&#8230;&#8230;&#8230;&#8230;&#8230;&#8230;&#8230;&#8230;&#8230;&#8230;&#8230;&#8230;&#8230;&#8230;&#8230;&#8230;&#8230;.. 207<\/p>\n<p>Cida Moser<\/p>\n<\/div>\n<\/div>\n<div class=\"layoutArea\">\n<div class=\"column\"><\/div>\n<\/div>\n<\/div>\n<div class=\"page\" title=\"Page 4\">\n<div class=\"layoutArea\">\n<div class=\"column\">\n<p>Nas ondas do ra\u0301dio &#8230;&#8230;&#8230;&#8230;&#8230;&#8230;&#8230;&#8230;&#8230;&#8230;&#8230;&#8230;&#8230;&#8230;&#8230;&#8230;&#8230;&#8230;&#8230;&#8230;&#8230;&#8230;&#8230;&#8230;&#8230;. 213<\/p>\n<p>Eliane Jose\u0301<\/p>\n<p>Ethos, pa\u0301thos, logos &#8230;&#8230;&#8230;&#8230;&#8230;&#8230;&#8230;&#8230;&#8230;&#8230;&#8230;&#8230;&#8230;&#8230;&#8230;&#8230;&#8230;&#8230;&#8230;&#8230;&#8230;&#8230;&#8230;&#8230;.. 217<\/p>\n<p>Francine Forte<\/p>\n<p>Perdi meu caderno &#8230;&#8230;&#8230;&#8230;&#8230;&#8230;&#8230;&#8230;&#8230;&#8230;&#8230;&#8230;&#8230;&#8230;&#8230;&#8230;&#8230;&#8230;&#8230;&#8230;&#8230;&#8230;&#8230;&#8230;&#8230;.. 225<\/p>\n<p>Genace\u0301ia Alberton<\/p>\n<p>Tecendo fios de vazios a descobertas &#8230;&#8230;&#8230;&#8230;&#8230;&#8230;&#8230;&#8230;&#8230;&#8230;&#8230;&#8230;&#8230;&#8230;. 231<\/p>\n<p>Graciane Clemente<\/p>\n<p>Um golpe de Estado, estopim na escolha &#8230;&#8230;&#8230;&#8230;&#8230;&#8230;&#8230;&#8230;&#8230;&#8230;&#8230;.. 237<\/p>\n<p>Maria da Grac\u0327a<\/p>\n<p>Grandes alegrias ou necessidades &#8230;&#8230;&#8230;&#8230;&#8230;&#8230;&#8230;&#8230;&#8230;&#8230;&#8230;&#8230;&#8230;&#8230;&#8230;&#8230;. 241<\/p>\n<p>Maria Dusolina<\/p>\n<p>Trajeto\u0301rias e celebrac\u0327o\u0303es &#8230;&#8230;&#8230;&#8230;&#8230;&#8230;&#8230;&#8230;&#8230;&#8230;&#8230;&#8230;&#8230;&#8230;&#8230;&#8230;&#8230;&#8230;&#8230;&#8230;&#8230;&#8230;. 249<\/p>\n<p>Maria Ine\u0302s<\/p>\n<p>No mapa perene dos bancos escolares &#8230;&#8230;&#8230;&#8230;&#8230;&#8230;&#8230;&#8230;&#8230;&#8230;&#8230;&#8230;&#8230;. 257<\/p>\n<p>Ma\u0301rio Lucena<\/p>\n<p>Novos colegas e valorosos pais &#8230;&#8230;&#8230;&#8230;&#8230;&#8230;&#8230;&#8230;&#8230;&#8230;&#8230;&#8230;&#8230;&#8230;&#8230;&#8230;&#8230;&#8230;. 267<\/p>\n<p>Neyza Furgler<\/p>\n<p>E enta\u0303o, moc\u0327a adulta? &#8230;&#8230;&#8230;&#8230;&#8230;&#8230;&#8230;&#8230;&#8230;&#8230;&#8230;&#8230;&#8230;&#8230;&#8230;&#8230;&#8230;&#8230;&#8230;&#8230;&#8230;&#8230;&#8230;.. 279<\/p>\n<p>Rita Amaral<\/p>\n<p>Dificuldades inerentes a\u0300s opc\u0327o\u0303es &#8230;&#8230;&#8230;&#8230;&#8230;&#8230;&#8230;&#8230;&#8230;&#8230;&#8230;&#8230;&#8230;&#8230;&#8230;&#8230;.. 289<\/p>\n<p>Si\u0301lvia Aquino<\/p>\n<p>O voo dos pa\u0301ssaros &#8230;&#8230;&#8230;&#8230;&#8230;&#8230;&#8230;&#8230;&#8230;&#8230;&#8230;&#8230;&#8230;&#8230;&#8230;&#8230;&#8230;&#8230;&#8230;&#8230;&#8230;&#8230;&#8230;&#8230;&#8230;. 295<\/p>\n<p>Suely Tonarque<\/p>\n<p>&nbsp;<\/p>\n<p><strong>4. Anexo: porta-retratos dos autores &#8230;&#8230;&#8230;&#8230;&#8230;&#8230;&#8230;&#8230;&#8230;&#8230;&#8230;&#8230;&#8230; 297<\/strong><\/p>\n<\/div>\n<\/div>\n<div class=\"layoutArea\">\n<div class=\"column\"><\/div>\n<\/div>\n<\/div>\n<div class=\"page\" title=\"Page 5\">\n<div class=\"layoutArea\">\n<div class=\"column\">\n<p>&nbsp;<\/p>\n<p><strong>SEGUNDA PARTE<\/strong><\/p>\n<p>Cotidianos da paraconsiste\u0302ncia &#8230;&#8230;&#8230;&#8230;&#8230;&#8230;&#8230;&#8230;&#8230;&#8230;&#8230;&#8230;&#8230;&#8230;&#8230;&#8230;. 345<\/p>\n<p>Cremilda Medina<\/p>\n<p>1. Presente do indicativo na raia da intuic\u0327a\u0303o &#8230;&#8230;&#8230;&#8230;&#8230;&#8230;&#8230;&#8230;&#8230;. 349<\/p>\n<p>2. Sema\u0302nticas lu\u0301dicas para sala\u0301rios &#8230;&#8230;&#8230;&#8230;&#8230;&#8230;&#8230;&#8230;&#8230;&#8230;&#8230;&#8230;&#8230;&#8230;&#8230;. 351<\/p>\n<p>3. A\u0300 mesa, desvios nada disciplinares &#8230;&#8230;&#8230;&#8230;&#8230;&#8230;&#8230;&#8230;&#8230;&#8230;&#8230;&#8230;&#8230;&#8230; 355<\/p>\n<p>4. Adve\u0301rbios e quetais da Grama\u0301tica &#8230;&#8230;&#8230;&#8230;&#8230;&#8230;&#8230;&#8230;&#8230;&#8230;&#8230;&#8230;&#8230;&#8230;.. 359<\/p>\n<p>5. Carta a Barbara Freitag-Rouanet &#8230;&#8230;&#8230;&#8230;&#8230;&#8230;&#8230;&#8230;&#8230;&#8230;&#8230;&#8230;&#8230;&#8230;&#8230;. 363<\/p>\n<p>6. Fiasco a\u0300 porta do Sa\u0303o Pedro &#8230;&#8230;&#8230;&#8230;&#8230;&#8230;&#8230;&#8230;&#8230;&#8230;&#8230;&#8230;&#8230;&#8230;&#8230;&#8230;&#8230;&#8230;. 369<\/p>\n<p>7. Aventura universita\u0301ria, arranjos e desarranjos da de\u0301cada &#8230; 373<\/p>\n<p>8. Cenas da profissionalizac\u0327a\u0303o em tre\u0302s atos &#8230;&#8230;&#8230;&#8230;&#8230;&#8230;&#8230;&#8230;&#8230;&#8230; 379<\/p>\n<p>9. De tempos escolados e da imprevisibilidade &#8230;&#8230;&#8230;&#8230;&#8230;&#8230;&#8230;&#8230; 387<\/p>\n<p>10. Sopapos para ale\u0301m da lo\u0301gica consistente. Espantos de Cremilda Medina &#8230;&#8230;&#8230;. 395<\/p>\n<p>ANEXOS PEDAGO\u0301GICOS<\/p>\n<p>Reflexos e reflexo\u0303es da Escrita Autoral Coletiva<\/p>\n<p>1. Proposta da Oficina &#8230;&#8230;&#8230;&#8230;&#8230;&#8230;&#8230;&#8230;&#8230;&#8230;&#8230;&#8230;&#8230;&#8230;&#8230;&#8230;&#8230;&#8230;&#8230;&#8230;&#8230;&#8230;&#8230;. 401<\/p>\n<p>2. Breve autorretrato da autora &#8230;&#8230;&#8230;&#8230;&#8230;&#8230;&#8230;&#8230;&#8230;&#8230;&#8230;&#8230;&#8230;&#8230;&#8230;&#8230;&#8230;&#8230; 407<\/p>\n<p>3. Refere\u0302ncias bibliogra\u0301ficas &#8230;&#8230;&#8230;&#8230;&#8230;&#8230;&#8230;&#8230;&#8230;&#8230;&#8230;&#8230;&#8230;&#8230;&#8230;&#8230;&#8230;&#8230;&#8230;.. 409<\/p>\n<\/div>\n<\/div>\n<div class=\"layoutArea\">\n<div class=\"column\"><\/div>\n<\/div>\n<\/div>\n<p>&nbsp;<\/p>\n<p><strong>Caracter\u00edsticas do Produto:<\/strong><\/p>\n<\/div>\n<\/div>\n<\/div>\n<\/div>\n<p>PESO: 650Kg<br \/>\nI.S.B.N.: 978-85-69350-72-9<br \/>\nALTURA: 23,00 cm<br \/>\nLARGURA: 16,00 cm<br \/>\nPROFUNDIDADE: 2,4 cm<br \/>\nN\u00daMERO DE P\u00c1GINAS: 414<br \/>\nIDIOMA: Portugu\u00eas<br \/>\nACABAMENTO: Brochura<br \/>\nC\u00d3D. BARRAS: 9788569350729<br \/>\nANO DA EDI\u00c7\u00c3O: 2024<br \/>\nORGANIZADORA: Cremilda Medina<\/p>\n<\/div>\n<\/div>\n<\/div>\n<\/div>\n<\/div>\n<\/div>\n<\/div>\n<\/div>\n<\/div>\n<\/div>\n<\/div>\n<\/div>\n<\/div>\n<\/div>\n<\/div>\n<\/div>\n<\/div>\n<\/div>\n<\/div>\n<\/div>\n<\/div>\n<\/div>\n","protected":false},"excerpt":{"rendered":"<p>Nesta colet\u00e2nea, as hist\u00f3rias narradas no primeiro bloco recuperam Mem\u00f3rias L\u00fadicas de viv\u00eancias infantis. A crian\u00e7a, que n\u00e3o se prende aos limites das l\u00f3gicas consistentes, seguidamente se sente livre para se expressar no contradit\u00f3rio paraconsistente. Ou, em outras palavras, contrap\u00f5e a intui\u00e7\u00e3o criativa \u00e0 disciplina l\u00f3gica dos cotidianos escolares ou familiares.<\/p>\n<p>O segundo bloco traz a etapa de transi\u00e7\u00e3o da inf\u00e2ncia \u00e0 maturidade, as culturas de origem ocidental acentuaram as emo\u00e7\u00f5es das incertezas. Muitas vezes, ang\u00fastias e rebeldias explodem no dia a dia tanto da vida privada quanto da vida social. Atitudes de afirma\u00e7\u00e3o do adolescente versus o status quo definido no percurso escolar e familiar. As mem\u00f3rias a seguir publicadas trazem \u00e0 tona momentos, a\u00e7\u00f5es e sentires dessa caminhada desenhada por muitas contradi\u00e7\u00f5es em dire\u00e7\u00e3o ao futuro adulto.<\/p>\n<p>Chegamos ao terceiro bloco. Nele encontramos o di\u00e1rio das v\u00e1rias estradas et\u00e1rias, a l\u00f3gica consistente da escolaridade se acentua na defini\u00e7\u00e3o profissional. Mas as lembran\u00e7as tamb\u00e9m apontam para as curvas da paraconsist\u00eancia: ao lado dos encontros de parceria, os desencontros; a par dos sonhos, as frustra\u00e7\u00f5es; se os ganhos do conhecimento se ampliam, as perdas afetivas s\u00e3o imprevis\u00edveis; e a seguran\u00e7a linear das biografias \u00e9 marcada por trope\u00e7os existenciais. O que d\u00e1 aos textos que se seguem uma ondula\u00e7\u00e3o \u00fanica regida por cada Autoria.<\/p>\n<p>Cremilda Medina<\/p>\n<p>&nbsp;<\/p>\n<p>&nbsp;<\/p>\n","protected":false},"featured_media":27739,"comment_status":"open","ping_status":"closed","template":"","meta":{"_bbp_topic_count":0,"_bbp_reply_count":0,"_bbp_total_topic_count":0,"_bbp_total_reply_count":0,"_bbp_voice_count":0,"_bbp_anonymous_reply_count":0,"_bbp_topic_count_hidden":0,"_bbp_reply_count_hidden":0,"_bbp_forum_subforum_count":0,"pmpro_default_level":""},"product_brand":[],"product_cat":[66,69],"product_tag":[70,68],"class_list":{"0":"post-27734","1":"product","2":"type-product","3":"status-publish","4":"has-post-thumbnail","6":"product_cat-livros","7":"product_cat-todos-livros","8":"product_tag-ebook","9":"product_tag-livros","10":"pmpro-has-access","12":"first","13":"instock","14":"shipping-taxable","15":"purchasable","16":"product-type-variable"},"_links":{"self":[{"href":"https:\/\/edicoes.portaldoenvelhecimento.com.br\/novo\/wp-json\/wp\/v2\/product\/27734","targetHints":{"allow":["GET"]}}],"collection":[{"href":"https:\/\/edicoes.portaldoenvelhecimento.com.br\/novo\/wp-json\/wp\/v2\/product"}],"about":[{"href":"https:\/\/edicoes.portaldoenvelhecimento.com.br\/novo\/wp-json\/wp\/v2\/types\/product"}],"replies":[{"embeddable":true,"href":"https:\/\/edicoes.portaldoenvelhecimento.com.br\/novo\/wp-json\/wp\/v2\/comments?post=27734"}],"version-history":[{"count":2,"href":"https:\/\/edicoes.portaldoenvelhecimento.com.br\/novo\/wp-json\/wp\/v2\/product\/27734\/revisions"}],"predecessor-version":[{"id":27924,"href":"https:\/\/edicoes.portaldoenvelhecimento.com.br\/novo\/wp-json\/wp\/v2\/product\/27734\/revisions\/27924"}],"wp:featuredmedia":[{"embeddable":true,"href":"https:\/\/edicoes.portaldoenvelhecimento.com.br\/novo\/wp-json\/wp\/v2\/media\/27739"}],"wp:attachment":[{"href":"https:\/\/edicoes.portaldoenvelhecimento.com.br\/novo\/wp-json\/wp\/v2\/media?parent=27734"}],"wp:term":[{"taxonomy":"product_brand","embeddable":true,"href":"https:\/\/edicoes.portaldoenvelhecimento.com.br\/novo\/wp-json\/wp\/v2\/product_brand?post=27734"},{"taxonomy":"product_cat","embeddable":true,"href":"https:\/\/edicoes.portaldoenvelhecimento.com.br\/novo\/wp-json\/wp\/v2\/product_cat?post=27734"},{"taxonomy":"product_tag","embeddable":true,"href":"https:\/\/edicoes.portaldoenvelhecimento.com.br\/novo\/wp-json\/wp\/v2\/product_tag?post=27734"}],"curies":[{"name":"wp","href":"https:\/\/api.w.org\/{rel}","templated":true}]}}