{"id":27686,"date":"2024-09-24T14:58:47","date_gmt":"2024-09-24T17:58:47","guid":{"rendered":"https:\/\/edicoes.portaldoenvelhecimento.com.br\/novo\/?post_type=product&#038;p=27686"},"modified":"2025-07-21T23:55:19","modified_gmt":"2025-07-22T02:55:19","slug":"envelhecer-com-futuro-vol-2","status":"publish","type":"product","link":"https:\/\/edicoes.portaldoenvelhecimento.com.br\/novo\/produto\/envelhecer-com-futuro-vol-2\/","title":{"rendered":"Envelhecer com Futuro (Vol 2)"},"content":{"rendered":"","protected":false},"excerpt":{"rendered":"<p>Nesta 2\u00aa edi\u00e7\u00e3o encontre relatos de pesquisa sobre: Diversidade. Transmasculinidades. Intergeracionalidade. Velhices LGBTQIAPN+. Pol\u00edticas P\u00fablicas. Direitos Humanos. Velhices Negras. Organiza\u00e7\u00f5es. Viol\u00eancia Financeira. Cr\u00e9dito Consignado. Problemas Ambientais Urbanos. Velhice Feliz.<\/p>\n<p>&nbsp;<\/p>\n<p><strong>Para baixar o arquivo, clique em \u00ab adicionar ao carrinho \u00bb, mas na\u0303o se preocupe, o site na\u0303o pedir\u00e1 nenhuma informac\u0327a\u0303o de pagamento!<\/strong><\/p>\n<p>&nbsp;<\/p>\n","protected":false},"featured_media":27688,"comment_status":"open","ping_status":"closed","template":"","meta":{"_bbp_topic_count":0,"_bbp_reply_count":0,"_bbp_total_topic_count":0,"_bbp_total_reply_count":0,"_bbp_voice_count":0,"_bbp_anonymous_reply_count":0,"_bbp_topic_count_hidden":0,"_bbp_reply_count_hidden":0,"_bbp_forum_subforum_count":0,"pmpro_default_level":""},"product_brand":[],"product_cat":[88],"product_tag":[70,87],"class_list":{"0":"post-27686","1":"product","2":"type-product","3":"status-publish","4":"has-post-thumbnail","6":"product_cat-e-books-gratis-2","7":"product_tag-ebook","8":"product_tag-e-books-gratis","9":"pmpro-has-access","11":"first","12":"instock","13":"downloadable","14":"virtual","15":"purchasable","16":"product-type-simple"},"_links":{"self":[{"href":"https:\/\/edicoes.portaldoenvelhecimento.com.br\/novo\/wp-json\/wp\/v2\/product\/27686","targetHints":{"allow":["GET"]}}],"collection":[{"href":"https:\/\/edicoes.portaldoenvelhecimento.com.br\/novo\/wp-json\/wp\/v2\/product"}],"about":[{"href":"https:\/\/edicoes.portaldoenvelhecimento.com.br\/novo\/wp-json\/wp\/v2\/types\/product"}],"replies":[{"embeddable":true,"href":"https:\/\/edicoes.portaldoenvelhecimento.com.br\/novo\/wp-json\/wp\/v2\/comments?post=27686"}],"version-history":[{"count":3,"href":"https:\/\/edicoes.portaldoenvelhecimento.com.br\/novo\/wp-json\/wp\/v2\/product\/27686\/revisions"}],"predecessor-version":[{"id":33879,"href":"https:\/\/edicoes.portaldoenvelhecimento.com.br\/novo\/wp-json\/wp\/v2\/product\/27686\/revisions\/33879"}],"wp:featuredmedia":[{"embeddable":true,"href":"https:\/\/edicoes.portaldoenvelhecimento.com.br\/novo\/wp-json\/wp\/v2\/media\/27688"}],"wp:attachment":[{"href":"https:\/\/edicoes.portaldoenvelhecimento.com.br\/novo\/wp-json\/wp\/v2\/media?parent=27686"}],"wp:term":[{"taxonomy":"product_brand","embeddable":true,"href":"https:\/\/edicoes.portaldoenvelhecimento.com.br\/novo\/wp-json\/wp\/v2\/product_brand?post=27686"},{"taxonomy":"product_cat","embeddable":true,"href":"https:\/\/edicoes.portaldoenvelhecimento.com.br\/novo\/wp-json\/wp\/v2\/product_cat?post=27686"},{"taxonomy":"product_tag","embeddable":true,"href":"https:\/\/edicoes.portaldoenvelhecimento.com.br\/novo\/wp-json\/wp\/v2\/product_tag?post=27686"}],"curies":[{"name":"wp","href":"https:\/\/api.w.org\/{rel}","templated":true}]}}