{"id":27638,"date":"2024-07-17T17:34:07","date_gmt":"2024-07-17T20:34:07","guid":{"rendered":"https:\/\/edicoes.portaldoenvelhecimento.com.br\/novo\/?post_type=product&#038;p=27638"},"modified":"2024-10-02T09:31:06","modified_gmt":"2024-10-02T12:31:06","slug":"topicos-de-gestao-de-organizacoes-de-saude-2","status":"publish","type":"product","link":"https:\/\/edicoes.portaldoenvelhecimento.com.br\/novo\/produto\/topicos-de-gestao-de-organizacoes-de-saude-2\/","title":{"rendered":"T\u00f3picos de Gest\u00e3o de Organiza\u00e7\u00f5es de Sa\u00fade"},"content":{"rendered":"<div class=\"page\" title=\"Page 1\">\n<div class=\"layoutArea\">\n<div class=\"column\">\n<div class=\"layoutArea\">\n<div class=\"column\">\n<div class=\"page\" title=\"Page 1\">\n<div class=\"layoutArea\">\n<div class=\"column\">\n<div class=\"page\" title=\"Page 1\">\n<div class=\"layoutArea\">\n<div class=\"column\">\n<div class=\"page\" title=\"Page 1\">\n<div class=\"layoutArea\">\n<div class=\"column\">\n<div class=\"page\" title=\"Page 1\">\n<div class=\"layoutArea\">\n<div class=\"column\">\n<div class=\"page\" title=\"Page 1\">\n<div class=\"layoutArea\">\n<div class=\"column\">\n<div class=\"page\" title=\"Page 1\">\n<div class=\"layoutArea\">\n<div class=\"column\">\n<div class=\"page\" title=\"Page 1\">\n<div class=\"layoutArea\">\n<div class=\"column\">\n<p><strong>SUM\u00c1RIO<\/strong><\/p>\n<\/div>\n<\/div>\n<\/div>\n<div class=\"page\" title=\"Page 2\">\n<div class=\"layoutArea\">\n<div class=\"column\">\n<div class=\"page\" title=\"Page 1\">\n<div class=\"layoutArea\">\n<div class=\"column\">\n<p>SUMA\u0301RIO<\/p>\n<p>Apresentac\u0327a\u0303o &#8230;&#8230;&#8230;&#8230;&#8230;&#8230;&#8230;&#8230;&#8230;&#8230;&#8230;&#8230;&#8230;&#8230;&#8230;&#8230;&#8230;&#8230;&#8230;&#8230;&#8230;&#8230;&#8230;&#8230;&#8230;&#8230;&#8230;&#8230;&#8230;&#8230;&#8230;&#8230;&#8230;&#8230;&#8230;&#8230;&#8230; 11<\/p>\n<p>Fla\u0301vio Morgado<\/p>\n<p>Gerenciamento de Projetos no Setor da Sau\u0301de &#8230;&#8230;&#8230;&#8230;&#8230;&#8230;&#8230;&#8230;&#8230;&#8230;&#8230;&#8230;&#8230;&#8230;.. 17<\/p>\n<p>Nilo Sergio Maziero Petrin | Jose\u0301 Carlos Arruda Alves<\/p>\n<p>Lean Healthcare em um Ambulato\u0301rio Pu\u0301blico Infantil na<br \/>\nCidade de Sa\u0303o Paulo &#8230;&#8230;&#8230;&#8230;&#8230;&#8230;&#8230;&#8230;&#8230;&#8230;&#8230;&#8230;&#8230;&#8230;&#8230;&#8230;&#8230;&#8230;&#8230;&#8230;&#8230;&#8230;&#8230;&#8230;&#8230;&#8230;&#8230;&#8230;&#8230;&#8230;&#8230;&#8230;&#8230;&#8230;.. 53<\/p>\n<p>Ba\u0301rbara de Arau\u0301jo Cosenza | Grazielli de Mesquita Rodrigues | Leila S. Domingues Teixeira | Nata\u0301lia Chicon Antonialli | Fla\u0301vio Morgado<\/p>\n<p>Custo-efetividade da intervenc\u0327a\u0303o cli\u0301nico-educativa em pacientes<br \/>\ncom retinopatia diabe\u0301tica &#8230;&#8230;&#8230;&#8230;&#8230;&#8230;&#8230;&#8230;&#8230;&#8230;&#8230;&#8230;&#8230;&#8230;&#8230;&#8230;&#8230;&#8230;&#8230;&#8230;&#8230;&#8230;&#8230;&#8230;&#8230;&#8230;&#8230;&#8230;&#8230;&#8230;. 113<\/p>\n<p>Mauri\u0301cio Aguiar de Paula | Fla\u0301vio Morgado | Maria Helena Senger<\/p>\n<p>Gesta\u0303o da Longevidade: Aspectos a serem levados em conta no gerenciamento de um processo ao longo da vida &#8230;&#8230;&#8230;&#8230;&#8230;&#8230;&#8230;&#8230;&#8230;&#8230;&#8230;&#8230;&#8230;&#8230;&#8230;.. 143<\/p>\n<p>Maria Elisa Gonzales Manso | Beltrina Co\u0302rte<\/p>\n<p>Gesta\u0303o de profissionais com Doenc\u0327as Cro\u0302nicas Na\u0303o<br \/>\nTransmissi\u0301veis (DCNT) &#8230;&#8230;&#8230;&#8230;&#8230;&#8230;&#8230;&#8230;&#8230;&#8230;&#8230;&#8230;&#8230;&#8230;&#8230;&#8230;&#8230;&#8230;&#8230;&#8230;&#8230;&#8230;&#8230;&#8230;&#8230;&#8230;&#8230;&#8230;&#8230;&#8230;&#8230;&#8230;&#8230;&#8230;&#8230;&#8230;&#8230;&#8230;&#8230;&#8230; 189 Erica Watari Hirata | Carlos Eduardo Hirata | Fla\u0301vio Morgado<\/p>\n<p>Ana\u0301lise da satisfac\u0327a\u0303o dos fisioterapeutas atuantes em hospitais<br \/>\nda cidade de Sa\u0303o Paulo &#8230;&#8230;&#8230;&#8230;&#8230;&#8230;&#8230;&#8230;&#8230;&#8230;&#8230;&#8230;&#8230;&#8230;&#8230;&#8230;&#8230;&#8230;&#8230;&#8230;&#8230;&#8230;&#8230;&#8230;&#8230;&#8230;&#8230;&#8230;&#8230;&#8230;&#8230;&#8230; 229<\/p>\n<p>Ta\u0302nia Marques Tramontini | Conrado Tramontini | Nicole Calsavara Tomazella<\/p>\n<\/div>\n<\/div>\n<div class=\"layoutArea\">\n<div class=\"column\"><\/div>\n<\/div>\n<\/div>\n<\/div>\n<\/div>\n<\/div>\n<p><strong>Caracter\u00edsticas do Produto:<\/strong><\/p>\n<p>PESO: 0,440 Kg<\/p>\n<p>I.S.B.N.: 978-85-69350-64-4<\/p>\n<p>ALTURA: 23,00 cm<\/p>\n<p>LARGURA: 16,00 cm<\/p>\n<p>PROFUNDIDADE: 1,6 cm<\/p>\n<p>N\u00daMERO DE P\u00c1GINAS: 278<\/p>\n<p>IDIOMA: Portugu\u00eas<\/p>\n<p>ACABAMENTO: Brochura<\/p>\n<p>C\u00d3D. BARRAS FIOS: 9788569350644<\/p>\n<p>ANO DA EDI\u00c7\u00c3O: 2023<\/p>\n<p>ORGANIZADOR: Fl\u00e1vio Morgado<\/p>\n<\/div>\n<\/div>\n<\/div>\n<\/div>\n<\/div>\n<\/div>\n<\/div>\n<\/div>\n<\/div>\n<\/div>\n<\/div>\n<\/div>\n<\/div>\n<\/div>\n<\/div>\n<\/div>\n<\/div>\n<\/div>\n<\/div>\n<\/div>\n<\/div>\n<\/div>\n<\/div>\n","protected":false},"excerpt":{"rendered":"<p>Esta colet\u00e2nea tem por objetivo contribuir para a forma\u00e7\u00e3o de gestores para os n\u00edveis operacionais e estrat\u00e9gicos das organiza\u00e7\u00f5es de sa\u00fade &#8211; Hospitais, Cl\u00ednicas, UBS (Unidades B\u00e1sicas de Sa\u00fade), UPA (Unidades de Pronto Atendimento), AME (Ambulat\u00f3rios M\u00e9dicos de Especialidades), Laborat\u00f3rios, Planos de Sa\u00fade etc. -, nas principais dimens\u00f5es da gest\u00e3o (estrat\u00e9gia, organiza\u00e7\u00e3o, processos, pessoas e tecnologia), balizadas por valores e pr\u00e1ticas da humaniza\u00e7\u00e3o da sa\u00fade. A colet\u00e2nea cobrir\u00e1, tamb\u00e9m, a administra\u00e7\u00e3o de opera\u00e7\u00f5es em hospitais e cl\u00ednicas apoiadas pelas tecnologias da informa\u00e7\u00e3o e da comunica\u00e7\u00e3o (ERP-HIS, BI, CRM, Lean Health etc.)<\/p>\n<p>A gest\u00e3o de organiza\u00e7\u00f5es, incluindo as de sa\u00fade, compreende, segundo Galbraith (2012), cinco dimens\u00f5es interdependentes, cada uma associada a uma palavra-chave: Estrat\u00e9gia (dire\u00e7\u00f5es); Estrutura (poder), Processos (fluxos); Pessoas (compet\u00eancias) e Remunera\u00e7\u00e3o (motiva\u00e7\u00e3o).<\/p>\n<p>Em um n\u00edvel mais espec\u00edfico, encontra-se a defini\u00e7\u00e3o de administra\u00e7\u00e3o de Henri Fayol, uma \u201catividade ou processo de planejar, organizar, executar, liderar e controlar\u201d; e uma das fun\u00e7\u00f5es distintas das principais fun\u00e7\u00f5es da empresa: \u201ct\u00e9cnica; comercial; financeira; seguran\u00e7a e contabilidade\u201d (MAXIMIANO, 2017, p. 83), embora a administra\u00e7\u00e3o esteja presente em cada uma dessas fun\u00e7\u00f5es.<\/p>\n<p>Outra vis\u00e3o integradora \u00e9 dada pelo Balanced ScoreCard (BSC): uma das ferramentas de gest\u00e3o mais utilizadas e bem avaliadas por executivos de todo o mundo (BAIN &amp; COMPANY, 2018), que avan\u00e7ou na forma de avaliar indicadores, indo al\u00e9m da perspectiva financeira (ROI, lucratividade etc.) para incluir a perspectiva do cliente (satisfa\u00e7\u00e3o, participa\u00e7\u00e3o de mercado, fidelidade etc.), a perspectiva interna do neg\u00f3cio (tempo de ciclo, desempenho, retrabalhos etc.), e a perspectiva da inova\u00e7\u00e3o e aprendizado (porcentagem de receita oriunda de novos servi\u00e7os, quantidade de sugest\u00f5es dos funcion\u00e1rios, receita por funcion\u00e1rio etc.), tendo a estrat\u00e9gia como centro (KAPLAN e NORTON, 2018).<\/p>\n","protected":false},"featured_media":27639,"comment_status":"open","ping_status":"closed","template":"","meta":{"_bbp_topic_count":0,"_bbp_reply_count":0,"_bbp_total_topic_count":0,"_bbp_total_reply_count":0,"_bbp_voice_count":0,"_bbp_anonymous_reply_count":0,"_bbp_topic_count_hidden":0,"_bbp_reply_count_hidden":0,"_bbp_forum_subforum_count":0,"pmpro_default_level":""},"product_brand":[],"product_cat":[66,69],"product_tag":[68],"class_list":{"0":"post-27638","1":"product","2":"type-product","3":"status-publish","4":"has-post-thumbnail","6":"product_cat-livros","7":"product_cat-todos-livros","8":"product_tag-livros","9":"pmpro-has-access","11":"first","12":"outofstock","13":"shipping-taxable","14":"purchasable","15":"product-type-simple"},"_links":{"self":[{"href":"https:\/\/edicoes.portaldoenvelhecimento.com.br\/novo\/wp-json\/wp\/v2\/product\/27638","targetHints":{"allow":["GET"]}}],"collection":[{"href":"https:\/\/edicoes.portaldoenvelhecimento.com.br\/novo\/wp-json\/wp\/v2\/product"}],"about":[{"href":"https:\/\/edicoes.portaldoenvelhecimento.com.br\/novo\/wp-json\/wp\/v2\/types\/product"}],"replies":[{"embeddable":true,"href":"https:\/\/edicoes.portaldoenvelhecimento.com.br\/novo\/wp-json\/wp\/v2\/comments?post=27638"}],"version-history":[{"count":1,"href":"https:\/\/edicoes.portaldoenvelhecimento.com.br\/novo\/wp-json\/wp\/v2\/product\/27638\/revisions"}],"predecessor-version":[{"id":27640,"href":"https:\/\/edicoes.portaldoenvelhecimento.com.br\/novo\/wp-json\/wp\/v2\/product\/27638\/revisions\/27640"}],"wp:featuredmedia":[{"embeddable":true,"href":"https:\/\/edicoes.portaldoenvelhecimento.com.br\/novo\/wp-json\/wp\/v2\/media\/27639"}],"wp:attachment":[{"href":"https:\/\/edicoes.portaldoenvelhecimento.com.br\/novo\/wp-json\/wp\/v2\/media?parent=27638"}],"wp:term":[{"taxonomy":"product_brand","embeddable":true,"href":"https:\/\/edicoes.portaldoenvelhecimento.com.br\/novo\/wp-json\/wp\/v2\/product_brand?post=27638"},{"taxonomy":"product_cat","embeddable":true,"href":"https:\/\/edicoes.portaldoenvelhecimento.com.br\/novo\/wp-json\/wp\/v2\/product_cat?post=27638"},{"taxonomy":"product_tag","embeddable":true,"href":"https:\/\/edicoes.portaldoenvelhecimento.com.br\/novo\/wp-json\/wp\/v2\/product_tag?post=27638"}],"curies":[{"name":"wp","href":"https:\/\/api.w.org\/{rel}","templated":true}]}}