{"id":27619,"date":"2024-08-03T15:00:32","date_gmt":"2024-08-03T18:00:32","guid":{"rendered":"https:\/\/edicoes.portaldoenvelhecimento.com.br\/novo\/?post_type=product&#038;p=27619"},"modified":"2025-12-02T02:17:07","modified_gmt":"2025-12-02T05:17:07","slug":"longevidade-intencional-dedique-se-a-construcao-consciente-de-uma-vida-longeva-e-com-qualidade","status":"publish","type":"product","link":"https:\/\/edicoes.portaldoenvelhecimento.com.br\/novo\/produto\/longevidade-intencional-dedique-se-a-construcao-consciente-de-uma-vida-longeva-e-com-qualidade\/","title":{"rendered":"Longevidade Intencional"},"content":{"rendered":"<div class=\"page\" title=\"Page 1\">\n<div class=\"layoutArea\">\n<div class=\"column\">\n<div class=\"layoutArea\">\n<div class=\"column\">\n<div class=\"page\" title=\"Page 1\">\n<div class=\"layoutArea\">\n<div class=\"column\">\n<div class=\"page\" title=\"Page 1\">\n<div class=\"layoutArea\">\n<div class=\"column\">\n<div class=\"page\" title=\"Page 1\">\n<div class=\"layoutArea\">\n<div class=\"column\">\n<div class=\"page\" title=\"Page 1\">\n<div class=\"layoutArea\">\n<div class=\"column\">\n<div class=\"page\" title=\"Page 1\">\n<div class=\"layoutArea\">\n<div class=\"column\">\n<div class=\"layoutArea\">\n<div class=\"column\">\n<div class=\"column\">\n<div class=\"page\" title=\"Page 1\">\n<div class=\"layoutArea\">\n<div class=\"column\">\n<p><strong>SUMA\u0301RIO<\/strong><\/p>\n<\/div>\n<\/div>\n<\/div>\n<div class=\"page\" title=\"Page 4\">\n<div class=\"layoutArea\">\n<div class=\"column\">\n<div class=\"page\" title=\"Page 1\">\n<div class=\"layoutArea\">\n<div class=\"column\">\n<p>INTRODUC\u0327A\u0303O<\/p>\n<\/div>\n<\/div>\n<div class=\"layoutArea\">\n<div class=\"column\">\n<p>Uma jornada em busca da Longevidade Intencional\u00ae &#8230;&#8230;&#8230;&#8230;&#8230;&#8230;&#8230;&#8230; 7<\/p>\n<p>PREFA\u0301CIO<\/p>\n<p>Uma abordagem ativa e intencional &#8230;&#8230;&#8230;&#8230;&#8230;&#8230;&#8230;&#8230;&#8230;&#8230;&#8230;&#8230;&#8230;&#8230;&#8230;&#8230;&#8230;.. 11<\/p>\n<p>CAPI\u0301TULO 1<br \/>\nCENTENARIAN EXPEDITION: INSPIRAC\u0327O\u0303ES COLHIDAS NAS BLUE ZONES\u00ae1 &#8230;&#8230;&#8230;15<\/p>\n<p>Sardenha: ini\u0301cio da expedic\u0327a\u0303o &#8230;&#8230;&#8230;&#8230;&#8230;&#8230;&#8230;&#8230;&#8230;&#8230;&#8230;&#8230;&#8230;&#8230;&#8230;&#8230;&#8230;&#8230;&#8230;&#8230;. 17<\/p>\n<p>Entrevista com o professor Gianni Pes &#8230;&#8230;&#8230;&#8230;&#8230;&#8230;&#8230;&#8230;&#8230;&#8230;&#8230;&#8230;&#8230;&#8230;&#8230;.. 25<\/p>\n<p>Os superseniores da Sardenha &#8230;&#8230;&#8230;&#8230;&#8230;&#8230;&#8230;&#8230;&#8230;&#8230;&#8230;&#8230;&#8230;&#8230;&#8230;&#8230;&#8230;&#8230;&#8230;.. 35<\/p>\n<p>Ikaria \u2013 A Blue Zone onde a vida e\u0301 leve e longa &#8230;&#8230;&#8230;&#8230;&#8230;&#8230;&#8230;&#8230;&#8230;&#8230;&#8230; 43<\/p>\n<p>Okinawa \u2013 O que podemos aprender com as Blue Zones\u00ae &#8230;&#8230;&#8230;&#8230;&#8230; 57<\/p>\n<p>Aprenda sobre longevidade com o Dr. Makoto Suzuki &#8230;&#8230;&#8230;&#8230;&#8230;&#8230;&#8230;. 61<\/p>\n<p>Entrevista com Christal Burnette &#8230;&#8230;&#8230;&#8230;&#8230;&#8230;&#8230;&#8230;&#8230;&#8230;&#8230;&#8230;&#8230;&#8230;&#8230;&#8230;&#8230;&#8230;&#8230; 71<\/p>\n<p>CAPI\u0301TULO 2<br \/>\nCONSTRUA A SUA LONGEVIDADE INTENCIONAL\u00ae &#8230;&#8230;&#8230;&#8230;&#8230;&#8230;.. 81<\/p>\n<p>Motivos para na\u0303o ir para os aposentos &#8230;&#8230;&#8230;&#8230;&#8230;&#8230;&#8230;&#8230;&#8230;&#8230;&#8230;&#8230;&#8230;&#8230;&#8230;.. 83<\/p>\n<p>A hierarquia das necessidades para cada de\u0301cada de vida &#8230;&#8230;&#8230;&#8230;&#8230; 91<\/p>\n<p>Longevidade da empresa versus longevidade do trabalhador &#8230;&#8230;&#8230; 97<\/p>\n<p>Em Turim, uma lei para promover a longevidade ativa &#8230;&#8230;&#8230;&#8230;&#8230;&#8230;&#8230; 107<\/p>\n<p>Viagens e Longevidade: um par perfeito &#8230;&#8230;&#8230;&#8230;&#8230;&#8230;&#8230;&#8230;&#8230;&#8230;&#8230;&#8230;&#8230;&#8230;. 119<\/p>\n<\/div>\n<\/div>\n<div class=\"layoutArea\">\n<div class=\"column\"><\/div>\n<\/div>\n<\/div>\n<div class=\"page\" title=\"Page 2\">\n<div class=\"layoutArea\">\n<div class=\"column\">\n<p>CAPI\u0301TULO 3<br \/>\nO VIVER NO SE\u0301CULO XXI &#8230;&#8230;&#8230;&#8230;&#8230;&#8230;&#8230;&#8230;&#8230;&#8230;&#8230;&#8230;&#8230;&#8230;&#8230;&#8230;&#8230;&#8230;&#8230;. 125<\/p>\n<p>Cohousing \u2013 O viver no se\u0301culo XXI &#8230;&#8230;&#8230;&#8230;&#8230;&#8230;&#8230;&#8230;&#8230;&#8230;&#8230;&#8230;&#8230;&#8230;&#8230;&#8230;&#8230;.. 127<\/p>\n<p>CAPI\u0301TULO 4<br \/>\nDIVERSIDADE GERACIONAL, PERTENCIMENTO E JUSTIC\u0327A &#8230;. 139<\/p>\n<p>O se\u0302nior perante a lei no Brasil &#8230;&#8230;&#8230;&#8230;&#8230;&#8230;&#8230;&#8230;&#8230;&#8230;&#8230;&#8230;&#8230;&#8230;&#8230;&#8230;&#8230;&#8230;&#8230; 141<\/p>\n<p>O poder da fami\u0301lia social &#8230;&#8230;&#8230;&#8230;&#8230;&#8230;&#8230;&#8230;&#8230;&#8230;&#8230;&#8230;&#8230;&#8230;&#8230;&#8230;&#8230;&#8230;&#8230;&#8230;&#8230;&#8230;. 153<\/p>\n<p>Capitalismo consciente &#8230;&#8230;&#8230;&#8230;&#8230;&#8230;&#8230;&#8230;&#8230;&#8230;&#8230;&#8230;&#8230;&#8230;&#8230;&#8230;&#8230;&#8230;&#8230;&#8230;&#8230;&#8230;&#8230;. 167<\/p>\n<p>De repente tudo virou ESG. So\u0301 que na\u0303o &#8230;&#8230;&#8230;&#8230;&#8230;&#8230;&#8230;&#8230;&#8230;&#8230;&#8230;&#8230;&#8230;&#8230;. 175<\/p>\n<p>Mad Skills: talentos invulgares na mira dos Rhs &#8230;&#8230;&#8230;&#8230;&#8230;&#8230;&#8230;&#8230;&#8230;.. 185<\/p>\n<p>Austra\u0301lia age-friendly &#8230;&#8230;&#8230;&#8230;&#8230;&#8230;&#8230;&#8230;&#8230;&#8230;&#8230;&#8230;&#8230;&#8230;&#8230;&#8230;&#8230;&#8230;&#8230;&#8230;&#8230;&#8230;&#8230;&#8230;.. 193<\/p>\n<p>CAPI\u0301TULO 5<br \/>\nEVENTOS QUE PROMOVEM A DIVERSIDADE E INCLUSA\u0303O GERACIONAL &#8230;&#8230;&#8230;&#8230;&#8230;.. 205<\/p>\n<p>Conexo\u0303es Globais: destaques Internacionais do Maturifest &#8230;&#8230;&#8230;. 207<\/p>\n<p>Fo\u0301rum Internacional da Longevidade: desenvolvendo uma cultura do cuidado &#8230;&#8230;&#8230;&#8230;&#8230;&#8230;&#8230;.. 219<\/p>\n<p>Inovac\u0327a\u0303o poli\u0301tica para o envelhecimento sauda\u0301vel: Confere\u0302ncia da OMS &#8230;&#8230;&#8230;&#8230;&#8230;&#8230;&#8230;&#8230;&#8230;. 223<\/p>\n<p>CAPI\u0301TULO 6<br \/>\nECONOMIA DA LONGEVIDADE &#8230;&#8230;&#8230;&#8230;&#8230;&#8230;&#8230;&#8230;&#8230;&#8230;&#8230;&#8230;&#8230;&#8230;&#8230;&#8230;.. 229<\/p>\n<p>Gerontecnologia e o AgeTech Map &#8230;&#8230;&#8230;&#8230;&#8230;&#8230;&#8230;&#8230;&#8230;&#8230;&#8230;&#8230;&#8230;&#8230;&#8230;&#8230;&#8230;. 231<\/p>\n<p>CONSIDERAC\u0327O\u0303ES FINAIS &#8230;&#8230;&#8230;&#8230;&#8230;&#8230;&#8230;&#8230;&#8230;&#8230;&#8230;&#8230;&#8230;&#8230;&#8230;&#8230;&#8230;&#8230;&#8230; 239<\/p>\n<p>Uma recriac\u0327a\u0303o 50+ &#8230;&#8230;&#8230;&#8230;&#8230;&#8230;&#8230;&#8230;&#8230;&#8230;&#8230;&#8230;&#8230;&#8230;&#8230;&#8230;&#8230;&#8230;&#8230;&#8230;&#8230;&#8230;&#8230;&#8230;&#8230;. 241<\/p>\n<\/div>\n<\/div>\n<div class=\"layoutArea\">\n<div class=\"column\"><\/div>\n<\/div>\n<\/div>\n<p><strong>Caracter\u00edsticas do Produto:<\/strong><\/p>\n<\/div>\n<\/div>\n<\/div>\n<\/div>\n<p>PESO: 390Kg<br \/>\nI.S.B.N.: 978-85-69350-68-2<br \/>\nALTURA: 23,00 cm<br \/>\nLARGURA: 16,00 cm<br \/>\nPROFUNDIDADE: 1,9 cm<br \/>\nN\u00daMERO DE P\u00c1GINAS: 246<br \/>\nIDIOMA: Portugu\u00eas<br \/>\nACABAMENTO: Brochura<br \/>\nC\u00d3D. BARRAS: 9788569350682<br \/>\nANO DA EDI\u00c7\u00c3O: 2024<br \/>\nAUTORA: Silvia Triboni<\/p>\n<\/div>\n<\/div>\n<\/div>\n<\/div>\n<\/div>\n<\/div>\n<\/div>\n<\/div>\n<\/div>\n<\/div>\n<\/div>\n<\/div>\n<\/div>\n<\/div>\n<\/div>\n<\/div>\n<\/div>\n<\/div>\n<\/div>\n<\/div>\n<\/div>\n<\/div>\n","protected":false},"excerpt":{"rendered":"<p>Silvia Triboni oferece percep\u00e7\u00f5es e estrat\u00e9gias pr\u00e1ticas para uma vida longa e plena. O que nela admiro \u00e9 como est\u00e1 podendo ressignificar seu pr\u00f3prio processo de envelhecimento. Silvia se reinventou. E, atrav\u00e9s de sua pr\u00f3pria reinven\u00e7\u00e3o, ela, a partir de seus 60 anos, nos oferece um exemplo not\u00e1vel de como a colabora\u00e7\u00e3o e o envolvimento em projetos comunit\u00e1rios e interc\u00e2mbios culturais podem transformar vidas. Uma reinven\u00e7\u00e3o com prop\u00f3sito que navega com sedutora amabilidade, do\u00e7ura. E compet\u00eancia.<\/p>\n<p>Em suas p\u00e1ginas, ela nos guia atrav\u00e9s de uma jornada pessoal de descoberta, aprendizado e crescimento, mostrando que a idade n\u00e3o \u00e9 um obst\u00e1culo, mas uma oportunidade para novas conquistas. Nada de ficar no canto lamentando o envelhecimento, mas vendo no processo tudo que nele h\u00e1 de positivo.<\/p>\n<p>Com uma vasta experi\u00eancia focada na longevidade ativa e na harmonia intergeracional nas empresas, Silvia traz uma perspectiva inovadora, \u00fanica e vital para a discuss\u00e3o sobre o envelhecimento. Sua atua\u00e7\u00e3o no Brasil e em Portugal, bem como sua contribui\u00e7\u00e3o como colunista e correspondente internacional para empresas ligadas aos interesses das pessoas com mais de 50 anos, denotam seu compromisso com a causa.<\/p>\n<p>Dedico-me ao tema do envelhecimento e longevidade desde 1975. Ao longo de minha carreira, observei a import\u00e2ncia de uma abordagem <strong>ativa e intencional <\/strong>para o envelhecimento. Silvia, com seu trabalho incans\u00e1vel, est\u00e1 alinhada com esses princ\u00edpios e os expande atrav\u00e9s de suas pr\u00f3prias iniciativas.<\/p>\n<p>Silvia Triboni, ao examinar as regi\u00f5es com alto \u00edndice de envelhecimento e compartilhar suas descobertas com seus leitores, oferece um testemunho vivo do potencial humano para uma longevidade ativa e saud\u00e1vel. Seu projeto <em>Centenarian Expedition<\/em> \u00e9 uma demonstra\u00e7\u00e3o pr\u00e1tica do que pode ser alcan\u00e7ado com determina\u00e7\u00e3o e prop\u00f3sito. Mais do que apenas relatar suas experi\u00eancias, Silvia se empenha em desmistificar o envelhecimento e combater o idadismo, uma luta que compartilho e considero crucial para a nossa sociedade. Nas p\u00e1ginas deste livro ela nos guia, a partir de uma jornada pessoal de descoberta, aprendizado e crescimento. Idade, para Silvia\u00a0 &#8211; como para mim tamb\u00e9m \u2013 n\u00e3o \u00e9 um obst\u00e1culo, mas uma oportunidade para novas conquistas.<\/p>\n<p>Silvia nos convida a refletir sobre nossas pr\u00f3prias trajet\u00f3rias e a considerar como podemos assumir o protagonismo de nossas vidas em qualquer fase. Seu trabalho \u00e9 um farol para todos aqueles que buscam n\u00e3o apenas longevidade, mas uma vida plena de <strong>significado e vitalidade<\/strong>. Ela nos lembra que a boa longevidade \u00e9 constru\u00edda com intencionalidade, engajamento e uma rede de apoio que nos inspira e fortalece. Diria mais, Silvia demonstra o que eu sempre repito como um mantra: <em>para chegar bem aos cem, comece j\u00e1. Prepare-se. E quanto mais cedo melhor, mas nunca \u00e9 tarde demais.<\/em><\/p>\n<p>&#8220;Longevidade Intencional&#8221; \u00e9 uma leitura essencial para todos que desejam entender e implementar pr\u00e1ticas que promovam um envelhecimento saud\u00e1vel, ativo e intencional. Silvia Triboni nos mostra que envelhecer, para muitos, \u00e9 inevit\u00e1vel. E, para um n\u00famero crescente de pessoas mundo afora, envelhecer est\u00e1 se transformando em uma das fases mais gratificantes e enriquecedoras de nossas vidas. Para tal, sejamos proativos e intencionais em nossa atitude face a vidas n\u00e3o s\u00f3 mais longas, mas tamb\u00e9m mais largas, plena de oportunidades se as soubermos buscar e cultivar.<\/p>\n<p>ALEXANDRE KALACHE<\/p>\n<p>&nbsp;<\/p>\n","protected":false},"featured_media":27622,"comment_status":"open","ping_status":"closed","template":"","meta":{"_bbp_topic_count":0,"_bbp_reply_count":0,"_bbp_total_topic_count":0,"_bbp_total_reply_count":0,"_bbp_voice_count":0,"_bbp_anonymous_reply_count":0,"_bbp_topic_count_hidden":0,"_bbp_reply_count_hidden":0,"_bbp_forum_subforum_count":0,"pmpro_default_level":""},"product_brand":[],"product_cat":[66,69],"product_tag":[70,68],"class_list":{"0":"post-27619","1":"product","2":"type-product","3":"status-publish","4":"has-post-thumbnail","6":"product_cat-livros","7":"product_cat-todos-livros","8":"product_tag-ebook","9":"product_tag-livros","10":"pmpro-has-access","12":"first","13":"instock","14":"shipping-taxable","15":"purchasable","16":"product-type-variable"},"_links":{"self":[{"href":"https:\/\/edicoes.portaldoenvelhecimento.com.br\/novo\/wp-json\/wp\/v2\/product\/27619","targetHints":{"allow":["GET"]}}],"collection":[{"href":"https:\/\/edicoes.portaldoenvelhecimento.com.br\/novo\/wp-json\/wp\/v2\/product"}],"about":[{"href":"https:\/\/edicoes.portaldoenvelhecimento.com.br\/novo\/wp-json\/wp\/v2\/types\/product"}],"replies":[{"embeddable":true,"href":"https:\/\/edicoes.portaldoenvelhecimento.com.br\/novo\/wp-json\/wp\/v2\/comments?post=27619"}],"version-history":[{"count":4,"href":"https:\/\/edicoes.portaldoenvelhecimento.com.br\/novo\/wp-json\/wp\/v2\/product\/27619\/revisions"}],"predecessor-version":[{"id":29727,"href":"https:\/\/edicoes.portaldoenvelhecimento.com.br\/novo\/wp-json\/wp\/v2\/product\/27619\/revisions\/29727"}],"wp:featuredmedia":[{"embeddable":true,"href":"https:\/\/edicoes.portaldoenvelhecimento.com.br\/novo\/wp-json\/wp\/v2\/media\/27622"}],"wp:attachment":[{"href":"https:\/\/edicoes.portaldoenvelhecimento.com.br\/novo\/wp-json\/wp\/v2\/media?parent=27619"}],"wp:term":[{"taxonomy":"product_brand","embeddable":true,"href":"https:\/\/edicoes.portaldoenvelhecimento.com.br\/novo\/wp-json\/wp\/v2\/product_brand?post=27619"},{"taxonomy":"product_cat","embeddable":true,"href":"https:\/\/edicoes.portaldoenvelhecimento.com.br\/novo\/wp-json\/wp\/v2\/product_cat?post=27619"},{"taxonomy":"product_tag","embeddable":true,"href":"https:\/\/edicoes.portaldoenvelhecimento.com.br\/novo\/wp-json\/wp\/v2\/product_tag?post=27619"}],"curies":[{"name":"wp","href":"https:\/\/api.w.org\/{rel}","templated":true}]}}