{"id":27605,"date":"2024-08-01T14:34:19","date_gmt":"2024-08-01T17:34:19","guid":{"rendered":"https:\/\/edicoes.portaldoenvelhecimento.com.br\/novo\/?post_type=product&#038;p=27605"},"modified":"2025-12-02T02:17:07","modified_gmt":"2025-12-02T05:17:07","slug":"o-alemao-voltou-para-casa-o-visitante-encerrou-a-jornada","status":"publish","type":"product","link":"https:\/\/edicoes.portaldoenvelhecimento.com.br\/novo\/produto\/o-alemao-voltou-para-casa-o-visitante-encerrou-a-jornada\/","title":{"rendered":"O Alem\u00e3o Voltou Para Casa &#8211; O Visitante Encerrou a Jornada"},"content":{"rendered":"<div class=\"page\" title=\"Page 1\">\n<div class=\"layoutArea\">\n<div class=\"column\">\n<p><strong>SUM\u00c1RIO<\/strong><\/p>\n<\/div>\n<\/div>\n<\/div>\n<div class=\"page\" title=\"Page 1\">\n<div class=\"layoutArea\">\n<div class=\"column\">\n<p><strong>1. O CHAMADO &#8230;&#8230;&#8230;&#8230;&#8230;&#8230;&#8230;&#8230;&#8230;&#8230;&#8230;&#8230;&#8230;&#8230;&#8230;&#8230;&#8230;&#8230;&#8230;&#8230;&#8230;&#8230;&#8230;&#8230;&#8230;&#8230;&#8230;&#8230;&#8230;..43<\/strong><\/p>\n<p>A mensagem &#8230;&#8230;&#8230;&#8230;&#8230;&#8230;&#8230;&#8230;&#8230;&#8230;&#8230;&#8230;&#8230;&#8230;&#8230;&#8230;&#8230;&#8230;&#8230;&#8230;&#8230;&#8230;&#8230;&#8230;&#8230;&#8230;&#8230;&#8230;&#8230;&#8230;&#8230;&#8230;.45<\/p>\n<p>Organizando os documentos &#8230;&#8230;&#8230;&#8230;&#8230;&#8230;&#8230;&#8230;&#8230;&#8230;&#8230;&#8230;&#8230;&#8230;&#8230;&#8230;&#8230;&#8230;&#8230;&#8230;&#8230;53<\/p>\n<p>Quitando os de\u0301bitos &#8230;&#8230;&#8230;&#8230;&#8230;&#8230;&#8230;&#8230;&#8230;&#8230;&#8230;&#8230;&#8230;&#8230;&#8230;&#8230;&#8230;&#8230;&#8230;&#8230;&#8230;&#8230;&#8230;&#8230;&#8230;&#8230;&#8230;.63<\/p>\n<p><strong>2. AVISANDO AOS AMIGOS &#8230;&#8230;&#8230;&#8230;&#8230;&#8230;&#8230;&#8230;&#8230;&#8230;&#8230;&#8230;&#8230;&#8230;&#8230;&#8230;&#8230;&#8230;&#8230;&#8230;&#8230;73<\/strong><\/p>\n<p>Os encontros &#8230;&#8230;&#8230;&#8230;&#8230;&#8230;&#8230;&#8230;&#8230;&#8230;&#8230;&#8230;&#8230;&#8230;&#8230;&#8230;&#8230;&#8230;&#8230;&#8230;&#8230;&#8230;&#8230;&#8230;&#8230;&#8230;&#8230;&#8230;&#8230;&#8230;&#8230;&#8230;75<\/p>\n<p>As conversas &#8230;&#8230;&#8230;&#8230;&#8230;&#8230;&#8230;&#8230;&#8230;&#8230;&#8230;&#8230;&#8230;&#8230;&#8230;&#8230;&#8230;&#8230;&#8230;&#8230;&#8230;&#8230;&#8230;&#8230;&#8230;&#8230;&#8230;&#8230;&#8230;&#8230;&#8230;&#8230;.85<\/p>\n<p>Os abrac\u0327os &#8230;&#8230;&#8230;&#8230;&#8230;&#8230;&#8230;&#8230;&#8230;&#8230;&#8230;&#8230;&#8230;&#8230;&#8230;&#8230;&#8230;&#8230;&#8230;&#8230;&#8230;&#8230;&#8230;&#8230;&#8230;&#8230;&#8230;&#8230;&#8230;&#8230;&#8230;&#8230;&#8230;&#8230;93<\/p>\n<p>Risos e la\u0301grimas &#8230;&#8230;&#8230;&#8230;&#8230;&#8230;&#8230;&#8230;&#8230;&#8230;&#8230;&#8230;&#8230;&#8230;&#8230;&#8230;&#8230;&#8230;&#8230;&#8230;&#8230;&#8230;&#8230;&#8230;&#8230;&#8230;&#8230;&#8230;&#8230;.103<\/p>\n<p><strong>3. ARRUMANDO AS MALAS &#8230;&#8230;&#8230;&#8230;&#8230;&#8230;&#8230;&#8230;&#8230;&#8230;&#8230;&#8230;&#8230;&#8230;&#8230;&#8230;&#8230;&#8230;&#8230;&#8230;111<\/strong><\/p>\n<p>Catando os u\u0301ltimos pertences &#8230;&#8230;&#8230;&#8230;&#8230;&#8230;&#8230;&#8230;&#8230;&#8230;&#8230;&#8230;&#8230;&#8230;&#8230;&#8230;&#8230;&#8230;&#8230;&#8230;.113<\/p>\n<p>A chegada no aeroporto &#8230;&#8230;&#8230;&#8230;&#8230;&#8230;&#8230;&#8230;&#8230;&#8230;&#8230;&#8230;&#8230;&#8230;&#8230;&#8230;&#8230;&#8230;&#8230;&#8230;&#8230;&#8230;&#8230;&#8230;.125<\/p>\n<p>O avia\u0303o decolou &#8230;&#8230;&#8230;&#8230;&#8230;&#8230;&#8230;&#8230;&#8230;&#8230;&#8230;&#8230;&#8230;&#8230;&#8230;&#8230;&#8230;&#8230;&#8230;&#8230;&#8230;&#8230;&#8230;&#8230;&#8230;&#8230;&#8230;&#8230;&#8230;.137<\/p>\n<p>4. VIDA QUE SEGUE &#8230;&#8230;&#8230;&#8230;&#8230;&#8230;&#8230;&#8230;&#8230;&#8230;&#8230;&#8230;&#8230;&#8230;&#8230;&#8230;&#8230;&#8230;&#8230;&#8230;&#8230;&#8230;&#8230;&#8230;&#8230;&#8230;147<\/p>\n<p>Arrumando a cama &#8230;&#8230;&#8230;&#8230;&#8230;&#8230;&#8230;&#8230;&#8230;&#8230;&#8230;&#8230;&#8230;&#8230;&#8230;&#8230;&#8230;&#8230;&#8230;&#8230;&#8230;&#8230;&#8230;&#8230;&#8230;&#8230;&#8230;.149<\/p>\n<p>Limpando os arma\u0301rios &#8230;&#8230;&#8230;&#8230;&#8230;&#8230;&#8230;&#8230;&#8230;&#8230;&#8230;&#8230;&#8230;&#8230;&#8230;&#8230;&#8230;&#8230;&#8230;&#8230;&#8230;&#8230;&#8230;&#8230;&#8230;161<\/p>\n<p>Emoldurando as fotografias &#8230;&#8230;&#8230;&#8230;&#8230;&#8230;&#8230;&#8230;&#8230;&#8230;&#8230;&#8230;&#8230;&#8230;&#8230;&#8230;&#8230;&#8230;&#8230;&#8230;&#8230;175<\/p>\n<p>Lembrar, sorrir e agradecer &#8230;&#8230;&#8230;&#8230;&#8230;&#8230;&#8230;&#8230;&#8230;&#8230;&#8230;&#8230;&#8230;&#8230;&#8230;&#8230;&#8230;&#8230;&#8230;&#8230;&#8230;..187<\/p>\n<\/div>\n<\/div>\n<div class=\"layoutArea\">\n<div class=\"column\"><\/div>\n<\/div>\n<\/div>\n<p>&nbsp;<\/p>\n<p><strong>Caracter\u00edsticas do Produto:<\/strong><br \/>\nPESO: 0,315 Kg<br \/>\nI.S.B.N.: 978-85-69350-70-5<br \/>\nALTURA: 23,00 cm<br \/>\nLARGURA: 16,00 cm<br \/>\nPROFUNDIDADE: 1,2 cm<br \/>\nN\u00daMERO DE P\u00c1GINAS: 196<br \/>\nIDIOMA: Portugu\u00eas<br \/>\nACABAMENTO: Brochura<br \/>\nC\u00d3D. BARRAS: 9788569350705<br \/>\nANO DA EDI\u00c7\u00c3O: 2024<br \/>\nAUTORA: Rosana Leal<\/p>\n","protected":false},"excerpt":{"rendered":"<p>A vida \u00e9 realmente surpreendente, em nenhum momento planejei escrever tr\u00eas livros para contar a hist\u00f3ria da minha m\u00e3e, depois de acometida pela Doen\u00e7a de Alzheimer. Quando comentei pela primeira vez com Dr. Adriano Gordilho, depois de Mamy passar por uma consulta e nos surpreender com algumas rea\u00e7\u00f5es inusitadas, recebi o primeiro incentivo.<\/p>\n<p>&#8211; Escreva mesmo, Rosa, vai ser muito bom as pessoas conhecerem a Doen\u00e7a de Alzheimer pelo olhar da filha cuidadora.<\/p>\n<p>Era apenas um pensamento, que se concretizou com um objetivo muito claro, as pessoas precisam saber que o cuidador familiar n\u00e3o \u00e9 um coitadinho, merecedor de pena. O Alem\u00e3o Veio nos Visitar manda um recado a todos que se envolveram com a nossa hist\u00f3ria: n\u00e3o sou uma coitadinha. Ao conviver com fam\u00edlias que t\u00eam a Doen\u00e7a de Alzheimer no seu seio, me irrita quando um filho ou filha, cuidadores, querem justificar suas frusta\u00e7\u00f5es pela presen\u00e7a da doen\u00e7a:<\/p>\n<p>&#8211; Sou solteira, claro, quem vai se chegar sabendo que vai ter que conviver com minha m\u00e3e assim;<\/p>\n<p>&#8211; Acabou sobrando para mim, e tenho que fazer isso sozinho, pois minha m\u00e3e nunca foi uma sogra f\u00e1cil, por isso a nora nem chega perto.<\/p>\n<p>Realmente, essa n\u00e3o \u00e9 a nossa hist\u00f3ria. Precisava contar para todo o mundo que o Alzheimer n\u00e3o roubou minha vida e nunca me senti carregando uma cruz. Acho que funcionou, porque mesmo passados quase quatro anos do lan\u00e7amento do primeiro livro ainda recebo mensagens de agradecimento por saber que podem ter esperan\u00e7a. Mas admito: o primeiro livro escrevi por mim.<\/p>\n<p>Poderia ter finalizado a hist\u00f3ria a\u00ed, final feliz, mas havia mais coisas para contar e, o mais importante, precisava contar para as pessoas que minha m\u00e3e tamb\u00e9m n\u00e3o era uma coitadinha, digna de pena. Como a hist\u00f3ria se tornou p\u00fablica, as pessoas queriam saber not\u00edcias, e aqueles que estavam mais pr\u00f3ximos diziam coisas assim:<\/p>\n<p>&#8211; Gosto muito de sua m\u00e3e, mas coitada&#8230;<\/p>\n<p>Ou assim:<\/p>\n<p>&#8211; Sinto tanta pena de sua m\u00e3e, essa doen\u00e7a \u00e9 uma praga, que cruz voc\u00ea tem que carregar.<\/p>\n<p>Vamos combinar que n\u00e3o s\u00e3o coisas agrad\u00e1veis de se ouvir e tenho certeza de que se minha m\u00e3e imaginasse que estavam falando isso dela ficaria uma arara, como eu ficava. Ent\u00e3o escrevi O Alem\u00e3o Pegou o Bonde, para explicar que apesar de todas as dificuldades, de conviver com uma doen\u00e7a degenerativa e irrevers\u00edvel, \u00e9 poss\u00edvel aproveitar a vida, ser feliz. O segundo livro escrevi por ela, para avisar que D. Detinha n\u00e3o era coitadinha. Tamb\u00e9m poderia ter finalizado a\u00ed, seria uma hist\u00f3ria sem fim, pois Mamy estava viva, apesar da evolu\u00e7\u00e3o do quadro demencial.<\/p>\n<p>Mas n\u00e3o vivemos no pa\u00eds de Alice, aquele das maravilhas, na realidade as pessoas nascem, vivem e morrem, e n\u00e3o poderia deixar de falar sobre esta \u00faltima etapa, pois quem assume o papel de cuidar do familiar acometido pelo Alzheimer, mesmo exaurido, n\u00e3o pede a Deus descanso, porque sabe que isso representa n\u00e3o ter mais o fruto do seu esgotamento ali ao seu lado. Estas pessoas vivem como se estivessem em um filme de Alfred Hitchcock, estado de tens\u00e3o e sustos constantes, mas elas tamb\u00e9m passam por outra situa\u00e7\u00e3o, pois aqueles que assistem a sua dedica\u00e7\u00e3o, seus medos e cansa\u00e7o, come\u00e7am a fazer coment\u00e1rios do tipo:<\/p>\n<p>&#8211; Fico muito preocupada, quando a m\u00e3e partir, a pobre da filha vai desmoronar.<\/p>\n<p>Mais uma vez carimbam o r\u00f3tulo de coitado, castigado e sofredor inveterado a quem cuida. E isso tamb\u00e9m vivi na pele. Ao saber que minha m\u00e3e havia falecido, uma conhecida, daquelas que voc\u00ea encontra duas vezes ao ano, mas que tem not\u00edcias suas por ser parenta de uma amiga, me liga. Inicialmente diz aquelas coisas de praxe, que sente muito, que Mamy havia descansado e, depois, faz a tradicional e inadequada pergunta:<\/p>\n<p>&#8211; Como voc\u00ea est\u00e1? Est\u00e1 bem?<\/p>\n<p>Respondo como realmente me sinto, bem, mas isso n\u00e3o quer dizer que esteja alegre e saltitante, mas estou bem. Assim que respondo, ela rebate:<\/p>\n<p>&#8211; \u00c9, tem que dizer que est\u00e1 bem mesmo, mas sei que voc\u00ea n\u00e3o est\u00e1 bem, mas tem que ser forte e se recuperar&#8230;<\/p>\n<p>Se sabe, por que pergunta? Sabe mesmo? A conversa se torna um mon\u00f3logo. Quando a criatura falante e sabida toma f\u00f4lego, apenas expresso meu t\u00e9dio com um insosso Ahan.<\/p>\n<p>Por essas e outras \u00e9 que precisava escrever o final dessa hist\u00f3ria, o terceiro livro, mas agora n\u00e3o \u00e9 por mim nem por Mamy, \u00e9 por todos aqueles que se dedicam a cuidar, a ofertar e receber amor, mesmo sabendo que o desfecho implicar\u00e1 na aus\u00eancia da pessoa querida. \u00c9 para dar for\u00e7a para quando receberem uma liga\u00e7\u00e3o semelhante a essa que relatei lembrem que devem deixar a criatura falante, do outro lado da linha, ouvir a interjei\u00e7\u00e3o sem gra\u00e7a e que pode ter varia\u00e7\u00f5es como: Humm, Uhumm e Ahan, minha predileta. Mas, na verdade, certo seria dizer: Sabe de nada, inocente.<\/p>\n","protected":false},"featured_media":27576,"comment_status":"open","ping_status":"closed","template":"","meta":{"_bbp_topic_count":0,"_bbp_reply_count":0,"_bbp_total_topic_count":0,"_bbp_total_reply_count":0,"_bbp_voice_count":0,"_bbp_anonymous_reply_count":0,"_bbp_topic_count_hidden":0,"_bbp_reply_count_hidden":0,"_bbp_forum_subforum_count":0,"pmpro_default_level":""},"product_brand":[],"product_cat":[66,90,69],"product_tag":[70,68],"class_list":{"0":"post-27605","1":"product","2":"type-product","3":"status-publish","4":"has-post-thumbnail","6":"product_cat-livros","7":"product_cat-livros-sobre-alzheimer","8":"product_cat-todos-livros","9":"product_tag-ebook","10":"product_tag-livros","11":"pmpro-has-access","13":"first","14":"instock","15":"shipping-taxable","16":"purchasable","17":"product-type-variable"},"_links":{"self":[{"href":"https:\/\/edicoes.portaldoenvelhecimento.com.br\/novo\/wp-json\/wp\/v2\/product\/27605","targetHints":{"allow":["GET"]}}],"collection":[{"href":"https:\/\/edicoes.portaldoenvelhecimento.com.br\/novo\/wp-json\/wp\/v2\/product"}],"about":[{"href":"https:\/\/edicoes.portaldoenvelhecimento.com.br\/novo\/wp-json\/wp\/v2\/types\/product"}],"replies":[{"embeddable":true,"href":"https:\/\/edicoes.portaldoenvelhecimento.com.br\/novo\/wp-json\/wp\/v2\/comments?post=27605"}],"version-history":[{"count":3,"href":"https:\/\/edicoes.portaldoenvelhecimento.com.br\/novo\/wp-json\/wp\/v2\/product\/27605\/revisions"}],"predecessor-version":[{"id":29730,"href":"https:\/\/edicoes.portaldoenvelhecimento.com.br\/novo\/wp-json\/wp\/v2\/product\/27605\/revisions\/29730"}],"wp:featuredmedia":[{"embeddable":true,"href":"https:\/\/edicoes.portaldoenvelhecimento.com.br\/novo\/wp-json\/wp\/v2\/media\/27576"}],"wp:attachment":[{"href":"https:\/\/edicoes.portaldoenvelhecimento.com.br\/novo\/wp-json\/wp\/v2\/media?parent=27605"}],"wp:term":[{"taxonomy":"product_brand","embeddable":true,"href":"https:\/\/edicoes.portaldoenvelhecimento.com.br\/novo\/wp-json\/wp\/v2\/product_brand?post=27605"},{"taxonomy":"product_cat","embeddable":true,"href":"https:\/\/edicoes.portaldoenvelhecimento.com.br\/novo\/wp-json\/wp\/v2\/product_cat?post=27605"},{"taxonomy":"product_tag","embeddable":true,"href":"https:\/\/edicoes.portaldoenvelhecimento.com.br\/novo\/wp-json\/wp\/v2\/product_tag?post=27605"}],"curies":[{"name":"wp","href":"https:\/\/api.w.org\/{rel}","templated":true}]}}