{"id":26444,"date":"2024-08-01T19:39:46","date_gmt":"2024-08-01T22:39:46","guid":{"rendered":"https:\/\/edicoes.portaldoenvelhecimento.com.br\/novo\/?post_type=product&#038;p=26444"},"modified":"2025-11-17T09:56:20","modified_gmt":"2025-11-17T12:56:20","slug":"verbetes-velhices-plurais","status":"publish","type":"product","link":"https:\/\/edicoes.portaldoenvelhecimento.com.br\/novo\/produto\/verbetes-velhices-plurais\/","title":{"rendered":"Verbetes &#8211; Velhices Plurais"},"content":{"rendered":"<div class=\"page\" title=\"Page 1\">\n<div class=\"section\">\n<div class=\"layoutArea\">\n<div class=\"column\">\n<p><strong>Oragnizadoras<\/strong><\/p>\n<p>Beltrina Corte<br \/>\nRuth Gelehrter da Costa Lopes<\/p>\n<p>&nbsp;<\/p>\n<p><strong>AUTORES<\/strong><\/p>\n<\/div>\n<\/div>\n<div class=\"layoutArea\">\n<div class=\"column\">\n<p>Adely Dayan<\/p>\n<p>Aisha Oliveira<\/p>\n<p>Alanna Lupinacci<\/p>\n<p>Alexia Sturaro<\/p>\n<p>Ana Carolina Baggio<\/p>\n<p>Ana Carrara<\/p>\n<p>Ana Khiara Criscuolo Chaves<\/p>\n<p>Andr\u00e9 Vessoni<\/p>\n<p>Beatriz Froes Pinto<\/p>\n<p>Caroline Costa Ver\u00e7osa<\/p>\n<p>Cec\u00edlia Reis Menezes<\/p>\n<p>Clara de Castro Lopes<\/p>\n<p>Clara Slywitch de Santi<\/p>\n<p>Daniela Sayuri Takagaki Akioka<\/p>\n<p>F\u00e1bio Dinelli Paranhos<\/p>\n<p>Fernanda Lika Arimura<\/p>\n<p>Helo\u00e1 Antoniaci<\/p>\n<p>Isabel de Oliveira Fanucci<\/p>\n<p>Isabela Facca<\/p>\n<p>Isabella Bopp<\/p>\n<\/div>\n<div class=\"column\">\n<p>Isabella Lopes<\/p>\n<p>Isabella Sophia Romano Schott<\/p>\n<p>Jaime Sousa<\/p>\n<p>Joice Mendes do Nascimento<\/p>\n<p>J\u00falia Higa Eda<\/p>\n<p>Julia Santos Rocha<\/p>\n<p>Larissa Lavander<\/p>\n<p>Laura Mariana Rodrigues de Vasconcelos<\/p>\n<p>Laura Teruya<\/p>\n<p>Lorena Rosin<\/p>\n<p>Luiza Nosek Lengyel<\/p>\n<p>Maria Carolina Bento Cicaroni Gibelli<\/p>\n<p>Maria Pisani de Freitas<\/p>\n<p>Mariana Lima F\u00e9rrer Teixeira Barbosa<\/p>\n<p>Pietra Gomes Cruz Pereira<\/p>\n<p>Rodrigo Cristoforo del Barrio<\/p>\n<p>Sofia Novak<\/p>\n<p>Victoria Leonel Costa<\/p>\n<p>William Souto Maior Barroso<\/p>\n<\/div>\n<\/div>\n<\/div>\n<\/div>\n<p>&nbsp;<\/p>\n<p class=\"p1\">ISBN: 978-85-69350-49-1<\/p>\n","protected":false},"excerpt":{"rendered":"<p>Uma forma de chamar a aten\u00e7\u00e3o da sociedade e da comunidade cient\u00edfica a respeito da pluralidade das velhices foi a constru\u00e7\u00e3o coletiva desta cartilha, durante uma disciplina, que apresenta 15 verbetes, a saber: velhices pretas, velhices perif\u00e9ricas, velhices masculinas, velhices femininas, velhices quilombolas, velhices ribeirinhas, velhices ind\u00edgenas, velhices ciganas, velhices refugiadas\/imigrantes, velhices em situa\u00e7\u00e3o de rua, velhices com s\u00edndromes gen\u00e9ticas, velhices com defici\u00eancia, velhices LBGTQIA+, velhices institucionalizadas e velhices rurais.<\/p>\n<p>O verbete \u00e9 um texto escrito, de car\u00e1ter informativo, destinado a explicar um conceito.\u00a0Como explicar as diversas velhices contidas nos 32.100 milh\u00f5es de pessoas acima de 60 anos que habitam o Brasil hoje?<\/p>\n<p>\u00c9 imposs\u00edvel, at\u00e9 porque o ser humano \u00e9 diverso e complexo. Mas \u00e9 urgente ampliar a compreens\u00e3o das velhices para al\u00e9m das dicotomias indiv\u00edduo\/sociedade, intelectual\/emocional, interno\/externo. Olhar para as especificidades do envelhecer \u00e9 olhar para a diversidade humana.<\/p>\n<p>Assim, os verbetes que comp\u00f5em este e-book, colocados em ordem aleat\u00f3ria, surgiram como resultado final da eletiva intitulada \u201c<strong>Subjetividades no Envelhecimento: desafios para um Brasil diverso, sustent\u00e1vel e intergeracional\u2019<\/strong>, proposta pelas professoras Beltrina C\u00f4rte e Ruth Gelehrter da Costa Lopes, e ministrada no segundo semestre de 2023 pela primeira docente, aos alunos de Psicologia da PUC-SP, especialmente os do segundo ano.<\/p>\n<p>A eletiva foi motivada por quest\u00f5es que incomodava as docentes, entre elas, qual \u00e9 o papel da ci\u00eancia na constru\u00e7\u00e3o de conhecimentos sobre o envelhecimento e as diversas velhices no Brasil? Qual \u00e9 a representa\u00e7\u00e3o na ci\u00eancia dos diferentes grupos et\u00e1rios existentes na fase da velhice, abrangendo pessoas com diversas origens, cores, experi\u00eancias, habilidades, conhecimentos e disparidades?<\/p>\n<p>Al\u00e9m do e-book ser resultado de um processo de forma\u00e7\u00e3o de jovens psic\u00f3logos e psic\u00f3logas ante o desafio que o envelhecimento populacional imp\u00f5e a todos n\u00f3s, o desejo de ambas as professoras \u00e9 contribuir, a partir desta pequena produ\u00e7\u00e3o, com conhecimentos relativos aos processos de envelhecimento e fornecer subs\u00eddios para o futuro profissional, a fim de que tenha um olhar mais amplo para a diversidade e heterogeneidade das velhices.<\/p>\n<h3><\/h3>\n<h3><strong>Adquira o e-book gratuitamente clicando neste link:<\/strong><\/h3>\n<p><a href=\"https:\/\/drive.google.com\/file\/d\/1igfqg_SnImZz-SC4oU-cF6T2ocwLqjc2\/view?usp=sharing\"><strong>https:\/\/drive.google.com\/file\/d\/1igfqg_SnImZz-SC4oU-cF6T2ocwLqjc2\/view?usp=sharing<\/strong><\/a><\/p>\n<p>&nbsp;<\/p>\n<p><strong>Ou clique em \u00ab adicionar ao carrinho \u00bb, mas na\u0303o se preocupe, o site na\u0303o pedir\u00e1 nenhuma informac\u0327a\u0303o de pagamento!<\/strong><\/p>\n<p>&nbsp;<\/p>\n","protected":false},"featured_media":26445,"comment_status":"open","ping_status":"closed","template":"","meta":{"_bbp_topic_count":0,"_bbp_reply_count":0,"_bbp_total_topic_count":0,"_bbp_total_reply_count":0,"_bbp_voice_count":0,"_bbp_anonymous_reply_count":0,"_bbp_topic_count_hidden":0,"_bbp_reply_count_hidden":0,"_bbp_forum_subforum_count":0,"pmpro_default_level":""},"product_brand":[],"product_cat":[88],"product_tag":[70,87],"class_list":{"0":"post-26444","1":"product","2":"type-product","3":"status-publish","4":"has-post-thumbnail","6":"product_cat-e-books-gratis-2","7":"product_tag-ebook","8":"product_tag-e-books-gratis","9":"pmpro-has-access","11":"first","12":"instock","13":"downloadable","14":"virtual","15":"purchasable","16":"product-type-simple"},"_links":{"self":[{"href":"https:\/\/edicoes.portaldoenvelhecimento.com.br\/novo\/wp-json\/wp\/v2\/product\/26444","targetHints":{"allow":["GET"]}}],"collection":[{"href":"https:\/\/edicoes.portaldoenvelhecimento.com.br\/novo\/wp-json\/wp\/v2\/product"}],"about":[{"href":"https:\/\/edicoes.portaldoenvelhecimento.com.br\/novo\/wp-json\/wp\/v2\/types\/product"}],"replies":[{"embeddable":true,"href":"https:\/\/edicoes.portaldoenvelhecimento.com.br\/novo\/wp-json\/wp\/v2\/comments?post=26444"}],"version-history":[{"count":8,"href":"https:\/\/edicoes.portaldoenvelhecimento.com.br\/novo\/wp-json\/wp\/v2\/product\/26444\/revisions"}],"predecessor-version":[{"id":33881,"href":"https:\/\/edicoes.portaldoenvelhecimento.com.br\/novo\/wp-json\/wp\/v2\/product\/26444\/revisions\/33881"}],"wp:featuredmedia":[{"embeddable":true,"href":"https:\/\/edicoes.portaldoenvelhecimento.com.br\/novo\/wp-json\/wp\/v2\/media\/26445"}],"wp:attachment":[{"href":"https:\/\/edicoes.portaldoenvelhecimento.com.br\/novo\/wp-json\/wp\/v2\/media?parent=26444"}],"wp:term":[{"taxonomy":"product_brand","embeddable":true,"href":"https:\/\/edicoes.portaldoenvelhecimento.com.br\/novo\/wp-json\/wp\/v2\/product_brand?post=26444"},{"taxonomy":"product_cat","embeddable":true,"href":"https:\/\/edicoes.portaldoenvelhecimento.com.br\/novo\/wp-json\/wp\/v2\/product_cat?post=26444"},{"taxonomy":"product_tag","embeddable":true,"href":"https:\/\/edicoes.portaldoenvelhecimento.com.br\/novo\/wp-json\/wp\/v2\/product_tag?post=26444"}],"curies":[{"name":"wp","href":"https:\/\/api.w.org\/{rel}","templated":true}]}}