{"id":26134,"date":"2024-07-16T16:53:27","date_gmt":"2024-07-16T19:53:27","guid":{"rendered":"https:\/\/edicoes.portaldoenvelhecimento.com.br\/novo\/?post_type=product&#038;p=26134"},"modified":"2025-05-23T11:26:20","modified_gmt":"2025-05-23T14:26:20","slug":"o-trabalho-humanizado-em-instituicoes-de-longa-permanencia-para-idosos","status":"publish","type":"product","link":"https:\/\/edicoes.portaldoenvelhecimento.com.br\/novo\/produto\/o-trabalho-humanizado-em-instituicoes-de-longa-permanencia-para-idosos\/","title":{"rendered":"O Trabalho Humanizado em Institui\u00e7\u00f5es de Longa Perman\u00eancia para Idosos"},"content":{"rendered":"<p><strong>SERVI\u00c7O (sobre a autora)<\/strong><\/p>\n<p><b>Tha\u00eds Teixeira Carvalho<\/b>\u00a0\u00e9 formada em Servi\u00e7o Social (2015), p\u00f3s-graduada em Projetos Sociais e Pol\u00edticas P\u00fablicas (2017) e em Gerontologia (2020), atualmente mestranda em Gerontologia Social (2024). Foi assistente social de uma ILPI durante 4 anos e h\u00e1 mais de 5 anos iniciou uma trajet\u00f3ria de estudos sobre o envelhecimento, onde vem se especializando nos fatores de resili\u00eancia para as pessoas idosas institucionalizadas. Atualmente \u00e9 redatora t\u00e9cnica do Ter\u00e7a da Serra e do Revitare, onde desenvolve diversos conte\u00fados sobre envelhecimento, cuidados paliativos e ILPI. Al\u00e9m disso, \u00e9 criadora da p\u00e1gina de conte\u00fado @longevamente no instagram, local onde desenvolve diversos conte\u00fados sobre diversos temas sobre Gerontologia Social.<\/p>\n<p>&nbsp;<\/p>\n<p><strong>Para baixar o arquivo, clique em \u00ab adicionar ao carrinho \u00bb, mas na\u0303o se preocupe, o site na\u0303o pedir\u00e1 nenhuma informac\u0327a\u0303o de pagamento!<\/strong><\/p>\n","protected":false},"excerpt":{"rendered":"<p style=\"font-weight: 400;\">Os servi\u00e7os que se prop\u00f5e a cuidar de pessoas t\u00eam como miss\u00e3o e dever garantir o seu bem-estar, apesar disso, diante de muitos empecilhos de diversos aspectos, essa realidade n\u00e3o acontece em sua totalidade.<\/p>\n<p style=\"font-weight: 400;\">Temos conhecimento de v\u00e1rias institui\u00e7\u00f5es que n\u00e3o cuidam, apenas promovem a sobreviv\u00eancia das pessoas que l\u00e1 vivem, sem respeitar seus desejos, suas vontades e suas prefer\u00eancias, com a justifica\u00e7\u00e3o de que esse n\u00e3o \u00e9 um trabalho pass\u00edvel de ser realizado por diversos motivos. Mas, afinal, se n\u00f3s n\u00e3o cuidamos com humaniza\u00e7\u00e3o, qual \u00e9 o verdadeiro trabalho que est\u00e1 sendo realizado? Ser\u00e1 que as institui\u00e7\u00f5es est\u00e3o cumprindo com o seu dever e executando a sua miss\u00e3o?<\/p>\n<p style=\"font-weight: 400;\">A garantia de uma vida digna est\u00e1 prevista na Constitui\u00e7\u00e3o Federal do Brasil, mas para al\u00e9m disso, temos um dever moral e \u00e9tico, pois afinal, \u00e9 poss\u00edvel cuidar de algu\u00e9m sem enxerg\u00e1-la como um ser humano com desejos, vontades e prefer\u00eancia? Ser\u00e1 que \u00e9 poss\u00edvel trabalhar com pessoas como se fossem objetos? N\u00e3o deveria ser. Esse guia ir\u00e1 oferecer direcionamento para um trabalho mais humanizado.<\/p>\n<p style=\"font-weight: 400;\">Segundo\u00a0<a href=\"https:\/\/www.scielo.br\/j\/rlae\/a\/dyHDHRtQTZyGpg8RJRdrpPK\/?lang=pt\" data-saferedirecturl=\"https:\/\/www.google.com\/url?q=https:\/\/www.scielo.br\/j\/rlae\/a\/dyHDHRtQTZyGpg8RJRdrpPK\/?lang%3Dpt&amp;source=gmail&amp;ust=1721243055722000&amp;usg=AOvVaw2HVIn1A68dkvHe7imNI8NX\">Backes<\/a>\u00a0et al. (2006): \u00c9 preciso reconhecer, entretanto, que muitas institui\u00e7\u00f5es, com os crescentes cortes de verbas p\u00fablicas, enfrentam dificuldades para manter-se. O quadro profissional limitado, a defici\u00eancia de recursos materiais, as condi\u00e7\u00f5es insalubres de trabalho e as novas e cont\u00ednuas demandas tecnol\u00f3gicas, com frequ\u00eancia, aumentam a inseguran\u00e7a e favorecem a insatisfa\u00e7\u00e3o no trabalho. O clima desfavor\u00e1vel tem contribu\u00eddo progressivamente para rela\u00e7\u00f5es de desrespeito entre os pr\u00f3prios profissionais, bem como para a gera\u00e7\u00e3o de uma assist\u00eancia fragmentada e, cada vez mais, desumanizada. Sendo assim, torna-se premente que a filosofia institucional assim como as pol\u00edticas p\u00fablicas de humaniza\u00e7\u00e3o estejam, igualmente, voltadas para a vida e a dignidade dos trabalhadores de sa\u00fade, quando o que se pretende realmente seja a humaniza\u00e7\u00e3o do cuidado nas institui\u00e7\u00f5es de sa\u00fade.\u201d (s. p.)<\/p>\n<p style=\"font-weight: 400;\">Devemos compreender como \u00e9 poss\u00edvel resgatar a express\u00e3o da \u00e9tica como princ\u00edpio fundamental de um cuidado centrado na dignidade, a fim de resgatar a condi\u00e7\u00e3o de pessoa e n\u00e3o mais de objeto das pessoas que vivem nessas condi\u00e7\u00f5es. Para isso, falaremos sobre o conceito de Cuidados em Humanitude.<\/p>\n<p><strong>Para baixar o arquivo, clique em \u00ab adicionar ao carrinho \u00bb, mas na\u0303o se preocupe, o site na\u0303o pedir\u00e1 nenhuma informac\u0327a\u0303o de pagamento!<\/strong><\/p>\n","protected":false},"featured_media":26135,"comment_status":"open","ping_status":"closed","template":"","meta":{"_bbp_topic_count":0,"_bbp_reply_count":0,"_bbp_total_topic_count":0,"_bbp_total_reply_count":0,"_bbp_voice_count":0,"_bbp_anonymous_reply_count":0,"_bbp_topic_count_hidden":0,"_bbp_reply_count_hidden":0,"_bbp_forum_subforum_count":0,"pmpro_default_level":""},"product_brand":[],"product_cat":[88],"product_tag":[70,87],"class_list":{"0":"post-26134","1":"product","2":"type-product","3":"status-publish","4":"has-post-thumbnail","6":"product_cat-e-books-gratis-2","7":"product_tag-ebook","8":"product_tag-e-books-gratis","9":"pmpro-has-access","11":"first","12":"instock","13":"downloadable","14":"virtual","15":"purchasable","16":"product-type-simple"},"_links":{"self":[{"href":"https:\/\/edicoes.portaldoenvelhecimento.com.br\/novo\/wp-json\/wp\/v2\/product\/26134","targetHints":{"allow":["GET"]}}],"collection":[{"href":"https:\/\/edicoes.portaldoenvelhecimento.com.br\/novo\/wp-json\/wp\/v2\/product"}],"about":[{"href":"https:\/\/edicoes.portaldoenvelhecimento.com.br\/novo\/wp-json\/wp\/v2\/types\/product"}],"replies":[{"embeddable":true,"href":"https:\/\/edicoes.portaldoenvelhecimento.com.br\/novo\/wp-json\/wp\/v2\/comments?post=26134"}],"version-history":[{"count":4,"href":"https:\/\/edicoes.portaldoenvelhecimento.com.br\/novo\/wp-json\/wp\/v2\/product\/26134\/revisions"}],"predecessor-version":[{"id":33882,"href":"https:\/\/edicoes.portaldoenvelhecimento.com.br\/novo\/wp-json\/wp\/v2\/product\/26134\/revisions\/33882"}],"wp:featuredmedia":[{"embeddable":true,"href":"https:\/\/edicoes.portaldoenvelhecimento.com.br\/novo\/wp-json\/wp\/v2\/media\/26135"}],"wp:attachment":[{"href":"https:\/\/edicoes.portaldoenvelhecimento.com.br\/novo\/wp-json\/wp\/v2\/media?parent=26134"}],"wp:term":[{"taxonomy":"product_brand","embeddable":true,"href":"https:\/\/edicoes.portaldoenvelhecimento.com.br\/novo\/wp-json\/wp\/v2\/product_brand?post=26134"},{"taxonomy":"product_cat","embeddable":true,"href":"https:\/\/edicoes.portaldoenvelhecimento.com.br\/novo\/wp-json\/wp\/v2\/product_cat?post=26134"},{"taxonomy":"product_tag","embeddable":true,"href":"https:\/\/edicoes.portaldoenvelhecimento.com.br\/novo\/wp-json\/wp\/v2\/product_tag?post=26134"}],"curies":[{"name":"wp","href":"https:\/\/api.w.org\/{rel}","templated":true}]}}