{"id":21916,"date":"2023-12-19T08:02:07","date_gmt":"2023-12-19T11:02:07","guid":{"rendered":"https:\/\/edicoes.portaldoenvelhecimento.com.br\/novo\/?post_type=product&#038;p=21916"},"modified":"2025-07-21T23:55:13","modified_gmt":"2025-07-22T02:55:13","slug":"isolamento-social-entre-pessoas-idosas-o-que-sabemos","status":"publish","type":"product","link":"https:\/\/edicoes.portaldoenvelhecimento.com.br\/novo\/produto\/isolamento-social-entre-pessoas-idosas-o-que-sabemos\/","title":{"rendered":"Isolamento Social Entre Pessoas Idosas: O Que Sabemos?"},"content":{"rendered":"<p><strong>Servi\u00e7o<\/strong><\/p>\n<div class=\"page\" title=\"Page 1\">\n<div class=\"section\">\n<div class=\"layoutArea\">\n<div class=\"column\">\n<p>Organizadora<\/p>\n<p>Maria Weila Coe\u0302lho Almeida<\/p>\n<p>Leides Barroso Azevedo Moura<\/p>\n<p>Revis\u00e3o do conte\u00fado<\/p>\n<p>Leides Barroso Azevedo Moura<\/p>\n<p>Maria de Bele\u0301m Portilho Bentes<\/p>\n<p>Projeto gr\u00e1fico e diagrama\u00e7\u00e3o<\/p>\n<p>Maria da Glo\u0301ria D. S. Costa<\/p>\n<p>Revis\u00e3o de texto<\/p>\n<p>Benilci da Silva Vieira de Oliveira<\/p>\n<p>Equipe de apoio<\/p>\n<p>Ana Beatriz Alves de Ara\u00fajo &#8211; Graduando de Enfermagem da Universidade de Brasi\u0301lia, Bolsistas Pibic e participante do Grupo de Pesquisa Envelhecer Cidada\u0303o.<br \/>\nGabriel Corre\u0302a Borges &#8211; Graduando de Enfermagem da Universidade de Brasi\u0301lia, Bolsistas Pibic e participante do Grupo de Pesquisa Envelhecer Cidada\u0303o e Simone Bezerra Franco &#8211; Doutoranda do PPGDSCI e membro do Grupo de Pesquisa Envelhecer Cidada\u0303o.<\/p>\n<\/div>\n<\/div>\n<\/div>\n<\/div>\n","protected":false},"excerpt":{"rendered":"<p>Esta cartilha \u00e9 resultado da pesquisa de mestrado do Programa de P\u00f3s-Gradua\u00e7\u00e3o em &#8220;Desenvolvimento, Sociedade e Coopera\u00e7\u00e3o Internacional&#8221;, intitulado: Isolamento Social entre Pessoas Idosas Participantes do Sesc do Distrito Federal em Tempo de Distanciamento Social na pandemia de Covid-19, da pesquisadora Maria Weila Co\u00ealho Almeida, sob orienta\u00e7\u00e3o da professora Dra. Leides Barroso Azevedo Moura. A pesquisa foi realizada junto ao Centro de Estudos Avan\u00e7ados Multidisciplinares (CEAM), da Universidade de Bras\u00edlia.<\/p>\n<p>O desejo das organizadoras \u00e9 que este material sirva como um guia pr\u00e1tico para ampliar a consci\u00eancia sobre o isolamento social entre pessoas idosas e contribua de forma significativa para uma sociedade mais inclusiva, justa e celebrativa da diversidade geracional.<\/p>\n<p>A pesquisa teve como objetivos analisar a situa\u00e7\u00e3o de isolamento social vivenciada por pessoas idosas, participantes do Sesc DF, durante o per\u00edodo de distanciamento social imposto pela pandemia de Covid-19. O estudo visou compreender os impactos do isolamento nesse grupo espec\u00edfico, buscando identificar os desafios enfrentados, as estrat\u00e9gias de adapta\u00e7\u00e3o adotadas e as necessidades emergentes. A an\u00e1lise se concentrou n\u00e3o apenas nos aspectos negativos do isolamento, mas tamb\u00e9m nas redes de apoio existentes e nas solu\u00e7\u00f5es que podem ter surgido durante esse per\u00edodo, fornecendo insights importantes para o desenvolvimento de pol\u00edticas e pr\u00e1ticas que promovam o bem-estar e a inclus\u00e3o social das pessoas idosas em tempos de crises sanit\u00e1rias.<\/p>\n<p>O processo social do envelhecimento ultrapassa o aspecto biol\u00f3gico. Ele reflete as condi\u00e7\u00f5es objetivas e subjetivas moldadas pelas transforma\u00e7\u00f5es ao longo da vida. Nesse contexto, celebrar as fases da vida na velhice \u00e9 fundamental. Isso implica considerar n\u00e3o apenas limita\u00e7\u00f5es de natureza f\u00edsica ou biopsicossociais, mas sobretudo, evidenciar as experi\u00eancias e contribui\u00e7\u00f5es que pessoas idosas trazem para a sociedade. Ao valorizar e respeitar as pessoas idosas, podemos criar comunidades mais inclusivas, solid\u00e1rias e intergeracionais.<\/p>\n<p>&nbsp;<\/p>\n<p><strong>Para baixar o arquivo, clique em \u00ab adicionar ao carrinho \u00bb, mas na\u0303o se preocupe, o site na\u0303o pedir\u00e1 nenhuma informac\u0327a\u0303o de pagamento!<\/strong><\/p>\n","protected":false},"featured_media":21917,"comment_status":"open","ping_status":"closed","template":"","meta":{"_bbp_topic_count":0,"_bbp_reply_count":0,"_bbp_total_topic_count":0,"_bbp_total_reply_count":0,"_bbp_voice_count":0,"_bbp_anonymous_reply_count":0,"_bbp_topic_count_hidden":0,"_bbp_reply_count_hidden":0,"_bbp_forum_subforum_count":0,"pmpro_default_level":""},"product_brand":[],"product_cat":[88],"product_tag":[70,87],"class_list":{"0":"post-21916","1":"product","2":"type-product","3":"status-publish","4":"has-post-thumbnail","6":"product_cat-e-books-gratis-2","7":"product_tag-ebook","8":"product_tag-e-books-gratis","9":"pmpro-has-access","11":"first","12":"instock","13":"downloadable","14":"virtual","15":"purchasable","16":"product-type-simple"},"_links":{"self":[{"href":"https:\/\/edicoes.portaldoenvelhecimento.com.br\/novo\/wp-json\/wp\/v2\/product\/21916","targetHints":{"allow":["GET"]}}],"collection":[{"href":"https:\/\/edicoes.portaldoenvelhecimento.com.br\/novo\/wp-json\/wp\/v2\/product"}],"about":[{"href":"https:\/\/edicoes.portaldoenvelhecimento.com.br\/novo\/wp-json\/wp\/v2\/types\/product"}],"replies":[{"embeddable":true,"href":"https:\/\/edicoes.portaldoenvelhecimento.com.br\/novo\/wp-json\/wp\/v2\/comments?post=21916"}],"version-history":[{"count":4,"href":"https:\/\/edicoes.portaldoenvelhecimento.com.br\/novo\/wp-json\/wp\/v2\/product\/21916\/revisions"}],"predecessor-version":[{"id":33097,"href":"https:\/\/edicoes.portaldoenvelhecimento.com.br\/novo\/wp-json\/wp\/v2\/product\/21916\/revisions\/33097"}],"wp:featuredmedia":[{"embeddable":true,"href":"https:\/\/edicoes.portaldoenvelhecimento.com.br\/novo\/wp-json\/wp\/v2\/media\/21917"}],"wp:attachment":[{"href":"https:\/\/edicoes.portaldoenvelhecimento.com.br\/novo\/wp-json\/wp\/v2\/media?parent=21916"}],"wp:term":[{"taxonomy":"product_brand","embeddable":true,"href":"https:\/\/edicoes.portaldoenvelhecimento.com.br\/novo\/wp-json\/wp\/v2\/product_brand?post=21916"},{"taxonomy":"product_cat","embeddable":true,"href":"https:\/\/edicoes.portaldoenvelhecimento.com.br\/novo\/wp-json\/wp\/v2\/product_cat?post=21916"},{"taxonomy":"product_tag","embeddable":true,"href":"https:\/\/edicoes.portaldoenvelhecimento.com.br\/novo\/wp-json\/wp\/v2\/product_tag?post=21916"}],"curies":[{"name":"wp","href":"https:\/\/api.w.org\/{rel}","templated":true}]}}