{"id":21354,"date":"2023-11-25T17:07:32","date_gmt":"2023-11-25T20:07:32","guid":{"rendered":"https:\/\/edicoes.portaldoenvelhecimento.com.br\/novo\/?post_type=product&#038;p=21354"},"modified":"2025-05-23T11:34:17","modified_gmt":"2025-05-23T14:34:17","slug":"memorias-de-protagonismo-e-resistencia-a-historia-do-forum-distrital-da-sociedade-civil-em-defesa-dos-direitos-da-pessoa-idosa-no-df","status":"publish","type":"product","link":"https:\/\/edicoes.portaldoenvelhecimento.com.br\/novo\/produto\/memorias-de-protagonismo-e-resistencia-a-historia-do-forum-distrital-da-sociedade-civil-em-defesa-dos-direitos-da-pessoa-idosa-no-df\/","title":{"rendered":"Mem\u00f3rias de Protagonismo e Resist\u00eancia: a Hist\u00f3ria do F\u00f3rum Distrital da Sociedade Civil em Defesa dos Direitos da Pessoa Idosa no DF"},"content":{"rendered":"<p><strong>Servi\u00e7o<\/strong><\/p>\n<p><em>Mem\u00f3rias de Protagonismo e Resist\u00eancia: A hist\u00f3ria do F\u00f3rum Distrital da Sociedade Civil em Defesa dos Direitos da Pessoa Idosa no DF<\/em><\/p>\n<p>Coordena\u00e7\u00e3o de produ\u00e7\u00e3o editorial: Leides B. A. Moura e Ester Porto Dias Costa<\/p>\n<p>Organizadores: Leides Barroso Azevedo Moura Grasiele Silveira Tavares Marisete Peralva Safons Dine Layne Ferreira Santos Ester Porto Dias Costa Bruna Martins Ferraz Conison Cateji Sugiyama<\/p>\n<p>Equipe do \u201cGrupo de Trabalho Envelhecimento Saud\u00e1vel e Participativo\u201d \u2013 GTESP-DASU-DAC-UnB<\/p>\n<p>Universidade de Bras\u00edlia (UnB) &#8211; Campus Universit\u00e1rio Darcy Ribeiro<\/p>\n<p>2023<\/p>\n","protected":false},"excerpt":{"rendered":"<p>Com imensa alegria e profundo carinho, o Grupo de Trabalho Envelhecimento Saud\u00e1vel e Participativo da Universidade de Bras\u00edlia (GTESP-DAC-DASU-UnB) tem a honra de compartilhar esta obra com voc\u00ea. Este livro \u00e9 uma vibrante celebra\u00e7\u00e3o da a\u00e7\u00e3o p\u00fablica, do protagonismo e das vozes de pessoas idosas que, com coragem, lutam e resistem para assegurar o direito de envelhecer com plenitude de cidadania, dignidade e liberdade.<\/p>\n<p>Em 2023, celebramos duas datas fundamentais: o Estatuto da Pessoa Idosa completa 20 anos, e a Constitui\u00e7\u00e3o Federal brasileira atinge a marca de 35 anos. Este momento \u00e9 mais do que oportuno para registrar algumas das muitas conquistas do movimento social &#8220;F\u00f3rum Distrital da Sociedade Civil em Defesa de Direitos da Pessoa Idosa&#8221; em rela\u00e7\u00e3o \u00e0 agenda pol\u00edtica do envelhecimento no Distrito Federal. Essas datas representam pilares s\u00f3lidos do nosso Estado Democr\u00e1tico de Direitos.<\/p>\n<p>Este livro digital descreve de forma inspiradora atua\u00e7\u00f5es colaborativas de diversos atores que se unem em coletivos, redes e organiza\u00e7\u00f5es da nossa cidade. O objetivo desse registro \u00e9 inspirar as atuais e futuras gera\u00e7\u00f5es, preenchendo uma lacuna de material biogr\u00e1fico inspirador de pessoas que desempenham um papel fundamental na promo\u00e7\u00e3o da cidadania participativa em nossa comunidade.<\/p>\n<p>Nas p\u00e1ginas desta obra, voc\u00ea encontrar\u00e1 relatos que ressaltam a riqueza da escuta e do di\u00e1logo com pessoas idosas engajadas e vision\u00e1rias.<\/p>\n<p>O livro est\u00e1 dividido em cinco partes:<\/p>\n<p>No primeiro cap\u00edtulo, Vicente e Jairo nos conduzem por uma cativante viagem aos prim\u00f3rdios do grupo. Em seguida, os membros do F\u00f3rum se apresentam e compartilham suas inspiradoras trajet\u00f3rias de vida. O terceiro cap\u00edtulo aborda os documentos resultants das confer\u00eancias de controle e exerc\u00edcio de participa\u00e7\u00e3o social organizadas pelo F\u00f3rum desde 2019. No cap\u00edtulo quatro, registramos as cartas enviadas aos gestores p\u00fablicos do Distrito Federal, expressando as vozes daqueles que tanto contribuem para a nossa sociedade. Por fim, no cap\u00edtulo cinco, voc\u00ea encontrar\u00e1 depoimentos emocionantes que destacam o profundo impacto da atua\u00e7\u00e3o do F\u00f3rum.<\/p>\n<p>O material \u00e9 mais do que um convite; \u00e9 um apelo para compreender e valorizar o envelhecimento participativo e cidad\u00e3o, repleto de hist\u00f3rias inspiradoras que n\u00e3o apenas atuam na nossa cidade, mas tamb\u00e9m delineiam o rumo e esperan\u00e7am um futuro de equidade e garantia de acesso a direitos.<\/p>\n<p>Desejamos a voc\u00ea uma leitura transformadora,<\/p>\n<p>Organizadores<\/p>\n<p>&nbsp;<\/p>\n<p><strong>Para baixar o arquivo, clique em \u00ab adicionar ao carrinho \u00bb, mas na\u0303o se preocupe, o site na\u0303o pedir\u00e1 nenhuma informac\u0327a\u0303o de pagamento!<\/strong><\/p>\n","protected":false},"featured_media":21355,"comment_status":"open","ping_status":"closed","template":"","meta":{"_bbp_topic_count":0,"_bbp_reply_count":0,"_bbp_total_topic_count":0,"_bbp_total_reply_count":0,"_bbp_voice_count":0,"_bbp_anonymous_reply_count":0,"_bbp_topic_count_hidden":0,"_bbp_reply_count_hidden":0,"_bbp_forum_subforum_count":0,"pmpro_default_level":""},"product_brand":[],"product_cat":[88],"product_tag":[70,87],"class_list":{"0":"post-21354","1":"product","2":"type-product","3":"status-publish","4":"has-post-thumbnail","6":"product_cat-e-books-gratis-2","7":"product_tag-ebook","8":"product_tag-e-books-gratis","9":"pmpro-has-access","11":"first","12":"instock","13":"downloadable","14":"virtual","15":"purchasable","16":"product-type-simple"},"_links":{"self":[{"href":"https:\/\/edicoes.portaldoenvelhecimento.com.br\/novo\/wp-json\/wp\/v2\/product\/21354","targetHints":{"allow":["GET"]}}],"collection":[{"href":"https:\/\/edicoes.portaldoenvelhecimento.com.br\/novo\/wp-json\/wp\/v2\/product"}],"about":[{"href":"https:\/\/edicoes.portaldoenvelhecimento.com.br\/novo\/wp-json\/wp\/v2\/types\/product"}],"replies":[{"embeddable":true,"href":"https:\/\/edicoes.portaldoenvelhecimento.com.br\/novo\/wp-json\/wp\/v2\/comments?post=21354"}],"version-history":[{"count":5,"href":"https:\/\/edicoes.portaldoenvelhecimento.com.br\/novo\/wp-json\/wp\/v2\/product\/21354\/revisions"}],"predecessor-version":[{"id":33888,"href":"https:\/\/edicoes.portaldoenvelhecimento.com.br\/novo\/wp-json\/wp\/v2\/product\/21354\/revisions\/33888"}],"wp:featuredmedia":[{"embeddable":true,"href":"https:\/\/edicoes.portaldoenvelhecimento.com.br\/novo\/wp-json\/wp\/v2\/media\/21355"}],"wp:attachment":[{"href":"https:\/\/edicoes.portaldoenvelhecimento.com.br\/novo\/wp-json\/wp\/v2\/media?parent=21354"}],"wp:term":[{"taxonomy":"product_brand","embeddable":true,"href":"https:\/\/edicoes.portaldoenvelhecimento.com.br\/novo\/wp-json\/wp\/v2\/product_brand?post=21354"},{"taxonomy":"product_cat","embeddable":true,"href":"https:\/\/edicoes.portaldoenvelhecimento.com.br\/novo\/wp-json\/wp\/v2\/product_cat?post=21354"},{"taxonomy":"product_tag","embeddable":true,"href":"https:\/\/edicoes.portaldoenvelhecimento.com.br\/novo\/wp-json\/wp\/v2\/product_tag?post=21354"}],"curies":[{"name":"wp","href":"https:\/\/api.w.org\/{rel}","templated":true}]}}