{"id":21345,"date":"2023-11-25T16:54:05","date_gmt":"2023-11-25T19:54:05","guid":{"rendered":"https:\/\/edicoes.portaldoenvelhecimento.com.br\/novo\/?post_type=product&#038;p=21345"},"modified":"2025-08-22T12:47:55","modified_gmt":"2025-08-22T15:47:55","slug":"a-universidade-e-o-envelhecimento-populacional-dialogos-e-experiencias-em-construcao-no-brasil","status":"publish","type":"product","link":"https:\/\/edicoes.portaldoenvelhecimento.com.br\/novo\/produto\/a-universidade-e-o-envelhecimento-populacional-dialogos-e-experiencias-em-construcao-no-brasil\/","title":{"rendered":"A Universidade e o Envelhecimento Populacional: Di\u00e1logos e Experi\u00eancias em Constru\u00e7\u00e3o no Brasil"},"content":{"rendered":"<p><strong>Servi\u00e7o<\/strong><\/p>\n<p>A universidade e o envelhecimento populacional: di\u00e1logos e experi\u00eancias em constru\u00e7\u00e3o no Brasil<\/p>\n<p>Simone Martins (Organizadora)<\/p>\n<p>Vi\u00e7osa, MG: UFV, IPPDS<\/p>\n<p>2023<\/p>\n<p>177 p.<\/p>\n<p>ISBN 978-85-60601-20-2<\/p>\n<p>&nbsp;<\/p>\n","protected":false},"excerpt":{"rendered":"<p>Como toda boa conversa, este livro come\u00e7a com uma pergunta: para que serve a universidade?<\/p>\n<p>Ora, as universidades servem para formar profissionais de base intelectual, cient\u00edfica e t\u00e9cnica. Servem tamb\u00e9m \u00e0 forma\u00e7\u00e3o humana intelectual \u2013 o que An\u00edsio Teixeira (1964) denominou de alargamento da mente humana -, \u00e0 constru\u00e7\u00e3o do conhecimento em pesquisa, \u00e0 transmiss\u00e3o dos valores e da cultura de um pa\u00eds. Assim, como o reverso de sua beleza, as universidades tamb\u00e9m podem servir como espa\u00e7o de conserva\u00e7\u00e3o de poder e de exclus\u00e3o de parcelas populacionais.<\/p>\n<p>\u00c9, pois, contra essa \u00faltima possibilidade que este livro surge como um convite para (re)pensarmos a rela\u00e7\u00e3o entre a universidade e o envelhecimento populacional. Propomos que a universidade seja o catalisador de uma sociedade mais justa e mais preparada para todos os indiv\u00edduos, de todas as idades. A tarefa \u00e9 desafiadora, j\u00e1 que nem sempre percebemos a universidade como um lugar de produ\u00e7\u00e3o e de compartilhamento dos saberes; como o lugar para a promo\u00e7\u00e3o do di\u00e1logo e do debate; como o lugar onde se busca o consenso e o dissenso; como o local em que aprendemos a nos colocar como indiv\u00edduo, mas como um indiv\u00edduo que vive, respeita e se preocupa com o coletivo.<\/p>\n<p>Trilhar esse caminho exige, portanto, lembrar que a universidade \u00e9 espa\u00e7o para experimenta\u00e7\u00e3o, para descobertas, para buscar solu\u00e7\u00f5es que melhorem a nossa vida; um lugar aberto, um lugar de trocas, um local de aprendizagem constante. Exige lembrar que a universidade \u00e9 um espa\u00e7o onde se busca a inova\u00e7\u00e3o de servi\u00e7os, de processos, de produtos, de gest\u00e3o &#8211; incluindo a gest\u00e3o p\u00fablica \u2013, de inova\u00e7\u00e3o tecnol\u00f3gica e, sem d\u00favida, um local de produ\u00e7\u00e3o de conhecimento com base na ci\u00eancia.<\/p>\n<p>Ali\u00e1s, foi com base nos avan\u00e7os da ci\u00eancia em diferentes \u00e1reas do conhecimento \u2013 sa\u00fade, educa\u00e7\u00e3o, saneamento b\u00e1sico, entre outros &#8211; que a humanidade obteve uma de suas maiores conquistas: o aumento da expectativa de vida. Conquista que trouxe consigo a possibilidade de atribuirmos novos significados \u00e0s viv\u00eancias individuais e coletivas, mas que tamb\u00e9m trouxe in\u00fameros desafios sociais, sanit\u00e1rios e econ\u00f4micos relacionados ao envelhecimento populacional.<\/p>\n<p>&nbsp;<\/p>\n<p><strong>Para baixar o arquivo, clique em \u00ab adicionar ao carrinho \u00bb, mas na\u0303o se preocupe, o site na\u0303o pedir\u00e1 nenhuma informac\u0327a\u0303o de pagamento!<\/strong><\/p>\n","protected":false},"featured_media":21346,"comment_status":"open","ping_status":"closed","template":"","meta":{"_bbp_topic_count":0,"_bbp_reply_count":0,"_bbp_total_topic_count":0,"_bbp_total_reply_count":0,"_bbp_voice_count":0,"_bbp_anonymous_reply_count":0,"_bbp_topic_count_hidden":0,"_bbp_reply_count_hidden":0,"_bbp_forum_subforum_count":0,"pmpro_default_level":""},"product_brand":[],"product_cat":[88],"product_tag":[70,87],"class_list":{"0":"post-21345","1":"product","2":"type-product","3":"status-publish","4":"has-post-thumbnail","6":"product_cat-e-books-gratis-2","7":"product_tag-ebook","8":"product_tag-e-books-gratis","9":"pmpro-has-access","11":"first","12":"instock","13":"downloadable","14":"virtual","15":"purchasable","16":"product-type-simple"},"_links":{"self":[{"href":"https:\/\/edicoes.portaldoenvelhecimento.com.br\/novo\/wp-json\/wp\/v2\/product\/21345","targetHints":{"allow":["GET"]}}],"collection":[{"href":"https:\/\/edicoes.portaldoenvelhecimento.com.br\/novo\/wp-json\/wp\/v2\/product"}],"about":[{"href":"https:\/\/edicoes.portaldoenvelhecimento.com.br\/novo\/wp-json\/wp\/v2\/types\/product"}],"replies":[{"embeddable":true,"href":"https:\/\/edicoes.portaldoenvelhecimento.com.br\/novo\/wp-json\/wp\/v2\/comments?post=21345"}],"version-history":[{"count":11,"href":"https:\/\/edicoes.portaldoenvelhecimento.com.br\/novo\/wp-json\/wp\/v2\/product\/21345\/revisions"}],"predecessor-version":[{"id":33889,"href":"https:\/\/edicoes.portaldoenvelhecimento.com.br\/novo\/wp-json\/wp\/v2\/product\/21345\/revisions\/33889"}],"wp:featuredmedia":[{"embeddable":true,"href":"https:\/\/edicoes.portaldoenvelhecimento.com.br\/novo\/wp-json\/wp\/v2\/media\/21346"}],"wp:attachment":[{"href":"https:\/\/edicoes.portaldoenvelhecimento.com.br\/novo\/wp-json\/wp\/v2\/media?parent=21345"}],"wp:term":[{"taxonomy":"product_brand","embeddable":true,"href":"https:\/\/edicoes.portaldoenvelhecimento.com.br\/novo\/wp-json\/wp\/v2\/product_brand?post=21345"},{"taxonomy":"product_cat","embeddable":true,"href":"https:\/\/edicoes.portaldoenvelhecimento.com.br\/novo\/wp-json\/wp\/v2\/product_cat?post=21345"},{"taxonomy":"product_tag","embeddable":true,"href":"https:\/\/edicoes.portaldoenvelhecimento.com.br\/novo\/wp-json\/wp\/v2\/product_tag?post=21345"}],"curies":[{"name":"wp","href":"https:\/\/api.w.org\/{rel}","templated":true}]}}