{"id":21004,"date":"2023-10-30T09:34:23","date_gmt":"2023-10-30T12:34:23","guid":{"rendered":"https:\/\/edicoes.portaldoenvelhecimento.com.br\/novo\/?post_type=product&#038;p=21004"},"modified":"2025-05-23T11:37:03","modified_gmt":"2025-05-23T14:37:03","slug":"gentileza-de-ser-vidas-idosas-importam-solidariedade-empatia-e-respeito-projetos-e-acoes-pelo-brasil","status":"publish","type":"product","link":"https:\/\/edicoes.portaldoenvelhecimento.com.br\/novo\/produto\/gentileza-de-ser-vidas-idosas-importam-solidariedade-empatia-e-respeito-projetos-e-acoes-pelo-brasil\/","title":{"rendered":"Gentileza de SER: Vidas Idosas Importam &#8211; Solidariedade, Empatia e Respeito &#8211; Projetos e A\u00e7\u00f5es Pelo Brasil"},"content":{"rendered":"<p>Cr\u00e9ditos:<\/p>\n<p style=\"font-weight: 400;\">K\u00e9lvio Lu\u00eds e Sara Sales (orgs.)<\/p>\n<p style=\"font-weight: 400;\">Rolim\u00e3 Editora, 2023<\/p>\n<p style=\"font-weight: 400;\">Nova Lima, MG<\/p>\n","protected":false},"excerpt":{"rendered":"<p style=\"font-weight: 400;\">Ser gentil \u00e9 ser am\u00e1vel. \u00c9 um convite para a solidariedade. Pelos caminhos da empatia, colocamo-nos no lugar do outro com o olhar de rever\u00eancia e respeito, valorizamos hist\u00f3rias e vidas idosas do nosso Brasil.<\/p>\n<p style=\"font-weight: 400;\">Na nossa primeira edi\u00e7\u00e3o do projeto Gentileza de SER: Vidas idosas Importam \u2013 Solidariedade, Empatia e Respeito, no ano de 2022, realizamos um trabalho que contemplava registros fotogr\u00e1ficos de pessoas idosas de v\u00e1rias localidades do Brasil, uma reflex\u00e3o para a inclus\u00e3o social, a\u00e7\u00f5es intergeracionais e para a disponibilidade de fazer o bem e construir um mundo mais justo e acolhedor.<\/p>\n<p style=\"font-weight: 400;\">Nesta nova edi\u00e7\u00e3o, temos por objetivo evidenciar, de maneira bem simplificada e acess\u00edvel, interven\u00e7\u00f5es profissionais e trabalhos voluntariados, a\u00e7\u00f5es e projetos realizados em algumas cidades do Brasil e que de alguma maneira venham a fortalecer, fomentar e estimular novas possibilidades para a popula\u00e7\u00e3o idosa. Para tornar este livro realidade, contamos com um time de profissionais que desenvolvem trabalhos promovendo o envelhecimento ativo e saud\u00e1vel que se disponibilizaram generosamente a partilhar um pouco de seus conhecimentos e pr\u00e1ticas.<\/p>\n<p style=\"font-weight: 400;\">Desejamos a todos uma boa leitura, e que possamos continuar a promover iniciativas para uma verdadeira transforma\u00e7\u00e3o sociocultural pautada na gentileza, na solidariedade, na empatia e no respeito.<\/p>\n<p style=\"font-weight: 400;\">Abra\u00e7o fraterno!<\/p>\n<p style=\"font-weight: 400;\">K\u00e9lvio\u00a0Lu\u00eds<\/p>\n<p>&nbsp;<\/p>\n<p><strong>Para baixar o arquivo, clique em \u00ab adicionar ao carrinho \u00bb, mas na\u0303o se preocupe, o site na\u0303o pedir\u00e1 nenhuma informac\u0327a\u0303o de pagamento!<\/strong><\/p>\n","protected":false},"featured_media":21005,"comment_status":"open","ping_status":"closed","template":"","meta":{"_bbp_topic_count":0,"_bbp_reply_count":0,"_bbp_total_topic_count":0,"_bbp_total_reply_count":0,"_bbp_voice_count":0,"_bbp_anonymous_reply_count":0,"_bbp_topic_count_hidden":0,"_bbp_reply_count_hidden":0,"_bbp_forum_subforum_count":0,"pmpro_default_level":""},"product_brand":[],"product_cat":[88],"product_tag":[70,87],"class_list":{"0":"post-21004","1":"product","2":"type-product","3":"status-publish","4":"has-post-thumbnail","6":"product_cat-e-books-gratis-2","7":"product_tag-ebook","8":"product_tag-e-books-gratis","9":"pmpro-has-access","11":"first","12":"instock","13":"downloadable","14":"virtual","15":"purchasable","16":"product-type-simple"},"_links":{"self":[{"href":"https:\/\/edicoes.portaldoenvelhecimento.com.br\/novo\/wp-json\/wp\/v2\/product\/21004","targetHints":{"allow":["GET"]}}],"collection":[{"href":"https:\/\/edicoes.portaldoenvelhecimento.com.br\/novo\/wp-json\/wp\/v2\/product"}],"about":[{"href":"https:\/\/edicoes.portaldoenvelhecimento.com.br\/novo\/wp-json\/wp\/v2\/types\/product"}],"replies":[{"embeddable":true,"href":"https:\/\/edicoes.portaldoenvelhecimento.com.br\/novo\/wp-json\/wp\/v2\/comments?post=21004"}],"version-history":[{"count":4,"href":"https:\/\/edicoes.portaldoenvelhecimento.com.br\/novo\/wp-json\/wp\/v2\/product\/21004\/revisions"}],"predecessor-version":[{"id":33890,"href":"https:\/\/edicoes.portaldoenvelhecimento.com.br\/novo\/wp-json\/wp\/v2\/product\/21004\/revisions\/33890"}],"wp:featuredmedia":[{"embeddable":true,"href":"https:\/\/edicoes.portaldoenvelhecimento.com.br\/novo\/wp-json\/wp\/v2\/media\/21005"}],"wp:attachment":[{"href":"https:\/\/edicoes.portaldoenvelhecimento.com.br\/novo\/wp-json\/wp\/v2\/media?parent=21004"}],"wp:term":[{"taxonomy":"product_brand","embeddable":true,"href":"https:\/\/edicoes.portaldoenvelhecimento.com.br\/novo\/wp-json\/wp\/v2\/product_brand?post=21004"},{"taxonomy":"product_cat","embeddable":true,"href":"https:\/\/edicoes.portaldoenvelhecimento.com.br\/novo\/wp-json\/wp\/v2\/product_cat?post=21004"},{"taxonomy":"product_tag","embeddable":true,"href":"https:\/\/edicoes.portaldoenvelhecimento.com.br\/novo\/wp-json\/wp\/v2\/product_tag?post=21004"}],"curies":[{"name":"wp","href":"https:\/\/api.w.org\/{rel}","templated":true}]}}