{"id":20261,"date":"2023-09-24T22:46:09","date_gmt":"2023-09-25T01:46:09","guid":{"rendered":"https:\/\/edicoes.portaldoenvelhecimento.com.br\/novo\/?post_type=product&#038;p=20261"},"modified":"2025-12-02T02:17:07","modified_gmt":"2025-12-02T05:17:07","slug":"sagas-da-viagem","status":"publish","type":"product","link":"https:\/\/edicoes.portaldoenvelhecimento.com.br\/novo\/produto\/sagas-da-viagem\/","title":{"rendered":"Sagas da Viagem"},"content":{"rendered":"<div class=\"page\" title=\"Page 1\">\n<div class=\"layoutArea\">\n<div class=\"column\">\n<div class=\"layoutArea\">\n<div class=\"column\">\n<div class=\"page\" title=\"Page 1\">\n<div class=\"layoutArea\">\n<div class=\"column\">\n<div class=\"page\" title=\"Page 1\">\n<div class=\"layoutArea\">\n<div class=\"column\">\n<div class=\"page\" title=\"Page 1\">\n<div class=\"layoutArea\">\n<div class=\"column\">\n<div class=\"page\" title=\"Page 1\">\n<div class=\"layoutArea\">\n<div class=\"column\">\n<div class=\"page\" title=\"Page 1\">\n<div class=\"layoutArea\">\n<div class=\"column\">\n<div class=\"layoutArea\">\n<div class=\"column\">\n<div class=\"column\">\n<p><strong>SUM\u00c1RIO<\/strong><\/p>\n<\/div>\n<div class=\"page\" title=\"Page 1\">\n<div class=\"layoutArea\">\n<div class=\"column\">\n<p>MOTIVAC\u0327A\u0303O INAUGURAL<br \/>\nA caminho do Hemisfe\u0301rio Sol &#8230;&#8230;&#8230;&#8230;&#8230;&#8230;&#8230;&#8230;&#8230;&#8230;&#8230;&#8230;&#8230;&#8230; 11<\/p>\n<p>Cremilda de Arau\u0301jo Medina<\/p>\n<p>CAPI\u0301TULO I<br \/>\nBrasil, novos descobrimentos<\/p>\n<p>Do continente a\u0300 Ilha Comprida &#8230;&#8230;&#8230;&#8230;&#8230;&#8230;&#8230;&#8230;&#8230;&#8230;&#8230;&#8230;&#8230; 29<\/p>\n<p>Angela Balba\u0303o<\/p>\n<p>Caleidosco\u0301pio de aventuras &#8230;&#8230;&#8230;&#8230;&#8230;&#8230;&#8230;&#8230;&#8230;&#8230;&#8230;&#8230;&#8230;&#8230;&#8230;. 41<\/p>\n<p>Francine Forte<\/p>\n<p>Infa\u0302ncia que nunca acaba &#8230;&#8230;&#8230;&#8230;&#8230;&#8230;&#8230;&#8230;&#8230;&#8230;&#8230;&#8230;&#8230;&#8230;&#8230;&#8230;. 57<\/p>\n<p>Andre\u0301a Viude<\/p>\n<p>Caminhos nas ondas &#8230;&#8230;&#8230;&#8230;&#8230;&#8230;&#8230;&#8230;&#8230;&#8230;&#8230;&#8230;&#8230;&#8230;&#8230;&#8230;&#8230;&#8230;&#8230; 61<\/p>\n<p>Maria da Grac\u0327a Maia Pinto<\/p>\n<p>A\u0301guas do sudeste &#8230;&#8230;&#8230;&#8230;&#8230;&#8230;&#8230;&#8230;&#8230;&#8230;&#8230;&#8230;&#8230;&#8230;&#8230;&#8230;&#8230;&#8230;&#8230;&#8230;&#8230; 67<\/p>\n<p>Ana Maria Pacheco Carneiro<\/p>\n<p>No Gaiola do Sa\u0303o Francisco &#8230;&#8230;&#8230;&#8230;&#8230;&#8230;&#8230;&#8230;&#8230;&#8230;&#8230;&#8230;&#8230;&#8230;&#8230; 81<\/p>\n<p>Ana Elisa Rodrigues Bueno<\/p>\n<p>Encontro com a avo\u0301 Ana &#8230;&#8230;&#8230;&#8230;&#8230;&#8230;&#8230;&#8230;&#8230;&#8230;&#8230;&#8230;&#8230;&#8230;&#8230;&#8230;&#8230; 89<\/p>\n<p>Damiana Dalvaci Carneiro de Freitas<\/p>\n<p>Fe\u0301rias de vera\u0303o: deli\u0301cias. &#8230;&#8230;&#8230;&#8230;&#8230;&#8230;&#8230;&#8230;&#8230;&#8230;&#8230;&#8230;&#8230;&#8230;&#8230;&#8230;&#8230;. 95<\/p>\n<p>Liliana Pereira Lima<\/p>\n<p>Eita, enxoval bom. &#8230;&#8230;&#8230;&#8230;&#8230;&#8230;&#8230;&#8230;&#8230;&#8230;&#8230;&#8230;&#8230;&#8230;&#8230;&#8230;&#8230;&#8230;&#8230;.. 113<\/p>\n<p>Maria Eliza<\/p>\n<\/div>\n<\/div>\n<div class=\"layoutArea\">\n<div class=\"column\"><\/div>\n<\/div>\n<\/div>\n<div class=\"page\" title=\"Page 2\">\n<div class=\"layoutArea\">\n<div class=\"column\">\n<p>Draga\u0303o do mar &#8230;&#8230;&#8230;&#8230;&#8230;&#8230;&#8230;&#8230;&#8230;&#8230;&#8230;&#8230;&#8230;&#8230;&#8230;&#8230;&#8230;&#8230;&#8230;&#8230;&#8230;.. 117<\/p>\n<p>Ma\u0301rio Lucena<\/p>\n<p>Bau\u0301 de lembranc\u0327as Ine\u0302squeci\u0301veis &#8230;&#8230;&#8230;&#8230;&#8230;&#8230;&#8230;&#8230;&#8230;&#8230;&#8230;. 127<\/p>\n<p>Maria Ine\u0302s F. Alves Cruz<\/p>\n<p>Desbravando terras &#8230;&#8230;&#8230;&#8230;&#8230;&#8230;&#8230;&#8230;&#8230;&#8230;&#8230;&#8230;&#8230;&#8230;&#8230;&#8230;&#8230;&#8230;.. 131<\/p>\n<p>Miguel Macedo<\/p>\n<p>Cumplicidades para sempre &#8230;&#8230;&#8230;&#8230;&#8230;&#8230;&#8230;&#8230;&#8230;&#8230;&#8230;&#8230;&#8230;&#8230; 153<\/p>\n<p>Rita Amaral<\/p>\n<p>Jardineira com saberes &#8230;&#8230;&#8230;&#8230;&#8230;&#8230;&#8230;&#8230;&#8230;&#8230;&#8230;&#8230;&#8230;&#8230;&#8230;&#8230;&#8230; 165<\/p>\n<p>Suely Tonarque<\/p>\n<p>CAPI\u0301TULO II<\/p>\n<p>Visita a nossos vizinhos da Ame\u0301rica<\/p>\n<p>Vidas cruzadas &#8230;&#8230;&#8230;&#8230;&#8230;&#8230;&#8230;&#8230;&#8230;&#8230;&#8230;&#8230;&#8230;&#8230;&#8230;&#8230;&#8230;&#8230;&#8230;&#8230;&#8230;. 169<\/p>\n<p>Ma\u0301rio Lucena<\/p>\n<p>O trem da vida &#8230;&#8230;&#8230;&#8230;&#8230;&#8230;&#8230;&#8230;&#8230;&#8230;&#8230;&#8230;&#8230;&#8230;&#8230;&#8230;&#8230;&#8230;&#8230;&#8230;&#8230;.. 219<\/p>\n<p>Ana Elisa Rodrigues Bueno<\/p>\n<p>Calenda\u0301rio da felicidade &#8230;&#8230;&#8230;&#8230;&#8230;&#8230;&#8230;&#8230;&#8230;&#8230;&#8230;&#8230;&#8230;&#8230;&#8230;&#8230; 225<\/p>\n<p>Angela Balba\u0303o<\/p>\n<p>Andanc\u0327a ou travessia &#8230;&#8230;&#8230;&#8230;&#8230;&#8230;&#8230;&#8230;&#8230;&#8230;&#8230;&#8230;&#8230;&#8230;&#8230;&#8230;&#8230;&#8230; 243<\/p>\n<p>Francine Forte<\/p>\n<p>Em direc\u0327a\u0303o ao Sul &#8230;&#8230;&#8230;&#8230;&#8230;&#8230;&#8230;&#8230;&#8230;&#8230;&#8230;&#8230;&#8230;&#8230;&#8230;&#8230;&#8230;&#8230;&#8230;&#8230; 257<\/p>\n<p>Maria da Grac\u0327a Maia Pinto<\/p>\n<p>Peregrinos em busca de&#8230; &#8230;&#8230;&#8230;&#8230;&#8230;&#8230;&#8230;&#8230;&#8230;&#8230;&#8230;&#8230;&#8230;&#8230;&#8230;.. 265<\/p>\n<p>So\u0302nia Azevedo Menezes Prata Silva Fuentes<\/p>\n<p>Um pedac\u0327o de sonho &#8230;&#8230;&#8230;&#8230;&#8230;&#8230;&#8230;&#8230;&#8230;&#8230;&#8230;&#8230;&#8230;&#8230;&#8230;&#8230;&#8230;&#8230; 275<\/p>\n<p>Suely Tonarque<\/p>\n<\/div>\n<\/div>\n<div class=\"layoutArea\">\n<div class=\"column\"><\/div>\n<\/div>\n<\/div>\n<div class=\"page\" title=\"Page 3\">\n<div class=\"layoutArea\">\n<div class=\"column\">\n<p>CAPI\u0301TULO III<\/p>\n<p>Encantos do Velho Continente<\/p>\n<p>Beijo na ponte &#8230;&#8230;&#8230;&#8230;&#8230;&#8230;&#8230;&#8230;&#8230;&#8230;&#8230;&#8230;&#8230;&#8230;&#8230;&#8230;&#8230;&#8230;&#8230;&#8230;&#8230;.. 283<\/p>\n<p>Andre\u0301a Viude<\/p>\n<p>Primavera em Paris &#8230;&#8230;&#8230;&#8230;&#8230;&#8230;&#8230;&#8230;&#8230;&#8230;&#8230;&#8230;&#8230;&#8230;&#8230;&#8230;&#8230;&#8230;&#8230; 295<\/p>\n<p>A\u0302ngela Maria de Franc\u0327a Roccon<\/p>\n<p>Revivendo histo\u0301rias &#8230;&#8230;&#8230;&#8230;&#8230;&#8230;&#8230;&#8230;&#8230;&#8230;&#8230;&#8230;&#8230;&#8230;&#8230;&#8230;&#8230;&#8230;.. 313<\/p>\n<p>Francine Forte<\/p>\n<p>No corac\u0327a\u0303o do Ocidente &#8230;&#8230;&#8230;&#8230;&#8230;&#8230;&#8230;&#8230;&#8230;&#8230;&#8230;&#8230;&#8230;&#8230;&#8230;&#8230;. 325<\/p>\n<p>Maria Ine\u0302s F. Alves Cruz<\/p>\n<p>Nas colinas da S\u2019 Dona Lisboa &#8230;&#8230;&#8230;&#8230;&#8230;&#8230;&#8230;&#8230;&#8230;&#8230;&#8230;&#8230;&#8230; 335<\/p>\n<p>Maria da Grac\u0327a Maia Pinto<\/p>\n<p>Um pe\u0301 em Portugal &#8230;&#8230;&#8230;&#8230;&#8230;&#8230;&#8230;&#8230;&#8230;&#8230;&#8230;&#8230;&#8230;&#8230;&#8230;&#8230;&#8230;&#8230;&#8230; 345<\/p>\n<p>So\u0302nia Azevedo Menezes Prata Silva Fuentes<\/p>\n<p>As mouras da arte &#8230;&#8230;&#8230;&#8230;&#8230;&#8230;&#8230;&#8230;&#8230;&#8230;&#8230;&#8230;&#8230;&#8230;&#8230;&#8230;&#8230;&#8230;&#8230;.. 377<\/p>\n<p>Ana Maria Pacheco Carneiro<\/p>\n<p>Guerra e piquenique &#8230;&#8230;&#8230;&#8230;&#8230;&#8230;&#8230;&#8230;&#8230;&#8230;&#8230;&#8230;&#8230;&#8230;&#8230;&#8230;&#8230;&#8230;. 381<\/p>\n<p>Ma\u0301rio Lucena<\/p>\n<p>Um mundo melhor &#8230;&#8230;&#8230;&#8230;&#8230;&#8230;&#8230;&#8230;&#8230;&#8230;&#8230;&#8230;&#8230;&#8230;&#8230;&#8230;&#8230;&#8230;&#8230; 389<\/p>\n<p>Marlene P. Rocha<\/p>\n<p>Sui\u0301c\u0327a em va\u0301rios tempos &#8230;&#8230;&#8230;&#8230;&#8230;&#8230;&#8230;&#8230;&#8230;&#8230;&#8230;&#8230;&#8230;&#8230;&#8230;&#8230;.. 395<\/p>\n<p>Neyza B. M. Furgler<\/p>\n<p>CAPI\u0301TULO IV<\/p>\n<p>Impone\u0302ncia chinesa<\/p>\n<p>O segredo da Longevidade &#8230;&#8230;&#8230;&#8230;&#8230;&#8230;&#8230;&#8230;&#8230;&#8230;&#8230;&#8230;&#8230;&#8230;&#8230; 405<\/p>\n<p>Ma\u0301rio Lucena<\/p>\n<\/div>\n<\/div>\n<div class=\"layoutArea\">\n<div class=\"column\"><\/div>\n<\/div>\n<\/div>\n<div class=\"page\" title=\"Page 4\">\n<div class=\"layoutArea\">\n<div class=\"column\">\n<p>CAPI\u0301TULO V<\/p>\n<p>Ecos da poe\u0301tica africana<\/p>\n<p>Sim, sonha Mamana A\u0301frica &#8230;&#8230;&#8230;&#8230;&#8230;&#8230;&#8230;&#8230;&#8230;&#8230;&#8230;&#8230;&#8230;&#8230;. 421<\/p>\n<p>Cremilda de Arau\u0301jo Medina<\/p>\n<p>CAPI\u0301TULO VI<\/p>\n<p>Ah, esses Narradores Imagina\u0301rios<\/p>\n<p>Bonito pra chover &#8230;&#8230;&#8230;&#8230;&#8230;&#8230;&#8230;&#8230;&#8230;&#8230;&#8230;&#8230;&#8230;&#8230;&#8230;&#8230;&#8230;&#8230;&#8230;.. 437<\/p>\n<p>Miguel Macedo<\/p>\n<p>Arrebatamento amazo\u0302nico &#8230;&#8230;&#8230;&#8230;&#8230;&#8230;&#8230;&#8230;&#8230;&#8230;&#8230;&#8230;&#8230;&#8230;.. 451<\/p>\n<p>Maria Eliza<\/p>\n<p>Tornado ou Tonarque &#8230;&#8230;&#8230;&#8230;&#8230;&#8230;&#8230;&#8230;&#8230;&#8230;&#8230;&#8230;&#8230;&#8230;&#8230;&#8230;&#8230;. 455<\/p>\n<p>Suely Tonarque<\/p>\n<p>Reflexos de uma trajeto\u0301ria &#8230;&#8230;&#8230;&#8230;&#8230;&#8230;&#8230;&#8230;&#8230;&#8230;&#8230;&#8230;&#8230;&#8230;&#8230; 457<\/p>\n<p>Angela Balba\u0303o<\/p>\n<p>A explosa\u0303o da nave ma\u0303e &#8230;&#8230;&#8230;&#8230;&#8230;&#8230;&#8230;&#8230;&#8230;&#8230;&#8230;&#8230;&#8230;&#8230;&#8230;&#8230;.. 461<\/p>\n<p>Ma\u0301rio Lucena<\/p>\n<p>Triste destino das Migalhas do Pa\u0303o Nosso de Cada Dia &#8230; 465<\/p>\n<p>Cremilda de Arau\u0301jo Medina<\/p>\n<p>BREVE REFLEXA\u0303O<br \/>\nDo momento que passou a\u0300 Longevidade da Escrita &#8230;.. 471<\/p>\n<p>Cremilda de Arau\u0301jo Medina<\/p>\n<p>Das sinte\u0301ticas faces dos navegantes nas Sagas da Viagem &#8230; 481<\/p>\n<\/div>\n<\/div>\n<div class=\"layoutArea\">\n<div class=\"column\"><\/div>\n<\/div>\n<\/div>\n<p><strong>Caracter\u00edsticas do Produto:<\/strong><br \/>\nPESO: 0,756 Kg<br \/>\nI.S.B.N.: 978-85-69350-61-3<br \/>\nALTURA: 23,00 cm<br \/>\nLARGURA: 16,00 cm<br \/>\nPROFUNDIDADE: 2,6 cm<br \/>\nN\u00daMERO DE P\u00c1GINAS: 492<br \/>\nIDIOMA: Portugu\u00eas<br \/>\nACABAMENTO: Brochura<br \/>\nC\u00d3D. BARRAS: 9788569350613<br \/>\nANO DA EDI\u00c7\u00c3O: 2023<br \/>\nORGANIZADORA: Cremilda de Ara\u00fajo Medina<\/p>\n<\/div>\n<\/div>\n<\/div>\n<\/div>\n<\/div>\n<\/div>\n<\/div>\n<\/div>\n<\/div>\n<\/div>\n<\/div>\n<\/div>\n<\/div>\n<\/div>\n<\/div>\n<\/div>\n<\/div>\n<\/div>\n<\/div>\n<\/div>\n<\/div>\n<\/div>\n","protected":false},"excerpt":{"rendered":"<p>Quando se criou o selo da s\u00e9rie <em>Narrativas da<\/em> <em>Contemporaneidade,<\/em> assumimos a intui\u00e7\u00e3o de que <em>LongeViver<\/em> \u00e9 a express\u00e3o do valor perene da <em>Escrita Autoral da Media\u00e7\u00e3o Coletiva<\/em>. A mem\u00f3ria armazena as viv\u00eancias e a escrita ressuscita os momentos que morreram: a autoria que arma o la\u00e7o das experi\u00eancias do passado numa presentifica\u00e7\u00e3o liter\u00e1ria oferece \u00e0 assinatura individual e \u00e0 media\u00e7\u00e3o social, que a completa, um tempo de <em>LongeViver<\/em>.<\/p>\n<p>N\u00e3o h\u00e1 grupo mais fecundo para reviver o que j\u00e1 se foi do que aquele de autores da idade madura. Os frutos da mem\u00f3ria individual\/coletiva est\u00e3o prontos para a colheita,\u00a0o que tem ocorrido nos livros publicados pela editora Portal do Envelhecimento, resultado de oficinas sucessivas. Coube \u00e0 do primeiro semestre de 2023, o presente tema \u2013 <em>Sagas da Viagem<\/em>. Quest\u00e3o que se imp\u00f5e: n\u00e3o s\u00e3o as viagens, ao longo da vida, alguns dos momentos mais prazerosos nas gavetas da mem\u00f3ria? E, na fei\u00e7\u00e3o individual ou coletiva, n\u00e3o seriam as viagens decisivos significados culturais percebidos na rela\u00e7\u00e3o Eu-Tu? Al\u00e9m do desafio de sair para o Outro e para Outro Espa\u00e7o, al\u00e9m do aprendizado de novos horizontes e culturas, n\u00e3o seria, tamb\u00e9m, a Viagem o lugar da Navega\u00e7\u00e3o Aventurosa do Humano Ser?<\/p>\n<p>Pois bem, parece que este volume nos oferece o laborat\u00f3rio de respostas poss\u00edveis a essas interrogantes. Mas nada garante que logramos a empreitada, porque a escrita n\u00e3o nos pertence: no <em>signo da rela\u00e7\u00e3o<\/em> que desejamos praticar, o processo se arredonda na frui\u00e7\u00e3o poss\u00edvel de nossos leitores. Assim tem sido nas \u00faltimas edi\u00e7\u00f5es, principalmente na etapa da pandemia da Covid-19, que remeteu as oficinas para as infovias. Temos realizado trajet\u00f3rias com debates <em>on-line<\/em> de nossa escrita grupal, a cada tema escolhido, mem\u00f3rias l\u00fadicas, biografias de hist\u00f3rias de vida incomum, as ruas onde moramos e, agora, o presente volume das sagas de viagens. Antes, na experi\u00eancia de oficinas presenciais, j\u00e1 hav\u00edamos composto outros murais de narrativas, sempre associadas \u00e0 matriz da media\u00e7\u00e3o coletiva da mem\u00f3ria individual.<\/p>\n","protected":false},"featured_media":20336,"comment_status":"open","ping_status":"closed","template":"","meta":{"_bbp_topic_count":0,"_bbp_reply_count":0,"_bbp_total_topic_count":0,"_bbp_total_reply_count":0,"_bbp_voice_count":0,"_bbp_anonymous_reply_count":0,"_bbp_topic_count_hidden":0,"_bbp_reply_count_hidden":0,"_bbp_forum_subforum_count":0,"pmpro_default_level":""},"product_brand":[],"product_cat":[66,69],"product_tag":[70,68],"class_list":{"0":"post-20261","1":"product","2":"type-product","3":"status-publish","4":"has-post-thumbnail","6":"product_cat-livros","7":"product_cat-todos-livros","8":"product_tag-ebook","9":"product_tag-livros","10":"pmpro-has-access","12":"first","13":"instock","14":"shipping-taxable","15":"purchasable","16":"product-type-variable"},"_links":{"self":[{"href":"https:\/\/edicoes.portaldoenvelhecimento.com.br\/novo\/wp-json\/wp\/v2\/product\/20261","targetHints":{"allow":["GET"]}}],"collection":[{"href":"https:\/\/edicoes.portaldoenvelhecimento.com.br\/novo\/wp-json\/wp\/v2\/product"}],"about":[{"href":"https:\/\/edicoes.portaldoenvelhecimento.com.br\/novo\/wp-json\/wp\/v2\/types\/product"}],"replies":[{"embeddable":true,"href":"https:\/\/edicoes.portaldoenvelhecimento.com.br\/novo\/wp-json\/wp\/v2\/comments?post=20261"}],"version-history":[{"count":6,"href":"https:\/\/edicoes.portaldoenvelhecimento.com.br\/novo\/wp-json\/wp\/v2\/product\/20261\/revisions"}],"predecessor-version":[{"id":29748,"href":"https:\/\/edicoes.portaldoenvelhecimento.com.br\/novo\/wp-json\/wp\/v2\/product\/20261\/revisions\/29748"}],"wp:featuredmedia":[{"embeddable":true,"href":"https:\/\/edicoes.portaldoenvelhecimento.com.br\/novo\/wp-json\/wp\/v2\/media\/20336"}],"wp:attachment":[{"href":"https:\/\/edicoes.portaldoenvelhecimento.com.br\/novo\/wp-json\/wp\/v2\/media?parent=20261"}],"wp:term":[{"taxonomy":"product_brand","embeddable":true,"href":"https:\/\/edicoes.portaldoenvelhecimento.com.br\/novo\/wp-json\/wp\/v2\/product_brand?post=20261"},{"taxonomy":"product_cat","embeddable":true,"href":"https:\/\/edicoes.portaldoenvelhecimento.com.br\/novo\/wp-json\/wp\/v2\/product_cat?post=20261"},{"taxonomy":"product_tag","embeddable":true,"href":"https:\/\/edicoes.portaldoenvelhecimento.com.br\/novo\/wp-json\/wp\/v2\/product_tag?post=20261"}],"curies":[{"name":"wp","href":"https:\/\/api.w.org\/{rel}","templated":true}]}}