{"id":20099,"date":"2023-09-18T09:56:22","date_gmt":"2023-09-18T12:56:22","guid":{"rendered":"https:\/\/edicoes.portaldoenvelhecimento.com.br\/novo\/?post_type=product&#038;p=20099"},"modified":"2026-02-16T13:12:29","modified_gmt":"2026-02-16T16:12:29","slug":"envelhecer-com-futuro-vol-1","status":"publish","type":"product","link":"https:\/\/edicoes.portaldoenvelhecimento.com.br\/novo\/produto\/envelhecer-com-futuro-vol-1\/","title":{"rendered":"Ebook &#8211; Envelhecer com Futuro (Vol 1)"},"content":{"rendered":"","protected":false},"excerpt":{"rendered":"<p>O EDITAL ACAD\u00caMICO DE PESQUISA &#8211; ENVELHECER COM FUTURO concretiza uma nova modalidade de investimento social voltado a\u0300 pesquisa acade\u0302mica, ampliando nosso compromisso em colaborar para a construc\u0327a\u0303o de conhecimento, fator chave para a longevidade e a participac\u0327a\u0303o plena na sociedade.<\/p>\n<p>Acreditamos que a produc\u0327a\u0303o de conhecimento tem o potencial de indicar caminhos baseados na protec\u0327a\u0303o\u00a0 dos direitos humanos e na poli\u0301tica do envelhecimento ativo.<\/p>\n<p>Neste primeiro volume voc\u00ea encontrar\u00e1 relatos de pesquisa sobre: Superendividamento, viol\u00eancia financeira, mobilidade urbana, flu\u00eancia digital, informa\u00e7\u00f5es na internet, pensamento computacional, apropria\u00e7\u00e3o e inclus\u00e3o digital.<\/p>\n<p>&nbsp;<\/p>\n<p><strong>Para baixar o arquivo, clique em \u00ab adicionar ao carrinho \u00bb, mas na\u0303o se preocupe, o site na\u0303o pedir\u00e1 nenhuma informac\u0327a\u0303o de pagamento!<\/strong><\/p>\n","protected":false},"featured_media":20101,"comment_status":"open","ping_status":"closed","template":"","meta":{"_bbp_topic_count":0,"_bbp_reply_count":0,"_bbp_total_topic_count":0,"_bbp_total_reply_count":0,"_bbp_voice_count":0,"_bbp_anonymous_reply_count":0,"_bbp_topic_count_hidden":0,"_bbp_reply_count_hidden":0,"_bbp_forum_subforum_count":0,"pmpro_default_level":""},"product_brand":[],"product_cat":[88],"product_tag":[70,87],"class_list":{"0":"post-20099","1":"product","2":"type-product","3":"status-publish","4":"has-post-thumbnail","6":"product_cat-e-books-gratis-2","7":"product_tag-ebook","8":"product_tag-e-books-gratis","9":"pmpro-has-access","11":"first","12":"instock","13":"downloadable","14":"virtual","15":"purchasable","16":"product-type-simple"},"_links":{"self":[{"href":"https:\/\/edicoes.portaldoenvelhecimento.com.br\/novo\/wp-json\/wp\/v2\/product\/20099","targetHints":{"allow":["GET"]}}],"collection":[{"href":"https:\/\/edicoes.portaldoenvelhecimento.com.br\/novo\/wp-json\/wp\/v2\/product"}],"about":[{"href":"https:\/\/edicoes.portaldoenvelhecimento.com.br\/novo\/wp-json\/wp\/v2\/types\/product"}],"replies":[{"embeddable":true,"href":"https:\/\/edicoes.portaldoenvelhecimento.com.br\/novo\/wp-json\/wp\/v2\/comments?post=20099"}],"version-history":[{"count":4,"href":"https:\/\/edicoes.portaldoenvelhecimento.com.br\/novo\/wp-json\/wp\/v2\/product\/20099\/revisions"}],"predecessor-version":[{"id":33891,"href":"https:\/\/edicoes.portaldoenvelhecimento.com.br\/novo\/wp-json\/wp\/v2\/product\/20099\/revisions\/33891"}],"wp:featuredmedia":[{"embeddable":true,"href":"https:\/\/edicoes.portaldoenvelhecimento.com.br\/novo\/wp-json\/wp\/v2\/media\/20101"}],"wp:attachment":[{"href":"https:\/\/edicoes.portaldoenvelhecimento.com.br\/novo\/wp-json\/wp\/v2\/media?parent=20099"}],"wp:term":[{"taxonomy":"product_brand","embeddable":true,"href":"https:\/\/edicoes.portaldoenvelhecimento.com.br\/novo\/wp-json\/wp\/v2\/product_brand?post=20099"},{"taxonomy":"product_cat","embeddable":true,"href":"https:\/\/edicoes.portaldoenvelhecimento.com.br\/novo\/wp-json\/wp\/v2\/product_cat?post=20099"},{"taxonomy":"product_tag","embeddable":true,"href":"https:\/\/edicoes.portaldoenvelhecimento.com.br\/novo\/wp-json\/wp\/v2\/product_tag?post=20099"}],"curies":[{"name":"wp","href":"https:\/\/api.w.org\/{rel}","templated":true}]}}