{"id":18860,"date":"2023-06-27T18:26:30","date_gmt":"2023-06-27T21:26:30","guid":{"rendered":"https:\/\/edicoes.portaldoenvelhecimento.com.br\/novo\/?post_type=product&#038;p=18860"},"modified":"2025-12-02T02:17:07","modified_gmt":"2025-12-02T05:17:07","slug":"escrita-autoral-ruas-de-nossa-vida","status":"publish","type":"product","link":"https:\/\/edicoes.portaldoenvelhecimento.com.br\/novo\/produto\/escrita-autoral-ruas-de-nossa-vida\/","title":{"rendered":"Escrita Autoral &#8211; Ruas de Nossa Vida"},"content":{"rendered":"<div class=\"page\" title=\"Page 1\">\n<div class=\"layoutArea\">\n<div class=\"column\">\n<div class=\"layoutArea\">\n<div class=\"column\">\n<div class=\"page\" title=\"Page 1\">\n<div class=\"layoutArea\">\n<div class=\"column\">\n<div class=\"page\" title=\"Page 1\">\n<div class=\"layoutArea\">\n<div class=\"column\">\n<div class=\"page\" title=\"Page 1\">\n<div class=\"layoutArea\">\n<div class=\"column\">\n<div class=\"page\" title=\"Page 1\">\n<div class=\"layoutArea\">\n<div class=\"column\">\n<div class=\"page\" title=\"Page 1\">\n<div class=\"layoutArea\">\n<div class=\"column\">\n<div class=\"layoutArea\">\n<div class=\"column\">\n<div class=\"column\">\n<p><strong>SUM\u00c1RIO<\/strong><\/p>\n<\/div>\n<p><strong><em>\u00c0 guisa de apresenta\u00e7\u00e3o<\/em><\/strong><\/p>\n<p><em>Cremilda de Ara\u00fajo Medina<\/em><\/p>\n<p><strong><em>Primeira Parte<\/em><\/strong><\/p>\n<p><strong><em>Cadernos urbanos<\/em><\/strong><\/p>\n<p><em>Ana Maria Pacheco Carneiro, \u00c2ngela Maria Fran\u00e7a Roccon,<\/em><\/p>\n<p><em>Aurora Yasuda, Francine Forte, M\u00e1rcia Carneiro, M\u00e1rio Lucena, <\/em><\/p>\n<p><em>Marisa Magnus Smith, Neyza Bravo Mendes Furgler, N\u00eddia Franca Roque, <\/em><\/p>\n<p><em>S\u00f4nia Azevedo Menezes Prata Silva Fuentes, Suely Tornaque<\/em><\/p>\n<p><strong><em>Segunda Parte<\/em><\/strong><\/p>\n<p><strong><em>Itiner\u00e1rios marcantes<\/em><\/strong><\/p>\n<p><em>Ailton Fernandes, Dulce Regina Ferreira, Maria da Gra\u00e7a Maia Pinto, Maria Eliza Henriques Silva, Marlene Pereira da Rocha, Rita Amaral<\/em><\/p>\n<p><strong><em>Terceira Parte <\/em><\/strong><\/p>\n<p><strong><em>Escava\u00e7\u00f5es simb\u00f3licas em S\u00e3o Paulo<\/em><\/strong><\/p>\n<p><em>(Motiva\u00e7\u00f5es em dez encontros da Oficina Nossas Ruas)<\/em><\/p>\n<p><em>Cremilda de Ara\u00fajo Medina<\/em><\/p>\n<p><strong><em>Posf\u00e1cio<\/em><\/strong><\/p>\n<p><strong><em>Radar coletivo: anos de observa\u00e7\u00e3o<\/em><\/strong><\/p>\n<p><em>M\u00e1rio Lucena<\/em><\/p>\n<p><strong><em>Notas bibliogr\u00e1ficas<\/em><\/strong><\/p>\n<p>&nbsp;<\/p>\n<p><strong>Caracter\u00edsticas do Produto:<\/strong><br \/>\nPESO: 0,930 Kg<br \/>\nI.S.B.N.: 978-85-69350-56-9<br \/>\nALTURA: 23,00 cm<br \/>\nLARGURA: 16,00 cm<br \/>\nPROFUNDIDADE: 3,5 cm<br \/>\nN\u00daMERO DE P\u00c1GINAS: 612<br \/>\nIDIOMA: Portugu\u00eas<br \/>\nACABAMENTO: Brochura<br \/>\nC\u00d3D. BARRAS: 9788569350569<br \/>\nANO DA EDI\u00c7\u00c3O: 2023<br \/>\nOrganizadora: Cremilda Medina<\/p>\n<\/div>\n<\/div>\n<\/div>\n<\/div>\n<\/div>\n<\/div>\n<\/div>\n<\/div>\n<\/div>\n<\/div>\n<\/div>\n<\/div>\n<\/div>\n<\/div>\n<\/div>\n<\/div>\n<\/div>\n<\/div>\n<\/div>\n<\/div>\n<\/div>\n<\/div>\n","protected":false},"excerpt":{"rendered":"<p><em>Vai longe a s\u00e9rie de volumes em que os Autores do curso Mem\u00f3rias L\u00fadicas registram Narrativas da Contemporaneidade, a proposta que lhes fa\u00e7o, h\u00e1 anos. Em 2020, sai a publica\u00e7\u00e3o do livro <\/em>Narrar \u00e9 LongeViver, Caminhos da Mem\u00f3ria<em> (468 p\u00e1ginas), produzido durante o ano de 2019, nos encontros presenciais da USP-Maria Ant\u00f4nia. Nele, o grupo mostra o vigor da Escrita Autoral, ao recuperar experi\u00eancias vividas e presentificar, na produ\u00e7\u00e3o simb\u00f3lica, cenas do passado. Mas foi depois do surgimento da Covid-19 que se intensificou a criatividade <\/em>on-line <em>e a oficina ganhou novo f\u00f4lego. Neste mesmo ano, a experi\u00eancia dos encontros a dist\u00e2ncia resultou no livro 2020: <\/em>O ano em que o mundo se afetou<em>. Nele, o grupo narra hist\u00f3rias que contemplam a dificuldade de se adaptar a uma nova realidade, seja o confinamento, seja os encontros por meio de equipamentos eletr\u00f4nicos. Um grupo fiel e novos participantes aderiram, nas oficinas de 2021, a uma atitude prazerosa, frente \u00e0 continuidade da epidemia e seus furiosos v\u00edrus: escreveram, ent\u00e3o, no primeiro semestre, suas<\/em> Mem\u00f3rias L\u00fadicas, <em>no <\/em>ABCed\u00e1rio de autores, n<em>o segundo semestre de 2021, o livro<\/em> Escrita L\u00fadica \u2013 do imagin\u00e1rio persistente. <em>No ano de 2022, novamente tivemos dois ciclos de oficinas. O tema do primeiro semestre d\u00e1 o t\u00edtulo \u00e0 edi\u00e7\u00e3o <\/em>Biografar, Hist\u00f3rias de Vidas (In)Comuns. <em>O tema do segundo semestre, que encantou a todos, \u00e9 <\/em>Ruas de nossa Vida,<em> que atende ao impulso de narrar o que se passa no espa\u00e7o sociocultural \u00e0 nossa volta: partilhas e confrontos com o Outro e sua circunst\u00e2ncia, descobertas solid\u00e1rias e cotidianos da cidadania.\u00a0<\/em><\/p>\n<p><em>Na din\u00e2mica de laborat\u00f3rio que coordeno, tamb\u00e9m escrevo a cada um dos dez encontros; ou melhor, cruzamos as <\/em>escritas<em> e trocamos depoimentos sobre os cavacos do of\u00edcio. S\u00e3o quartas-feiras gloriosas de interc\u00e2mbio desprendido. Assim, a riqueza das hist\u00f3rias de nossas ruas se p\u00f5e, agora, \u00e0 disposi\u00e7\u00e3o de nossos leitores. A primeira parte da edi\u00e7\u00e3o re\u00fane Cadernos de Textos em que os Autores encenam v\u00e1rios espa\u00e7os de sua biografia; a segunda parte, a Escolha Autoral selecionou Itiner\u00e1rios espec\u00edficos; e, na terceira parte, comparecem meus textos de motiva\u00e7\u00e3o semanal nos dez encontros da oficina do segundo semestre de 2022.<\/em><\/p>\n<p><em>Devo me penitenciar por s\u00f3 ter escolhido as ruas onde morei, em S\u00e3o Paulo. Seria imposs\u00edvel abarcar toda a itiner\u00e2ncia: nascida em Portugal, em 1942, deslocada para o Brasil t\u00e3o logo fiz onze anos, vivi em Porto Alegre at\u00e9 dezembro de 1970, quando mudei para a capital paulista. Quantas ruas ficaram de fora. Mas S\u00e3o Paulo e os 52 anos de entrega a esta inacredit\u00e1vel cidade me deram alimento para o testemunho que aqui escrevo. (Quem sabe, se engenho e vida permitirem, me lan\u00e7arei a outras geografias).<\/em><\/p>\n","protected":false},"featured_media":18863,"comment_status":"open","ping_status":"closed","template":"","meta":{"_bbp_topic_count":0,"_bbp_reply_count":0,"_bbp_total_topic_count":0,"_bbp_total_reply_count":0,"_bbp_voice_count":0,"_bbp_anonymous_reply_count":0,"_bbp_topic_count_hidden":0,"_bbp_reply_count_hidden":0,"_bbp_forum_subforum_count":0,"pmpro_default_level":""},"product_brand":[],"product_cat":[66,69],"product_tag":[70,68],"class_list":{"0":"post-18860","1":"product","2":"type-product","3":"status-publish","4":"has-post-thumbnail","6":"product_cat-livros","7":"product_cat-todos-livros","8":"product_tag-ebook","9":"product_tag-livros","10":"pmpro-has-access","12":"first","13":"instock","14":"shipping-taxable","15":"purchasable","16":"product-type-variable"},"_links":{"self":[{"href":"https:\/\/edicoes.portaldoenvelhecimento.com.br\/novo\/wp-json\/wp\/v2\/product\/18860","targetHints":{"allow":["GET"]}}],"collection":[{"href":"https:\/\/edicoes.portaldoenvelhecimento.com.br\/novo\/wp-json\/wp\/v2\/product"}],"about":[{"href":"https:\/\/edicoes.portaldoenvelhecimento.com.br\/novo\/wp-json\/wp\/v2\/types\/product"}],"replies":[{"embeddable":true,"href":"https:\/\/edicoes.portaldoenvelhecimento.com.br\/novo\/wp-json\/wp\/v2\/comments?post=18860"}],"version-history":[{"count":4,"href":"https:\/\/edicoes.portaldoenvelhecimento.com.br\/novo\/wp-json\/wp\/v2\/product\/18860\/revisions"}],"predecessor-version":[{"id":29751,"href":"https:\/\/edicoes.portaldoenvelhecimento.com.br\/novo\/wp-json\/wp\/v2\/product\/18860\/revisions\/29751"}],"wp:featuredmedia":[{"embeddable":true,"href":"https:\/\/edicoes.portaldoenvelhecimento.com.br\/novo\/wp-json\/wp\/v2\/media\/18863"}],"wp:attachment":[{"href":"https:\/\/edicoes.portaldoenvelhecimento.com.br\/novo\/wp-json\/wp\/v2\/media?parent=18860"}],"wp:term":[{"taxonomy":"product_brand","embeddable":true,"href":"https:\/\/edicoes.portaldoenvelhecimento.com.br\/novo\/wp-json\/wp\/v2\/product_brand?post=18860"},{"taxonomy":"product_cat","embeddable":true,"href":"https:\/\/edicoes.portaldoenvelhecimento.com.br\/novo\/wp-json\/wp\/v2\/product_cat?post=18860"},{"taxonomy":"product_tag","embeddable":true,"href":"https:\/\/edicoes.portaldoenvelhecimento.com.br\/novo\/wp-json\/wp\/v2\/product_tag?post=18860"}],"curies":[{"name":"wp","href":"https:\/\/api.w.org\/{rel}","templated":true}]}}