{"id":18853,"date":"2023-06-27T16:31:45","date_gmt":"2023-06-27T19:31:45","guid":{"rendered":"https:\/\/edicoes.portaldoenvelhecimento.com.br\/novo\/?post_type=product&#038;p=18853"},"modified":"2025-12-02T02:17:08","modified_gmt":"2025-12-02T05:17:08","slug":"biografar-historias-de-vida-incomum","status":"publish","type":"product","link":"https:\/\/edicoes.portaldoenvelhecimento.com.br\/novo\/produto\/biografar-historias-de-vida-incomum\/","title":{"rendered":"Biografar &#8211; Hist\u00f3rias de Vida (In)Comum"},"content":{"rendered":"<div class=\"page\" title=\"Page 1\">\n<div class=\"layoutArea\">\n<div class=\"column\">\n<div class=\"layoutArea\">\n<div class=\"column\">\n<div class=\"page\" title=\"Page 1\">\n<div class=\"layoutArea\">\n<div class=\"column\">\n<div class=\"page\" title=\"Page 1\">\n<div class=\"layoutArea\">\n<div class=\"column\">\n<div class=\"page\" title=\"Page 1\">\n<div class=\"layoutArea\">\n<div class=\"column\">\n<div class=\"page\" title=\"Page 1\">\n<div class=\"layoutArea\">\n<div class=\"column\">\n<div class=\"page\" title=\"Page 1\">\n<div class=\"layoutArea\">\n<div class=\"column\">\n<div class=\"layoutArea\">\n<div class=\"column\">\n<div class=\"column\">\n<p><strong>SUM\u00c1RIO<\/strong><\/p>\n<\/div>\n<p><strong><em>Primeiro cap\u00edtulo<\/em><\/strong><\/p>\n<p><em>\u00a0\u00a0\u00a0\u00a0\u00a0\u00a0\u00a0\u00a0\u00a0\u00a0\u00a0\u00a0\u00a0\u00a0\u00a0\u00a0\u00a0 <u>De an\u00f4nimos a protagonistas memor\u00e1veis<\/u><\/em><\/p>\n<p><em>Grupo Semente, JUBA e suas influ\u00eancias&#8230;&#8230;&#8230;.M\u00e1rio Lucena\u00a0<\/em><\/p>\n<p><em>Cenas e personagens do <\/em>Jornal da Tarde&#8230;&#8230;&#8230;. <em>Ailton Fernandes<\/em><\/p>\n<p><em>Promessas de afeto para sempre&#8230;&#8230;Maria Eliza Henriques Silva<\/em><\/p>\n<p><em>Octac\u00edlio e a cor da pele&#8230;&#8230;&#8230;&#8230;&#8230;.Neyza B. M. Furgler<\/em><\/p>\n<p><strong><em>Segundo cap\u00edtulo<\/em><\/strong><\/p>\n<p><em>\u00a0\u00a0\u00a0\u00a0\u00a0\u00a0\u00a0\u00a0\u00a0\u00a0\u00a0\u00a0\u00a0\u00a0\u00a0\u00a0\u00a0 <u>Das marcas de fam\u00edlia<\/u><\/em><\/p>\n<p><em>Humor e olhos de azeitona preta&#8230;&#8230;&#8230;.. Ana Carneiro<\/em><\/p>\n<p><em>Ora direis ouvir estrelas&#8230;&#8230;&#8230;&#8230;&#8230;&#8230;&#8230;&#8230;&#8230;&#8230;&#8230;&#8230;&#8230;&#8230;. Cynthia Milani<\/em><\/p>\n<p><em>S\u00e1bio em piadas e natureza&#8230;&#8230;&#8230;&#8230;&#8230;&#8230; Marilene Trevisan<\/em><\/p>\n<p><em>Fiapos (re)memor\u00e1veis&#8230;&#8230;&#8230;&#8230;&#8230;&#8230;&#8230;.. Marisa Magnus Smith<\/em><\/p>\n<p><em>A vida que todos queremos&#8230;&#8230;&#8230;&#8230;&#8230;&#8230; Neyza B. M. Furgler<\/em><\/p>\n<p><em>Eles viajam, n\u00f3s cuidamos dos filhos&#8230; Rita Amaral<\/em><\/p>\n<p><em>Itagyb\u00e1 ou Itajub\u00e1&#8230;&#8230;&#8230;&#8230;&#8230;&#8230;&#8230;&#8230;&#8230;&#8230;. S\u00f4nia Azevedo Menezes Prata Fuentes<\/em><\/p>\n<p><em>Brinquedos, bagun\u00e7a, choro&#8230;&#8230;&#8230;&#8230;&#8230;.Suely Tonarque<\/em><\/p>\n<p><strong><em>Terceiro cap\u00edtulo<\/em><\/strong><\/p>\n<p><em>\u00a0\u00a0\u00a0\u00a0\u00a0\u00a0\u00a0\u00a0\u00a0\u00a0\u00a0\u00a0\u00a0\u00a0\u00a0\u00a0\u00a0 <u>Do narrador que sai de si<\/u><\/em><\/p>\n<p><em>Interl\u00fadios com tia madrinha&#8230;&#8230;&#8230;&#8230;&#8230;..Francine Forte<\/em><\/p>\n<p><em>O arqui-inimigo de olho atravessado&#8230; Gabriela Malta Oliveira Lessa<\/em><\/p>\n<p><em>Uma dona pela voz da escrivaninha&#8230;..Neyza B. M. Furgler<\/em><\/p>\n<p><strong><em>Quarto cap\u00edtulo<\/em><\/strong><\/p>\n<p><em><u>Da motiva\u00e7\u00e3o na Oficina Biografar<\/u><\/em><\/p>\n<p><em>Origens da Viagem ou flagrantes inesperados <\/em><\/p>\n<p><em>do tio Chico&#8230;&#8230;&#8230;&#8230;&#8230;&#8230;&#8230;&#8230;&#8230;&#8230;&#8230;&#8230;&#8230;Cremilda Medina<\/em><\/p>\n<p><strong><em>Quinto cap\u00edtulo<\/em><\/strong><\/p>\n<p><em>\u00a0\u00a0\u00a0\u00a0\u00a0\u00a0\u00a0\u00a0\u00a0\u00a0\u00a0\u00a0\u00a0\u00a0\u00a0\u00a0\u00a0\u00a0\u00a0\u00a0\u00a0\u00a0\u00a0\u00a0\u00a0\u00a0 <u>Roda de avalia\u00e7\u00e3o<\/u><\/em><\/p>\n<p><em><u>em torno das chaves tem\u00e1ticas de<\/u><\/em><\/p>\n<p><em><u>Marisa Magnus e demais Autorias das Oficinas\u00a0\u00a0\u00a0\u00a0\u00a0\u00a0\u00a0 <\/u><\/em><\/p>\n<p><em><u>\u201cNarrativas da Contemporaneidade\u201d<\/u><\/em><\/p>\n<p>&nbsp;<\/p>\n<p>&nbsp;<\/p>\n<p><strong>Caracter\u00edsticas do Produto:<\/strong><br \/>\nPESO: 0,450 Kg<br \/>\nI.S.B.N.: 978-85-69350-53-8<br \/>\nALTURA: 23,00 cm<br \/>\nLARGURA: 16,00 cm<br \/>\nPROFUNDIDADE: 1,7 cm<br \/>\nN\u00daMERO DE P\u00c1GINAS: 290<br \/>\nIDIOMA: Portugu\u00eas<br \/>\nACABAMENTO: Brochura<br \/>\nC\u00d3D. BARRAS: 9788569350538<br \/>\nANO DA EDI\u00c7\u00c3O: 2023<br \/>\nOrganizadora: Cremilda Medina<\/p>\n<\/div>\n<\/div>\n<\/div>\n<\/div>\n<\/div>\n<\/div>\n<\/div>\n<\/div>\n<\/div>\n<\/div>\n<\/div>\n<\/div>\n<\/div>\n<\/div>\n<\/div>\n<\/div>\n<\/div>\n<\/div>\n<\/div>\n<\/div>\n<\/div>\n<\/div>\n","protected":false},"excerpt":{"rendered":"<p>Neste livro, os autores escrevem sobre pessoas com as quais compartilharam experi\u00eancias de vida. Amigos, familiares, vizinhos, professores, mestres etc. Com orienta\u00e7\u00e3o e supervis\u00e3o da professora s\u00eanior Cremilda Medina, da ECA-USP (Escola de Comunica\u00e7\u00e3o e Arte ligada a Universidade de S\u00e3o Paulo), todos se veem estimulados a sacudir suas mem\u00f3rias, ativ\u00e1-las, para delas extrair hist\u00f3rias saborosas, cheias de significados.<\/p>\n<p>M\u00e1rio Lucena, no cap\u00edtulo De An\u00f4nimos a Protagonistas Memor\u00e1veis, mergulha nos anos 1980 e 1990 e resgata a surpreendente hist\u00f3ria de um Grupo de Jovens ligados \u00e0 Igreja Imaculada Concei\u00e7\u00e3o, no KM18, em Osasco, sob a batuta de In\u00e1cio Pereira Gurgel, que se funde ao grupo de teatro Semente, formado por alunos do GEG (Grupo Escolar e Ginasial Major Ant\u00f4nio Telmo), para alterar os rumos da cidade, pois dele saem secret\u00e1rios municipais, lideran\u00e7as partid\u00e1rias, vereadores, deputados estaduais, federais, prefeito, sem contar que um deles, na condi\u00e7\u00e3o de presidente da C\u00e2mara, chega a exercer a presid\u00eancia do Brasil. Algo in\u00e9dito na nossa hist\u00f3ria. Passaram pelos grupos personagens como Em\u00eddio de Sousa, Jo\u00e3o Paulo Cunha, Valmir Prascidelli, Benedito Mariano (primeiro ouvidor da Pol\u00edcia de SP) etc.<\/p>\n<p>O livro \u00e9 uma colet\u00e2nea, resultado do curso Mem\u00f3rias L\u00fadicas, nascido na USP na forma de jornal (Reproposta), mas que hoje ocorre no formato virtual, por meio do Portal do Envelhecimento, o que permite a participa\u00e7\u00e3o de pessoas de todo o Brasil. \u00c9 composto de dez oficinas que, no final, resulta na edi\u00e7\u00e3o de um livro, tornando a experi\u00eancia \u00fanica.<\/p>\n","protected":false},"featured_media":18856,"comment_status":"open","ping_status":"closed","template":"","meta":{"_bbp_topic_count":0,"_bbp_reply_count":0,"_bbp_total_topic_count":0,"_bbp_total_reply_count":0,"_bbp_voice_count":0,"_bbp_anonymous_reply_count":0,"_bbp_topic_count_hidden":0,"_bbp_reply_count_hidden":0,"_bbp_forum_subforum_count":0,"pmpro_default_level":""},"product_brand":[],"product_cat":[66,69],"product_tag":[70,68],"class_list":{"0":"post-18853","1":"product","2":"type-product","3":"status-publish","4":"has-post-thumbnail","6":"product_cat-livros","7":"product_cat-todos-livros","8":"product_tag-ebook","9":"product_tag-livros","10":"pmpro-has-access","12":"first","13":"instock","14":"shipping-taxable","15":"purchasable","16":"product-type-variable"},"_links":{"self":[{"href":"https:\/\/edicoes.portaldoenvelhecimento.com.br\/novo\/wp-json\/wp\/v2\/product\/18853","targetHints":{"allow":["GET"]}}],"collection":[{"href":"https:\/\/edicoes.portaldoenvelhecimento.com.br\/novo\/wp-json\/wp\/v2\/product"}],"about":[{"href":"https:\/\/edicoes.portaldoenvelhecimento.com.br\/novo\/wp-json\/wp\/v2\/types\/product"}],"replies":[{"embeddable":true,"href":"https:\/\/edicoes.portaldoenvelhecimento.com.br\/novo\/wp-json\/wp\/v2\/comments?post=18853"}],"version-history":[{"count":8,"href":"https:\/\/edicoes.portaldoenvelhecimento.com.br\/novo\/wp-json\/wp\/v2\/product\/18853\/revisions"}],"predecessor-version":[{"id":29752,"href":"https:\/\/edicoes.portaldoenvelhecimento.com.br\/novo\/wp-json\/wp\/v2\/product\/18853\/revisions\/29752"}],"wp:featuredmedia":[{"embeddable":true,"href":"https:\/\/edicoes.portaldoenvelhecimento.com.br\/novo\/wp-json\/wp\/v2\/media\/18856"}],"wp:attachment":[{"href":"https:\/\/edicoes.portaldoenvelhecimento.com.br\/novo\/wp-json\/wp\/v2\/media?parent=18853"}],"wp:term":[{"taxonomy":"product_brand","embeddable":true,"href":"https:\/\/edicoes.portaldoenvelhecimento.com.br\/novo\/wp-json\/wp\/v2\/product_brand?post=18853"},{"taxonomy":"product_cat","embeddable":true,"href":"https:\/\/edicoes.portaldoenvelhecimento.com.br\/novo\/wp-json\/wp\/v2\/product_cat?post=18853"},{"taxonomy":"product_tag","embeddable":true,"href":"https:\/\/edicoes.portaldoenvelhecimento.com.br\/novo\/wp-json\/wp\/v2\/product_tag?post=18853"}],"curies":[{"name":"wp","href":"https:\/\/api.w.org\/{rel}","templated":true}]}}