{"id":18845,"date":"2023-06-27T15:55:17","date_gmt":"2023-06-27T18:55:17","guid":{"rendered":"https:\/\/edicoes.portaldoenvelhecimento.com.br\/novo\/?post_type=product&#038;p=18845"},"modified":"2025-12-02T02:17:06","modified_gmt":"2025-12-02T05:17:06","slug":"escrita-ludica-do-imaginario-persistente","status":"publish","type":"product","link":"https:\/\/edicoes.portaldoenvelhecimento.com.br\/novo\/produto\/escrita-ludica-do-imaginario-persistente\/","title":{"rendered":"Escrita L\u00fadica &#8211; Do Imagin\u00e1rio Persistente"},"content":{"rendered":"<div class=\"page\" title=\"Page 1\">\n<div class=\"layoutArea\">\n<div class=\"column\">\n<div class=\"layoutArea\">\n<div class=\"column\">\n<div class=\"page\" title=\"Page 1\">\n<div class=\"layoutArea\">\n<div class=\"column\">\n<div class=\"page\" title=\"Page 1\">\n<div class=\"layoutArea\">\n<div class=\"column\">\n<div class=\"page\" title=\"Page 1\">\n<div class=\"layoutArea\">\n<div class=\"column\">\n<div class=\"page\" title=\"Page 1\">\n<div class=\"layoutArea\">\n<div class=\"column\">\n<div class=\"page\" title=\"Page 1\">\n<div class=\"layoutArea\">\n<div class=\"column\">\n<div class=\"layoutArea\">\n<div class=\"column\">\n<div class=\"column\">\n<p><strong>SUM\u00c1RIO<\/strong><\/p>\n<\/div>\n<p><strong><em>Apresenta\u00e7\u00e3o<\/em><\/strong><\/p>\n<p><strong><em>Primeiro cap\u00edtulo<\/em><\/strong><\/p>\n<p><strong><em>Olhar curioso: filigranas dom\u00e9sticas<\/em><\/strong><\/p>\n<p><em>Falta uma pe\u00e7a&#8230;&#8230;&#8230;&#8230;&#8230;&#8230;&#8230;&#8230;&#8230;&#8230;Tiago Nava<\/em><\/p>\n<p><em>Vestir denuncia&#8230;&#8230;&#8230;&#8230;&#8230;&#8230;&#8230;&#8230;&#8230;.. Suely Tonarque<\/em><\/p>\n<p><em>H\u00e1 arte na m\u00e3e sabi\u00e1?&#8230;&#8230;&#8230;&#8230;&#8230;.. S\u00f4nia Fuentes<\/em><\/p>\n<p><em>Voc\u00ea vem?&#8230;&#8230;&#8230;&#8230;&#8230;&#8230;&#8230;&#8230;&#8230;&#8230;&#8230;&#8230;. Rita Amaral<\/em><\/p>\n<p><em>Putz, que atraso&#8230;&#8230;&#8230;&#8230;&#8230;&#8230;&#8230;&#8230;&#8230;. Regina L\u00facia Portela<\/em><\/p>\n<p><em>Agulhas e sacolas&#8230;&#8230;&#8230;&#8230;&#8230;&#8230;&#8230;&#8230;.. Andr\u00e9a Viude<\/em><\/p>\n<p><em>A l\u00edngua materna em quest\u00e3o&#8230;&#8230;Marisa Magnus<\/em><\/p>\n<p><strong><em>Segundo cap\u00edtulo<\/em><\/strong><\/p>\n<p><strong><em>Instantes luminosos: flagrantes da fam\u00edlia<\/em><\/strong><\/p>\n<p><em>Crian\u00e7as nos anos 1950&#8230;&#8230;&#8230;&#8230;&#8230;&#8230;.Marisa Magnus<\/em><\/p>\n<p><em>Travessuras e surpresas&#8230;&#8230;&#8230;&#8230;&#8230;&#8230; S\u00f4nia Fuentes<\/em><\/p>\n<p><em>Kasca, kasca, kasca&#8230;&#8230;&#8230;&#8230;&#8230;&#8230;&#8230;&#8230;. Nadja Janaudis<\/em><\/p>\n<p><em>Tempos \u00e1ureos&#8230;&#8230;&#8230;&#8230;&#8230;&#8230;&#8230;&#8230;&#8230;&#8230; M\u00e1rcia Botto Monterazo<\/em><\/p>\n<p><em>At\u00e9 o \u00faltimo pingo de luz&#8230;&#8230;&#8230;&#8230;&#8230; Bruno Cunha<\/em><\/p>\n<p><em>O homem e o cachorro&#8230;&#8230;&#8230;&#8230;&#8230;&#8230;. Rita Amaral<\/em><\/p>\n<p><em>Do desejo ao real&#8230;&#8230;&#8230;&#8230;&#8230;&#8230;&#8230;&#8230;.. Suely Tonarque<\/em><\/p>\n<p><em>O buqu\u00ea da noiva&#8230;&#8230;&#8230;&#8230;&#8230;&#8230;&#8230;&#8230;. Nadja Janaudis<\/em><\/p>\n<p><strong><em>\u00a0\u00a0\u00a0\u00a0\u00a0\u00a0\u00a0\u00a0 Terceiro cap\u00edtulo<\/em><\/strong><\/p>\n<p><strong><em>\u00a0\u00a0\u00a0\u00a0\u00a0\u00a0\u00a0\u00a0\u00a0\u00a0\u00a0 Movimentos sem fronteiras: viagens<\/em><\/strong><\/p>\n<p><em>Declara\u00e7\u00e3o capital&#8230;&#8230;&#8230;&#8230;&#8230;&#8230;&#8230;&#8230;&#8230;&#8230;&#8230;&#8230;Tiago Nava<\/em><\/p>\n<p><em>H\u00e1 passos largos, a passos largos&#8230;&#8230;&#8230;&#8230; S\u00f4nia Fuentes<\/em><\/p>\n<p><em>Com licen\u00e7a, amigos&#8230;&#8230;&#8230;&#8230;&#8230;&#8230;&#8230;&#8230;&#8230;&#8230;.. Maria Eliza Silva<\/em><\/p>\n<p><em>Retratando a ancestralidade&#8230;&#8230;&#8230;&#8230;&#8230;&#8230;.. Cynthia Milani<\/em><\/p>\n<p><em>Paralelos da vida&#8230;&#8230;&#8230;&#8230;&#8230;&#8230;&#8230;&#8230;&#8230;&#8230;&#8230;&#8230;.. Cl\u00e9o Brito<\/em><\/p>\n<p><em>Vaga-lume&#8230;&#8230;&#8230;&#8230;&#8230;&#8230;&#8230;&#8230;&#8230;&#8230;&#8230;&#8230;&#8230;&#8230;&#8230;.. Aurora Yasuda<\/em><\/p>\n<p><em>Trem de prata&#8230;&#8230;&#8230;&#8230;&#8230;&#8230;&#8230;&#8230;&#8230;&#8230;&#8230;&#8230;&#8230;.. Ana Carneiro<\/em><\/p>\n<p><em>Perder e encontrar&#8230;&#8230;&#8230;&#8230;&#8230;&#8230;&#8230;&#8230;&#8230;&#8230;&#8230;.. Ana Elisa Bueno<\/em><\/p>\n<p><em>Sonhos e saudades&#8230;&#8230;&#8230;&#8230;&#8230;&#8230;&#8230;&#8230;&#8230;&#8230;..Marisa Matsumura<\/em><\/p>\n<p><em>Sentimentos aflorados&#8230;&#8230;&#8230;&#8230;&#8230;&#8230;&#8230;&#8230;&#8230;Francine Forte<\/em><\/p>\n<p><em>Nem \u00e0s paredes confesso&#8230;&#8230;&#8230;&#8230;&#8230;&#8230;&#8230;.Maria Eliza Silva<\/em><\/p>\n<p><em>V\u00e9spera de casamento&#8230;&#8230;&#8230;&#8230;&#8230;&#8230;&#8230;.Rita Amaral<\/em><\/p>\n<p><em>\u00a0\u00a0\u00a0\u00a0\u00a0\u00a0\u00a0\u00a0\u00a0\u00a0\u00a0 <strong>Quarto cap\u00edtulo<\/strong><\/em><\/p>\n<p><strong><em>\u00a0\u00a0\u00a0\u00a0\u00a0\u00a0\u00a0\u00a0\u00a0\u00a0\u00a0 Paladares da mem\u00f3ria: m\u00e3os na cozinha<\/em><\/strong><\/p>\n<p><em>Litu\u00e2nia, Vilnius, 2019&#8230;&#8230;&#8230;&#8230;&#8230;&#8230;&#8230;&#8230;&#8230;&#8230;&#8230;&#8230;&#8230;. Nadja Janaudis<\/em><\/p>\n<p><em>Aventuras em Madrid&#8230;&#8230;&#8230;&#8230;&#8230;&#8230;&#8230;&#8230;.. Marisa Matsumura<\/em><\/p>\n<p><em>Gohan e arroz de cux\u00e1&#8230;&#8230;&#8230;&#8230;&#8230;&#8230;&#8230;&#8230; Aurora Yasuda<\/em><\/p>\n<p><em>Divina Goronzola 2&#8230;&#8230;&#8230;&#8230;&#8230;&#8230;&#8230;&#8230;&#8230;..Bruno Cunha<\/em><\/p>\n<p><em>Cheiro de baunilha&#8230;&#8230;&#8230;&#8230;&#8230;&#8230;&#8230;&#8230;&#8230;..Ana Carneiro<\/em><\/p>\n<p><em>Do polvo ao povo&#8230;&#8230;&#8230;&#8230;&#8230;&#8230;&#8230;&#8230;&#8230;&#8230;Francine Forte<\/em><\/p>\n<p><em>Um convite das ar\u00e1bias&#8230;&#8230;&#8230;&#8230;&#8230;&#8230;..Marisa Magnus <\/em><\/p>\n<p><strong><em>\u00a0\u00a0\u00a0\u00a0\u00a0\u00a0\u00a0\u00a0\u00a0\u00a0\u00a0 Quinto cap\u00edtulo<\/em><\/strong><\/p>\n<p><strong><em>\u00a0\u00a0\u00a0\u00a0\u00a0\u00a0\u00a0\u00a0\u00a0\u00a0\u00a0 Dor da derrota: devaneios de supera\u00e7\u00e3o<\/em><\/strong><\/p>\n<p><strong><em>\u00a0\u00a0\u00a0\u00a0\u00a0\u00a0\u00a0\u00a0\u00a0\u00a0\u00a0\u00a0\u00a0\u00a0\u00a0\u00a0\u00a0\u00a0\u00a0\u00a0\u00a0\u00a0\u00a0\u00a0\u00a0\u00a0\u00a0\u00a0\u00a0\u00a0\u00a0\u00a0\u00a0\u00a0 (A prop\u00f3sito de uma fotografia)<\/em><\/strong><\/p>\n<p><em>BRASIL-SIL-SIL-SIL&#8230;&#8230;&#8230;&#8230;&#8230;&#8230;&#8230;&#8230;&#8230;&#8230;&#8230;&#8230;. Ana Carneiro<\/em><\/p>\n<p><em>Gigante no Sarri\u00e0&#8230;&#8230;&#8230;&#8230;&#8230;&#8230;&#8230;&#8230;&#8230;&#8230;&#8230;&#8230; Andr\u00e9a Viude<\/em><\/p>\n<p><em>O menino jornal capa de jornal&#8230;&#8230;&#8230;&#8230;.. \u00c2ngela Balb\u00e3o<\/em><\/p>\n<p><em>Bico, Biquinho, bic\u00e3o&#8230;&#8230;&#8230;&#8230;&#8230;&#8230;&#8230;&#8230;&#8230;&#8230;Aurora Yasuda<\/em><\/p>\n<p><em>Quando S\u00f3crates chorou&#8230;&#8230;&#8230;&#8230;&#8230;&#8230;&#8230;&#8230;Bruno Cunha<\/em><\/p>\n<p><em>O sequestro da camisa amarela&#8230;&#8230;&#8230;&#8230; Camila Austreg\u00e9silo<\/em><\/p>\n<p><em>Voa, voa Canarinho&#8230;&#8230;&#8230;&#8230;&#8230;&#8230;&#8230;&#8230;&#8230;&#8230;. Cl\u00e9o Brito<\/em><\/p>\n<p><em>N\u00e3o d\u00e1 para n\u00e3o chorar&#8230;&#8230;&#8230;&#8230;&#8230;&#8230;&#8230;&#8230; Cynthia Milani<\/em><\/p>\n<p><em>Desafetos por futebol&#8230;&#8230;&#8230;&#8230;&#8230;&#8230;&#8230;&#8230;&#8230;Deborah Passos<\/em><\/p>\n<p><em>Lances, talvez p\u00eanaltis&#8230;&#8230;&#8230;&#8230;&#8230;&#8230;&#8230;&#8230;. Francine Forte<\/em><\/p>\n<p><em>A testemunha de uma devasta\u00e7\u00e3o&#8230;&#8230; M\u00e1rcia Botto Monterazo<\/em><\/p>\n<p><em>Onde fui parar&#8230;&#8230;&#8230;&#8230;&#8230;&#8230;&#8230;&#8230;&#8230;&#8230;&#8230;&#8230;.Maria Eliza Silva<\/em><\/p>\n<p><em>Quem quer ser milion\u00e1rio?&#8230;&#8230;&#8230;&#8230;&#8230;.. Marisa Magnus<\/em><\/p>\n<p><em>O choro de uma na\u00e7\u00e3o&#8230;&#8230;&#8230;&#8230;&#8230;&#8230;&#8230;.. Neyza Furgler<\/em><\/p>\n<p><em>Ponto de partida&#8230;&#8230;&#8230;&#8230;&#8230;&#8230;&#8230;&#8230;&#8230;&#8230;. Marisa Matsumura<\/em><\/p>\n<p><em>Foi falta&#8230;&#8230;&#8230;&#8230;&#8230;&#8230;&#8230;&#8230;&#8230;&#8230;&#8230;&#8230;&#8230;&#8230;&#8230;Regina L\u00facia Portela<\/em><\/p>\n<p><em>E bastava um empate&#8230;&#8230;&#8230;&#8230;&#8230;&#8230;&#8230;. Tiago Nava<\/em><\/p>\n<p><em>\u00c9 triste, mas nem tanto&#8230;&#8230;&#8230;&#8230;&#8230;&#8230;.. S\u00f4nia Fuentes<\/em><\/p>\n<p><em>Gol de placa&#8230;&#8230;&#8230;&#8230;&#8230;&#8230;&#8230;&#8230;&#8230;&#8230;&#8230;..Ana Elisa Rodrigues Bueno<\/em><\/p>\n<p><em>O driblar dos sonhos\u2026\u2026\u2026\u2026\u2026\u2026Suely Tonarque<\/em><\/p>\n<p><em>Panis et circenses&#8230;&#8230;&#8230;&#8230;&#8230;&#8230;&#8230;&#8230;&#8230;&#8230;Nadja Janaudis<\/em><\/p>\n<p><strong><em>\u00a0\u00a0\u00a0\u00a0\u00a0\u00a0\u00a0\u00a0\u00a0\u00a0\u00a0 Sexto cap\u00edtulo, em mem\u00f3ria.<\/em><\/strong><\/p>\n<p><strong><em>\u00a0\u00a0\u00a0\u00a0\u00a0\u00a0\u00a0\u00a0\u00a0\u00a0\u00a0 Narrativas muito al\u00e9m: a Covid levou, mas<\/em><\/strong><\/p>\n<p><strong><em>\u00a0\u00a0\u00a0\u00a0\u00a0\u00a0\u00a0\u00a0\u00a0\u00a0\u00a0 <\/em><\/strong><strong>Elineide Alc\u00e2ntara<em> aqui deixa sua marca autoral.<\/em><\/strong><\/p>\n<p><em>A cartada do Sr. Makiguti<\/em><\/p>\n<p><em>O sumi\u00e7o do p\u00e1ssaro finland\u00eas<\/em><\/p>\n<p><em>Meu pequeno P\u00e3o de A\u00e7\u00facar<\/em><\/p>\n<p><em>Qual \u00e9 sua tribo?<\/em><\/p>\n<p><em>O outro lado das paix\u00f5es <\/em><\/p>\n<p><em>Bernardo e seus fantasmas<\/em><\/p>\n<p><strong><em>Posf\u00e1cio<\/em><\/strong><\/p>\n<p><strong><em>A arte de tecer cotidianos ou<\/em><\/strong><\/p>\n<p><strong><em>estar afeto aos significados l\u00fadicos <\/em><\/strong><\/p>\n<p><strong><em>das mi\u00fadas viv\u00eancias&#8230;&#8230;&#8230;&#8230;&#8230;&#8230;&#8230;&#8230;&#8230;. Cremilda Medina<\/em><\/strong><\/p>\n<p>&nbsp;<\/p>\n<p>&nbsp;<\/p>\n<p><strong>Caracter\u00edsticas do Produto:<\/strong><br \/>\nPESO: 0,350 Kg<br \/>\nI.S.B.N.: 978-85-69350-55-2<br \/>\nALTURA: 23,00 cm<br \/>\nLARGURA: 16,00 cm<br \/>\nPROFUNDIDADE: 1,3 cm<br \/>\nN\u00daMERO DE P\u00c1GINAS: 216<br \/>\nIDIOMA: Portugu\u00eas<br \/>\nACABAMENTO: Brochura<br \/>\nC\u00d3D. BARRAS: 9788569350552<br \/>\nANO DA EDI\u00c7\u00c3O: 2023<br \/>\nOrganizadora: Cremilda Medina<\/p>\n<\/div>\n<\/div>\n<\/div>\n<\/div>\n<\/div>\n<\/div>\n<\/div>\n<\/div>\n<\/div>\n<\/div>\n<\/div>\n<\/div>\n<\/div>\n<\/div>\n<\/div>\n<\/div>\n<\/div>\n<\/div>\n<\/div>\n<\/div>\n<\/div>\n<\/div>\n","protected":false},"excerpt":{"rendered":"<p>Se mem\u00f3rias s\u00e3o persistentes porque afirmam os la\u00e7os entre o passado e o presente para ressignificar o futuro, a <em>escrita <\/em>nos foi dada para selar o registro das trajet\u00f3rias humanas.<\/p>\n<p>Assim tem acontecido nos \u00faltimos anos na s\u00e9rie de <em>Oficinas de Narrativas<\/em> <em>da Contemporaneidade,<\/em> num espa\u00e7o de maturidade de sucessivos grupos de autores de diversas origens profissionais. A partir de 2020, com a emerg\u00eancia dos isolamentos por conta da Covid-19, a comunica\u00e7\u00e3o digital tamb\u00e9m abriu caminhos de intera\u00e7\u00e3o para al\u00e9m do espa\u00e7o presencial em S\u00e3o Paulo. E o mais importante: n\u00e3o se interrompeu a cadeia de textos \u2013 um ir e vir semanal no f\u00f4lego de dez encontros por semestre. Din\u00e2mica constante entre a motiva\u00e7\u00e3o por mim desencadeada e das respostas autorais de quem participa da experi\u00eancia. Uma troca fecunda do <em>imagin\u00e1rio persistente<\/em> que n\u00e3o cedeu ao des\u00e2nimo dos tempos pand\u00eamicos, apesar das perdas.<\/p>\n<p>Esta escava\u00e7\u00e3o simb\u00f3lica culmina agora em uma nova edi\u00e7\u00e3o que re\u00fane filigranas dom\u00e9sticas, flagrantes da fam\u00edlia, lembran\u00e7as de viagens, inspira\u00e7\u00f5es dos paladares da casa em que a cozinha \u00e9 o espa\u00e7o nobre, a cita\u00e7\u00e3o de uma foto hist\u00f3rica que remete \u00e0 dor da derrota e aos devaneios de supera\u00e7\u00e3o. Por fim, um cap\u00edtulo dedicado \u00e0 saudosa <em>Elineide Alc\u00e2ntara<\/em>, que a pandemia levou, mas deixou suas narrativas.<\/p>\n<p>&nbsp;<\/p>\n<p><em>Cremilda Medina<\/em><\/p>\n","protected":false},"featured_media":18848,"comment_status":"open","ping_status":"closed","template":"","meta":{"_bbp_topic_count":0,"_bbp_reply_count":0,"_bbp_total_topic_count":0,"_bbp_total_reply_count":0,"_bbp_voice_count":0,"_bbp_anonymous_reply_count":0,"_bbp_topic_count_hidden":0,"_bbp_reply_count_hidden":0,"_bbp_forum_subforum_count":0,"pmpro_default_level":""},"product_brand":[],"product_cat":[66,69],"product_tag":[70,68],"class_list":{"0":"post-18845","1":"product","2":"type-product","3":"status-publish","4":"has-post-thumbnail","6":"product_cat-livros","7":"product_cat-todos-livros","8":"product_tag-ebook","9":"product_tag-livros","10":"pmpro-has-access","12":"first","13":"instock","14":"shipping-taxable","15":"purchasable","16":"product-type-variable"},"_links":{"self":[{"href":"https:\/\/edicoes.portaldoenvelhecimento.com.br\/novo\/wp-json\/wp\/v2\/product\/18845","targetHints":{"allow":["GET"]}}],"collection":[{"href":"https:\/\/edicoes.portaldoenvelhecimento.com.br\/novo\/wp-json\/wp\/v2\/product"}],"about":[{"href":"https:\/\/edicoes.portaldoenvelhecimento.com.br\/novo\/wp-json\/wp\/v2\/types\/product"}],"replies":[{"embeddable":true,"href":"https:\/\/edicoes.portaldoenvelhecimento.com.br\/novo\/wp-json\/wp\/v2\/comments?post=18845"}],"version-history":[{"count":1,"href":"https:\/\/edicoes.portaldoenvelhecimento.com.br\/novo\/wp-json\/wp\/v2\/product\/18845\/revisions"}],"predecessor-version":[{"id":18852,"href":"https:\/\/edicoes.portaldoenvelhecimento.com.br\/novo\/wp-json\/wp\/v2\/product\/18845\/revisions\/18852"}],"wp:featuredmedia":[{"embeddable":true,"href":"https:\/\/edicoes.portaldoenvelhecimento.com.br\/novo\/wp-json\/wp\/v2\/media\/18848"}],"wp:attachment":[{"href":"https:\/\/edicoes.portaldoenvelhecimento.com.br\/novo\/wp-json\/wp\/v2\/media?parent=18845"}],"wp:term":[{"taxonomy":"product_brand","embeddable":true,"href":"https:\/\/edicoes.portaldoenvelhecimento.com.br\/novo\/wp-json\/wp\/v2\/product_brand?post=18845"},{"taxonomy":"product_cat","embeddable":true,"href":"https:\/\/edicoes.portaldoenvelhecimento.com.br\/novo\/wp-json\/wp\/v2\/product_cat?post=18845"},{"taxonomy":"product_tag","embeddable":true,"href":"https:\/\/edicoes.portaldoenvelhecimento.com.br\/novo\/wp-json\/wp\/v2\/product_tag?post=18845"}],"curies":[{"name":"wp","href":"https:\/\/api.w.org\/{rel}","templated":true}]}}