{"id":18547,"date":"2023-06-19T14:43:06","date_gmt":"2023-06-19T17:43:06","guid":{"rendered":"https:\/\/edicoes.portaldoenvelhecimento.com.br\/novo\/?post_type=product&#038;p=18547"},"modified":"2026-03-30T10:43:35","modified_gmt":"2026-03-30T13:43:35","slug":"educacao-para-o-envelhecimento-tematica-urgente-e-necessaria","status":"publish","type":"product","link":"https:\/\/edicoes.portaldoenvelhecimento.com.br\/novo\/produto\/educacao-para-o-envelhecimento-tematica-urgente-e-necessaria\/","title":{"rendered":"Educa\u00e7\u00e3o para o Envelhecimento &#8211; tem\u00e1tica urgente e necess\u00e1ria"},"content":{"rendered":"<p><strong>Caderno Pedag\u00f3gico \u201cEduca\u00e7\u00e3o para o envelhecimento: tem\u00e1tica urgente e necess\u00e1ria\u201d<\/strong><\/p>\n<p>Organizadores: Ingrid Rochelle R\u00eago Nogueira, Jhonatan David Santos das Neves, Jonorete de Carvalho Benedito e Sara Jane Cerqueira Bezerra<\/p>\n","protected":false},"excerpt":{"rendered":"<p><strong>Caderno Pedag\u00f3gico \u2018Educa\u00e7\u00e3o para o envelhecimento: tem\u00e1tica urgente e necess\u00e1ria\u2019<\/strong><\/p>\n<p><em>O e-book gratuito est\u00e1 organizado em 5 se\u00e7\u00f5es que trazem, entre outros, reflex\u00f5es sobre o processo de envelhecimento, a base legal, conte\u00fados gerontol\u00f3gicos&#8230;<\/em><\/p>\n<p>&nbsp;<\/p>\n<p>O Caderno Pedag\u00f3gico \u201cEduca\u00e7\u00e3o para o envelhecimento: tem\u00e1tica urgente e necess\u00e1ria\u201d \u00e9 uma produ\u00e7\u00e3o da Universidade Estadual de Alagoas em parceria com a Associa\u00e7\u00e3o Nacional de Gerontologia do Estado de Alagoas &#8211; ANG AL, organizado por Ingrid Rochelle R\u00eago Nogueira, Jhonatan David Santos das Neves, Jonorete de Carvalho Benedito e Sara Jane Cerqueira Bezerra.<\/p>\n<p>Neste <a href=\"https:\/\/editoraperformance.com.br\/educacao-para-o-envelhecimento-tematico-urgente-e-necessaria-copy\">e-book<\/a> os autores t\u00eam como objetivo principal dialogar com educadores contribuindo para o cumprimento do artigo 22 do Estatuto da Pessoa Idosa, lei n 10.741\/2003, no que diz respeito a: \u201cnos curr\u00edculos m\u00ednimos dos diversos n\u00edveis de ensino formal ser\u00e3o inseridos conte\u00fados voltados ao processo de envelhecimento, ao respeito e \u00e0 valoriza\u00e7\u00e3o da pessoa idosa, de forma a eliminar o preconceito e a produzir conhecimentos sobre a mat\u00e9ria\u201d.<\/p>\n<p>O caderno est\u00e1 organizado em cinco se\u00e7\u00f5es que trazem questionamentos e reflex\u00f5es sobre o processo de envelhecimento, a base legal, conte\u00fados gerontol\u00f3gicos, propostas de atividades, dicas de recursos (hist\u00f3rias em quadrinhos, literaturas diversas e filmes) e relatos de experi\u00eancias sobre a tem\u00e1tica do envelhecimento na educa\u00e7\u00e3o.<\/p>\n<p>Para os autores, possibilitar reflex\u00e3o e estudo sobre a tem\u00e1tica da educa\u00e7\u00e3o para o envelhecimento com educadores que trabalham com crian\u00e7as, adolescentes, jovens, adultos e at\u00e9 mesmo p\u00fablico idosos, com certeza pode contribuir com o enfrentamento e combate \u00e0 viol\u00eancia contra a pessoa idosa.<\/p>\n<p>&nbsp;<\/p>\n<p><strong>Para baixar o arquivo, clique em \u00ab adicionar ao carrinho \u00bb, mas na\u0303o se preocupe, o site na\u0303o pedir\u00e1 nenhuma informac\u0327a\u0303o de pagamento!<\/strong><\/p>\n","protected":false},"featured_media":18549,"comment_status":"open","ping_status":"closed","template":"","meta":{"_bbp_topic_count":0,"_bbp_reply_count":0,"_bbp_total_topic_count":0,"_bbp_total_reply_count":0,"_bbp_voice_count":0,"_bbp_anonymous_reply_count":0,"_bbp_topic_count_hidden":0,"_bbp_reply_count_hidden":0,"_bbp_forum_subforum_count":0,"pmpro_default_level":""},"product_brand":[],"product_cat":[88],"product_tag":[70,87],"class_list":{"0":"post-18547","1":"product","2":"type-product","3":"status-publish","4":"has-post-thumbnail","6":"product_cat-e-books-gratis-2","7":"product_tag-ebook","8":"product_tag-e-books-gratis","9":"pmpro-has-access","11":"first","12":"instock","13":"downloadable","14":"virtual","15":"purchasable","16":"product-type-simple"},"_links":{"self":[{"href":"https:\/\/edicoes.portaldoenvelhecimento.com.br\/novo\/wp-json\/wp\/v2\/product\/18547","targetHints":{"allow":["GET"]}}],"collection":[{"href":"https:\/\/edicoes.portaldoenvelhecimento.com.br\/novo\/wp-json\/wp\/v2\/product"}],"about":[{"href":"https:\/\/edicoes.portaldoenvelhecimento.com.br\/novo\/wp-json\/wp\/v2\/types\/product"}],"replies":[{"embeddable":true,"href":"https:\/\/edicoes.portaldoenvelhecimento.com.br\/novo\/wp-json\/wp\/v2\/comments?post=18547"}],"version-history":[{"count":5,"href":"https:\/\/edicoes.portaldoenvelhecimento.com.br\/novo\/wp-json\/wp\/v2\/product\/18547\/revisions"}],"predecessor-version":[{"id":33894,"href":"https:\/\/edicoes.portaldoenvelhecimento.com.br\/novo\/wp-json\/wp\/v2\/product\/18547\/revisions\/33894"}],"wp:featuredmedia":[{"embeddable":true,"href":"https:\/\/edicoes.portaldoenvelhecimento.com.br\/novo\/wp-json\/wp\/v2\/media\/18549"}],"wp:attachment":[{"href":"https:\/\/edicoes.portaldoenvelhecimento.com.br\/novo\/wp-json\/wp\/v2\/media?parent=18547"}],"wp:term":[{"taxonomy":"product_brand","embeddable":true,"href":"https:\/\/edicoes.portaldoenvelhecimento.com.br\/novo\/wp-json\/wp\/v2\/product_brand?post=18547"},{"taxonomy":"product_cat","embeddable":true,"href":"https:\/\/edicoes.portaldoenvelhecimento.com.br\/novo\/wp-json\/wp\/v2\/product_cat?post=18547"},{"taxonomy":"product_tag","embeddable":true,"href":"https:\/\/edicoes.portaldoenvelhecimento.com.br\/novo\/wp-json\/wp\/v2\/product_tag?post=18547"}],"curies":[{"name":"wp","href":"https:\/\/api.w.org\/{rel}","templated":true}]}}