{"id":16247,"date":"2024-06-30T13:36:10","date_gmt":"2024-06-30T16:36:10","guid":{"rendered":"https:\/\/edicoes.portaldoenvelhecimento.com.br\/novo\/?post_type=product&#038;p=16247"},"modified":"2025-12-02T02:17:08","modified_gmt":"2025-12-02T05:17:08","slug":"corpo-e-velhice-tecendo-novos-arranjos-2","status":"publish","type":"product","link":"https:\/\/edicoes.portaldoenvelhecimento.com.br\/novo\/produto\/corpo-e-velhice-tecendo-novos-arranjos-2\/","title":{"rendered":"Corpo e velhice: tecendo novos arranjos"},"content":{"rendered":"<div class=\"page\" title=\"Page 1\">\n<div class=\"layoutArea\">\n<div class=\"column\">\n<div class=\"page\" title=\"Page 1\">\n<div class=\"layoutArea\">\n<div class=\"column\">\n<div class=\"page\" title=\"Page 1\">\n<div class=\"layoutArea\">\n<div class=\"column\">\n<div class=\"page\" title=\"Page 1\">\n<div class=\"layoutArea\">\n<div class=\"column\">\n<div class=\"column\">\n<div class=\"page\" title=\"Page 1\">\n<div class=\"layoutArea\">\n<div class=\"column\">\n<p><strong>SUM\u00c1RIO<\/strong><\/p>\n<\/div>\n<\/div>\n<\/div>\n<p>INTRODU\u00c7\u00c3O<\/p>\n<p>CAP\u00cdTULO I: VELHICE E ENVELHECIMENTO<\/p>\n<p>CAP\u00cdTULO II: SA\u00daDE \u2013 AFINAL, O QUE \u00c9S?<\/p>\n<ul>\n<li>\n<ul>\n<li>2.1 Sa\u00fade contempor\u00e2nea<\/li>\n<li>2.2 Outra sa\u00fade\u2026<\/li>\n<li>2.3 Sa\u00fade e Velhice<\/li>\n<\/ul>\n<\/li>\n<\/ul>\n<p>CAP\u00cdTULO III: REABILITA\u00c7\u00c3O<\/p>\n<ul>\n<li>\n<ul>\n<li>3.1 Envelhecer com uma defici\u00eancia f\u00edsica: a experi\u00eancia de habitar um corpo amputado<\/li>\n<li>3.2 Reabilita\u00e7\u00e3o f\u00edsica na experi\u00eancia da amputa\u00e7\u00e3o<\/li>\n<li>3.3 Reabilita\u00e7\u00e3o como travessia<\/li>\n<\/ul>\n<\/li>\n<\/ul>\n<p>CAP\u00cdTULO IV: METODOLOGIA<\/p>\n<ul>\n<li>\n<ul>\n<li>4.1 Contextualiza\u00e7\u00e3o\n<ul>\n<li>4.1.1 Institui\u00e7\u00e3o<\/li>\n<li>4.1.2 Cl\u00ednica de amputados<\/li>\n<li>4.1.3 Grupos de patchwork \u2013 AACD<\/li>\n<\/ul>\n<\/li>\n<li>4.2 Proposta de interven\u00e7\u00e3o da pesquisa\n<ul>\n<li>4.2.1 Estrat\u00e9tgias de investiga\u00e7\u00e3o<\/li>\n<li>4.2.2 Apresentando as participantes<\/li>\n<li>4.2.3 Escolha das participantes: por que elas?<\/li>\n<li>4.2.4 Escolha da t\u00e9cnica: por que o patchwork?<\/li>\n<\/ul>\n<\/li>\n<li>4.3 Procedimentos metodol\u00f3gicos da pesquisa: linha a linha, passo a passo, bloco a bloco<\/li>\n<\/ul>\n<\/li>\n<\/ul>\n<p>CAP\u00cdTULO V: AN\u00c1LISE E INTERPRETA\u00c7\u00c3O<\/p>\n<ul>\n<li>\n<ul>\n<li>5.1 O (<a href=\"applewebdata:\/\/8A49CFCF-87D7-43B5-88B9-E6D32F873C9C#_Toc14647259\">RE<\/a>)Encontro<\/li>\n<li>5.2 Reabilita\u00e7\u00e3o: capacidade de se (<a href=\"applewebdata:\/\/8A49CFCF-87D7-43B5-88B9-E6D32F873C9C#_Toc14647259\">RE<\/a>)inventar<\/li>\n<li>5.3 Costurando sa\u00fades<\/li>\n<li>5.4 Tecendo velhices<\/li>\n<li>5.5 Encerramento com vida<\/li>\n<\/ul>\n<\/li>\n<\/ul>\n<p>CONSIDERA\u00c7\u00d5ES FINAIS<\/p>\n<p>REFER\u00caNCIAS<\/p>\n<p>ANEXO I: DADOS SOBRE O PRIMEIRO GRUPO DE PATCHWORK DA AACD<\/p>\n<p>ANEXO II: TERMO DE CONSENTIMENTO LIVRE E ESCLARECIDO<\/p>\n<p>ANEXO III: TERMO DE AUTORIZA\u00c7\u00c3O DE USO DE IMAGEM E VOZ<\/p>\n<p><strong>\u00a0<\/strong><\/p>\n<p><strong>Caracter\u00edsticas do Produto:<\/strong><br \/>\nPESO: 0,580 Kg<br \/>\nI.S.B.N.: 978-85-69350-30-9<br \/>\nALTURA: 23,00 cm<br \/>\nLARGURA: 16,00 cm<br \/>\nPROFUNDIDADE: 1,8 cm<br \/>\nN\u00daMERO DE P\u00c1GINAS: 358<br \/>\nIDIOMA: Portugu\u00eas<br \/>\nACABAMENTO: Brochura<br \/>\nC\u00d3D. BARRAS:\u00a09788569350309<br \/>\nANO DA EDI\u00c7\u00c3O: 2021<br \/>\nAUTORA: Isadora Di Natale Nobre<\/p>\n<\/div>\n<\/div>\n<\/div>\n<\/div>\n<\/div>\n<\/div>\n<\/div>\n<\/div>\n<\/div>\n<\/div>\n<\/div>\n<\/div>\n<\/div>\n","protected":false},"excerpt":{"rendered":"<p><strong>Pre\u00e7o inclui: Livro (358p) + E-book (com fotos coloridas)<\/strong><\/p>\n<p>A experi\u00eancia de\u00a0<strong>envelhecer com um corpo sentido e tratado como deficiente<\/strong>\u00a0em um contexto social que valoriza e estimula a efici\u00eancia dos corpos tem suas particularidades. O livro prop\u00f5e um olhar \u00e0 singularidade presente na multiplicidade da exist\u00eancia humana. Para tanto, a \u00f3tica escolhida foi a de mulheres amputadas em processo de envelhecimento no contexto da reabilita\u00e7\u00e3o, atrav\u00e9s de abordagem qualitativa de interven\u00e7\u00e3o por meio da t\u00e9cnica de Patchwork, visando investigar os significados de sa\u00fade, reabilita\u00e7\u00e3o e velhice para elas.<\/p>\n<p><strong>A resist\u00eancia da velhice que rompe com os ideais contempor\u00e2neos de um corpo capturado pelo discurso biom\u00e9dico ocorre pela via da pot\u00eancia da arte na costura de tecidos e, principalmente, na inven\u00e7\u00e3o da pr\u00f3pria vida.<\/strong>\u00a0Suas express\u00f5es, discursos e produ\u00e7\u00f5es revelam uma sa\u00fade que n\u00e3o \u00e9 aus\u00eancia de doen\u00e7as tampouco completo bem-estar, mas que escapa \u00e0 l\u00f3gica da produtividade e utiliza-se da doen\u00e7a para aumentar a for\u00e7a de Vida. Ao inv\u00e9s de refor\u00e7ar o pensamento dominante do olhar restrito ao diagn\u00f3stico optamos por experimentar a tessitura de fios que entrela\u00e7am hist\u00f3rias, afetos, intensidades, devires, encontros. Afinal, o que comp\u00f5e um corpo?<\/p>\n","protected":false},"featured_media":16250,"comment_status":"open","ping_status":"closed","template":"","meta":{"_bbp_topic_count":0,"_bbp_reply_count":0,"_bbp_total_topic_count":0,"_bbp_total_reply_count":0,"_bbp_voice_count":0,"_bbp_anonymous_reply_count":0,"_bbp_topic_count_hidden":0,"_bbp_reply_count_hidden":0,"_bbp_forum_subforum_count":0,"pmpro_default_level":""},"product_brand":[],"product_cat":[67,66,80,69],"product_tag":[70,68,81],"class_list":{"0":"post-16247","1":"product","2":"type-product","3":"status-publish","4":"has-post-thumbnail","6":"product_cat-ebooks","7":"product_cat-livros","8":"product_cat-loja","9":"product_cat-todos-livros","10":"product_tag-ebook","11":"product_tag-livros","12":"product_tag-loja","13":"pmpro-has-access","15":"first","16":"instock","17":"shipping-taxable","18":"purchasable","19":"product-type-variable"},"_links":{"self":[{"href":"https:\/\/edicoes.portaldoenvelhecimento.com.br\/novo\/wp-json\/wp\/v2\/product\/16247","targetHints":{"allow":["GET"]}}],"collection":[{"href":"https:\/\/edicoes.portaldoenvelhecimento.com.br\/novo\/wp-json\/wp\/v2\/product"}],"about":[{"href":"https:\/\/edicoes.portaldoenvelhecimento.com.br\/novo\/wp-json\/wp\/v2\/types\/product"}],"replies":[{"embeddable":true,"href":"https:\/\/edicoes.portaldoenvelhecimento.com.br\/novo\/wp-json\/wp\/v2\/comments?post=16247"}],"version-history":[{"count":5,"href":"https:\/\/edicoes.portaldoenvelhecimento.com.br\/novo\/wp-json\/wp\/v2\/product\/16247\/revisions"}],"predecessor-version":[{"id":29743,"href":"https:\/\/edicoes.portaldoenvelhecimento.com.br\/novo\/wp-json\/wp\/v2\/product\/16247\/revisions\/29743"}],"wp:featuredmedia":[{"embeddable":true,"href":"https:\/\/edicoes.portaldoenvelhecimento.com.br\/novo\/wp-json\/wp\/v2\/media\/16250"}],"wp:attachment":[{"href":"https:\/\/edicoes.portaldoenvelhecimento.com.br\/novo\/wp-json\/wp\/v2\/media?parent=16247"}],"wp:term":[{"taxonomy":"product_brand","embeddable":true,"href":"https:\/\/edicoes.portaldoenvelhecimento.com.br\/novo\/wp-json\/wp\/v2\/product_brand?post=16247"},{"taxonomy":"product_cat","embeddable":true,"href":"https:\/\/edicoes.portaldoenvelhecimento.com.br\/novo\/wp-json\/wp\/v2\/product_cat?post=16247"},{"taxonomy":"product_tag","embeddable":true,"href":"https:\/\/edicoes.portaldoenvelhecimento.com.br\/novo\/wp-json\/wp\/v2\/product_tag?post=16247"}],"curies":[{"name":"wp","href":"https:\/\/api.w.org\/{rel}","templated":true}]}}