{"id":13077,"date":"2023-01-12T17:00:31","date_gmt":"2023-01-12T20:00:31","guid":{"rendered":"https:\/\/edicoes.portaldoenvelhecimento.com.br\/novo\/?post_type=product&#038;p=13077"},"modified":"2025-06-24T09:47:58","modified_gmt":"2025-06-24T12:47:58","slug":"cartilha-ageismo-e-a-pratica-profissional-da-o-psicologo","status":"publish","type":"product","link":"https:\/\/edicoes.portaldoenvelhecimento.com.br\/novo\/produto\/cartilha-ageismo-e-a-pratica-profissional-da-o-psicologo\/","title":{"rendered":"Cartilha: Age\u00edsmo e a Pr\u00e1tica Profissional da\/o Psic\u00f3logo"},"content":{"rendered":"<div class=\"page\" title=\"Page 5\">\n<div class=\"section\">\n<div class=\"layoutArea\">\n<div class=\"page\" title=\"Page 5\">\n<div class=\"section\">\n<div class=\"layoutArea\">\n<div class=\"column\">\n<p>Conselho Regional de Psicologia 3\u00aa Regi\u00e3o Bahia (CRP-03). Comiss\u00e3o de Sa\u00fade. GT Psicologia, Envelhecimento e Velhice. Age\u00edsmo e a <em>pr\u00e1tica profissional da\/o psic\u00f3loga\/o\/<\/em> Conselho Regional de Psicologia 3\u00aa Regi\u00e3o Bahia (CRP-03)\/ Comiss\u00e3o de Sa\u00fade. GT Psicologia, Envelhecimento e Velhice. Salvador -Ba: CRP-Ba, 2021.<\/p>\n<\/div>\n<\/div>\n<\/div>\n<\/div>\n<\/div>\n<\/div>\n<\/div>\n","protected":false},"excerpt":{"rendered":"<div class=\"layoutArea\">\n<div class=\"column\">\n<div class=\"page\" title=\"Page 5\">\n<div class=\"section\">\n<div class=\"layoutArea\">\n<div class=\"page\" title=\"Page 5\">\n<div class=\"section\">\n<div class=\"woocommerce-product-details__short-description\">\n<div class=\"page\" title=\"Page 6\">\n<div class=\"layoutArea\">\n<div class=\"page\" title=\"Page 5\">\n<div class=\"section\">\n<div class=\"layoutArea\">\n<div class=\"page\" title=\"Page 5\">\n<div class=\"section\">\n<div class=\"layoutArea\">\n<div class=\"column\">\n<div class=\"column\">\n<div class=\"page\" title=\"Page 6\">\n<div class=\"layoutArea\">\n<div class=\"column\">\n<p>O Grupo de Trabalho Psicologia, Envelhecimento e Velhice (GTPEV), vinculado a\u0300 Comissa\u0303o de Sau\u0301de do Conselho Regional de Psicologia 3\u00aa Regi\u00e3o Bahia (CRP-03) tem desenvolvido ac\u0327o\u0303es que dialogam com a necessidade de as\/os psico\u0301logas\/os pensarem em novas formas de atuac\u0327a\u0303o junto a\u0300 pessoa idosa. Para o me\u0302s de outubro de 2021, as atividades do GTPEV foram articuladas a partir das informac\u0327o\u0303es do Relato\u0301rio Te\u0301cnico \u201cLevantamento de du\u0301vidas e dificuldades da\/o psico\u0301loga\/o no atendimento a\u0300s pessoas idosas no estado da Bahia\u201d, publicado no site do Conselho. <strong>Esse relato\u0301rio e\u0301 um documento que busca colaborar na identificac\u0327a\u0303o de demandas no cotidiano do trabalho com pessoas idosas e informac\u0327o\u0303es relevantes para orientac\u0327a\u0303o, normativas, resoluc\u0327o\u0303es, educac\u0327a\u0303o e treinamento.<\/strong><\/p>\n<p>O relato\u0301rio demonstrou a necessidade de construc\u0327a\u0303o de materiais que possam orientar a categoria profissional no a\u0302mbito do trabalho com pessoas idosas e sobre as perspectivas de uma pra\u0301tica cri\u0301tica. Esta cartilha surge nesse cena\u0301rio, tratando-se de uma das ac\u0327o\u0303es do GTPEV em outubro de 2021.<\/p>\n<p>\u00c9 crucial que psic\u00f3logas\/os repensem pr\u00e1ticas e colaborem com a (ou para a) constru\u00e7\u00e3o de um movimento para mudar a narrativa em torno da idade e do envelhecimento. Todos n\u00f3s temos um papel a cumprir nesse cen\u00e1rio, uma vez que estamos todas\/os envelhecendo.<\/p>\n<\/div>\n<\/div>\n<\/div>\n<p><strong>Para baixar o arquivo, clique em \u00ab adicionar ao carrinho \u00bb, mas na\u0303o se preocupe, o site na\u0303o pedir\u00e1 nenhuma informac\u0327a\u0303o de pagamento!<\/strong><\/p>\n<\/div>\n<\/div>\n<\/div>\n<\/div>\n<\/div>\n<\/div>\n<\/div>\n<\/div>\n<\/div>\n<\/div>\n<\/div>\n<\/div>\n<\/div>\n<\/div>\n<\/div>\n<\/div>\n<\/div>\n<\/div>\n","protected":false},"featured_media":13078,"comment_status":"open","ping_status":"closed","template":"","meta":{"_bbp_topic_count":0,"_bbp_reply_count":0,"_bbp_total_topic_count":0,"_bbp_total_reply_count":0,"_bbp_voice_count":0,"_bbp_anonymous_reply_count":0,"_bbp_topic_count_hidden":0,"_bbp_reply_count_hidden":0,"_bbp_forum_subforum_count":0,"pmpro_default_level":""},"product_brand":[],"product_cat":[88],"product_tag":[70,87],"class_list":{"0":"post-13077","1":"product","2":"type-product","3":"status-publish","4":"has-post-thumbnail","6":"product_cat-e-books-gratis-2","7":"product_tag-ebook","8":"product_tag-e-books-gratis","9":"pmpro-has-access","11":"first","12":"instock","13":"downloadable","14":"virtual","15":"purchasable","16":"product-type-simple"},"_links":{"self":[{"href":"https:\/\/edicoes.portaldoenvelhecimento.com.br\/novo\/wp-json\/wp\/v2\/product\/13077","targetHints":{"allow":["GET"]}}],"collection":[{"href":"https:\/\/edicoes.portaldoenvelhecimento.com.br\/novo\/wp-json\/wp\/v2\/product"}],"about":[{"href":"https:\/\/edicoes.portaldoenvelhecimento.com.br\/novo\/wp-json\/wp\/v2\/types\/product"}],"replies":[{"embeddable":true,"href":"https:\/\/edicoes.portaldoenvelhecimento.com.br\/novo\/wp-json\/wp\/v2\/comments?post=13077"}],"version-history":[{"count":4,"href":"https:\/\/edicoes.portaldoenvelhecimento.com.br\/novo\/wp-json\/wp\/v2\/product\/13077\/revisions"}],"predecessor-version":[{"id":33901,"href":"https:\/\/edicoes.portaldoenvelhecimento.com.br\/novo\/wp-json\/wp\/v2\/product\/13077\/revisions\/33901"}],"wp:featuredmedia":[{"embeddable":true,"href":"https:\/\/edicoes.portaldoenvelhecimento.com.br\/novo\/wp-json\/wp\/v2\/media\/13078"}],"wp:attachment":[{"href":"https:\/\/edicoes.portaldoenvelhecimento.com.br\/novo\/wp-json\/wp\/v2\/media?parent=13077"}],"wp:term":[{"taxonomy":"product_brand","embeddable":true,"href":"https:\/\/edicoes.portaldoenvelhecimento.com.br\/novo\/wp-json\/wp\/v2\/product_brand?post=13077"},{"taxonomy":"product_cat","embeddable":true,"href":"https:\/\/edicoes.portaldoenvelhecimento.com.br\/novo\/wp-json\/wp\/v2\/product_cat?post=13077"},{"taxonomy":"product_tag","embeddable":true,"href":"https:\/\/edicoes.portaldoenvelhecimento.com.br\/novo\/wp-json\/wp\/v2\/product_tag?post=13077"}],"curies":[{"name":"wp","href":"https:\/\/api.w.org\/{rel}","templated":true}]}}