{"id":13068,"date":"2023-01-12T16:51:38","date_gmt":"2023-01-12T19:51:38","guid":{"rendered":"https:\/\/edicoes.portaldoenvelhecimento.com.br\/novo\/?post_type=product&#038;p=13068"},"modified":"2025-05-23T11:52:48","modified_gmt":"2025-05-23T14:52:48","slug":"caderno-pedagogico-historias-e-memorias","status":"publish","type":"product","link":"https:\/\/edicoes.portaldoenvelhecimento.com.br\/novo\/produto\/caderno-pedagogico-historias-e-memorias\/","title":{"rendered":"Caderno pedag\u00f3gico: Hist\u00f3rias e Mem\u00f3rias"},"content":{"rendered":"<div class=\"page\" title=\"Page 5\">\n<div class=\"section\">\n<div class=\"layoutArea\">\n<div class=\"page\" title=\"Page 5\">\n<div class=\"section\">\n<div class=\"layoutArea\">\n<div class=\"column\">\n<p><strong>Organizadores<\/strong>: Sara Jane Cerqueira Bezerra, Rosa de Lima Medeiros Neta e Jhonatan David Santos das Neves.<br \/>\nISBN: 978-65-89563-86-0<\/p>\n<\/div>\n<\/div>\n<\/div>\n<\/div>\n<\/div>\n<\/div>\n<\/div>\n","protected":false},"excerpt":{"rendered":"<div class=\"layoutArea\">\n<div class=\"column\">\n<div class=\"page\" title=\"Page 5\">\n<div class=\"section\">\n<div class=\"layoutArea\">\n<div class=\"page\" title=\"Page 5\">\n<div class=\"section\">\n<div class=\"woocommerce-product-details__short-description\">\n<div class=\"page\" title=\"Page 6\">\n<div class=\"layoutArea\">\n<div class=\"page\" title=\"Page 5\">\n<div class=\"section\">\n<div class=\"layoutArea\">\n<div class=\"page\" title=\"Page 5\">\n<div class=\"section\">\n<div class=\"layoutArea\">\n<div class=\"column\">\n<div class=\"column\">\n<p>O Caderno Pedag\u00f3gico denominado\u00a0<strong>Hist\u00f3rias e Mem\u00f3rias<\/strong>\u00a0da Universidade Estadual de Alagoas \u2013\u00a0<strong>UNEAL<\/strong>, busca proporcionar \u00e0s pessoas idosas uma viagem ao passado, revivendo, atrav\u00e9s das suas mem\u00f3rias afetivas, lembran\u00e7as importantes que fazem parte do processo de constru\u00e7\u00e3o de suas hist\u00f3rias de vida. Nossa vida \u00e9 um grande ba\u00fa cheio de mem\u00f3rias. Somos constitu\u00eddos por experi\u00eancias, emo\u00e7\u00f5es, sentimentos e recorda\u00e7\u00f5es de tudo que j\u00e1 foi vivenciado. Nosso passado, e o que ficou dele em nossa mente t\u00eam muito mais import\u00e2ncia do que imaginamos.<\/p>\n<p>S\u00e3o essas mem\u00f3rias que garantem a nossa\u00a0<strong>identidade<\/strong>, sendo \u00fanicas e especiais para cada um de n\u00f3s. E este caderno pedag\u00f3gico tem o objetivo de convidar a abrir o ba\u00fa de suas mem\u00f3rias para uma viagem ao passado, buscando reviver momentos t\u00e3o importantes que fazem parte da sua hist\u00f3ria.<\/p>\n<p>Equipe da Universidade Estadual de Alagoas.<\/p>\n<\/div>\n<div class=\"page\" title=\"Page 5\">\n<div class=\"section\">\n<div class=\"layoutArea\">\n<div class=\"column\">\n<p>Campus III, Palmeira dos I\u0301ndios \u2013 AL.<\/p>\n<p>&nbsp;<\/p>\n<\/div>\n<\/div>\n<\/div>\n<\/div>\n<\/div>\n<\/div>\n<\/div>\n<\/div>\n<div class=\"page\" title=\"Page 5\">\n<div class=\"section\">\n<div class=\"layoutArea\">\n<div class=\"column\">\n<p><strong>Para baixar o arquivo, clique em \u00ab adicionar ao carrinho \u00bb, mas na\u0303o se preocupe, o site na\u0303o pedir\u00e1 nenhuma informac\u0327a\u0303o de pagamento!<\/strong><\/p>\n<\/div>\n<\/div>\n<\/div>\n<\/div>\n<\/div>\n<\/div>\n<\/div>\n<\/div>\n<\/div>\n<\/div>\n<\/div>\n<\/div>\n<\/div>\n<\/div>\n<\/div>\n<\/div>\n<\/div>\n","protected":false},"featured_media":13069,"comment_status":"open","ping_status":"closed","template":"","meta":{"_bbp_topic_count":0,"_bbp_reply_count":0,"_bbp_total_topic_count":0,"_bbp_total_reply_count":0,"_bbp_voice_count":0,"_bbp_anonymous_reply_count":0,"_bbp_topic_count_hidden":0,"_bbp_reply_count_hidden":0,"_bbp_forum_subforum_count":0,"pmpro_default_level":""},"product_brand":[],"product_cat":[88],"product_tag":[70,87],"class_list":{"0":"post-13068","1":"product","2":"type-product","3":"status-publish","4":"has-post-thumbnail","6":"product_cat-e-books-gratis-2","7":"product_tag-ebook","8":"product_tag-e-books-gratis","9":"pmpro-has-access","11":"first","12":"instock","13":"downloadable","14":"virtual","15":"purchasable","16":"product-type-simple"},"_links":{"self":[{"href":"https:\/\/edicoes.portaldoenvelhecimento.com.br\/novo\/wp-json\/wp\/v2\/product\/13068","targetHints":{"allow":["GET"]}}],"collection":[{"href":"https:\/\/edicoes.portaldoenvelhecimento.com.br\/novo\/wp-json\/wp\/v2\/product"}],"about":[{"href":"https:\/\/edicoes.portaldoenvelhecimento.com.br\/novo\/wp-json\/wp\/v2\/types\/product"}],"replies":[{"embeddable":true,"href":"https:\/\/edicoes.portaldoenvelhecimento.com.br\/novo\/wp-json\/wp\/v2\/comments?post=13068"}],"version-history":[{"count":3,"href":"https:\/\/edicoes.portaldoenvelhecimento.com.br\/novo\/wp-json\/wp\/v2\/product\/13068\/revisions"}],"predecessor-version":[{"id":33903,"href":"https:\/\/edicoes.portaldoenvelhecimento.com.br\/novo\/wp-json\/wp\/v2\/product\/13068\/revisions\/33903"}],"wp:featuredmedia":[{"embeddable":true,"href":"https:\/\/edicoes.portaldoenvelhecimento.com.br\/novo\/wp-json\/wp\/v2\/media\/13069"}],"wp:attachment":[{"href":"https:\/\/edicoes.portaldoenvelhecimento.com.br\/novo\/wp-json\/wp\/v2\/media?parent=13068"}],"wp:term":[{"taxonomy":"product_brand","embeddable":true,"href":"https:\/\/edicoes.portaldoenvelhecimento.com.br\/novo\/wp-json\/wp\/v2\/product_brand?post=13068"},{"taxonomy":"product_cat","embeddable":true,"href":"https:\/\/edicoes.portaldoenvelhecimento.com.br\/novo\/wp-json\/wp\/v2\/product_cat?post=13068"},{"taxonomy":"product_tag","embeddable":true,"href":"https:\/\/edicoes.portaldoenvelhecimento.com.br\/novo\/wp-json\/wp\/v2\/product_tag?post=13068"}],"curies":[{"name":"wp","href":"https:\/\/api.w.org\/{rel}","templated":true}]}}