{"id":13061,"date":"2023-01-12T16:42:56","date_gmt":"2023-01-12T19:42:56","guid":{"rendered":"https:\/\/edicoes.portaldoenvelhecimento.com.br\/novo\/?post_type=product&#038;p=13061"},"modified":"2025-05-23T11:53:48","modified_gmt":"2025-05-23T14:53:48","slug":"livro-dos-afetos-homenagem-a-cremilda-medina","status":"publish","type":"product","link":"https:\/\/edicoes.portaldoenvelhecimento.com.br\/novo\/produto\/livro-dos-afetos-homenagem-a-cremilda-medina\/","title":{"rendered":"Livro dos Afetos: Homenagem \u00e0 Cremilda Medina"},"content":{"rendered":"<p>Organizador: M\u00e1rio Lucena<\/p>\n<p>Autores: Abr\u00e3o Jac\u00f3 Goldfeder, Ana Carneiro, Ana Elisa Rodrigues Bueno, \u00c2ngela Balb\u00e3o, Aurora Yasuda, Cec\u00edlia Borges, Celia Morato Gagliardi, C\u00edntia Liesenberg, Cl\u00e9o Brito, Cristiane Pomeranz, Cynthia Milani, Dulce Perdig\u00e3o, Etty Verissimo, Francine Forte, Ione Almeida, Jorge Lobato, K\u00e1tia Saraiva, M\u00e1rcia Cabral, Maria do Carmo Guido Di Lascio, Maria Eliza Henriques Silva, Maria L\u00edgia Pagenotto, Marie Claire Eshkenazy, Marisa Magnus, Marisa Matsumura, Marlene Pereira da Rocha, Neyza Bravo Mendes Furgler, Rita Duarte do Amaral, Rosana Leal, Rosineide Santos, Selma de Freitas Silva, Solimar Garcia, S\u00f4nia Azevedo Menezes Prata Silva Fuentes e Suely Tornaque.<\/p>\n<p>Ilustra\u00e7\u00e3o e diagrama\u00e7\u00e3o: Dhara C\u00f4rte de Lucena<\/p>\n<p>Editora: Portal Edi\u00e7\u00f5es<\/p>\n","protected":false},"excerpt":{"rendered":"<div class=\"layoutArea\">\n<div class=\"column\">\n<div class=\"page\" title=\"Page 5\">\n<div class=\"section\">\n<div class=\"layoutArea\">\n<div class=\"page\" title=\"Page 5\">\n<div class=\"section\">\n<div class=\"woocommerce-product-details__short-description\">\n<div class=\"page\" title=\"Page 6\">\n<div class=\"layoutArea\">\n<div class=\"page\" title=\"Page 5\">\n<div class=\"section\">\n<div class=\"layoutArea\">\n<div class=\"page\" title=\"Page 5\">\n<div class=\"section\">\n<div class=\"layoutArea\">\n<div class=\"column\">\n<p>Quem tem o privil\u00e9gio de fazer uma disciplina com a professora Cremilda Medina, seja na gradua\u00e7\u00e3o, na p\u00f3s-gradua\u00e7\u00e3o ou em um curso extracurricular como os nossos, a possibilidade de uma mudan\u00e7a para melhor beira a 100%. Os depoimentos colhidos a seguir d\u00e3o conta disso. D\u00e3o conta, tamb\u00e9m, do quanto especial tem sido os encontros realizados nos \u00faltimos anos sob o guarda-chuva das oficinas interdisciplinares das Narrativas da Contemporaneidade \u2013 Mem\u00f3rias L\u00fadicas.<\/p>\n<p>Ent\u00e3o, ao tomar a decis\u00e3o de conviver com Cremilda Medina, voc\u00ea deve se preparar para mudar. Mudar para melhor por meio de uma carga de saberes que nunca \u00e9 demasiada, pois estar\u00e1 sempre de acordo com sua capacidade de recep\u00e7\u00e3o (embora a recep\u00e7\u00e3o seja sempre um mist\u00e9rio); prepare-se para receber especialmente uma carga de humaniza\u00e7\u00e3o por meio de uma descarga de afeto que impactar\u00e1 seu amanh\u00e3. Por isso chamamos nosso livro de depoimentos de Livro dos Afetos.<\/p>\n<p>&nbsp;<\/p>\n<\/div>\n<\/div>\n<\/div>\n<\/div>\n<\/div>\n<\/div>\n<div class=\"section\">\n<div class=\"layoutArea\">\n<div class=\"page\" title=\"Page 5\">\n<div class=\"section\">\n<div class=\"layoutArea\">\n<div class=\"column\">\n<div class=\"column\"><strong>Para baixar o arquivo, clique em \u00ab adicionar ao carrinho \u00bb, mas na\u0303o se preocupe, o site na\u0303o pedir\u00e1 nenhuma informac\u0327a\u0303o de pagamento!<\/strong><\/div>\n<\/div>\n<\/div>\n<\/div>\n<\/div>\n<\/div>\n<\/div>\n<\/div>\n<\/div>\n<\/div>\n<\/div>\n<\/div>\n<\/div>\n<\/div>\n<\/div>\n<\/div>\n<\/div>\n<\/div>\n","protected":false},"featured_media":13062,"comment_status":"open","ping_status":"closed","template":"","meta":{"_bbp_topic_count":0,"_bbp_reply_count":0,"_bbp_total_topic_count":0,"_bbp_total_reply_count":0,"_bbp_voice_count":0,"_bbp_anonymous_reply_count":0,"_bbp_topic_count_hidden":0,"_bbp_reply_count_hidden":0,"_bbp_forum_subforum_count":0,"pmpro_default_level":""},"product_brand":[],"product_cat":[88],"product_tag":[70,87],"class_list":{"0":"post-13061","1":"product","2":"type-product","3":"status-publish","4":"has-post-thumbnail","6":"product_cat-e-books-gratis-2","7":"product_tag-ebook","8":"product_tag-e-books-gratis","9":"pmpro-has-access","11":"first","12":"instock","13":"downloadable","14":"virtual","15":"purchasable","16":"product-type-simple"},"_links":{"self":[{"href":"https:\/\/edicoes.portaldoenvelhecimento.com.br\/novo\/wp-json\/wp\/v2\/product\/13061","targetHints":{"allow":["GET"]}}],"collection":[{"href":"https:\/\/edicoes.portaldoenvelhecimento.com.br\/novo\/wp-json\/wp\/v2\/product"}],"about":[{"href":"https:\/\/edicoes.portaldoenvelhecimento.com.br\/novo\/wp-json\/wp\/v2\/types\/product"}],"replies":[{"embeddable":true,"href":"https:\/\/edicoes.portaldoenvelhecimento.com.br\/novo\/wp-json\/wp\/v2\/comments?post=13061"}],"version-history":[{"count":6,"href":"https:\/\/edicoes.portaldoenvelhecimento.com.br\/novo\/wp-json\/wp\/v2\/product\/13061\/revisions"}],"predecessor-version":[{"id":33904,"href":"https:\/\/edicoes.portaldoenvelhecimento.com.br\/novo\/wp-json\/wp\/v2\/product\/13061\/revisions\/33904"}],"wp:featuredmedia":[{"embeddable":true,"href":"https:\/\/edicoes.portaldoenvelhecimento.com.br\/novo\/wp-json\/wp\/v2\/media\/13062"}],"wp:attachment":[{"href":"https:\/\/edicoes.portaldoenvelhecimento.com.br\/novo\/wp-json\/wp\/v2\/media?parent=13061"}],"wp:term":[{"taxonomy":"product_brand","embeddable":true,"href":"https:\/\/edicoes.portaldoenvelhecimento.com.br\/novo\/wp-json\/wp\/v2\/product_brand?post=13061"},{"taxonomy":"product_cat","embeddable":true,"href":"https:\/\/edicoes.portaldoenvelhecimento.com.br\/novo\/wp-json\/wp\/v2\/product_cat?post=13061"},{"taxonomy":"product_tag","embeddable":true,"href":"https:\/\/edicoes.portaldoenvelhecimento.com.br\/novo\/wp-json\/wp\/v2\/product_tag?post=13061"}],"curies":[{"name":"wp","href":"https:\/\/api.w.org\/{rel}","templated":true}]}}