{"id":13031,"date":"2023-01-12T16:21:47","date_gmt":"2023-01-12T19:21:47","guid":{"rendered":"https:\/\/edicoes.portaldoenvelhecimento.com.br\/novo\/?post_type=product&#038;p=13031"},"modified":"2025-09-30T10:41:35","modified_gmt":"2025-09-30T13:41:35","slug":"cartilha-golpes-na-internet","status":"publish","type":"product","link":"https:\/\/edicoes.portaldoenvelhecimento.com.br\/novo\/produto\/cartilha-golpes-na-internet\/","title":{"rendered":"Cartilha: Golpes na Internet"},"content":{"rendered":"<div class=\"page\" title=\"Page 5\">\n<div class=\"section\">\n<div class=\"layoutArea\">\n<div class=\"page\" title=\"Page 5\">\n<div class=\"section\">\n<p>Elabora\u00e7\u00e3o: Educam\u00eddia 60+ (Instituto Palavra Aberta)<\/p>\n<\/div>\n<\/div>\n<\/div>\n<\/div>\n<\/div>\n","protected":false},"excerpt":{"rendered":"<div class=\"layoutArea\">\n<div class=\"column\">\n<div class=\"page\" title=\"Page 5\">\n<div class=\"section\">\n<div class=\"layoutArea\">\n<div class=\"page\" title=\"Page 5\">\n<div class=\"section\">\n<p>O EducaM\u00eddia 60+, programa criado pelo Instituto Palavra Aberta, est\u00e1 aqui para que voc\u00ea n\u00e3o tenha que abrir m\u00e3o do que a internet oferece. Queremos ajud\u00e1-lo a navegar com seguran\u00e7a e responsabilidade, minimizando os riscos e maximizando os benef\u00edcios de estar conectado.<\/p>\n<p>Isso \u00e9 poss\u00edvel porque, embora novos golpes surjam quase diariamente, h\u00e1 alguns pontos em comum entre eles. Voc\u00ea vai perceber, ao longo deste material, que existem algumas \u201cregras de ouro\u201d que valem para praticamente todas as situa\u00e7\u00f5es em que podemos estar vulner\u00e1veis na internet.<\/p>\n<p>E, claro, \u00e9 importante tamb\u00e9m manter-se bem informado e atualizado sobre novos golpes, acompanhando os comunicados oficiais de bancos e outros servi\u00e7os que costumam ser alvo dos criminosos, al\u00e9m dos relatos na imprensa. \u00c9 bem comum que, \u00e0 medida que um golpe come\u00e7a a ser muito<br \/>\nrepetido, surjam reportagens que nos alertam sobre os riscos a que estamos sujeitos.<\/p>\n<p>Quanto mais soubermos, melhor ser\u00e1 nossa experi\u00eancia na internet.<\/p>\n<p>Vamos aprender juntos?<\/p>\n<p>\u2013 Instituto Palavra Aberta<\/p>\n<div class=\"woocommerce-product-details__short-description\">\n<div class=\"page\" title=\"Page 6\">\n<div class=\"layoutArea\">\n<p><strong>Para baixar o arquivo, clique em \u00ab adicionar ao carrinho \u00bb, mas na\u0303o se preocupe, o site na\u0303o pedir\u00e1 nenhuma informac\u0327a\u0303o de pagamento!<\/strong><\/p>\n<\/div>\n<\/div>\n<\/div>\n<\/div>\n<\/div>\n<\/div>\n<\/div>\n<\/div>\n<\/div>\n<\/div>\n","protected":false},"featured_media":13033,"comment_status":"open","ping_status":"closed","template":"","meta":{"_bbp_topic_count":0,"_bbp_reply_count":0,"_bbp_total_topic_count":0,"_bbp_total_reply_count":0,"_bbp_voice_count":0,"_bbp_anonymous_reply_count":0,"_bbp_topic_count_hidden":0,"_bbp_reply_count_hidden":0,"_bbp_forum_subforum_count":0,"pmpro_default_level":""},"product_brand":[],"product_cat":[88],"product_tag":[70,87],"class_list":{"0":"post-13031","1":"product","2":"type-product","3":"status-publish","4":"has-post-thumbnail","6":"product_cat-e-books-gratis-2","7":"product_tag-ebook","8":"product_tag-e-books-gratis","9":"pmpro-has-access","11":"first","12":"instock","13":"downloadable","14":"virtual","15":"purchasable","16":"product-type-simple"},"_links":{"self":[{"href":"https:\/\/edicoes.portaldoenvelhecimento.com.br\/novo\/wp-json\/wp\/v2\/product\/13031","targetHints":{"allow":["GET"]}}],"collection":[{"href":"https:\/\/edicoes.portaldoenvelhecimento.com.br\/novo\/wp-json\/wp\/v2\/product"}],"about":[{"href":"https:\/\/edicoes.portaldoenvelhecimento.com.br\/novo\/wp-json\/wp\/v2\/types\/product"}],"replies":[{"embeddable":true,"href":"https:\/\/edicoes.portaldoenvelhecimento.com.br\/novo\/wp-json\/wp\/v2\/comments?post=13031"}],"version-history":[{"count":4,"href":"https:\/\/edicoes.portaldoenvelhecimento.com.br\/novo\/wp-json\/wp\/v2\/product\/13031\/revisions"}],"predecessor-version":[{"id":33907,"href":"https:\/\/edicoes.portaldoenvelhecimento.com.br\/novo\/wp-json\/wp\/v2\/product\/13031\/revisions\/33907"}],"wp:featuredmedia":[{"embeddable":true,"href":"https:\/\/edicoes.portaldoenvelhecimento.com.br\/novo\/wp-json\/wp\/v2\/media\/13033"}],"wp:attachment":[{"href":"https:\/\/edicoes.portaldoenvelhecimento.com.br\/novo\/wp-json\/wp\/v2\/media?parent=13031"}],"wp:term":[{"taxonomy":"product_brand","embeddable":true,"href":"https:\/\/edicoes.portaldoenvelhecimento.com.br\/novo\/wp-json\/wp\/v2\/product_brand?post=13031"},{"taxonomy":"product_cat","embeddable":true,"href":"https:\/\/edicoes.portaldoenvelhecimento.com.br\/novo\/wp-json\/wp\/v2\/product_cat?post=13031"},{"taxonomy":"product_tag","embeddable":true,"href":"https:\/\/edicoes.portaldoenvelhecimento.com.br\/novo\/wp-json\/wp\/v2\/product_tag?post=13031"}],"curies":[{"name":"wp","href":"https:\/\/api.w.org\/{rel}","templated":true}]}}