{"id":13017,"date":"2023-01-12T16:07:29","date_gmt":"2023-01-12T19:07:29","guid":{"rendered":"https:\/\/edicoes.portaldoenvelhecimento.com.br\/novo\/?post_type=product&#038;p=13017"},"modified":"2025-09-30T10:41:00","modified_gmt":"2025-09-30T13:41:00","slug":"cartilha-muito-alem-da-fake-news","status":"publish","type":"product","link":"https:\/\/edicoes.portaldoenvelhecimento.com.br\/novo\/produto\/cartilha-muito-alem-da-fake-news\/","title":{"rendered":"Cartilha: Muito Al\u00e9m da Fake News"},"content":{"rendered":"<div class=\"page\" title=\"Page 5\">\n<div class=\"section\">\n<div class=\"layoutArea\">\n<div class=\"page\" title=\"Page 5\">\n<div class=\"section\">\n<p>Elabora\u00e7\u00e3o: Educam\u00eddia 60+ (Instituto Palavra Aberta)<\/p>\n<\/div>\n<\/div>\n<\/div>\n<\/div>\n<\/div>\n","protected":false},"excerpt":{"rendered":"<div class=\"layoutArea\">\n<div class=\"column\">\n<div class=\"page\" title=\"Page 5\">\n<div class=\"section\">\n<div class=\"layoutArea\">\n<div class=\"page\" title=\"Page 5\">\n<div class=\"section\">\n<p>O EducaM\u00eddia 60+ vai lhe acompanhar nessa jornada pelo terreno escorregadio da <strong>desinforma\u00e7\u00e3o<\/strong>. Vamos aprender a <strong>navegar com <\/strong><strong>mais confian\u00e7a pela internet.<\/strong><\/p>\n<p>Este projeto, criado pelo Instituto Palavra Aberta, \u00e9 tamb\u00e9m um convite para sermos agentes de transforma\u00e7\u00e3o junto a nossas fam\u00edlias e comunidades. Todos n\u00f3s podemos ajudar a combater a desinforma\u00e7\u00e3o, sem passar adiante conte\u00fados suspeitos e alertando nossos conhecidos quando eles compartilharem alguma mensagem falsa.<\/p>\n<p>\u00c9 importante lembrar que, d\u00e9cadas atr\u00e1s, apenas algumas poucas pessoas tinham o privil\u00e9gio de publicar informa\u00e7\u00f5es. Jornais impressos, emissoras de r\u00e1dio e TV e editoras serviam como filtro antes que qualquer conte\u00fado chegasse \u00e0s nossas m\u00e3os. Agora, todas as pessoas com acesso \u00e0 internet podem se manifestar sobre os assuntos que quiserem. \u00c9 muito poderoso que mais gente tenha voz, mas isso tamb\u00e9m exige mais aten\u00e7\u00e3o \u2014 n\u00e3o d\u00e1 para simplesmente acreditar em tudo.<\/p>\n<p><strong>Vamos trabalhar juntos por mais informa\u00e7\u00f5es de qualidade?<\/strong><\/p>\n<p>\u2013 Instituto Palavra Aberta<\/p>\n<p><a href=\"https:\/\/edicoes.portaldoenvelhecimento.com.br\/novo\/produto\/cartilha-quem-sou-eu-nas-redes-sociais\/\">M\u00f3dulo 4: Quem sou eu nas redes sociais<\/a><\/p>\n<div class=\"woocommerce-product-details__short-description\">\n<div class=\"page\" title=\"Page 6\">\n<div class=\"layoutArea\">\n<p><strong>Como esta\u0301 no nosso site de livros, e\u0301 so\u0301 clicar em \u00ab comprar \u00bb aqui embaixo para realizar o download, mas na\u0303o se preocupe, o site na\u0303o pede nenhuma informac\u0327a\u0303o de pagamento!<\/strong><\/p>\n<\/div>\n<\/div>\n<\/div>\n<\/div>\n<\/div>\n<\/div>\n<\/div>\n<\/div>\n<\/div>\n<\/div>\n","protected":false},"featured_media":13019,"comment_status":"open","ping_status":"closed","template":"","meta":{"_bbp_topic_count":0,"_bbp_reply_count":0,"_bbp_total_topic_count":0,"_bbp_total_reply_count":0,"_bbp_voice_count":0,"_bbp_anonymous_reply_count":0,"_bbp_topic_count_hidden":0,"_bbp_reply_count_hidden":0,"_bbp_forum_subforum_count":0,"pmpro_default_level":""},"product_brand":[],"product_cat":[88],"product_tag":[70,87],"class_list":{"0":"post-13017","1":"product","2":"type-product","3":"status-publish","4":"has-post-thumbnail","6":"product_cat-e-books-gratis-2","7":"product_tag-ebook","8":"product_tag-e-books-gratis","9":"pmpro-has-access","11":"first","12":"instock","13":"downloadable","14":"virtual","15":"purchasable","16":"product-type-simple"},"_links":{"self":[{"href":"https:\/\/edicoes.portaldoenvelhecimento.com.br\/novo\/wp-json\/wp\/v2\/product\/13017","targetHints":{"allow":["GET"]}}],"collection":[{"href":"https:\/\/edicoes.portaldoenvelhecimento.com.br\/novo\/wp-json\/wp\/v2\/product"}],"about":[{"href":"https:\/\/edicoes.portaldoenvelhecimento.com.br\/novo\/wp-json\/wp\/v2\/types\/product"}],"replies":[{"embeddable":true,"href":"https:\/\/edicoes.portaldoenvelhecimento.com.br\/novo\/wp-json\/wp\/v2\/comments?post=13017"}],"version-history":[{"count":3,"href":"https:\/\/edicoes.portaldoenvelhecimento.com.br\/novo\/wp-json\/wp\/v2\/product\/13017\/revisions"}],"predecessor-version":[{"id":13120,"href":"https:\/\/edicoes.portaldoenvelhecimento.com.br\/novo\/wp-json\/wp\/v2\/product\/13017\/revisions\/13120"}],"wp:featuredmedia":[{"embeddable":true,"href":"https:\/\/edicoes.portaldoenvelhecimento.com.br\/novo\/wp-json\/wp\/v2\/media\/13019"}],"wp:attachment":[{"href":"https:\/\/edicoes.portaldoenvelhecimento.com.br\/novo\/wp-json\/wp\/v2\/media?parent=13017"}],"wp:term":[{"taxonomy":"product_brand","embeddable":true,"href":"https:\/\/edicoes.portaldoenvelhecimento.com.br\/novo\/wp-json\/wp\/v2\/product_brand?post=13017"},{"taxonomy":"product_cat","embeddable":true,"href":"https:\/\/edicoes.portaldoenvelhecimento.com.br\/novo\/wp-json\/wp\/v2\/product_cat?post=13017"},{"taxonomy":"product_tag","embeddable":true,"href":"https:\/\/edicoes.portaldoenvelhecimento.com.br\/novo\/wp-json\/wp\/v2\/product_tag?post=13017"}],"curies":[{"name":"wp","href":"https:\/\/api.w.org\/{rel}","templated":true}]}}