{"id":12979,"date":"2023-01-12T14:51:25","date_gmt":"2023-01-12T17:51:25","guid":{"rendered":"https:\/\/edicoes.portaldoenvelhecimento.com.br\/novo\/?post_type=product&#038;p=12979"},"modified":"2026-02-16T13:12:18","modified_gmt":"2026-02-16T16:12:18","slug":"intergeracionalidade-prevencao-ao-idadismo-e-construcao-de-uma-sociedade-para-todas-as-idades","status":"publish","type":"product","link":"https:\/\/edicoes.portaldoenvelhecimento.com.br\/novo\/produto\/intergeracionalidade-prevencao-ao-idadismo-e-construcao-de-uma-sociedade-para-todas-as-idades\/","title":{"rendered":"INTERGERACIONALIDADE: prevenc\u0327a\u0303o ao idadismo e construc\u0327a\u0303o de uma sociedade para todas as idades"},"content":{"rendered":"<div class=\"column\">\n<div class=\"page\" title=\"Page 5\">\n<div class=\"section\">\n<div class=\"layoutArea\">\n<div class=\"column\">\n<div class=\"page\" title=\"Page 2\">\n<div class=\"layoutArea\">\n<div class=\"column\">\n<p>&nbsp;<\/p>\n<p style=\"text-align: left;\">Autoras: Ingrid Rochelle R\u00eago Nogueira e Adriana Costa Batista<\/p>\n<p style=\"text-align: left;\">Ilustra\u00e7\u00f5es e Diagrama\u00e7\u00e3o: Juli\u00e3o Jr.<\/p>\n<p style=\"text-align: left;\">Revis\u00e3o Ortogr\u00e1fica: Leda Freitas Maciel<\/p>\n<\/div>\n<\/div>\n<\/div>\n<\/div>\n<\/div>\n<\/div>\n<\/div>\n<\/div>\n<p>&nbsp;<\/p>\n","protected":false},"excerpt":{"rendered":"<div class=\"layoutArea\">\n<div class=\"column\">\n<div class=\"page\" title=\"Page 5\">\n<div class=\"section\">\n<div class=\"layoutArea\">\n<div class=\"page\" title=\"Page 5\">\n<div class=\"section\">\n<div class=\"woocommerce-product-details__short-description\">\n<div class=\"page\" title=\"Page 6\">\n<div class=\"layoutArea\">\n<p>A\u00a0<strong>intergeracionalidade<\/strong>\u00a0se apresenta como um importante elemento contribuinte para a\u00a0<strong>garantia de direitos de pessoas de todas as idades<\/strong>,\u00a0<strong>prevenc\u0327a\u0303o ao idadismo e viole\u0302ncia, bem como para a construc\u0327a\u0303o de uma sociedade justa e digna para todos\/as.<\/strong>\u00a0Dessa forma, a presente publicac\u0327a\u0303o tem como objetivo fomentar discusso\u0303es e pra\u0301ticas acerca das relac\u0327o\u0303es intergeracionais,\u00a0<strong>sendo dividida em duas partes<\/strong>, nas quais oferecem respectivamente elementos teo\u0301ricos para debates e ferramentas para a intervenc\u0327a\u0303o junto a\u0300s diversas gerac\u0327o\u0303es.<\/p>\n<blockquote>\n<p style=\"text-align: left;\">Ent\u00e3o, meu\/minha caro\/a leitor\/a, te convido a mergulhar no universo de cada idoso\/a e seus pares, um perfeito arremate ao desvelar na pa\u0301gina ou na tela, identificando o\/a idoso\/a que habita em voce\u0302 e, por fim, convido a se juntar a no\u0301s no urgente debate sobre a intergeracionalidade enquanto um direito; um espac\u0327o de trocas esponta\u0302neas, integradoras e solida\u0301rias; e de aprendizagem mu\u0301tua.<\/p>\n<\/blockquote>\n<\/div>\n<p><strong>Para baixar o arquivo, clique em \u00ab adicionar ao carrinho \u00bb, mas na\u0303o se preocupe, o site na\u0303o pedir\u00e1 nenhuma informac\u0327a\u0303o de pagamento!<\/strong><\/p>\n<\/div>\n<\/div>\n<\/div>\n<\/div>\n<\/div>\n<\/div>\n<\/div>\n<\/div>\n<\/div>\n","protected":false},"featured_media":13001,"comment_status":"open","ping_status":"closed","template":"","meta":{"_bbp_topic_count":0,"_bbp_reply_count":0,"_bbp_total_topic_count":0,"_bbp_total_reply_count":0,"_bbp_voice_count":0,"_bbp_anonymous_reply_count":0,"_bbp_topic_count_hidden":0,"_bbp_reply_count_hidden":0,"_bbp_forum_subforum_count":0,"pmpro_default_level":""},"product_brand":[],"product_cat":[88],"product_tag":[70,87],"class_list":{"0":"post-12979","1":"product","2":"type-product","3":"status-publish","4":"has-post-thumbnail","6":"product_cat-e-books-gratis-2","7":"product_tag-ebook","8":"product_tag-e-books-gratis","9":"pmpro-has-access","11":"first","12":"instock","13":"downloadable","14":"virtual","15":"purchasable","16":"product-type-simple"},"_links":{"self":[{"href":"https:\/\/edicoes.portaldoenvelhecimento.com.br\/novo\/wp-json\/wp\/v2\/product\/12979","targetHints":{"allow":["GET"]}}],"collection":[{"href":"https:\/\/edicoes.portaldoenvelhecimento.com.br\/novo\/wp-json\/wp\/v2\/product"}],"about":[{"href":"https:\/\/edicoes.portaldoenvelhecimento.com.br\/novo\/wp-json\/wp\/v2\/types\/product"}],"replies":[{"embeddable":true,"href":"https:\/\/edicoes.portaldoenvelhecimento.com.br\/novo\/wp-json\/wp\/v2\/comments?post=12979"}],"version-history":[{"count":6,"href":"https:\/\/edicoes.portaldoenvelhecimento.com.br\/novo\/wp-json\/wp\/v2\/product\/12979\/revisions"}],"predecessor-version":[{"id":33909,"href":"https:\/\/edicoes.portaldoenvelhecimento.com.br\/novo\/wp-json\/wp\/v2\/product\/12979\/revisions\/33909"}],"wp:featuredmedia":[{"embeddable":true,"href":"https:\/\/edicoes.portaldoenvelhecimento.com.br\/novo\/wp-json\/wp\/v2\/media\/13001"}],"wp:attachment":[{"href":"https:\/\/edicoes.portaldoenvelhecimento.com.br\/novo\/wp-json\/wp\/v2\/media?parent=12979"}],"wp:term":[{"taxonomy":"product_brand","embeddable":true,"href":"https:\/\/edicoes.portaldoenvelhecimento.com.br\/novo\/wp-json\/wp\/v2\/product_brand?post=12979"},{"taxonomy":"product_cat","embeddable":true,"href":"https:\/\/edicoes.portaldoenvelhecimento.com.br\/novo\/wp-json\/wp\/v2\/product_cat?post=12979"},{"taxonomy":"product_tag","embeddable":true,"href":"https:\/\/edicoes.portaldoenvelhecimento.com.br\/novo\/wp-json\/wp\/v2\/product_tag?post=12979"}],"curies":[{"name":"wp","href":"https:\/\/api.w.org\/{rel}","templated":true}]}}