{"id":12888,"date":"2023-01-09T00:39:00","date_gmt":"2023-01-09T03:39:00","guid":{"rendered":"https:\/\/edicoes.portaldoenvelhecimento.com.br\/novo\/?post_type=product&#038;p=12888"},"modified":"2025-09-30T10:41:24","modified_gmt":"2025-09-30T13:41:24","slug":"avosidade-em-acao-caderno-pedagogico","status":"publish","type":"product","link":"https:\/\/edicoes.portaldoenvelhecimento.com.br\/novo\/produto\/avosidade-em-acao-caderno-pedagogico\/","title":{"rendered":"Avosidade em A\u00e7\u00e3o: Caderno Pedag\u00f3gico"},"content":{"rendered":"<p class=\"p1\"><strong>Organiza\u00e7\u00e3o:<\/strong><\/p>\n<p class=\"p2\">Profa. Ma. EFIG\u00caNIA MAGDA DE OLIVEIRA: Mestra em Defesa Sanit\u00e1ria Animal \u2013 UEMA. Professora Assistente da Universidade Estadual do Maranh\u00e3o na Universidade Aberta Intergeracional (UNABI)<\/p>\n<p class=\"p2\">Profa. Ma. KAROLLINE LEITE GUEDES DE OLIVEIRA: Mestre em Educa\u00e7\u00e3o &#8211; UFRGS<\/p>\n<p class=\"p2\">Profa. Ma. SARA JANE CERQUEIRA BEZERRA: Professora Assistente da Universidade Estadual de Alagoas \u2013 UNEAL Campus III &#8211; Coordenadora Geral do Programa de Extens\u00e3o 3\u00aa Idade na Universidade da UNEAL<\/p>\n<p>&nbsp;<\/p>\n<p class=\"p2\"><strong>Edi\u00e7\u00e3o, diagrama\u00e7\u00e3o e projeto gr\u00e1fico\u00a0<\/strong><\/p>\n<p class=\"p2\">Vanderson Aureliano Barbosa &#8211; Acad\u00eamico em Letras<\/p>\n<p class=\"p2\">L\u00edngua Portuguesa e Literatura &#8211; UNEAL<\/p>\n<p>&nbsp;<\/p>\n<p><strong>Parceria<\/strong><\/p>\n<p>UNEAL<\/p>\n<p>Vidas Idosas Importam<\/p>\n","protected":false},"excerpt":{"rendered":"<div class=\"layoutArea\">\n<div class=\"column\">\n<div class=\"page\" title=\"Page 5\">\n<div class=\"section\">\n<div class=\"layoutArea\">\n<div class=\"page\" title=\"Page 5\">\n<div class=\"section\">\n<p class=\"p2\">O presente <strong>Caderno Pedag\u00f3gico<\/strong> Avosidade em A\u00e7\u00e3o aborda a valorosa <strong>miss\u00e3o da avosidade na sociedade:<\/strong> as m\u00e3os que retratam as linhas da vida, as falas que remetem as mem\u00f3rias de outrora, os olhos que apresentam as infinitas possibilidades de ver com o cora\u00e7\u00e3o a ess\u00eancia humana imersa no cotidiano voraz.<\/p>\n<p><strong>A inten\u00e7\u00e3o deste recurso did\u00e1tico<\/strong> \u00e9 oportunizar uma leitura prazerosa e reflexiva que alimente a alma, revigore o \u00e2nimo e mantenha sempre viva a magnitude do papel da avosidade.<\/p>\n<p>&nbsp;<\/p>\n<div class=\"woocommerce-product-details__short-description\">\n<div class=\"page\" title=\"Page 6\">\n<div class=\"layoutArea\">\n<p><strong>Para baixar o arquivo, clique em \u00ab adicionar ao carrinho \u00bb, mas na\u0303o se preocupe, o site na\u0303o pedir\u00e1 nenhuma informac\u0327a\u0303o de pagamento!<\/strong><\/p>\n<\/div>\n<\/div>\n<\/div>\n<\/div>\n<\/div>\n<\/div>\n<\/div>\n<\/div>\n<\/div>\n<\/div>\n","protected":false},"featured_media":12892,"comment_status":"open","ping_status":"closed","template":"","meta":{"_bbp_topic_count":0,"_bbp_reply_count":0,"_bbp_total_topic_count":0,"_bbp_total_reply_count":0,"_bbp_voice_count":0,"_bbp_anonymous_reply_count":0,"_bbp_topic_count_hidden":0,"_bbp_reply_count_hidden":0,"_bbp_forum_subforum_count":0,"pmpro_default_level":""},"product_brand":[],"product_cat":[88],"product_tag":[70,87],"class_list":{"0":"post-12888","1":"product","2":"type-product","3":"status-publish","4":"has-post-thumbnail","6":"product_cat-e-books-gratis-2","7":"product_tag-ebook","8":"product_tag-e-books-gratis","9":"pmpro-has-access","11":"first","12":"instock","13":"downloadable","14":"virtual","15":"purchasable","16":"product-type-simple"},"_links":{"self":[{"href":"https:\/\/edicoes.portaldoenvelhecimento.com.br\/novo\/wp-json\/wp\/v2\/product\/12888","targetHints":{"allow":["GET"]}}],"collection":[{"href":"https:\/\/edicoes.portaldoenvelhecimento.com.br\/novo\/wp-json\/wp\/v2\/product"}],"about":[{"href":"https:\/\/edicoes.portaldoenvelhecimento.com.br\/novo\/wp-json\/wp\/v2\/types\/product"}],"replies":[{"embeddable":true,"href":"https:\/\/edicoes.portaldoenvelhecimento.com.br\/novo\/wp-json\/wp\/v2\/comments?post=12888"}],"version-history":[{"count":6,"href":"https:\/\/edicoes.portaldoenvelhecimento.com.br\/novo\/wp-json\/wp\/v2\/product\/12888\/revisions"}],"predecessor-version":[{"id":33910,"href":"https:\/\/edicoes.portaldoenvelhecimento.com.br\/novo\/wp-json\/wp\/v2\/product\/12888\/revisions\/33910"}],"wp:featuredmedia":[{"embeddable":true,"href":"https:\/\/edicoes.portaldoenvelhecimento.com.br\/novo\/wp-json\/wp\/v2\/media\/12892"}],"wp:attachment":[{"href":"https:\/\/edicoes.portaldoenvelhecimento.com.br\/novo\/wp-json\/wp\/v2\/media?parent=12888"}],"wp:term":[{"taxonomy":"product_brand","embeddable":true,"href":"https:\/\/edicoes.portaldoenvelhecimento.com.br\/novo\/wp-json\/wp\/v2\/product_brand?post=12888"},{"taxonomy":"product_cat","embeddable":true,"href":"https:\/\/edicoes.portaldoenvelhecimento.com.br\/novo\/wp-json\/wp\/v2\/product_cat?post=12888"},{"taxonomy":"product_tag","embeddable":true,"href":"https:\/\/edicoes.portaldoenvelhecimento.com.br\/novo\/wp-json\/wp\/v2\/product_tag?post=12888"}],"curies":[{"name":"wp","href":"https:\/\/api.w.org\/{rel}","templated":true}]}}