{"id":12513,"date":"2024-07-18T20:02:03","date_gmt":"2024-07-18T23:02:03","guid":{"rendered":"https:\/\/edicoes.portaldoenvelhecimento.com.br\/novo\/?post_type=product&#038;p=12513"},"modified":"2025-12-02T02:17:07","modified_gmt":"2025-12-02T05:17:07","slug":"gerontologia-e-transdisciplinaridade-ii","status":"publish","type":"product","link":"https:\/\/edicoes.portaldoenvelhecimento.com.br\/novo\/produto\/gerontologia-e-transdisciplinaridade-ii\/","title":{"rendered":"Gerontologia e Transdisciplinaridade II"},"content":{"rendered":"<div class=\"page\" title=\"Page 1\">\n<div class=\"layoutArea\">\n<div class=\"column\">\n<div class=\"layoutArea\">\n<div class=\"column\">\n<div class=\"page\" title=\"Page 1\">\n<div class=\"layoutArea\">\n<div class=\"column\">\n<div class=\"page\" title=\"Page 1\">\n<div class=\"layoutArea\">\n<div class=\"column\">\n<div class=\"page\" title=\"Page 1\">\n<div class=\"layoutArea\">\n<div class=\"column\">\n<div class=\"page\" title=\"Page 1\">\n<div class=\"layoutArea\">\n<div class=\"column\">\n<div class=\"page\" title=\"Page 1\">\n<div class=\"layoutArea\">\n<div class=\"column\">\n<div class=\"layoutArea\">\n<div class=\"column\">\n<p><strong>SUM\u00c1RIO<\/strong><\/p>\n<p><strong>\u00a0<\/strong><\/p>\n<p><strong>INTRODU\u00c7\u00c3O<\/strong><\/p>\n<p><strong>LA\u00c7O TRANSDISCIPLINAR: PARA UMA COOPERA\u00c7\u00c3O ENTRE PR\u00c1TICAS E SABERES\u00a0\u00a0\u00a0\u00a0\u00a0\u00a0\u00a0\u00a0\u00a0\u00a0\u00a0\u00a0\u00a0\u00a0\u00a0\u00a0\u00a0\u00a0\u00a0\u00a0\u00a0\u00a0\u00a0\u00a0 <\/strong><\/p>\n<p>V\u00edtor Fragoso | Margarida Sotto Mayor<\/p>\n<p><strong>PSICAN\u00c1LISE E VELHICE(S) \u2013 A PLURALIDADE DE UMA VIV\u00caNCIA SINGULAR\u00a0\u00a0\u00a0\u00a0\u00a0 <\/strong><\/p>\n<p>Cl\u00e1udia Bacelar | Helena Faria<\/p>\n<p><strong>DE LA INFANCIA A LA MADUREZ &#8211; APORTACIONES DE LA ECOLOG\u00cdA DE SISTEMAS HUMANOS\u00a0\u00a0\u00a0\u00a0\u00a0\u00a0\u00a0\u00a0\u00a0\u00a0\u00a0\u00a0\u00a0\u00a0\u00a0\u00a0\u00a0\u00a0\u00a0\u00a0\u00a0\u00a0\u00a0\u00a0\u00a0\u00a0\u00a0\u00a0\u00a0\u00a0\u00a0\u00a0\u00a0\u00a0\u00a0 <\/strong><\/p>\n<p>Xavier Serrano Hortelano<\/p>\n<p><strong>M\u00daSICA NA IDADE S\u00c9NIOR: UMA PERSPETIVA PR\u00c1TICA BASEADA NA ABORDAGEM ORFF-SCHULWERK\u00a0\u00a0\u00a0\u00a0\u00a0\u00a0\u00a0\u00a0\u00a0 <\/strong><\/p>\n<p>Jo\u00e3o Cunha<\/p>\n<p><strong>AS REPRESENTA\u00c7\u00d5ES VISUAIS DA VELHICE NA LITERATURA INFANTO JUVENIL\u00a0 \u00a0\u00a0\u00a0\u00a0\u00a0\u00a0\u00a0\u00a0\u00a0\u00a0\u00a0\u00a0\u00a0\u00a0\u00a0\u00a0\u00a0\u00a0\u00a0\u00a0\u00a0\u00a0\u00a0\u00a0\u00a0\u00a0\u00a0\u00a0\u00a0 <\/strong><\/p>\n<p>Gabriela Sotto Mayor<\/p>\n<p><strong>A EDUCA\u00c7\u00c3O NA E PARA A TERCEIRA IDADE: EDUCA\u00c7\u00c3O PERMANENTE, GERONTOLOGIA EDUCATIVA E EDUCA\u00c7\u00c3O GERONTOL\u00d3GICA\u00a0\u00a0\u00a0\u00a0\u00a0\u00a0\u00a0\u00a0\u00a0\u00a0\u00a0\u00a0\u00a0\u00a0\u00a0\u00a0\u00a0\u00a0\u00a0\u00a0\u00a0 <\/strong><\/p>\n<p>Irlana Jane Menas da Silva<\/p>\n<p><strong>ESTILO(S) DE VIDA E LONGEVIDADE\u00a0\u00a0\u00a0\u00a0\u00a0\u00a0\u00a0\u00a0\u00a0\u00a0\u00a0\u00a0\u00a0\u00a0\u00a0\u00a0\u00a0\u00a0\u00a0\u00a0\u00a0\u00a0\u00a0\u00a0\u00a0\u00a0\u00a0\u00a0\u00a0\u00a0\u00a0\u00a0 <\/strong><\/p>\n<p>Jos\u00e9 Manuel Santos<\/p>\n<p><strong>TRANSDISCIPLINARIDADE E CUIDADO NA COMUNIDADE NO S\u00c9CULO XXI\u00a0\u00a0\u00a0\u00a0\u00a0\u00a0\u00a0\u00a0\u00a0\u00a0\u00a0\u00a0\u00a0\u00a0\u00a0\u00a0\u00a0\u00a0\u00a0\u00a0\u00a0\u00a0\u00a0\u00a0\u00a0\u00a0\u00a0\u00a0\u00a0\u00a0\u00a0 <\/strong><\/p>\n<p>Zaida Azeredo e Assun\u00e7\u00e3o Nogueira<\/p>\n<p><strong>EDUCA\u00c7\u00c3O PARA A SA\u00daDE EM COMUNIDADE: UM OLHAR TRANSDISCIPLINAR\u00a0\u00a0\u00a0\u00a0\u00a0\u00a0\u00a0\u00a0\u00a0\u00a0\u00a0\u00a0\u00a0\u00a0\u00a0\u00a0\u00a0\u00a0 <\/strong><\/p>\n<p>Pedro Melo<\/p>\n<p><strong>LITERACIA EM SA\u00daDE E ENVELHECIMENTO:\u00a0 UMA INTERA\u00c7\u00c3O MULTIDETERMINADA E SIST\u00caMICA\u00a0\u00a0\u00a0\u00a0\u00a0\u00a0\u00a0\u00a0\u00a0\u00a0\u00a0\u00a0\u00a0\u00a0\u00a0\u00a0\u00a0\u00a0\u00a0 <\/strong><\/p>\n<p>Carla Serr\u00e3o | Sofia Veiga | Ruth Sampaio<\/p>\n<p><strong>SUPERVIS\u00c3O EM GERONTOLOGIA: UM TRABALHO TRANSDISCIPLINAR\u00a0\u00a0\u00a0\u00a0\u00a0\u00a0\u00a0\u00a0\u00a0\u00a0\u00a0\u00a0\u00a0\u00a0\u00a0\u00a0\u00a0 <\/strong><\/p>\n<p>Carla Ribeirinho<\/p>\n<p><strong>EDUCA\u00c7\u00c3O SOCIAL: UM NOVO OLHAR SOBRE A GERONTOLOGIA<\/strong><\/p>\n<p>Silvia Azevedo<\/p>\n<p><strong>A VELHICE COMO PROJETO\u00a0\u00a0\u00a0\u00a0\u00a0\u00a0\u00a0\u00a0\u00a0\u00a0\u00a0\u00a0\u00a0\u00a0\u00a0\u00a0\u00a0\u00a0\u00a0\u00a0 <\/strong><\/p>\n<p>Sandra Barradas<\/p>\n<p><strong>DI\u00c1LOGOS COM EDUARDA: \u201cA VIDA \u00c9 UMA METAMORFOSE\u201d<\/strong><\/p>\n<p>Eduarda<\/p>\n<p><strong>REFLEX\u00c3O FINAL<\/strong><\/p>\n<p><strong>REFER\u00caNCIAS BIBLIOGR\u00c1FICAS<br \/>\n<\/strong><\/p>\n<p><strong>Caracter\u00edsticas do Produto:<\/strong><br \/>\nPESO: 0,680 Kg<br \/>\nI.S.B.N.: 978-85-69350-43-9<br \/>\nALTURA: 23,00 cm<br \/>\nLARGURA: 16,00 cm<br \/>\nPROFUNDIDADE: 1,80 cm<br \/>\nN\u00daMERO DE P\u00c1GINAS: 436<br \/>\nIDIOMA: Portugu\u00eas<br \/>\nACABAMENTO: Brochura<br \/>\nC\u00d3D. BARRAS: 9788569350439<br \/>\nANO DA EDI\u00c7\u00c3O: 2022<br \/>\nORGANIZADORES: V\u00edtor Fragoso e Margarida Sotto Mayor<\/p>\n<p>&nbsp;<\/p>\n<\/div>\n<\/div>\n<\/div>\n<\/div>\n<\/div>\n<\/div>\n<\/div>\n<\/div>\n<\/div>\n<\/div>\n<\/div>\n<\/div>\n<\/div>\n<\/div>\n<\/div>\n<\/div>\n<\/div>\n<\/div>\n<\/div>\n<\/div>\n<\/div>\n<\/div>\n","protected":false},"excerpt":{"rendered":"<p>Desenvolver pr\u00e1ticas e saberes transdisciplinares significa poder ir al\u00e9m das fronteiras pr\u00e9-estabelecidas entre as diferentes disciplinas e ci\u00eancias, cada uma com as suas pr\u00e1ticas e saberes. Ir al\u00e9m \u00e9 criar pontes, \u00e9 estabelecer rela\u00e7\u00f5es de di\u00e1logo e coopera\u00e7\u00e3o para que a partir dessa nova posi\u00e7\u00e3o resulte na amplia\u00e7\u00e3o de um saber, e de benef\u00edcios para um conjunto de pr\u00e1ticas. <em>No contato com as realidades em que estamos envolvidos urge, olhar e ver, ouvir e escutar, sentir e pensar<\/em> (Muniz de Rezende). Talvez desse modo possamos realizar pr\u00e1ticas e saberes gerontol\u00f3gicos mais implicados e humanizantes.<\/p>\n<p><strong>Em s\u00edntese<\/strong>, propomos um desafio, o da supera\u00e7\u00e3o de todos os obst\u00e1culos que nos impe\u00e7am de alcan\u00e7ar pr\u00e1ticas mais pr\u00f3ximas de uma atitude transdisciplinar e que nos limitem o acesso \u00e0s pessoas, na sua humanidade, de modo que, uma vez alcan\u00e7ados os progressos desejados, estes resultem num desenvolvimento \u00e0 escala humana, a \u00fanica medida vi\u00e1vel e poss\u00edvel. A \u00fanica medida (desenvolvimento \u00e0 escala humana) para que as sociedades humanas se desenvolvam pelo melhor que estas poder\u00e3o vir a ser.<\/p>\n<p><strong>Para finalizar,<\/strong> este livro \u00e9 a continuidade do livro Gerontologia e Transdisciplinaridade I, d\u00e1 seguimento \u00e0 sua tem\u00e1tica e reflex\u00e3o. Prossegue com a estrutura anterior, v\u00e1rios autores de diversos pa\u00edses e regi\u00f5es entre Portugal, Brasil e Espanha. \u00c9 um livro que se prop\u00f5e a refletir a velhice e o envelhecimento a partir de uma perspetiva transdisciplinar.<\/p>\n","protected":false},"featured_media":12517,"comment_status":"open","ping_status":"closed","template":"","meta":{"_bbp_topic_count":0,"_bbp_reply_count":0,"_bbp_total_topic_count":0,"_bbp_total_reply_count":0,"_bbp_voice_count":0,"_bbp_anonymous_reply_count":0,"_bbp_topic_count_hidden":0,"_bbp_reply_count_hidden":0,"_bbp_forum_subforum_count":0,"pmpro_default_level":""},"product_brand":[],"product_cat":[67,66,69],"product_tag":[70,68],"class_list":{"0":"post-12513","1":"product","2":"type-product","3":"status-publish","4":"has-post-thumbnail","6":"product_cat-ebooks","7":"product_cat-livros","8":"product_cat-todos-livros","9":"product_tag-ebook","10":"product_tag-livros","11":"pmpro-has-access","13":"first","14":"instock","15":"shipping-taxable","16":"purchasable","17":"product-type-variable"},"_links":{"self":[{"href":"https:\/\/edicoes.portaldoenvelhecimento.com.br\/novo\/wp-json\/wp\/v2\/product\/12513","targetHints":{"allow":["GET"]}}],"collection":[{"href":"https:\/\/edicoes.portaldoenvelhecimento.com.br\/novo\/wp-json\/wp\/v2\/product"}],"about":[{"href":"https:\/\/edicoes.portaldoenvelhecimento.com.br\/novo\/wp-json\/wp\/v2\/types\/product"}],"replies":[{"embeddable":true,"href":"https:\/\/edicoes.portaldoenvelhecimento.com.br\/novo\/wp-json\/wp\/v2\/comments?post=12513"}],"version-history":[{"count":4,"href":"https:\/\/edicoes.portaldoenvelhecimento.com.br\/novo\/wp-json\/wp\/v2\/product\/12513\/revisions"}],"predecessor-version":[{"id":29735,"href":"https:\/\/edicoes.portaldoenvelhecimento.com.br\/novo\/wp-json\/wp\/v2\/product\/12513\/revisions\/29735"}],"wp:featuredmedia":[{"embeddable":true,"href":"https:\/\/edicoes.portaldoenvelhecimento.com.br\/novo\/wp-json\/wp\/v2\/media\/12517"}],"wp:attachment":[{"href":"https:\/\/edicoes.portaldoenvelhecimento.com.br\/novo\/wp-json\/wp\/v2\/media?parent=12513"}],"wp:term":[{"taxonomy":"product_brand","embeddable":true,"href":"https:\/\/edicoes.portaldoenvelhecimento.com.br\/novo\/wp-json\/wp\/v2\/product_brand?post=12513"},{"taxonomy":"product_cat","embeddable":true,"href":"https:\/\/edicoes.portaldoenvelhecimento.com.br\/novo\/wp-json\/wp\/v2\/product_cat?post=12513"},{"taxonomy":"product_tag","embeddable":true,"href":"https:\/\/edicoes.portaldoenvelhecimento.com.br\/novo\/wp-json\/wp\/v2\/product_tag?post=12513"}],"curies":[{"name":"wp","href":"https:\/\/api.w.org\/{rel}","templated":true}]}}