{"id":12507,"date":"2024-07-04T19:54:46","date_gmt":"2024-07-04T22:54:46","guid":{"rendered":"https:\/\/edicoes.portaldoenvelhecimento.com.br\/novo\/?post_type=product&#038;p=12507"},"modified":"2025-12-02T02:17:08","modified_gmt":"2025-12-02T05:17:08","slug":"sacudindo-a-memoria-tempos-de-tessituras-intergeracionais","status":"publish","type":"product","link":"https:\/\/edicoes.portaldoenvelhecimento.com.br\/novo\/produto\/sacudindo-a-memoria-tempos-de-tessituras-intergeracionais\/","title":{"rendered":"Sacudindo a Mem\u00f3ria: Tempos de Tessituras Intergeracionais"},"content":{"rendered":"<div class=\"page\" title=\"Page 1\">\n<div class=\"layoutArea\">\n<div class=\"column\">\n<div class=\"layoutArea\">\n<div class=\"column\">\n<div class=\"page\" title=\"Page 1\">\n<div class=\"layoutArea\">\n<div class=\"column\">\n<div class=\"page\" title=\"Page 1\">\n<div class=\"layoutArea\">\n<div class=\"column\">\n<div class=\"page\" title=\"Page 1\">\n<div class=\"layoutArea\">\n<div class=\"column\">\n<div class=\"page\" title=\"Page 1\">\n<div class=\"layoutArea\">\n<div class=\"column\">\n<div class=\"page\" title=\"Page 1\">\n<div class=\"layoutArea\">\n<div class=\"column\">\n<div class=\"layoutArea\">\n<div class=\"column\">\n<div class=\"column\">\n<p><strong>SUM\u00c1RIO<\/strong><\/p>\n<p>&nbsp;<\/p>\n<ol>\n<li>INTRODU\u00c7\u00c3O&#8230;&#8230;&#8230;&#8230;&#8230;&#8230;&#8230;&#8230;&#8230;&#8230;&#8230;&#8230;&#8230;&#8230;&#8230;&#8230;&#8230;&#8230;&#8230;&#8230;&#8230;&#8230;&#8230;&#8230;&#8230;&#8230;&#8230;&#8230;&#8230;&#8230;&#8230;&#8230;&#8230;&#8230;&#8230;&#8230;&#8230; 19\n<ul>\n<li>As primeiras hist\u00f3rias&#8230; Narrativas de si 21<\/li>\n<li>Os primeiros tempos de cria\u00e7\u00e3o e de constru\u00e7\u00e3o de mem\u00f3rias 29<\/li>\n<li>Trilhando caminhos investigativos 33<\/li>\n<li>Caminho entre extens\u00e3o e Percursos na constru\u00e7\u00e3o e delimita\u00e7\u00e3o do objeto.35<\/li>\n<li>Percursos metodol\u00f3gicos da pesquisa&#8230;&#8230;&#8230;&#8230;&#8230;&#8230;&#8230;&#8230;&#8230;&#8230;&#8230;&#8230;&#8230;&#8230;&#8230;&#8230;&#8230;&#8230;&#8230;&#8230;&#8230;&#8230;&#8230;&#8230;&#8230;.. 39<\/li>\n<\/ul>\n<\/li>\n<\/ol>\n<ol start=\"2\">\n<li>EXTENS\u00c3O &#8211; Projeto de extens\u00e3o intergeracional \u201cSacudindo a Mem\u00f3ria\u201d: recontando hist\u00f3rias, ressignificando mem\u00f3rias e aproximando gera\u00e7\u00f5es&#8230;&#8230;&#8230;&#8230;&#8230;&#8230;&#8230;&#8230;&#8230;&#8230;&#8230;&#8230;&#8230;&#8230;&#8230;&#8230;&#8230;&#8230;&#8230;&#8230;&#8230;&#8230;&#8230;&#8230;&#8230;&#8230;&#8230;&#8230;&#8230;&#8230;&#8230;&#8230;&#8230;&#8230;&#8230;&#8230;&#8230;&#8230;&#8230;&#8230;&#8230;&#8230;&#8230; 57\n<ul>\n<li>O tema &#8211; O projeto intergeracional \u201cSacudindo a Mem\u00f3ria\u201d 61<\/li>\n<li>Os personagens do projeto&#8230;&#8230;&#8230;&#8230;&#8230;&#8230;&#8230;&#8230;&#8230;&#8230;&#8230;&#8230;&#8230;&#8230;&#8230;&#8230;&#8230;&#8230;&#8230;&#8230;&#8230;&#8230;&#8230;&#8230;&#8230;&#8230;&#8230;&#8230;&#8230;&#8230;&#8230;. 62<\/li>\n<li>O ambiente&#8230;&#8230;&#8230;&#8230;&#8230;&#8230;&#8230;&#8230;&#8230;&#8230;&#8230;&#8230;&#8230;&#8230;&#8230;&#8230;&#8230;&#8230;&#8230;&#8230;&#8230;&#8230;&#8230;&#8230;&#8230;&#8230;&#8230;&#8230;&#8230;&#8230;&#8230;&#8230;&#8230;&#8230;&#8230;&#8230;&#8230;&#8230;&#8230;. 63<\/li>\n<li>Os Diversos Cen\u00e1rios&#8230;&#8230;&#8230;&#8230;&#8230;&#8230;&#8230;&#8230;&#8230;&#8230;&#8230;&#8230;&#8230;&#8230;&#8230;&#8230;&#8230;&#8230;&#8230;&#8230;&#8230;&#8230;&#8230;&#8230;&#8230;&#8230;&#8230;&#8230;&#8230;&#8230;&#8230;&#8230;&#8230;.. 67\n<ul>\n<li><em>Cen\u00e1rio do Envelhecimento&#8230;&#8230;&#8230;&#8230;&#8230;&#8230;&#8230;&#8230;&#8230;&#8230;&#8230;&#8230;&#8230;&#8230;&#8230;&#8230;&#8230;&#8230;&#8230;&#8230;&#8230;&#8230;&#8230;&#8230;&#8230;&#8230;&#8230; 67<\/em><\/li>\n<li><em>Cen\u00e1rio Intergeracional&#8230;&#8230;&#8230;&#8230;&#8230;&#8230;&#8230;&#8230;&#8230;&#8230;&#8230;&#8230;&#8230;&#8230;&#8230;&#8230;&#8230;&#8230;&#8230;&#8230;&#8230;&#8230;&#8230;&#8230;&#8230;&#8230;&#8230;&#8230;&#8230;.. 69<\/em><\/li>\n<li><em>Cen\u00e1rio da Extens\u00e3o Universit\u00e1ria&#8230;&#8230;&#8230;&#8230;&#8230;&#8230;&#8230;&#8230;&#8230;&#8230;&#8230;&#8230;&#8230;&#8230;&#8230;&#8230;&#8230;&#8230;&#8230;&#8230;&#8230;&#8230;&#8230;72<\/em><\/li>\n<\/ul>\n<\/li>\n<li>O Projeto \u201cSacudindo a Mem\u00f3ria\u201d em movimento&#8230;&#8230; 76<\/li>\n<\/ul>\n<\/li>\n<\/ol>\n<ol start=\"3\">\n<li>PESQUISA \u2013 Vidas e Hist\u00f3rias em movimento&#8230;&#8230;&#8230;&#8230;&#8230;&#8230;&#8230;&#8230;&#8230;&#8230;&#8230;&#8230;&#8230;&#8230;&#8230;&#8230;&#8230;&#8230;&#8230;&#8230;&#8230;&#8230;.105\n<ul>\n<li>Primeiro ato &#8211; A primeira entrevista a gente nunca esquece&#8230;&#8230;&#8230;&#8230;&#8230;&#8230;&#8230;&#8230;&#8230;&#8230;&#8230;&#8230;&#8230;&#8230;. 123<\/li>\n<li>Segundo ato \u2013 Recicle sua mente&#8230; conte hist\u00f3rias e ressignifique mem\u00f3rias&#8230;&#8230;&#8230;&#8230;.. 142<\/li>\n<li>Terceiro ato &#8211; Desenhando, redescobrindo, recriando a cidade viva da mem\u00f3ria&#8230;&#8230;.. 175<\/li>\n<\/ul>\n<\/li>\n<\/ol>\n<ol start=\"4\">\n<li>EDUCAR PARA SER E ENVELHE-SER&#8230;&#8230;&#8230;&#8230;&#8230;&#8230;&#8230;&#8230;&#8230;&#8230;&#8230;&#8230;&#8230;&#8230;&#8230;&#8230;&#8230;&#8230;&#8230;&#8230;&#8230;&#8230;&#8230; 205<\/li>\n<\/ol>\n<ol start=\"5\">\n<li>CONSIDERA\u00c7\u00d5ES FINAIS&#8230;&#8230;&#8230;&#8230;&#8230;&#8230;&#8230;&#8230;&#8230;&#8230;&#8230;&#8230;&#8230;&#8230;&#8230;&#8230;&#8230;&#8230;&#8230;&#8230;&#8230;&#8230;&#8230;&#8230;&#8230;&#8230;&#8230;&#8230;&#8230;&#8230; 241<\/li>\n<\/ol>\n<p>REFER\u00caNCIAS BIBLIOGR\u00c1FICAS&#8230;&#8230;..255<\/p>\n<\/div>\n<p><strong>Caracter\u00edsticas do Produto:<\/strong><br \/>\nPESO: 0,420 Kg<br \/>\nI.S.B.N.: 978-85-69350-47-7<br \/>\nALTURA: 23,00 cm<br \/>\nLARGURA: 16,00 cm<br \/>\nPROFUNDIDADE: 1,5 cm<br \/>\nN\u00daMERO DE P\u00c1GINAS: 270<br \/>\nIDIOMA: Portugu\u00eas<br \/>\nACABAMENTO: Brochura<br \/>\nC\u00d3D. BARRAS:\u00a09788569350477<br \/>\nANO DA EDI\u00c7\u00c3O: 2022<br \/>\nAutora: Katia Maria Pacheco Saraiva<\/p>\n<\/div>\n<\/div>\n<\/div>\n<\/div>\n<\/div>\n<\/div>\n<\/div>\n<\/div>\n<\/div>\n<\/div>\n<\/div>\n<\/div>\n<\/div>\n<\/div>\n<\/div>\n<\/div>\n<\/div>\n<\/div>\n<\/div>\n<\/div>\n<\/div>\n<\/div>\n","protected":false},"excerpt":{"rendered":"<p>A conviv\u00eancia entre gera\u00e7\u00f5es, no contexto contempor\u00e2neo, tem-se mostrado, cotidianamente, como um pertinente tema a ser investigado, pois estamos vivendo em um tempo em que os la\u00e7os inter-humanos, que antes teciam uma rede de seguran\u00e7a digna de investimentos de tempo e esfor\u00e7o, t\u00eam-se tornado cada vez mais fr\u00e1geis e tempor\u00e1rios. Soma- se, a esse contexto, a quest\u00e3o do envelhecimento, pois estamos diante de uma sociedade cada dia mais longeva, o que ir\u00e1 ampliar a expectativa de conv\u00edvio entre gera\u00e7\u00f5es, convocando-nos a inventar &#8211; ou reinventar &#8211; conv\u00edvios intergeracionais. Diante desse panorama, surgiu a proposta: Tempos de Tessituras intergeracionais: uma reflex\u00e3o sobre o projeto de extens\u00e3o \u201cSacudindo a Mem\u00f3ria\u201d, cujo objetivo \u00e9 compreender em que medida as experi\u00eancias narrativas da mem\u00f3ria autobiogr\u00e1fica da pessoa idosa funcionam como dispositivos relacionais entre gera\u00e7\u00f5es e seu potencial de ressignifica\u00e7\u00e3o, de transmiss\u00e3o, modifica\u00e7\u00e3o e de constru\u00e7\u00e3o de rela\u00e7\u00f5es entre jovens e idosos, diminuindo os poss\u00edveis preconceitos et\u00e1rios de ambas as partes, criando um lugar confi\u00e1vel e comunicativo, que favorece o conv\u00edvio intergeracional, e constituindo um importante canal de transmiss\u00e3o da \u201cexperi\u00eancia cultural\u201d dos idosos.<\/p>\n","protected":false},"featured_media":13100,"comment_status":"open","ping_status":"closed","template":"","meta":{"_bbp_topic_count":0,"_bbp_reply_count":0,"_bbp_total_topic_count":0,"_bbp_total_reply_count":0,"_bbp_voice_count":0,"_bbp_anonymous_reply_count":0,"_bbp_topic_count_hidden":0,"_bbp_reply_count_hidden":0,"_bbp_forum_subforum_count":0,"pmpro_default_level":""},"product_brand":[],"product_cat":[66,69],"product_tag":[70,68],"class_list":{"0":"post-12507","1":"product","2":"type-product","3":"status-publish","4":"has-post-thumbnail","6":"product_cat-livros","7":"product_cat-todos-livros","8":"product_tag-ebook","9":"product_tag-livros","10":"pmpro-has-access","12":"first","13":"instock","14":"shipping-taxable","15":"purchasable","16":"product-type-variable"},"_links":{"self":[{"href":"https:\/\/edicoes.portaldoenvelhecimento.com.br\/novo\/wp-json\/wp\/v2\/product\/12507","targetHints":{"allow":["GET"]}}],"collection":[{"href":"https:\/\/edicoes.portaldoenvelhecimento.com.br\/novo\/wp-json\/wp\/v2\/product"}],"about":[{"href":"https:\/\/edicoes.portaldoenvelhecimento.com.br\/novo\/wp-json\/wp\/v2\/types\/product"}],"replies":[{"embeddable":true,"href":"https:\/\/edicoes.portaldoenvelhecimento.com.br\/novo\/wp-json\/wp\/v2\/comments?post=12507"}],"version-history":[{"count":8,"href":"https:\/\/edicoes.portaldoenvelhecimento.com.br\/novo\/wp-json\/wp\/v2\/product\/12507\/revisions"}],"predecessor-version":[{"id":29713,"href":"https:\/\/edicoes.portaldoenvelhecimento.com.br\/novo\/wp-json\/wp\/v2\/product\/12507\/revisions\/29713"}],"wp:featuredmedia":[{"embeddable":true,"href":"https:\/\/edicoes.portaldoenvelhecimento.com.br\/novo\/wp-json\/wp\/v2\/media\/13100"}],"wp:attachment":[{"href":"https:\/\/edicoes.portaldoenvelhecimento.com.br\/novo\/wp-json\/wp\/v2\/media?parent=12507"}],"wp:term":[{"taxonomy":"product_brand","embeddable":true,"href":"https:\/\/edicoes.portaldoenvelhecimento.com.br\/novo\/wp-json\/wp\/v2\/product_brand?post=12507"},{"taxonomy":"product_cat","embeddable":true,"href":"https:\/\/edicoes.portaldoenvelhecimento.com.br\/novo\/wp-json\/wp\/v2\/product_cat?post=12507"},{"taxonomy":"product_tag","embeddable":true,"href":"https:\/\/edicoes.portaldoenvelhecimento.com.br\/novo\/wp-json\/wp\/v2\/product_tag?post=12507"}],"curies":[{"name":"wp","href":"https:\/\/api.w.org\/{rel}","templated":true}]}}