{"id":12496,"date":"2022-12-21T19:42:23","date_gmt":"2022-12-21T22:42:23","guid":{"rendered":"https:\/\/edicoes.portaldoenvelhecimento.com.br\/novo\/?post_type=product&#038;p=12496"},"modified":"2025-12-02T02:17:07","modified_gmt":"2025-12-02T05:17:07","slug":"ressonancia-dos-acordes-contos-e-cronicas","status":"publish","type":"product","link":"https:\/\/edicoes.portaldoenvelhecimento.com.br\/novo\/produto\/ressonancia-dos-acordes-contos-e-cronicas\/","title":{"rendered":"Resson\u00e2ncia dos Acordes: Contos e Cr\u00f4nicas"},"content":{"rendered":"<div class=\"page\" title=\"Page 1\">\n<div class=\"layoutArea\">\n<div class=\"column\">\n<div class=\"layoutArea\">\n<div class=\"column\">\n<div class=\"page\" title=\"Page 1\">\n<div class=\"layoutArea\">\n<div class=\"column\">\n<div class=\"page\" title=\"Page 1\">\n<div class=\"layoutArea\">\n<div class=\"column\">\n<div class=\"page\" title=\"Page 1\">\n<div class=\"layoutArea\">\n<div class=\"column\">\n<div class=\"page\" title=\"Page 1\">\n<div class=\"layoutArea\">\n<div class=\"column\">\n<div class=\"page\" title=\"Page 1\">\n<div class=\"layoutArea\">\n<div class=\"column\">\n<div class=\"layoutArea\">\n<div class=\"column\">\n<p><strong>SUM\u00c1RIO<\/strong><\/p>\n<p><strong>Apresenta\u00e7\u00e3o: <\/strong>Cremilda Medina<\/p>\n<p>A espessura da vida cotidiana<\/p>\n<p><strong>Poema: <\/strong>La jeunesse et vieillesse<\/p>\n<p>\u201cQuem \u00e9 voc\u00ea?\u201d<\/p>\n<p>PRIMEIRA PARTE:\u00a0<strong>De longe: <\/strong>Hist\u00f3rias de inf\u00e2ncia<\/p>\n<ul>\n<li>Os dois Benjamins<\/li>\n<li>Quando minha boneca reinava<\/li>\n<li>O inesquec\u00edvel ato heroico<\/li>\n<li>Tia Agnes e as pratinhas<\/li>\n<li>A marca do tempo<\/li>\n<li>Janela para vida<\/li>\n<li>La\u00e7os de fam\u00edlia<\/li>\n<li>Eu, seu neto<\/li>\n<li>Viagem a Budapeste<\/li>\n<\/ul>\n<p>SEGUNDA PARTE:\u00a0<strong>De perto: <\/strong>Cr\u00f4nicas do cotidiano<\/p>\n<ul>\n<li>Esta\u00e7\u00e3o Rodovi\u00e1ria<\/li>\n<li>Monalisa da Pandemia<\/li>\n<li>Como \u00e9 acordar mais velha na pandemia<\/li>\n<li>Resson\u00e2ncia dos acordes<\/li>\n<li>O paquera<\/li>\n<li>A Roqueira<\/li>\n<li>Rosh Hashan\u00e1 na Unibes<\/li>\n<li>Maritacas e renova\u00e7\u00e3o<\/li>\n<li>Cebolas e press\u00e3o<\/li>\n<li>Caminhos de escritor<\/li>\n<li>656 versus 657<\/li>\n<\/ul>\n<p>TERCEIRA PARTE:\u00a0<strong>De passagem: <\/strong>A vida feita de instantes<\/p>\n<ul>\n<li>A consulta<\/li>\n<li>Ele partiu<\/li>\n<li>Como lidar com a perda<\/li>\n<li>O entardecer<\/li>\n<li>Um compromisso de outro mundo<\/li>\n<li>V\u00e3o-se os an\u00e9is<\/li>\n<li>Hip\u00f3crates, se voc\u00ea soubesse<\/li>\n<li>Bigodin, o taxista<\/li>\n<li>Uma crise existencial<\/li>\n<li>Vamos casar?<\/li>\n<li>O Rei dos loucos<\/li>\n<li>No metr\u00f4<\/li>\n<li>Uma vis\u00e3o epif\u00e2nica<\/li>\n<\/ul>\n<p><strong>Caracter\u00edsticas do Produto:<\/strong><br \/>\nPESO: 0,280 Kg<br \/>\nI.S.B.N.: 978-85-69350-31-6<br \/>\nALTURA: 23,00 cm<br \/>\nLARGURA: 16,00 cm<br \/>\nPROFUNDIDADE: 1,0 cm<br \/>\nN\u00daMERO DE P\u00c1GINAS: 170<br \/>\nIDIOMA: Portugu\u00eas<br \/>\nACABAMENTO: Brochura<br \/>\nC\u00d3D. BARRAS:\u00a09788569350316<br \/>\nANO DA EDI\u00c7\u00c3O: 2022<br \/>\nAutora: Marie Claire Eshkenazy<\/p>\n<\/div>\n<\/div>\n<\/div>\n<\/div>\n<\/div>\n<\/div>\n<\/div>\n<\/div>\n<\/div>\n<\/div>\n<\/div>\n<\/div>\n<\/div>\n<\/div>\n<\/div>\n<\/div>\n<\/div>\n<\/div>\n<\/div>\n<\/div>\n<\/div>\n<\/div>\n","protected":false},"excerpt":{"rendered":"<p>Aos 83 anos, Marie Claire lan\u00e7a seu primeiro livro e se apresenta como uma militante do envelhecer. Esta obra chega para coroar uma vida descrita como uma gangorra de alegria e dor, de prazer e sofrimento. Nas primeiras p\u00e1ginas, revela de onde vem sua inspira\u00e7\u00e3o: de uma aus\u00eancia presente! Esse di\u00e1logo, estre presen\u00e7a e aus\u00eancia, se intensifica parte a parte, as quais est\u00e3o nomeadas como: \u201cde longe \u2013 inf\u00e2ncia\u201d; \u201cde perto \u2013 cotidiano\u201d; e \u201cde passagem &#8211; instantes\u201d. Em Como Lidar com a Perda, nos ensina a transformar luto em luta, pois, por maior que seja a dor, \u00e9 nosso dever lutar por felicidade. Por meio da escrita, Marie Claire trava, com leveza, as mais duras batalhas. E fecha com uma mensagem que gruda na pele como tatuagem: n\u00e3o importa a perda que a vida imp\u00f5e, \u00e9 preciso continuar e lutar por felicidade, pois a vida \u00e9 preciosa.<\/p>\n","protected":false},"featured_media":12502,"comment_status":"open","ping_status":"closed","template":"","meta":{"_bbp_topic_count":0,"_bbp_reply_count":0,"_bbp_total_topic_count":0,"_bbp_total_reply_count":0,"_bbp_voice_count":0,"_bbp_anonymous_reply_count":0,"_bbp_topic_count_hidden":0,"_bbp_reply_count_hidden":0,"_bbp_forum_subforum_count":0,"pmpro_default_level":""},"product_brand":[],"product_cat":[67,66,69],"product_tag":[70,68],"class_list":{"0":"post-12496","1":"product","2":"type-product","3":"status-publish","4":"has-post-thumbnail","6":"product_cat-ebooks","7":"product_cat-livros","8":"product_cat-todos-livros","9":"product_tag-ebook","10":"product_tag-livros","11":"pmpro-has-access","13":"first","14":"instock","15":"shipping-taxable","16":"purchasable","17":"product-type-variable"},"_links":{"self":[{"href":"https:\/\/edicoes.portaldoenvelhecimento.com.br\/novo\/wp-json\/wp\/v2\/product\/12496","targetHints":{"allow":["GET"]}}],"collection":[{"href":"https:\/\/edicoes.portaldoenvelhecimento.com.br\/novo\/wp-json\/wp\/v2\/product"}],"about":[{"href":"https:\/\/edicoes.portaldoenvelhecimento.com.br\/novo\/wp-json\/wp\/v2\/types\/product"}],"replies":[{"embeddable":true,"href":"https:\/\/edicoes.portaldoenvelhecimento.com.br\/novo\/wp-json\/wp\/v2\/comments?post=12496"}],"version-history":[{"count":1,"href":"https:\/\/edicoes.portaldoenvelhecimento.com.br\/novo\/wp-json\/wp\/v2\/product\/12496\/revisions"}],"predecessor-version":[{"id":12503,"href":"https:\/\/edicoes.portaldoenvelhecimento.com.br\/novo\/wp-json\/wp\/v2\/product\/12496\/revisions\/12503"}],"wp:featuredmedia":[{"embeddable":true,"href":"https:\/\/edicoes.portaldoenvelhecimento.com.br\/novo\/wp-json\/wp\/v2\/media\/12502"}],"wp:attachment":[{"href":"https:\/\/edicoes.portaldoenvelhecimento.com.br\/novo\/wp-json\/wp\/v2\/media?parent=12496"}],"wp:term":[{"taxonomy":"product_brand","embeddable":true,"href":"https:\/\/edicoes.portaldoenvelhecimento.com.br\/novo\/wp-json\/wp\/v2\/product_brand?post=12496"},{"taxonomy":"product_cat","embeddable":true,"href":"https:\/\/edicoes.portaldoenvelhecimento.com.br\/novo\/wp-json\/wp\/v2\/product_cat?post=12496"},{"taxonomy":"product_tag","embeddable":true,"href":"https:\/\/edicoes.portaldoenvelhecimento.com.br\/novo\/wp-json\/wp\/v2\/product_tag?post=12496"}],"curies":[{"name":"wp","href":"https:\/\/api.w.org\/{rel}","templated":true}]}}