{"id":12465,"date":"2022-12-20T22:37:54","date_gmt":"2022-12-21T01:37:54","guid":{"rendered":"https:\/\/edicoes.portaldoenvelhecimento.com.br\/novo\/?post_type=product&#038;p=12465"},"modified":"2025-12-02T02:17:06","modified_gmt":"2025-12-02T05:17:06","slug":"2020-o-ano-em-que-o-mundo-se-afetou","status":"publish","type":"product","link":"https:\/\/edicoes.portaldoenvelhecimento.com.br\/novo\/produto\/2020-o-ano-em-que-o-mundo-se-afetou\/","title":{"rendered":"2020: O Ano em que o Mundo se Afetou"},"content":{"rendered":"<div class=\"page\" title=\"Page 1\">\n<div class=\"layoutArea\">\n<div class=\"column\">\n<div class=\"page\" title=\"Page 1\">\n<div class=\"layoutArea\">\n<div class=\"column\">\n<div class=\"page\" title=\"Page 1\">\n<div class=\"layoutArea\">\n<div class=\"column\">\n<div class=\"page\" title=\"Page 1\">\n<div class=\"layoutArea\">\n<div class=\"column\">\n<div class=\"column\">\n<div class=\"column\">\n<p><strong>Sum\u00e1rio<\/strong><\/p>\n<p><strong>\u00a0<\/strong><\/p>\n<p><strong>Da sobreviv\u00eancia&#8230;&#8230;&#8230;&#8230;&#8230;&#8230;&#8230;&#8230;&#8230;..09<\/strong><\/p>\n<p><strong>Cabelos brancos&#8230;&#8230;&#8230;&#8230;&#8230;&#8230;&#8230;&#8230;&#8230;&#8230;.13<\/strong><\/p>\n<p><strong>\u00a0<\/strong><\/p>\n<p><strong>Primeiro cap\u00edtulo<\/strong><\/p>\n<p><strong>Beb\u00eas e Netos da Estranha Era&#8230;&#8230;&#8230;.23<\/strong><\/p>\n<p><strong>Gente Mi\u00fada&#8230;&#8230;&#8230;&#8230;&#8230;&#8230;&#8230;&#8230;&#8230;&#8230;&#8230;&#8230;&#8230;&#8230;..27<\/strong><\/p>\n<p><strong>Banho de lua, bom sonhar contigo&#8230;&#8230;&#8230;..31 <\/strong><\/p>\n<p><strong>Eu, seu neto: a saudade fica&#8230;&#8230;&#8230;&#8230;&#8230;&#8230;&#8230;35<\/strong><\/p>\n<p><strong>Mem\u00f3rias Repaginadas&#8230;&#8230;&#8230;&#8230;&#8230;&#8230;&#8230;&#8230;&#8230;.39<\/strong><\/p>\n<p><strong>O drone e Jo\u00e3o Paulo&#8230;&#8230;&#8230;&#8230;&#8230;&#8230;&#8230;&#8230;&#8230;&#8230;..45<\/strong><\/p>\n<p><strong>\u00a0<\/strong><\/p>\n<p><strong>Segundo cap\u00edtulo <\/strong><\/p>\n<p><strong>Que destemidos, os idosos&#8230;&#8230;&#8230;&#8230;&#8230;.51<\/strong><\/p>\n<p><strong>Cenas pand\u00eamicas&#8230;&#8230;&#8230;&#8230;&#8230;&#8230;&#8230;&#8230;&#8230;&#8230;&#8230;&#8230;55\u00a0\u00a0\u00a0\u00a0\u00a0\u00a0\u00a0\u00a0\u00a0\u00a0\u00a0\u00a0\u00a0\u00a0\u00a0\u00a0\u00a0\u00a0\u00a0\u00a0\u00a0\u00a0\u00a0\u00a0\u00a0\u00a0\u00a0\u00a0 \u00a0\u00a0\u00a0\u00a0\u00a0\u00a0\u00a0<\/strong><\/p>\n<p><strong>Retomando e seguindo em frente&#8230;&#8230;&#8230;&#8230;.69<\/strong><\/p>\n<p><strong>O bem da covid-19&#8230;&#8230;&#8230;&#8230;&#8230;&#8230;&#8230;&#8230;&#8230;&#8230;&#8230;&#8230;75<\/strong><\/p>\n<p><strong>Ganhos e perdas na roda de leituras&#8230;&#8230;&#8230;79<\/strong><\/p>\n<p><strong>Dias melhores pra sempre&#8230;&#8230;&#8230;&#8230;&#8230;&#8230;&#8230;&#8230;.83<\/strong><\/p>\n<p><strong>Terceiro cap\u00edtulo<\/strong><\/p>\n<p><strong>Nas frestas urbanas&#8230;&#8230;&#8230;&#8230;&#8230;&#8230;&#8230;&#8230;&#8230;89<\/strong><\/p>\n<p><strong>Nas artimanhas da avenida&#8230;&#8230;&#8230;&#8230;&#8230;&#8230;&#8230;..93 <\/strong><\/p>\n<p><strong>De portas fechadas&#8230;&#8230;&#8230;&#8230;&#8230;&#8230;&#8230;&#8230;&#8230;&#8230;&#8230;..101 <\/strong><\/p>\n<p><strong>Siqueira Campos tem saudades&#8230;&#8230;&#8230;&#8230;&#8230;..105<\/strong><\/p>\n<p><strong>E a pra\u00e7a se calou&#8230;&#8230;&#8230;&#8230;&#8230;&#8230;&#8230;&#8230;&#8230;&#8230;&#8230;&#8230;..113<\/strong><\/p>\n<p><strong>Hist\u00f3rias dos gatos da rua&#8230;&#8230;&#8230;&#8230;&#8230;&#8230;&#8230;&#8230;..119<\/strong><\/p>\n<p><strong>Hora de voltar pra casaq&#8230;&#8230;&#8230;&#8230;&#8230;&#8230;&#8230;&#8230;&#8230;..125<\/strong><\/p>\n<p><strong>\u00d4, esqueceram de mim?&#8230;&#8230;&#8230;&#8230;&#8230;&#8230;&#8230;&#8230;&#8230;&#8230;137<\/strong><\/p>\n<p><strong>\u00a0<\/strong><\/p>\n<p><strong>Quarto cap\u00edtulo<\/strong><\/p>\n<p><strong>Aventuras do isolamento&#8230;&#8230;&#8230;&#8230;&#8230;&#8230;..145<\/strong><\/p>\n<p><strong>Cotidianos do ex\u00edlio&#8230;&#8230;&#8230;&#8230;&#8230;&#8230;&#8230;&#8230;&#8230;&#8230;&#8230;&#8230;149<\/strong><\/p>\n<p><strong>Di\u00e1rio da pandemia&#8230;&#8230;&#8230;&#8230;&#8230;&#8230;&#8230;&#8230;&#8230;&#8230;&#8230;&#8230;159<\/strong><\/p>\n<p><strong>Conversas de rodap\u00e9&#8230;&#8230;&#8230;&#8230;&#8230;&#8230;&#8230;&#8230;&#8230;&#8230;&#8230;..173<\/strong><\/p>\n<p><strong>No cerco da casa&#8230;&#8230;&#8230;&#8230;&#8230;&#8230;&#8230;&#8230;&#8230;&#8230;&#8230;&#8230;&#8230;&#8230;183<\/strong><\/p>\n<p><strong>Paladar, amor e poesia&#8230;&#8230;&#8230;&#8230;&#8230;&#8230;&#8230;&#8230;&#8230;&#8230;&#8230;189<\/strong><\/p>\n<p><strong>O sushi mais caro do mundo&#8230;&#8230;&#8230;&#8230;&#8230;&#8230;&#8230;&#8230;.199<\/strong><\/p>\n<p><strong>\u00a0<\/strong><\/p>\n<p><strong>Quinto cap\u00edtulo<\/strong><\/p>\n<p><strong>Infovias enlouquecidas&#8230;&#8230;&#8230;&#8230;&#8230;&#8230;&#8230;&#8230;..205<\/strong><\/p>\n<p><strong>\u00daltimo dia do ano que n\u00e3o acaba&#8230;&#8230;&#8230;&#8230;&#8230;&#8230;.209<\/strong><\/p>\n<p><strong>A rotina de um WhatsApp&#8230;&#8230;&#8230;&#8230;&#8230;&#8230;&#8230;&#8230;&#8230;&#8230;221<\/strong><\/p>\n<p><strong>Oi, quem fala a\u00ed?&#8230;&#8230;&#8230;&#8230;&#8230;&#8230;&#8230;&#8230;&#8230;&#8230;&#8230;&#8230;&#8230;&#8230;..225<\/strong><\/p>\n<p><strong>Pac-Man, esse atravessador &#8230;&#8230;&#8230;&#8230;&#8230;&#8230;&#8230;&#8230;..229<\/strong><\/p>\n<p><strong>\u00a0<\/strong><\/p>\n<p><strong>Sexto cap\u00edtulo<\/strong><\/p>\n<p><strong>Socorro, chamem ajuda&#8230;&#8230;&#8230;&#8230;&#8230;&#8230;&#8230;&#8230;.253<\/strong><\/p>\n<p><strong>Da cidade musical&#8230;&#8230;&#8230;&#8230;&#8230;&#8230;&#8230;&#8230;&#8230;&#8230;&#8230;&#8230;&#8230;&#8230;257<\/strong><\/p>\n<p><strong>Do presente oriental&#8230;&#8230;&#8230;&#8230;&#8230;&#8230;&#8230;&#8230;&#8230;&#8230;&#8230;&#8230;..267<\/strong><\/p>\n<p><strong>Da cad\u00eancia do ch\u00e1&#8230;&#8230;&#8230;&#8230;&#8230;&#8230;&#8230;&#8230;&#8230;&#8230;&#8230;&#8230;&#8230;.281<\/strong><\/p>\n<p><strong>Do adere\u00e7o solid\u00e1rio&#8230;&#8230;&#8230;&#8230;&#8230;&#8230;&#8230;&#8230;&#8230;&#8230;&#8230;&#8230;..287<\/strong><\/p>\n<p><strong>Tecendo a trama diante do drama&#8230;&#8230;&#8230;&#8230;&#8230;..291<\/strong><\/p>\n<p><strong>Ambul\u00e2ncias em di\u00e1logo&#8230;&#8230;&#8230;&#8230;&#8230;&#8230;&#8230;&#8230;&#8230;&#8230;..301<\/strong><\/p>\n<p><strong>\u00a0<\/strong><\/p>\n<p><strong>S\u00e9timo cap\u00edtulo<\/strong><\/p>\n<p><strong>Espirais de intimismo&#8230;&#8230;&#8230;&#8230;&#8230;&#8230;&#8230;&#8230;&#8230;..309<\/strong><\/p>\n<p><strong>Amanheceu e o mundo n\u00e3o acordou&#8230;&#8230;313<\/strong><\/p>\n<p><strong>Ciclo de energia e felicidade&#8230;&#8230;&#8230;&#8230;&#8230;&#8230;&#8230;&#8230;&#8230;323<\/strong><\/p>\n<p><strong>A terapia do samovar&#8230;&#8230;&#8230;&#8230;&#8230;&#8230;&#8230;&#8230;&#8230;&#8230;&#8230;&#8230;&#8230;.329<\/strong><\/p>\n<p><strong>P\u00e1ssaros, ninhos e o inusitado&#8230;&#8230;&#8230;&#8230;&#8230;&#8230;&#8230;&#8230;&#8230;339<\/strong><\/p>\n<p><strong>Em busca do equil\u00edbrio perdido&#8230;&#8230;&#8230;&#8230;&#8230;&#8230;&#8230;&#8230;..341<\/strong><\/p>\n<p><strong>A esperan\u00e7a \u00e9 a \u00faltima que morre&#8230;&#8230;&#8230;&#8230;&#8230;&#8230;&#8230;.347<\/strong><\/p>\n<p><strong>Maritacas e renova\u00e7\u00e3o&#8230;&#8230;&#8230;&#8230;&#8230;&#8230;&#8230;&#8230;&#8230;&#8230;&#8230;&#8230;&#8230;351<\/strong><\/p>\n<p><strong>Eu, sozinha, jamais&#8230;&#8230;&#8230;&#8230;&#8230;&#8230;&#8230;&#8230;&#8230;&#8230;&#8230;&#8230;&#8230;&#8230;&#8230;355<\/strong><\/p>\n<p><strong>Qual o sentimento de 2021? &#8230;&#8230;&#8230;&#8230;&#8230;&#8230;&#8230;&#8230;&#8230;&#8230;359 <\/strong><\/p>\n<p><strong>Posf\u00e1cio de 2020<\/strong><\/p>\n<p><strong>Dos ecos do tempo&#8230;&#8230;&#8230;&#8230;&#8230;&#8230;&#8230;&#8230;&#8230;&#8230;&#8230;&#8230;.361<\/strong><\/p>\n<p><strong>Hoje vou falar com as paredes&#8230;&#8230;&#8230;&#8230;&#8230;&#8230;&#8230;&#8230;&#8230;..365<\/strong><\/p>\n<p><strong>\u00a0<\/strong><\/p>\n<p><strong>Narradores&#8230;&#8230;&#8230;&#8230;&#8230;&#8230;&#8230;&#8230;&#8230;&#8230;&#8230;&#8230;&#8230;&#8230;&#8230;&#8230;&#8230;&#8230;&#8230;..391<\/strong><\/p>\n<p><strong>Anexos&#8230;&#8230;&#8230;&#8230;&#8230;&#8230;&#8230;&#8230;&#8230;&#8230;&#8230;&#8230;&#8230;&#8230;&#8230;&#8230;&#8230;&#8230;&#8230;&#8230;&#8230;..409<\/strong><\/p>\n<p><strong>Refer\u00eancias&#8230;&#8230;&#8230;&#8230;&#8230;&#8230;&#8230;&#8230;&#8230;&#8230;&#8230;&#8230;&#8230;&#8230;&#8230;&#8230;&#8230;&#8230;&#8230;.430<\/strong><\/p>\n<p><strong>\u00a0<\/strong><\/p>\n<p>&nbsp;<\/p>\n<p><strong>Caracter\u00edsticas do Produto:<\/strong><br \/>\nPESO: 0,600 Kg<br \/>\nI.S.B.N.: 978-85-69350-39-2<br \/>\nALTURA: 23,00 cm<br \/>\nLARGURA: 16,00 cm<br \/>\nPROFUNDIDADE: 2,35 cm<br \/>\nN\u00daMERO DE P\u00c1GINAS: 434<br \/>\nIDIOMA: Portugu\u00eas<br \/>\nACABAMENTO: Brochura<br \/>\nC\u00d3D. BARRAS:\u00a09788569350392<br \/>\nANO DA EDI\u00c7\u00c3O: 2022<br \/>\nOrganizadora: Cremilda Medina<\/p>\n<\/div>\n<\/div>\n<\/div>\n<\/div>\n<\/div>\n<\/div>\n<\/div>\n<\/div>\n<\/div>\n<\/div>\n<\/div>\n<\/div>\n<\/div>\n<\/div>\n","protected":false},"excerpt":{"rendered":"<p>2020 n\u00e3o ser\u00e1 esquecido facilmente pois, na pr\u00e1tica, foi o ano da Covid-19. O coronav\u00edrus, camuflado, convidado pelo governo a entrar e se espalhar pelo Brasil, pula o Carnaval, faz festa \u00e0 vontade, deixando para mostrar sua verdadeira face a partir de mar\u00e7o, quando come\u00e7a a ceifar vidas e n\u00e3o para mais. Por\u00e9m, como se viv\u00eassemos em outra dimens\u00e3o, o governo manteve as fronteiras abertas para o v\u00edrus, precau\u00e7\u00e3o zero. A ideia era que s\u00f3 velhos e fracos morreriam, pessoas que n\u00e3o fariam falta. O medo se instalou entre as pessoas-comuns, especialmente, entre os mais velhos. Mas, para presidente, tratava-se apenas de uma gripezinha. Ele e seus ministros pregavam contra o uso de m\u00e1scara, o confinamento e a vacina. Mais de 400 mil mortes teriam sido evitadas se levassem o v\u00edrus a s\u00e9rio. Mas, para eles, velhos e fracos j\u00e1 iam morrer mesmo, portanto, al\u00e9m de n\u00e3o fazerem falta, ajudam a amenizar as contas da Previd\u00eancia.<\/p>\n<p>Nesse clima de terror, o curso de Narrativas da Contemporaneidade, previsto para ocorrer presencialmente no CEUMA \u2013 Centro Universit\u00e1rio Maria Ant\u00f4nia \u2013 ligado a USP, se viu amea\u00e7ado, mas uma proposta de migrar para o ambiente online foi analisada e aprovada. Depoimentos profundos e apaixonantes, de pessoas que conviveram de perto e at\u00e9 contra\u00edram o v\u00edrus, de quem se isolou de verdade para se resguardar e resguardar quem ama, traduz, nesta publica\u00e7\u00e3o, a import\u00e2ncia das oficinas \u2013 que podem ser estendidas a todas as atividades on-line \u2013 para o grupo manter a sanidade mental e superar um ano muito dif\u00edcil. O resultado far\u00e1 voc\u00ea rir e chorar, porque n\u00e3o d\u00e1 para ficar indiferente ao que ocorreu em 2020.<\/p>\n","protected":false},"featured_media":12468,"comment_status":"open","ping_status":"closed","template":"","meta":{"_bbp_topic_count":0,"_bbp_reply_count":0,"_bbp_total_topic_count":0,"_bbp_total_reply_count":0,"_bbp_voice_count":0,"_bbp_anonymous_reply_count":0,"_bbp_topic_count_hidden":0,"_bbp_reply_count_hidden":0,"_bbp_forum_subforum_count":0,"pmpro_default_level":""},"product_brand":[],"product_cat":[66,80,69],"product_tag":[70,68,81],"class_list":{"0":"post-12465","1":"product","2":"type-product","3":"status-publish","4":"has-post-thumbnail","6":"product_cat-livros","7":"product_cat-loja","8":"product_cat-todos-livros","9":"product_tag-ebook","10":"product_tag-livros","11":"product_tag-loja","12":"pmpro-has-access","14":"first","15":"instock","16":"shipping-taxable","17":"purchasable","18":"product-type-variable"},"_links":{"self":[{"href":"https:\/\/edicoes.portaldoenvelhecimento.com.br\/novo\/wp-json\/wp\/v2\/product\/12465","targetHints":{"allow":["GET"]}}],"collection":[{"href":"https:\/\/edicoes.portaldoenvelhecimento.com.br\/novo\/wp-json\/wp\/v2\/product"}],"about":[{"href":"https:\/\/edicoes.portaldoenvelhecimento.com.br\/novo\/wp-json\/wp\/v2\/types\/product"}],"replies":[{"embeddable":true,"href":"https:\/\/edicoes.portaldoenvelhecimento.com.br\/novo\/wp-json\/wp\/v2\/comments?post=12465"}],"version-history":[{"count":4,"href":"https:\/\/edicoes.portaldoenvelhecimento.com.br\/novo\/wp-json\/wp\/v2\/product\/12465\/revisions"}],"predecessor-version":[{"id":29753,"href":"https:\/\/edicoes.portaldoenvelhecimento.com.br\/novo\/wp-json\/wp\/v2\/product\/12465\/revisions\/29753"}],"wp:featuredmedia":[{"embeddable":true,"href":"https:\/\/edicoes.portaldoenvelhecimento.com.br\/novo\/wp-json\/wp\/v2\/media\/12468"}],"wp:attachment":[{"href":"https:\/\/edicoes.portaldoenvelhecimento.com.br\/novo\/wp-json\/wp\/v2\/media?parent=12465"}],"wp:term":[{"taxonomy":"product_brand","embeddable":true,"href":"https:\/\/edicoes.portaldoenvelhecimento.com.br\/novo\/wp-json\/wp\/v2\/product_brand?post=12465"},{"taxonomy":"product_cat","embeddable":true,"href":"https:\/\/edicoes.portaldoenvelhecimento.com.br\/novo\/wp-json\/wp\/v2\/product_cat?post=12465"},{"taxonomy":"product_tag","embeddable":true,"href":"https:\/\/edicoes.portaldoenvelhecimento.com.br\/novo\/wp-json\/wp\/v2\/product_tag?post=12465"}],"curies":[{"name":"wp","href":"https:\/\/api.w.org\/{rel}","templated":true}]}}