{"id":12459,"date":"2022-12-20T22:31:53","date_gmt":"2022-12-21T01:31:53","guid":{"rendered":"https:\/\/edicoes.portaldoenvelhecimento.com.br\/novo\/?post_type=product&#038;p=12459"},"modified":"2025-12-02T02:17:06","modified_gmt":"2025-12-02T05:17:06","slug":"memorias-ludicas-em-tempo-de-pandemia","status":"publish","type":"product","link":"https:\/\/edicoes.portaldoenvelhecimento.com.br\/novo\/produto\/memorias-ludicas-em-tempo-de-pandemia\/","title":{"rendered":"Mem\u00f3rias L\u00fadicas em Tempo de Pandemia"},"content":{"rendered":"<div class=\"page\" title=\"Page 1\">\n<div class=\"layoutArea\">\n<div class=\"column\">\n<div class=\"page\" title=\"Page 1\">\n<div class=\"layoutArea\">\n<div class=\"column\">\n<div class=\"page\" title=\"Page 1\">\n<div class=\"layoutArea\">\n<div class=\"column\">\n<div class=\"page\" title=\"Page 1\">\n<div class=\"layoutArea\">\n<div class=\"column\">\n<p><strong>Sum\u00e1rio<\/strong><\/p>\n<p><strong><em>Inf\u00e2ncias&#8230;&#8230;&#8230;&#8230;&#8230;&#8230;&#8230;&#8230;&#8230;&#8230;&#8230;&#8230;&#8230;&#8230;&#8230;&#8230;&#8230;&#8230;&#8230;&#8230;&#8230;.09<\/em><\/strong><\/p>\n<p><em>. Nas \u00e1guas de Tramanda\u00ed&#8230;&#8230;&#8230;&#8230;&#8230;&#8230;&#8230;&#8230;&#8230;&#8230;&#8230;&#8230;..11<\/em><\/p>\n<p><em>. Adv\u00e9rbios e quetais da Gram\u00e1tica&#8230;&#8230;&#8230;&#8230;&#8230;&#8230;&#8230;&#8230;14<\/em><\/p>\n<p><em>. Perfis diferentes de netos, a mesma av\u00f3&#8230;&#8230;&#8230;&#8230;&#8230;16<\/em><\/p>\n<p><em>. Artes na casa da madrinha (notinha biogr\u00e1fica).25<\/em><\/p>\n<p><strong><em>\u00a0<\/em><\/strong><\/p>\n<p><strong><em>Objetos que falam&#8230;&#8230;&#8230;&#8230;&#8230;&#8230;&#8230;&#8230;&#8230;&#8230;&#8230;&#8230;&#8230;&#8230;&#8230;&#8230;&#8230;.29<\/em><\/strong><\/p>\n<p><em>. Capote alentejano&#8230;&#8230;&#8230;&#8230;&#8230;&#8230;&#8230;&#8230;&#8230;&#8230;&#8230;&#8230;&#8230;&#8230;&#8230;&#8230;..31<\/em><\/p>\n<p><em>. Pinha de luz (e de p\u00f3)&#8230;&#8230;&#8230;&#8230;&#8230;&#8230;&#8230;&#8230;&#8230;&#8230;&#8230;&#8230;&#8230;&#8230;&#8230;34<\/em><\/p>\n<p><em>. Cabe\u00e7a de Cuia, s\u00e1bado, Teresina, Piau\u00ed&#8230;&#8230;&#8230;&#8230;&#8230;40<\/em><\/p>\n<p><em>. Cer\u00e2mica mesti\u00e7a&#8230;&#8230;&#8230;&#8230;&#8230;&#8230;&#8230;&#8230;&#8230;&#8230;&#8230;&#8230;&#8230;&#8230;&#8230;&#8230;&#8230;45<\/em><\/p>\n<p><strong><em>\u00a0<\/em><\/strong><\/p>\n<p><strong><em>Falares do isolamento&#8230;&#8230;&#8230;&#8230;&#8230;&#8230;&#8230;&#8230;&#8230;&#8230;&#8230;&#8230;&#8230;&#8230;&#8230;51<\/em><\/strong><\/p>\n<p><em>. Pombas, sabi\u00e1s, maritacas e o condom\u00ednio&#8230;&#8230;&#8230;..53<\/em><\/p>\n<p><em>. Entre ciscos e petiscos&#8230;&#8230;&#8230;&#8230;&#8230;&#8230;&#8230;&#8230;&#8230;&#8230;&#8230;&#8230;&#8230;&#8230;58<\/em><\/p>\n<p><em>. Da invas\u00e3o dos cupins \u00e0 crise energ\u00e9tica&#8230;&#8230;&#8230;&#8230;62<\/em><\/p>\n<p><em>. Hoje vou conversar com as paredes&#8230;&#8230;&#8230;&#8230;&#8230;&#8230;&#8230;65<\/em><\/p>\n<p><strong><em>\u00a0<\/em><\/strong><\/p>\n<p><strong><em>Janela para as viagens&#8230;&#8230;&#8230;&#8230;&#8230;&#8230;&#8230;&#8230;&#8230;&#8230;&#8230;&#8230;&#8230;&#8230;..97<\/em><\/strong><\/p>\n<p><em>. Boca aberta: p\u00e2nico e sossego&#8230;&#8230;&#8230;&#8230;&#8230;&#8230;&#8230;&#8230;&#8230;&#8230;.99<\/em><\/p>\n<p><em>. Ainda os dentistas brasileiros no caminho&#8230;&#8230;&#8230;..102<\/em><\/p>\n<p><em>. De assunto-sujeito a objeto de furto&#8230;&#8230;&#8230;&#8230;&#8230;&#8230;&#8230;107<\/em><\/p>\n<p><em>. Carta de Londres, 10 de outubro de 1978&#8230;&#8230;&#8230;&#8230;..112<\/em><\/p>\n<p><em>. Fragmentos do Veneto&#8230;&#8230;&#8230;&#8230;&#8230;&#8230;&#8230;&#8230;&#8230;&#8230;&#8230;&#8230;&#8230;&#8230;115<\/em><\/p>\n<p><em>. Compreens\u00e3o consciente, cruzamentos inconscientes&#8230;122<\/em><\/p>\n<p><strong><em>\u00a0<\/em><\/strong><\/p>\n<p><strong><em>\u00c0 guisa de breve reflex\u00e3o&#8230;&#8230;&#8230;&#8230;&#8230;&#8230;&#8230;&#8230;&#8230;&#8230;&#8230;&#8230;&#8230;129<\/em><\/strong><\/p>\n<p><em>. Estil\u00edstica de autor&#8230;&#8230;&#8230;&#8230;&#8230;&#8230;&#8230;&#8230;&#8230;&#8230;&#8230;&#8230;&#8230;&#8230;&#8230;&#8230;131<\/em><\/p>\n<p><em>. Plen\u00e1rio da Narrativa (anexo l\u00fadico)&#8230;&#8230;&#8230;&#8230;&#8230;&#8230;.135<\/em><\/p>\n<p><em>. Nota biogr\u00e1fica: Arca dos tempos, resistente a bol\u00e9us&#8230;140<\/em><\/p>\n<p><strong><em>\u00a0<\/em><\/strong><\/p>\n<p><strong><em>Refer\u00eancias bibliogr\u00e1ficas&#8230;&#8230;&#8230;&#8230;&#8230;&#8230;&#8230;&#8230;&#8230;&#8230;&#8230;&#8230;..151<\/em><\/strong><\/p>\n<p><strong>\u00a0<\/strong><\/p>\n<p><strong>Caracter\u00edsticas do Produto:<\/strong><br \/>\nPESO: 0,180 Kg<br \/>\nI.S.B.N.: 978-85-69350-38-5<br \/>\nALTURA: 23,00 cm<br \/>\nLARGURA: 16,00 cm<br \/>\nPROFUNDIDADE: 1 cm<br \/>\nN\u00daMERO DE P\u00c1GINAS: 158<br \/>\nIDIOMA: Portugu\u00eas<br \/>\nACABAMENTO: Brochura<br \/>\nC\u00d3D. BARRAS:\u00a09788569350385<br \/>\nANO DA EDI\u00c7\u00c3O: 2022<br \/>\nAutora: Cremilda Medina<\/p>\n<\/div>\n<\/div>\n<\/div>\n<\/div>\n<\/div>\n<\/div>\n<\/div>\n<\/div>\n<\/div>\n<\/div>\n<\/div>\n<\/div>\n","protected":false},"excerpt":{"rendered":"<p><em>No contexto sofrido da pandemia, em 2021, Cremilda Medina ofereceu novas oficinas de Narrativas da Contemporaneidade, \u00e0 dist\u00e2ncia, no Portal do Envelhecimento e optou por escrever os textos reunidos neste livro que serviram de motiva\u00e7\u00e3o para os participantes do grupo contarem suas hist\u00f3rias. A troca de experi\u00eancias semanais ressignificou o que para a autora representa o Ato L\u00fadico. Para ela, em tempos de pandemia, se abriu uma janela para a dor das perdas, dos medos ou das assombra\u00e7\u00f5es. Recorrer \u00e0s <strong>Mem\u00f3rias L\u00fadicas<\/strong> talvez tenha oferecido uma mi\u00fada alforria dos desgostos.<\/em><\/p>\n","protected":false},"featured_media":12462,"comment_status":"open","ping_status":"closed","template":"","meta":{"_bbp_topic_count":0,"_bbp_reply_count":0,"_bbp_total_topic_count":0,"_bbp_total_reply_count":0,"_bbp_voice_count":0,"_bbp_anonymous_reply_count":0,"_bbp_topic_count_hidden":0,"_bbp_reply_count_hidden":0,"_bbp_forum_subforum_count":0,"pmpro_default_level":""},"product_brand":[],"product_cat":[67,66,80,69],"product_tag":[70,68,81],"class_list":{"0":"post-12459","1":"product","2":"type-product","3":"status-publish","4":"has-post-thumbnail","6":"product_cat-ebooks","7":"product_cat-livros","8":"product_cat-loja","9":"product_cat-todos-livros","10":"product_tag-ebook","11":"product_tag-livros","12":"product_tag-loja","13":"pmpro-has-access","15":"first","16":"instock","17":"shipping-taxable","18":"purchasable","19":"product-type-variable"},"_links":{"self":[{"href":"https:\/\/edicoes.portaldoenvelhecimento.com.br\/novo\/wp-json\/wp\/v2\/product\/12459","targetHints":{"allow":["GET"]}}],"collection":[{"href":"https:\/\/edicoes.portaldoenvelhecimento.com.br\/novo\/wp-json\/wp\/v2\/product"}],"about":[{"href":"https:\/\/edicoes.portaldoenvelhecimento.com.br\/novo\/wp-json\/wp\/v2\/types\/product"}],"replies":[{"embeddable":true,"href":"https:\/\/edicoes.portaldoenvelhecimento.com.br\/novo\/wp-json\/wp\/v2\/comments?post=12459"}],"version-history":[{"count":5,"href":"https:\/\/edicoes.portaldoenvelhecimento.com.br\/novo\/wp-json\/wp\/v2\/product\/12459\/revisions"}],"predecessor-version":[{"id":29754,"href":"https:\/\/edicoes.portaldoenvelhecimento.com.br\/novo\/wp-json\/wp\/v2\/product\/12459\/revisions\/29754"}],"wp:featuredmedia":[{"embeddable":true,"href":"https:\/\/edicoes.portaldoenvelhecimento.com.br\/novo\/wp-json\/wp\/v2\/media\/12462"}],"wp:attachment":[{"href":"https:\/\/edicoes.portaldoenvelhecimento.com.br\/novo\/wp-json\/wp\/v2\/media?parent=12459"}],"wp:term":[{"taxonomy":"product_brand","embeddable":true,"href":"https:\/\/edicoes.portaldoenvelhecimento.com.br\/novo\/wp-json\/wp\/v2\/product_brand?post=12459"},{"taxonomy":"product_cat","embeddable":true,"href":"https:\/\/edicoes.portaldoenvelhecimento.com.br\/novo\/wp-json\/wp\/v2\/product_cat?post=12459"},{"taxonomy":"product_tag","embeddable":true,"href":"https:\/\/edicoes.portaldoenvelhecimento.com.br\/novo\/wp-json\/wp\/v2\/product_tag?post=12459"}],"curies":[{"name":"wp","href":"https:\/\/api.w.org\/{rel}","templated":true}]}}