{"id":12454,"date":"2022-12-20T22:24:36","date_gmt":"2022-12-21T01:24:36","guid":{"rendered":"https:\/\/edicoes.portaldoenvelhecimento.com.br\/novo\/?post_type=product&#038;p=12454"},"modified":"2025-12-02T02:17:08","modified_gmt":"2025-12-02T05:17:08","slug":"memorias-ludicas-abcedario-de-autores-e-suas-historias","status":"publish","type":"product","link":"https:\/\/edicoes.portaldoenvelhecimento.com.br\/novo\/produto\/memorias-ludicas-abcedario-de-autores-e-suas-historias\/","title":{"rendered":"Mem\u00f3rias L\u00fadicas: ABCed\u00e1rio de Autores e suas Hist\u00f3rias"},"content":{"rendered":"<div class=\"page\" title=\"Page 1\">\n<div class=\"layoutArea\">\n<div class=\"column\">\n<div class=\"page\" title=\"Page 1\">\n<div class=\"layoutArea\">\n<div class=\"column\">\n<div class=\"page\" title=\"Page 1\">\n<div class=\"layoutArea\">\n<div class=\"column\">\n<div class=\"page\" title=\"Page 1\">\n<div class=\"layoutArea\">\n<div class=\"column\">\n<div class=\"column\">\n<div class=\"column\">\n<p><strong>SUM\u00c1RIO<\/strong><\/p>\n<p><strong>Aiesca Pellegrin<\/strong><\/p>\n<p>Tr\u00eas momentos l\u00fadicos: no baile, na aula, na igreja.<\/p>\n<ol>\n<li>A carteirada<\/li>\n<li>Primeiro dia na escola<\/li>\n<li>Na missa das seis<\/li>\n<li>Um mundo invis\u00edvel<\/li>\n<\/ol>\n<p><strong>Ana Maria P. Carneiro<\/strong><\/p>\n<p>Do imagin\u00e1rio e seus desbordamentos<\/p>\n<ol>\n<li>Mem\u00f3rias de ouvir e de ler<\/li>\n<li>Cheiro de baunilha ou Natureza morta da Terceira Idade.<\/li>\n<li>A senhora est\u00e1 sozinha!?!?!?!??????<\/li>\n<li>A seta de sagit\u00e1rio<\/li>\n<\/ol>\n<p><strong>Ana Elisa Rodrigues Bueno<\/strong><\/p>\n<p>Narrativas ancestrais<\/p>\n<ol>\n<li>V\u00f4 Nuto e suas historinhas<\/li>\n<li>Ser escritor<\/li>\n<\/ol>\n<p><strong>Ana Paula Machado Velho<\/strong><\/p>\n<p>Sensibilidades gen\u00e9ticas<\/p>\n<ol>\n<li>A saga das til\u00e1pias<\/li>\n<li>FALTA BIOGRAFIA<\/li>\n<\/ol>\n<p><strong>Aurora Yasuda<\/strong><\/p>\n<p>D\u00e9cada de 1950 e dois narradores<\/p>\n<ol>\n<li>Nos vag\u00f5es do trem<\/li>\n<li>Casa de Boi<\/li>\n<li>Dos n\u00fameros \u00e0s letras<\/li>\n<\/ol>\n<p><strong>Bernadete Siqueira<\/strong><\/p>\n<p>Da imagem \u00e0 letra impressa<\/p>\n<ol>\n<li>Menina faceira, na foto.<\/li>\n<li>Jornada centen\u00e1ria, nas minhas p\u00e1ginas.<\/li>\n<li>Entre livros e amigos<\/li>\n<\/ol>\n<p><strong>Cec\u00edlia Borges<\/strong><\/p>\n<p>Do humano nascer aos del\u00edrios de Vov\u00f3<\/p>\n<ol>\n<li>Miudinha<\/li>\n<li>As risadas de Deus<\/li>\n<li>Escreve a\u00ed!<\/li>\n<\/ol>\n<p><strong>C\u00e9lia Morato Gagliardi<\/strong><\/p>\n<p>Flagrantes do olhar m\u00faltiplo<\/p>\n<ol>\n<li>Os trilhos do Jacar\u00e9<\/li>\n<li>O tal crep\u00fasculo<\/li>\n<li>Sou O Imparcial<\/li>\n<li>Aprendiz de escritora<\/li>\n<\/ol>\n<p><strong>Cl\u00e9o Brito<\/strong><\/p>\n<p>Dos tempos presentificados<\/p>\n<ol>\n<li>Tatuando a alma<\/li>\n<li>Magia de sonhar<\/li>\n<li>Estripulias de av\u00f3 e netos<\/li>\n<li>Tecendo a vida<\/li>\n<\/ol>\n<p><strong>Cynthia Milani<\/strong><\/p>\n<p>Da terra natal a outros mundos<\/p>\n<ol>\n<li>Se esbaldando na praia<\/li>\n<li>Nova York, anos 1970.<\/li>\n<li>Conservando e adquirindo conhecimentos<\/li>\n<\/ol>\n<p><strong>Elineide Bezerra \u2013 Em mem\u00f3ria<\/strong><\/p>\n<p>Da inf\u00e2ncia memor\u00e1vel<\/p>\n<ol>\n<li>A barriguinha esquecida?<\/li>\n<li>A tapioquinha da vov\u00f3. Ou beiju.<\/li>\n<li>F\u00e9rias em fam\u00edlia<\/li>\n<li>Semeando cultura, colhendo amor<\/li>\n<\/ol>\n<p><strong>Fl\u00e1via Diniz Rold\u00e3o<\/strong><\/p>\n<p>Sonhos de recrian\u00e7a ou recria\u00e7\u00e3o<\/p>\n<ol>\n<li>Era sobre palavras ou alma?<\/li>\n<li>Constru\u00e7\u00f5es imaginativas de uma pesquisadora.<\/li>\n<li>Entre risos e lamentos (carta de Curitiba).<\/li>\n<li>Apaixonada&#8230;<\/li>\n<\/ol>\n<p><strong>Francine Forte<\/strong><\/p>\n<p>Das fronteiras de trabalho<\/p>\n<ol>\n<li>Propaganda, seria a alma do neg\u00f3cio?<\/li>\n<li>Entre New Yorks<\/li>\n<li>Pr\u00f3xima esta\u00e7\u00e3o<\/li>\n<li>Vers\u00f5es de mim<\/li>\n<\/ol>\n<p><strong>Francy Reis da Silva Patr\u00edcio<\/strong><\/p>\n<p>Marcas no amplo territ\u00f3rio<\/p>\n<ol>\n<li>Villa Egypto, Balsas, Maranh\u00e3o.<\/li>\n<li>L\u00e1 vai a passeata de calouros<\/li>\n<li>A carteira de carpincho<\/li>\n<li>Maranh\u00e3o, Piau\u00ed, S\u00e3o Paulo, Brasil<\/li>\n<\/ol>\n<p><strong>Giovani Machado<\/strong><\/p>\n<p>Maratonas de narrador<\/p>\n<ol>\n<li>Respira com resili\u00eancia<\/li>\n<li>Respira, inspira e n\u00e3o pira.<\/li>\n<li>Entrando para as hist\u00f3rias<\/li>\n<\/ol>\n<p><strong>Jorge Lobato<\/strong><\/p>\n<p>Dos movimentos libert\u00e1rios<\/p>\n<ol>\n<li>M\u00fasica e l\u00e1bia<\/li>\n<li>O belo pela janela<\/li>\n<li>Quem n\u00e3o sabe aprende na marra.<\/li>\n<li>Sensa\u00e7\u00e3o de progresso<\/li>\n<\/ol>\n<p><strong>Maria Eliza Henriques Silva<\/strong><\/p>\n<p>Tr\u00eas etapas de Maria<\/p>\n<ol>\n<li>Coroa de sacerdotisa<\/li>\n<li>Camba e Cica<\/li>\n<li>Orgulhosamente e sem preconceito<\/li>\n<li>As linhas na minha vida<\/li>\n<\/ol>\n<p><strong>M\u00e1rio Lucena<\/strong><\/p>\n<p>Trilhas e trilhos da experi\u00eancia<\/p>\n<ol>\n<li>Jornaleiros, militares e sacanagens.<\/li>\n<li>Os trens de minha vida<\/li>\n<li>Nomes de beb\u00eas<\/li>\n<li>Virada de letras<\/li>\n<\/ol>\n<p><strong>Marisa Magnus Smith<\/strong><\/p>\n<p>Caleidosc\u00f3pio da fam\u00edlia<\/p>\n<ol>\n<li>Nas profundezas da casa da vov\u00f3<\/li>\n<li>Aquecendo a vida<\/li>\n<li>Linhas, agulhas, fitas e panos.<\/li>\n<li>Minibiografia \u00e9 o t\u00edtulo<\/li>\n<\/ol>\n<p><strong>Marisa Matsumura<\/strong><\/p>\n<p>Gente, bichos e objetos.<\/p>\n<ol>\n<li>Passos e afetos no ritmo de dan\u00e7a<\/li>\n<li>Dia de princesa<\/li>\n<li>Uma hist\u00f3ria leva a outra<\/li>\n<li>Preservando hist\u00f3rias<\/li>\n<\/ol>\n<p><strong>Marlene Pereira da Rocha<\/strong><\/p>\n<p>Culturas e costumes<\/p>\n<ol>\n<li>Mochil\u00e3o sab\u00e1tico<\/li>\n<li>Culturas e amizades<\/li>\n<\/ol>\n<p><strong>Neyza Bravo Mendes Furgler<\/strong><\/p>\n<p>O jogo das palavras<\/p>\n<ol>\n<li>Sovaco e palavr\u00e3o<\/li>\n<li>Portugu\u00eas e portugu\u00eas \u2013 novas\/antigas palavras<\/li>\n<li>A comunica\u00e7\u00e3o publicit\u00e1ria e dicion\u00e1rio de m\u00eddia<\/li>\n<li>Oitenta anos de boca de sono<\/li>\n<\/ol>\n<p><strong>Rita Amaral<\/strong><\/p>\n<p>Vizinhos, bichos dom\u00e9sticos e viagens<\/p>\n<ol>\n<li>Vizinhan\u00e7a da Rua Baturit\u00e9<\/li>\n<li>Joka com K<\/li>\n<li>Enfim, primeira sa\u00edda ao exterior.<\/li>\n<li>Os velhos e suas hist\u00f3rias<\/li>\n<\/ol>\n<p><strong>S\u00f4nia Azevedo Menezes Prata Silva Fuentes<\/strong><\/p>\n<p>Cantares da estrada<\/p>\n<ol>\n<li>A felicidade se multiplica quando se divide.<\/li>\n<li>Caminhando e cantando<\/li>\n<li>Blocos da mem\u00f3ria, mem\u00f3ria em blocos.<\/li>\n<li>Brincar de escrever<\/li>\n<\/ol>\n<p><strong>Suely Tonarque<\/strong><\/p>\n<p>Crian\u00e7as, matriz l\u00fadica<\/p>\n<ol>\n<li>Aventuras amorosas e inventices da m\u00e3e<\/li>\n<li>Sabores com afeto<\/li>\n<li>Trem dos interiores<\/li>\n<li>Narrativas presentificadas<\/li>\n<\/ol>\n<p><strong>Cremilda Medina<\/strong><\/p>\n<p>Ciranda das leituras<\/p>\n<ol>\n<li>A recep\u00e7\u00e3o \u00e9 um mist\u00e9rio.<\/li>\n<li>Apontamentos biogr\u00e1ficos da organizadora.<\/li>\n<\/ol>\n<p>&nbsp;<\/p>\n<\/div>\n<p><strong>Caracter\u00edsticas do Produto:<\/strong><br \/>\nPESO: 0,550 Kg<br \/>\nI.S.B.N.: 978-85-69350-51-4<br \/>\nALTURA: 23,00 cm<br \/>\nLARGURA: 16,00 cm<br \/>\nPROFUNDIDADE: 2,2 cm<br \/>\nN\u00daMERO DE P\u00c1GINAS: 398<br \/>\nIDIOMA: Portugu\u00eas<br \/>\nACABAMENTO: Brochura<br \/>\nC\u00d3D. BARRAS:\u00a09788569350514<br \/>\nANO DA EDI\u00c7\u00c3O: 2022<br \/>\nOrganizadora: Cremilda Medina<\/p>\n<\/div>\n<\/div>\n<\/div>\n<\/div>\n<\/div>\n<\/div>\n<\/div>\n<\/div>\n<\/div>\n<\/div>\n<\/div>\n<\/div>\n<\/div>\n","protected":false},"excerpt":{"rendered":"<p>Mais um livro da s\u00e9rie Mem\u00f3rias L\u00fadicas, organizado pela professora Cremilda Medina, com narrativas maravilhosas de 25 participantes. Com tem\u00e1tica livre, cada autor retratou no m\u00e1ximo tr\u00eas momentos de sua vida, arrematando com um texto de apresenta\u00e7\u00e3o, compondo, assim, seu pr\u00f3prio livro dentro da colet\u00e2nea, formando o ABCed\u00e1rio do qual voc\u00ea est\u00e1 convidada(o) a participar. O curso \u00e9 oferecido duas vezes ao ano e a produ\u00e7\u00e3o de cada semestre resulta em um livro valioso, uma esp\u00e9cie de porta-mem\u00f3rias que marcar\u00e1 as vidas dos participantes para sempre.<\/p>\n","protected":false},"featured_media":12457,"comment_status":"open","ping_status":"closed","template":"","meta":{"_bbp_topic_count":0,"_bbp_reply_count":0,"_bbp_total_topic_count":0,"_bbp_total_reply_count":0,"_bbp_voice_count":0,"_bbp_anonymous_reply_count":0,"_bbp_topic_count_hidden":0,"_bbp_reply_count_hidden":0,"_bbp_forum_subforum_count":0,"pmpro_default_level":""},"product_brand":[],"product_cat":[67,66,80,69],"product_tag":[70,68,81],"class_list":{"0":"post-12454","1":"product","2":"type-product","3":"status-publish","4":"has-post-thumbnail","6":"product_cat-ebooks","7":"product_cat-livros","8":"product_cat-loja","9":"product_cat-todos-livros","10":"product_tag-ebook","11":"product_tag-livros","12":"product_tag-loja","13":"pmpro-has-access","15":"first","16":"instock","17":"shipping-taxable","18":"purchasable","19":"product-type-variable"},"_links":{"self":[{"href":"https:\/\/edicoes.portaldoenvelhecimento.com.br\/novo\/wp-json\/wp\/v2\/product\/12454","targetHints":{"allow":["GET"]}}],"collection":[{"href":"https:\/\/edicoes.portaldoenvelhecimento.com.br\/novo\/wp-json\/wp\/v2\/product"}],"about":[{"href":"https:\/\/edicoes.portaldoenvelhecimento.com.br\/novo\/wp-json\/wp\/v2\/types\/product"}],"replies":[{"embeddable":true,"href":"https:\/\/edicoes.portaldoenvelhecimento.com.br\/novo\/wp-json\/wp\/v2\/comments?post=12454"}],"version-history":[{"count":3,"href":"https:\/\/edicoes.portaldoenvelhecimento.com.br\/novo\/wp-json\/wp\/v2\/product\/12454\/revisions"}],"predecessor-version":[{"id":29755,"href":"https:\/\/edicoes.portaldoenvelhecimento.com.br\/novo\/wp-json\/wp\/v2\/product\/12454\/revisions\/29755"}],"wp:featuredmedia":[{"embeddable":true,"href":"https:\/\/edicoes.portaldoenvelhecimento.com.br\/novo\/wp-json\/wp\/v2\/media\/12457"}],"wp:attachment":[{"href":"https:\/\/edicoes.portaldoenvelhecimento.com.br\/novo\/wp-json\/wp\/v2\/media?parent=12454"}],"wp:term":[{"taxonomy":"product_brand","embeddable":true,"href":"https:\/\/edicoes.portaldoenvelhecimento.com.br\/novo\/wp-json\/wp\/v2\/product_brand?post=12454"},{"taxonomy":"product_cat","embeddable":true,"href":"https:\/\/edicoes.portaldoenvelhecimento.com.br\/novo\/wp-json\/wp\/v2\/product_cat?post=12454"},{"taxonomy":"product_tag","embeddable":true,"href":"https:\/\/edicoes.portaldoenvelhecimento.com.br\/novo\/wp-json\/wp\/v2\/product_tag?post=12454"}],"curies":[{"name":"wp","href":"https:\/\/api.w.org\/{rel}","templated":true}]}}