{"id":12448,"date":"2024-07-06T22:15:29","date_gmt":"2024-07-07T01:15:29","guid":{"rendered":"https:\/\/edicoes.portaldoenvelhecimento.com.br\/novo\/?post_type=product&#038;p=12448"},"modified":"2025-12-02T02:17:08","modified_gmt":"2025-12-02T05:17:08","slug":"envelhecimento-no-brasil-legado-tomiko-born","status":"publish","type":"product","link":"https:\/\/edicoes.portaldoenvelhecimento.com.br\/novo\/produto\/envelhecimento-no-brasil-legado-tomiko-born\/","title":{"rendered":"Envelhecimento no Brasil &#8211; Legado Tomiko Born"},"content":{"rendered":"<div class=\"page\" title=\"Page 1\">\n<div class=\"layoutArea\">\n<div class=\"column\">\n<div class=\"page\" title=\"Page 1\">\n<div class=\"layoutArea\">\n<div class=\"column\">\n<div class=\"page\" title=\"Page 1\">\n<div class=\"layoutArea\">\n<div class=\"column\">\n<div class=\"page\" title=\"Page 1\">\n<div class=\"layoutArea\">\n<div class=\"column\">\n<div class=\"column\">\n<p><strong>SUM\u00c1RIO<\/strong><\/p>\n<p><strong>Pref\u00e1cio<\/strong><\/p>\n<p>Tomiko Born, uma boa vizinha<\/p>\n<p><em>Beltrina C\u00f4rte<\/em><\/p>\n<p><strong>Apresenta\u00e7\u00e3o<\/strong><\/p>\n<p><em>Beltrina C\u00f4rte, K\u00e1tia Saraiva e Vera Brand\u00e3o<\/em><\/p>\n<p><strong>Tempestade no mar<\/strong><\/p>\n<p><em>Ana B<\/em><i>retas<\/i><\/p>\n<p><strong>PARTE 1<\/strong><\/p>\n<p>TOMIKO BORN E A GARANTIA DE DIREITOS E CUIDADOS \u00c0S PESSOAS IDOSAS \u2013 MARCOS JUR\u00cdDICOS<\/p>\n<p><strong>Contribui\u00e7\u00f5es de Tomiko Born na implementa\u00e7\u00e3o da Pol\u00edtica Nacional do Idoso <\/strong><\/p>\n<p><em>Jurilza Maria Barros de Mendon\u00e7a<\/em><\/p>\n<p><em>Albamaria Paulino de Campos Abigalil<\/em><\/p>\n<p><em>Maria Aparecida Ferreira de Mello<\/em><\/p>\n<p><strong>Um giro sobre o discurso experiente de Tomiko Born: a realidade do envelhecimento, no Brasil, sobre o que dever\u00edamos ter feito e o que podemos fazer<\/strong><\/p>\n<p><em>Maria Agla\u00e9 Tedesco Vilardo<\/em><\/p>\n<p><strong>O Testamento Vital \u2013 Eu posso cuidar de mim quando envelhecer<\/strong><\/p>\n<p><em>Alessandra Negr\u00e3o Elias Martins<\/em><\/p>\n<p><em>Nat\u00e1lia Carolina Verdi<\/em><\/p>\n<p><strong>PARTE 2<\/strong><\/p>\n<p>TOMIKO BORN E A FORMA\u00c7\u00c3O DE PROFISSIONAIS E APRIMORAMENTO DE SERVI\u00c7OS DESTINADOS \u00c0S PESSOAS IDOSAS<\/p>\n<p><strong>Reverbera\u00e7\u00f5es de Tomiko Born<\/strong><strong>?<\/strong><\/p>\n<p><em>Evaldo Cavalcante Monteiro<\/em><\/p>\n<p><strong>A import\u00e2ncia dos estudos de Tomiko Born para a fundamenta\u00e7\u00e3o da pr\u00e1tica cl\u00ednica da terapia ocupacional nas ILPIs e no cuidado ao idoso<\/strong><\/p>\n<p><em>Maria Amelia Ximenes Correia Lima<\/em><\/p>\n<p><strong>Roda de Conversa para Idosos: oportunidade de dividir demandas com os iguais e de dar continuidade ao desenvolvimento humano<\/strong><\/p>\n<p><em>Roseneide Soares Cordeiro<\/em><\/p>\n<p><strong>Forma\u00e7\u00e3o interdisciplinar do cuidador de pessoa idosa: contribui\u00e7\u00f5es de Tomiko Born<\/strong><\/p>\n<p><em>Marcia Liliane Barboza Kurz<\/em><\/p>\n<p><em>Ana Paula Roethig do Nascimento<\/em><em>\u00a0<\/em><\/p>\n<p><strong>Institucionaliza\u00e7\u00e3o de pessoas idosas com Alzheimer: alternativa ou \u00fanica solu\u00e7\u00e3o diante da sobrecarga<\/strong><strong>?<\/strong><\/p>\n<p><em>Juliana A. S Benevides<\/em><\/p>\n<p><strong>Mulheres idosas que cuidam de idosos (as): retratos de g\u00eanero, envelhecimento e configura\u00e7\u00f5es familiares<\/strong><\/p>\n<p><em>Caroline Concei\u00e7\u00e3o Borges da Silva<\/em><em>\u00a0<\/em><\/p>\n<p><strong>PARTE 3<\/strong><\/p>\n<p>TOMIKO BORN E A VIDA P\u00d3S-APOSENTADORIA<\/p>\n<p><strong>Tomiko Born: Criativa e participativa, at\u00e9 o fim da vida<\/strong><\/p>\n<p><em>Ana Rita de Carvalho Oliveira<\/em><\/p>\n<p><strong>Desafios do Envelhecimento Masculino no Sul de Minas<\/strong><\/p>\n<p><em>K\u00e1tia Maria Pacheco Saraiva<\/em><\/p>\n<p><em>Maria Eliane Catunda de Siqueira<\/em><em>\u00a0<\/em><\/p>\n<p><strong>PARTE 4<\/strong><\/p>\n<p>TOMIKO BORN E SEU LEGADO QUANTO A QUEST\u00c3O \u201cQUEM VAI CUIDAR DE MIM?\u201d<\/p>\n<p><strong>Tomiko Born: Uma luz de quem cuidar\u00e1 de n\u00f3s<\/strong><\/p>\n<p><em>Bernadete de Oliveira<\/em><\/p>\n<p><em>Beltrina C\u00f4rte<\/em><\/p>\n<p><em>Ruth Gelehrter da Costa Lopes<\/em><\/p>\n<p><em>Maria Helena Villas B\u00f4as Concone<\/em><\/p>\n<p><em>Flam\u00ednia Manzano Moreira Lodovici<\/em><\/p>\n<p><strong>A crescente participa\u00e7\u00e3o da renda da pessoa idosa no sustento da fam\u00edlia: de coadjuvante a provedor<\/strong><\/p>\n<p><em>Bet\u00e2nia de Assis Reis Matta<\/em><\/p>\n<p><strong>O legado de Tomiko Born: Experi\u00eancias de reflex\u00e3o, educa\u00e7\u00e3o e de respostas aos desafios dos territ\u00f3rios que envelhecem<\/strong><\/p>\n<p><em>Bernadete de Oliveira<\/em><\/p>\n<p><em>Priscila Leite Gon\u00e7alves<\/em><\/p>\n<p><em>Denis Cezar Musial<\/em><\/p>\n<p><em>Thuam Silva Rodrigues<\/em><\/p>\n<p><em>Cassiano Sandrini<\/em><\/p>\n<p><strong>Revisitando o conceito de institui\u00e7\u00e3o de longa perman\u00eancia para idosos: entre rupturas e continuidades na sociedade contempor\u00e2nea, uma revis\u00e3o integrativa<\/strong><\/p>\n<p><em>Marisa Accioly Rodrigues da Costa Domingues<\/em><\/p>\n<p><em>Camila Rocha Ferreira de Oliveira<\/em><\/p>\n<p><em>Germanne Patricia Nogueira Bezerra Rodrigues Matos<\/em><\/p>\n<p><em>Christine Silveira Abdalla<\/em><\/p>\n<p><em>Aline de F\u00e1tima Salla de Carvalho Chiurato<\/em><strong>\u00a0<\/strong><\/p>\n<p><strong>Tomiko e sua inenarr\u00e1vel contribui\u00e7\u00e3o para a cidade de S\u00e3o Paulo<\/strong><\/p>\n<p><em>Beatriz Cohen<\/em><\/p>\n<p><strong>Posf\u00e1cio<\/strong><\/p>\n<p><em>M\u00e1rio Lucena<\/em><\/p>\n<\/div>\n<p><strong>Caracter\u00edsticas do Produto:<\/strong><br \/>\nPESO: 0,830 Kg<br \/>\nI.S.B.N.: 978-85-69350-50-7<br \/>\nALTURA: 23,00 cm<br \/>\nLARGURA: 16,00 cm<br \/>\nPROFUNDIDADE: 3,0 cm<br \/>\nN\u00daMERO DE P\u00c1GINAS: 550<br \/>\nIDIOMA: Portugu\u00eas<br \/>\nACABAMENTO: Brochura<br \/>\nC\u00d3D. BARRAS:\u00a09788569350507<br \/>\nANO DA EDI\u00c7\u00c3O: 2022<br \/>\nOrganizadoras: Beltrina C\u00f4rte; K\u00e1tia Saraiva; Vera Brand\u00e3o<\/p>\n<\/div>\n<\/div>\n<\/div>\n<\/div>\n<\/div>\n<\/div>\n<\/div>\n<\/div>\n<\/div>\n<\/div>\n<\/div>\n<\/div>\n","protected":false},"excerpt":{"rendered":"<div>\n<p>A colet\u00e2nea <strong>\u201cEnvelhecimento no Brasil: Legado Tomiko Born\u201d \u00e9 uma forma de homenagear e testemunhar <\/strong>a trajet\u00f3ria de vida-trabalho de Tomiko Born, pioneira nos estudos do envelhecimento no Brasil. \u00c9, tamb\u00e9m, uma obra que manifesta a presen\u00e7a viva de Tomiko, quando inspira a produ\u00e7\u00e3o e dissemina\u00e7\u00e3o de novos saberes, que contribuem para o avan\u00e7o dos estudos do envelhecimento e o longeviver, no Brasil. Suas contribui\u00e7\u00f5es continuam a lan\u00e7ar luz e apontar caminhos para um envelhecer com dignidade, com mais oportunidades para viver plenamente e com qualidade de vida a velhice, o que nem sempre \u00e9 poss\u00edvel, em nossa sociedade.<\/p>\n<\/div>\n<div>\n<p>A presente obra re\u00fane artigos que podem ser considerados registros hist\u00f3ricos e testemunhais de pessoas que conviveram com Tomiko e estiveram junto a ela, na constru\u00e7\u00e3o e na implementa\u00e7\u00e3o de pol\u00edticas p\u00fablicas para os idosos no Brasil. Al\u00e9m disso, re\u00fane artigos que apresentam diferentes tem\u00e1ticas e reflex\u00f5es te\u00f3ricas atuais, em torno de pr\u00e1ticas, interven\u00e7\u00f5es e pesquisas (individuais ou coletivas), todos inspirados pelo legado Tomiko Born.<\/p>\n<\/div>\n","protected":false},"featured_media":12451,"comment_status":"open","ping_status":"closed","template":"","meta":{"_bbp_topic_count":0,"_bbp_reply_count":0,"_bbp_total_topic_count":0,"_bbp_total_reply_count":0,"_bbp_voice_count":0,"_bbp_anonymous_reply_count":0,"_bbp_topic_count_hidden":0,"_bbp_reply_count_hidden":0,"_bbp_forum_subforum_count":0,"pmpro_default_level":""},"product_brand":[],"product_cat":[67,66,80,69],"product_tag":[70,68,81],"class_list":{"0":"post-12448","1":"product","2":"type-product","3":"status-publish","4":"has-post-thumbnail","6":"product_cat-ebooks","7":"product_cat-livros","8":"product_cat-loja","9":"product_cat-todos-livros","10":"product_tag-ebook","11":"product_tag-livros","12":"product_tag-loja","13":"pmpro-has-access","15":"first","16":"instock","17":"shipping-taxable","18":"purchasable","19":"product-type-variable"},"_links":{"self":[{"href":"https:\/\/edicoes.portaldoenvelhecimento.com.br\/novo\/wp-json\/wp\/v2\/product\/12448","targetHints":{"allow":["GET"]}}],"collection":[{"href":"https:\/\/edicoes.portaldoenvelhecimento.com.br\/novo\/wp-json\/wp\/v2\/product"}],"about":[{"href":"https:\/\/edicoes.portaldoenvelhecimento.com.br\/novo\/wp-json\/wp\/v2\/types\/product"}],"replies":[{"embeddable":true,"href":"https:\/\/edicoes.portaldoenvelhecimento.com.br\/novo\/wp-json\/wp\/v2\/comments?post=12448"}],"version-history":[{"count":4,"href":"https:\/\/edicoes.portaldoenvelhecimento.com.br\/novo\/wp-json\/wp\/v2\/product\/12448\/revisions"}],"predecessor-version":[{"id":29741,"href":"https:\/\/edicoes.portaldoenvelhecimento.com.br\/novo\/wp-json\/wp\/v2\/product\/12448\/revisions\/29741"}],"wp:featuredmedia":[{"embeddable":true,"href":"https:\/\/edicoes.portaldoenvelhecimento.com.br\/novo\/wp-json\/wp\/v2\/media\/12451"}],"wp:attachment":[{"href":"https:\/\/edicoes.portaldoenvelhecimento.com.br\/novo\/wp-json\/wp\/v2\/media?parent=12448"}],"wp:term":[{"taxonomy":"product_brand","embeddable":true,"href":"https:\/\/edicoes.portaldoenvelhecimento.com.br\/novo\/wp-json\/wp\/v2\/product_brand?post=12448"},{"taxonomy":"product_cat","embeddable":true,"href":"https:\/\/edicoes.portaldoenvelhecimento.com.br\/novo\/wp-json\/wp\/v2\/product_cat?post=12448"},{"taxonomy":"product_tag","embeddable":true,"href":"https:\/\/edicoes.portaldoenvelhecimento.com.br\/novo\/wp-json\/wp\/v2\/product_tag?post=12448"}],"curies":[{"name":"wp","href":"https:\/\/api.w.org\/{rel}","templated":true}]}}